{"id":9910,"date":"2024-03-06T15:25:50","date_gmt":"2024-03-06T13:25:51","guid":{"rendered":"https:\/\/sporta-preces.lv\/?post_type=product&#038;p=9910"},"modified":"2024-03-06T16:03:36","modified_gmt":"2024-03-06T14:03:36","slug":"velozamok-jet-lock-ty-771-kede-8x8x900mm-z048","status":"publish","type":"product","link":"https:\/\/sporta-preces.lv\/ru\/product\/velozamok-jet-lock-ty-771-kede-8x8x900mm-z048\/","title":{"rendered":"\u0412\u0435\u043b\u043e\u0437\u0430\u043c\u043e\u043a JET LOCK TY-771 \u0446\u0435\u043f\u044c 8x8x900mm Z048"},"content":{"rendered":"<p>\u0412\u0435\u043b\u043e\u0437\u0430\u043c\u043e\u043a JET LOCK TY-771 \u0446\u0435\u043f\u043e\u0447\u043a\u0430 8\u04458\u0445900\u043c\u043c Z048<\/p>\n<p>\u0426\u0435\u043f\u043d\u043e\u0439 \u0437\u0430\u043c\u043e\u043a \u0441 \u043a\u043b\u044e\u0447\u043e\u043c. \u0418\u0437\u0433\u043e\u0442\u043e\u0432\u043b\u0435\u043d \u0438\u0437 \u0437\u0430\u043a\u0430\u043b\u0435\u043d\u043d\u044b\u0445 \u0441\u0442\u0430\u043b\u044c\u043d\u044b\u0445 \u043f\u0440\u043e\u0444\u0438\u043b\u0435\u0439 \u043a\u0432\u0430\u0434\u0440\u0430\u0442\u043d\u043e\u0433\u043e \u0441\u0435\u0447\u0435\u043d\u0438\u044f 8\u04458 \u043c\u043c. \u0414\u043b\u0438\u043d\u0430 \u0446\u0435\u043f\u0438 900 \u043c\u043c. \u0426\u0435\u043f\u044c \u043f\u043e\u043a\u0440\u044b\u0442\u0430 \u0432\u043e\u0434\u043e\u043d\u0435\u043f\u0440\u043e\u043d\u0438\u0446\u0430\u0435\u043c\u044b\u043c \u0447\u0435\u0445\u043b\u043e\u043c.<br \/>\n\u0412\u0435\u0441 \u0437\u0430\u043c\u043a\u0430 1480\u0433.<br \/>\n\u0412 \u043a\u043e\u043c\u043f\u043b\u0435\u043a\u0442 \u0432\u0445\u043e\u0434\u0438\u0442: 2 \u043a\u043b\u044e\u0447\u0430, \u0437\u0430\u043c\u043e\u043a.<br \/>\n\u041f\u0440\u0438\u043c\u0435\u043d\u0435\u043d\u0438\u0435: \u0434\u043b\u044f \u0432\u0435\u043b\u043e\u0441\u0438\u043f\u0435\u0434\u043e\u0432, \u043c\u043e\u0442\u043e\u0446\u0438\u043a\u043b\u043e\u0432, \u043b\u043e\u0434\u043e\u043a, \u043c\u043e\u043f\u0435\u0434\u043e\u0432, \u043a\u0432\u0430\u0434\u0440\u043e\u0446\u0438\u043a\u043b\u043e\u0432 \u0438 \u0442. \u0434.<\/p>\n<p><img fetchpriority=\"high\" decoding=\"async\" src=\"https:\/\/sporta-preces.lv\/wp-content\/uploads\/2024\/03\/Z048_1-238x300.jpg\" alt=\"\" width=\"238\" height=\"300\" class=\"alignnone size-medium wp-image-9912\" srcset=\"https:\/\/sporta-preces.lv\/wp-content\/uploads\/2024\/03\/Z048_1-238x300.jpg 238w, https:\/\/sporta-preces.lv\/wp-content\/uploads\/2024\/03\/Z048_1-1625x2048.jpg 1625w, https:\/\/sporta-preces.lv\/wp-content\/uploads\/2024\/03\/Z048_1-768x968.jpg 768w, https:\/\/sporta-preces.lv\/wp-content\/uploads\/2024\/03\/Z048_1-813x1024.jpg 813w, https:\/\/sporta-preces.lv\/wp-content\/uploads\/2024\/03\/Z048_1-1219x1536.jpg 1219w, https:\/\/sporta-preces.lv\/wp-content\/uploads\/2024\/03\/Z048_1-600x756.jpg 600w, https:\/\/sporta-preces.lv\/wp-content\/uploads\/2024\/03\/Z048_1-scaled.jpg 2032w\" sizes=\"(max-width: 238px) 100vw, 238px\" \/><\/p>\n<p><img decoding=\"async\" src=\"https:\/\/sporta-preces.lv\/wp-content\/uploads\/2024\/03\/Z048_2-283x300.jpg\" alt=\"\" width=\"283\" height=\"300\" class=\"alignnone size-medium wp-image-9914\" srcset=\"https:\/\/sporta-preces.lv\/wp-content\/uploads\/2024\/03\/Z048_2-283x300.jpg 283w, https:\/\/sporta-preces.lv\/wp-content\/uploads\/2024\/03\/Z048_2-965x1024.jpg 965w, https:\/\/sporta-preces.lv\/wp-content\/uploads\/2024\/03\/Z048_2-768x815.jpg 768w, https:\/\/sporta-preces.lv\/wp-content\/uploads\/2024\/03\/Z048_2-1447x1536.jpg 1447w, https:\/\/sporta-preces.lv\/wp-content\/uploads\/2024\/03\/Z048_2-1930x2048.jpg 1930w, https:\/\/sporta-preces.lv\/wp-content\/uploads\/2024\/03\/Z048_2-600x637.jpg 600w\" sizes=\"(max-width: 283px) 100vw, 283px\" \/><\/p>\n","protected":false},"excerpt":{"rendered":"<p>\u0412\u0435\u043b\u043e\u0437\u0430\u043c\u043e\u043a JET LOCK TY-771 \u0446\u0435\u043f\u043e\u0447\u043a\u0430 8\u04458\u0445900\u043c\u043c Z048 \u0426\u0435\u043f\u043d\u043e\u0439 \u0437\u0430\u043c\u043e\u043a \u0441 \u043a\u043b\u044e\u0447\u043e\u043c. \u0418\u0437\u0433\u043e\u0442\u043e\u0432\u043b\u0435\u043d \u0438\u0437 \u0437\u0430\u043a\u0430\u043b\u0435\u043d\u043d\u044b\u0445 \u0441\u0442\u0430\u043b\u044c\u043d\u044b\u0445 \u043f\u0440\u043e\u0444\u0438\u043b\u0435\u0439 \u043a\u0432\u0430\u0434\u0440\u0430\u0442\u043d\u043e\u0433\u043e \u0441\u0435\u0447\u0435\u043d\u0438\u044f 8\u04458 \u043c\u043c. \u0414\u043b\u0438\u043d\u0430 \u0446\u0435\u043f\u0438 900 \u043c\u043c. \u0426\u0435\u043f\u044c \u043f\u043e\u043a\u0440\u044b\u0442\u0430 \u0432\u043e\u0434\u043e\u043d\u0435\u043f\u0440\u043e\u043d\u0438\u0446\u0430\u0435\u043c\u044b\u043c \u0447\u0435\u0445\u043b\u043e\u043c. \u0412\u0435\u0441 \u0437\u0430\u043c\u043a\u0430 1480\u0433. \u0412 \u043a\u043e\u043c\u043f\u043b\u0435\u043a\u0442 \u0432\u0445\u043e\u0434\u0438\u0442: 2 \u043a\u043b\u044e\u0447\u0430, \u0437\u0430\u043c\u043e\u043a. \u041f\u0440\u0438\u043c\u0435\u043d\u0435\u043d\u0438\u0435: \u0434\u043b\u044f \u0432\u0435\u043b\u043e\u0441\u0438\u043f\u0435\u0434\u043e\u0432, &hellip; <a href=\"https:\/\/sporta-preces.lv\/ru\/product\/velozamok-jet-lock-ty-771-kede-8x8x900mm-z048\/\">Readmore<\/a><\/p>\n","protected":false},"featured_media":9912,"template":"","meta":[],"product_cat":[137],"product_tag":[],"class_list":{"0":"post-9910","1":"product","2":"type-product","3":"status-publish","4":"has-post-thumbnail","6":"product_cat-zamki-dlja-velosipedov","7":"product_shipping_class-s-novusa-un-velo-acc-ru","9":"first","10":"instock","11":"purchasable","12":"product-type-simple"},"yoast_head":"<!-- This site is optimized with the Yoast SEO Premium plugin v27.1 (Yoast SEO v27.2) - https:\/\/yoast.com\/product\/yoast-seo-premium-wordpress\/ -->\n<title>\u0412\u0435\u043b\u043e\u0437\u0430\u043c\u043e\u043a JET LOCK TY-771 \u0446\u0435\u043f\u044c 8x8x900mm Z048 - Sporta-preces<\/title>\n<meta name=\"robots\" content=\"index, follow, max-snippet:-1, max-image-preview:large, max-video-preview:-1\" \/>\n<link rel=\"canonical\" href=\"https:\/\/sporta-preces.lv\/ru\/product\/velozamok-jet-lock-ty-771-kede-8x8x900mm-z048\/\" \/>\n<meta property=\"og:locale\" content=\"ru_RU\" \/>\n<meta property=\"og:type\" content=\"article\" \/>\n<meta property=\"og:title\" content=\"\u0412\u0435\u043b\u043e\u0437\u0430\u043c\u043e\u043a JET LOCK TY-771 \u0446\u0435\u043f\u044c 8x8x900mm Z048\" \/>\n<meta property=\"og:description\" content=\"\u0412\u0435\u043b\u043e\u0437\u0430\u043c\u043e\u043a JET LOCK TY-771 \u0446\u0435\u043f\u043e\u0447\u043a\u0430 8\u04458\u0445900\u043c\u043c Z048 \u0426\u0435\u043f\u043d\u043e\u0439 \u0437\u0430\u043c\u043e\u043a \u0441 \u043a\u043b\u044e\u0447\u043e\u043c. \u0418\u0437\u0433\u043e\u0442\u043e\u0432\u043b\u0435\u043d \u0438\u0437 \u0437\u0430\u043a\u0430\u043b\u0435\u043d\u043d\u044b\u0445 \u0441\u0442\u0430\u043b\u044c\u043d\u044b\u0445 \u043f\u0440\u043e\u0444\u0438\u043b\u0435\u0439 \u043a\u0432\u0430\u0434\u0440\u0430\u0442\u043d\u043e\u0433\u043e \u0441\u0435\u0447\u0435\u043d\u0438\u044f 8\u04458 \u043c\u043c. \u0414\u043b\u0438\u043d\u0430 \u0446\u0435\u043f\u0438 900 \u043c\u043c. \u0426\u0435\u043f\u044c \u043f\u043e\u043a\u0440\u044b\u0442\u0430 \u0432\u043e\u0434\u043e\u043d\u0435\u043f\u0440\u043e\u043d\u0438\u0446\u0430\u0435\u043c\u044b\u043c \u0447\u0435\u0445\u043b\u043e\u043c. \u0412\u0435\u0441 \u0437\u0430\u043c\u043a\u0430 1480\u0433. \u0412 \u043a\u043e\u043c\u043f\u043b\u0435\u043a\u0442 \u0432\u0445\u043e\u0434\u0438\u0442: 2 \u043a\u043b\u044e\u0447\u0430, \u0437\u0430\u043c\u043e\u043a. \u041f\u0440\u0438\u043c\u0435\u043d\u0435\u043d\u0438\u0435: \u0434\u043b\u044f \u0432\u0435\u043b\u043e\u0441\u0438\u043f\u0435\u0434\u043e\u0432, &hellip; Readmore\" \/>\n<meta property=\"og:url\" content=\"https:\/\/sporta-preces.lv\/ru\/product\/velozamok-jet-lock-ty-771-kede-8x8x900mm-z048\/\" \/>\n<meta property=\"og:site_name\" content=\"Sporta-preces\" \/>\n<meta property=\"article:modified_time\" content=\"2024-03-06T14:03:36+00:00\" \/>\n<meta property=\"og:image\" content=\"https:\/\/sporta-preces.lv\/wp-content\/uploads\/2024\/03\/Z048_1-scaled.jpg\" \/>\n\t<meta property=\"og:image:width\" content=\"2032\" \/>\n\t<meta property=\"og:image:height\" content=\"2560\" \/>\n\t<meta property=\"og:image:type\" content=\"image\/jpeg\" \/>\n<meta name=\"twitter:card\" content=\"summary_large_image\" \/>\n<script type=\"application\/ld+json\" class=\"yoast-schema-graph\">{\"@context\":\"https:\/\/schema.org\",\"@graph\":[{\"@type\":\"WebPage\",\"@id\":\"https:\/\/sporta-preces.lv\/ru\/product\/velozamok-jet-lock-ty-771-kede-8x8x900mm-z048\/\",\"url\":\"https:\/\/sporta-preces.lv\/ru\/product\/velozamok-jet-lock-ty-771-kede-8x8x900mm-z048\/\",\"name\":\"\u0412\u0435\u043b\u043e\u0437\u0430\u043c\u043e\u043a JET LOCK TY-771 \u0446\u0435\u043f\u044c 8x8x900mm Z048 - Sporta-preces\",\"isPartOf\":{\"@id\":\"https:\/\/sporta-preces.lv\/#website\"},\"primaryImageOfPage\":{\"@id\":\"https:\/\/sporta-preces.lv\/ru\/product\/velozamok-jet-lock-ty-771-kede-8x8x900mm-z048\/#primaryimage\"},\"image\":{\"@id\":\"https:\/\/sporta-preces.lv\/ru\/product\/velozamok-jet-lock-ty-771-kede-8x8x900mm-z048\/#primaryimage\"},\"thumbnailUrl\":\"https:\/\/sporta-preces.lv\/wp-content\/uploads\/2024\/03\/Z048_1-scaled.jpg\",\"datePublished\":\"2024-03-06T13:25:51+00:00\",\"dateModified\":\"2024-03-06T14:03:36+00:00\",\"breadcrumb\":{\"@id\":\"https:\/\/sporta-preces.lv\/ru\/product\/velozamok-jet-lock-ty-771-kede-8x8x900mm-z048\/#breadcrumb\"},\"inLanguage\":\"ru-RU\",\"potentialAction\":[{\"@type\":\"ReadAction\",\"target\":[\"https:\/\/sporta-preces.lv\/ru\/product\/velozamok-jet-lock-ty-771-kede-8x8x900mm-z048\/\"]}]},{\"@type\":\"ImageObject\",\"inLanguage\":\"ru-RU\",\"@id\":\"https:\/\/sporta-preces.lv\/ru\/product\/velozamok-jet-lock-ty-771-kede-8x8x900mm-z048\/#primaryimage\",\"url\":\"https:\/\/sporta-preces.lv\/wp-content\/uploads\/2024\/03\/Z048_1-scaled.jpg\",\"contentUrl\":\"https:\/\/sporta-preces.lv\/wp-content\/uploads\/2024\/03\/Z048_1-scaled.jpg\",\"width\":2032,\"height\":2560},{\"@type\":\"BreadcrumbList\",\"@id\":\"https:\/\/sporta-preces.lv\/ru\/product\/velozamok-jet-lock-ty-771-kede-8x8x900mm-z048\/#breadcrumb\",\"itemListElement\":[{\"@type\":\"ListItem\",\"position\":1,\"name\":\"Home\",\"item\":\"https:\/\/sporta-preces.lv\/ru\/\"},{\"@type\":\"ListItem\",\"position\":2,\"name\":\"\u041a\u0430\u0442\u0430\u043b\u043e\u0433\",\"item\":\"https:\/\/sporta-preces.lv\/ru\/katalog\/\"},{\"@type\":\"ListItem\",\"position\":3,\"name\":\"\u0412\u0435\u043b\u043e\u0437\u0430\u043c\u043e\u043a JET LOCK TY-771 \u0446\u0435\u043f\u044c 8x8x900mm Z048\"}]},{\"@type\":\"WebSite\",\"@id\":\"https:\/\/sporta-preces.lv\/#website\",\"url\":\"https:\/\/sporta-preces.lv\/\",\"name\":\"Sporta-preces\",\"description\":\"Kvalitat\u012bvas sporta preces par lab\u0101kaj\u0101m cen\u0101m.\",\"potentialAction\":[{\"@type\":\"SearchAction\",\"target\":{\"@type\":\"EntryPoint\",\"urlTemplate\":\"https:\/\/sporta-preces.lv\/?s={search_term_string}\"},\"query-input\":{\"@type\":\"PropertyValueSpecification\",\"valueRequired\":true,\"valueName\":\"search_term_string\"}}],\"inLanguage\":\"ru-RU\"}]}<\/script>\n<!-- \/ Yoast SEO Premium plugin. -->","yoast_head_json":{"title":"\u0412\u0435\u043b\u043e\u0437\u0430\u043c\u043e\u043a JET LOCK TY-771 \u0446\u0435\u043f\u044c 8x8x900mm Z048 - Sporta-preces","robots":{"index":"index","follow":"follow","max-snippet":"max-snippet:-1","max-image-preview":"max-image-preview:large","max-video-preview":"max-video-preview:-1"},"canonical":"https:\/\/sporta-preces.lv\/ru\/product\/velozamok-jet-lock-ty-771-kede-8x8x900mm-z048\/","og_locale":"ru_RU","og_type":"article","og_title":"\u0412\u0435\u043b\u043e\u0437\u0430\u043c\u043e\u043a JET LOCK TY-771 \u0446\u0435\u043f\u044c 8x8x900mm Z048","og_description":"\u0412\u0435\u043b\u043e\u0437\u0430\u043c\u043e\u043a JET LOCK TY-771 \u0446\u0435\u043f\u043e\u0447\u043a\u0430 8\u04458\u0445900\u043c\u043c Z048 \u0426\u0435\u043f\u043d\u043e\u0439 \u0437\u0430\u043c\u043e\u043a \u0441 \u043a\u043b\u044e\u0447\u043e\u043c. \u0418\u0437\u0433\u043e\u0442\u043e\u0432\u043b\u0435\u043d \u0438\u0437 \u0437\u0430\u043a\u0430\u043b\u0435\u043d\u043d\u044b\u0445 \u0441\u0442\u0430\u043b\u044c\u043d\u044b\u0445 \u043f\u0440\u043e\u0444\u0438\u043b\u0435\u0439 \u043a\u0432\u0430\u0434\u0440\u0430\u0442\u043d\u043e\u0433\u043e \u0441\u0435\u0447\u0435\u043d\u0438\u044f 8\u04458 \u043c\u043c. \u0414\u043b\u0438\u043d\u0430 \u0446\u0435\u043f\u0438 900 \u043c\u043c. \u0426\u0435\u043f\u044c \u043f\u043e\u043a\u0440\u044b\u0442\u0430 \u0432\u043e\u0434\u043e\u043d\u0435\u043f\u0440\u043e\u043d\u0438\u0446\u0430\u0435\u043c\u044b\u043c \u0447\u0435\u0445\u043b\u043e\u043c. \u0412\u0435\u0441 \u0437\u0430\u043c\u043a\u0430 1480\u0433. \u0412 \u043a\u043e\u043c\u043f\u043b\u0435\u043a\u0442 \u0432\u0445\u043e\u0434\u0438\u0442: 2 \u043a\u043b\u044e\u0447\u0430, \u0437\u0430\u043c\u043e\u043a. \u041f\u0440\u0438\u043c\u0435\u043d\u0435\u043d\u0438\u0435: \u0434\u043b\u044f \u0432\u0435\u043b\u043e\u0441\u0438\u043f\u0435\u0434\u043e\u0432, &hellip; Readmore","og_url":"https:\/\/sporta-preces.lv\/ru\/product\/velozamok-jet-lock-ty-771-kede-8x8x900mm-z048\/","og_site_name":"Sporta-preces","article_modified_time":"2024-03-06T14:03:36+00:00","og_image":[{"width":2032,"height":2560,"url":"https:\/\/sporta-preces.lv\/wp-content\/uploads\/2024\/03\/Z048_1-scaled.jpg","type":"image\/jpeg"}],"twitter_card":"summary_large_image","schema":{"@context":"https:\/\/schema.org","@graph":[{"@type":"WebPage","@id":"https:\/\/sporta-preces.lv\/ru\/product\/velozamok-jet-lock-ty-771-kede-8x8x900mm-z048\/","url":"https:\/\/sporta-preces.lv\/ru\/product\/velozamok-jet-lock-ty-771-kede-8x8x900mm-z048\/","name":"\u0412\u0435\u043b\u043e\u0437\u0430\u043c\u043e\u043a JET LOCK TY-771 \u0446\u0435\u043f\u044c 8x8x900mm Z048 - Sporta-preces","isPartOf":{"@id":"https:\/\/sporta-preces.lv\/#website"},"primaryImageOfPage":{"@id":"https:\/\/sporta-preces.lv\/ru\/product\/velozamok-jet-lock-ty-771-kede-8x8x900mm-z048\/#primaryimage"},"image":{"@id":"https:\/\/sporta-preces.lv\/ru\/product\/velozamok-jet-lock-ty-771-kede-8x8x900mm-z048\/#primaryimage"},"thumbnailUrl":"https:\/\/sporta-preces.lv\/wp-content\/uploads\/2024\/03\/Z048_1-scaled.jpg","datePublished":"2024-03-06T13:25:51+00:00","dateModified":"2024-03-06T14:03:36+00:00","breadcrumb":{"@id":"https:\/\/sporta-preces.lv\/ru\/product\/velozamok-jet-lock-ty-771-kede-8x8x900mm-z048\/#breadcrumb"},"inLanguage":"ru-RU","potentialAction":[{"@type":"ReadAction","target":["https:\/\/sporta-preces.lv\/ru\/product\/velozamok-jet-lock-ty-771-kede-8x8x900mm-z048\/"]}]},{"@type":"ImageObject","inLanguage":"ru-RU","@id":"https:\/\/sporta-preces.lv\/ru\/product\/velozamok-jet-lock-ty-771-kede-8x8x900mm-z048\/#primaryimage","url":"https:\/\/sporta-preces.lv\/wp-content\/uploads\/2024\/03\/Z048_1-scaled.jpg","contentUrl":"https:\/\/sporta-preces.lv\/wp-content\/uploads\/2024\/03\/Z048_1-scaled.jpg","width":2032,"height":2560},{"@type":"BreadcrumbList","@id":"https:\/\/sporta-preces.lv\/ru\/product\/velozamok-jet-lock-ty-771-kede-8x8x900mm-z048\/#breadcrumb","itemListElement":[{"@type":"ListItem","position":1,"name":"Home","item":"https:\/\/sporta-preces.lv\/ru\/"},{"@type":"ListItem","position":2,"name":"\u041a\u0430\u0442\u0430\u043b\u043e\u0433","item":"https:\/\/sporta-preces.lv\/ru\/katalog\/"},{"@type":"ListItem","position":3,"name":"\u0412\u0435\u043b\u043e\u0437\u0430\u043c\u043e\u043a JET LOCK TY-771 \u0446\u0435\u043f\u044c 8x8x900mm Z048"}]},{"@type":"WebSite","@id":"https:\/\/sporta-preces.lv\/#website","url":"https:\/\/sporta-preces.lv\/","name":"Sporta-preces","description":"Kvalitat\u012bvas sporta preces par lab\u0101kaj\u0101m cen\u0101m.","potentialAction":[{"@type":"SearchAction","target":{"@type":"EntryPoint","urlTemplate":"https:\/\/sporta-preces.lv\/?s={search_term_string}"},"query-input":{"@type":"PropertyValueSpecification","valueRequired":true,"valueName":"search_term_string"}}],"inLanguage":"ru-RU"}]}},"_links":{"self":[{"href":"https:\/\/sporta-preces.lv\/ru\/wp-json\/wp\/v2\/product\/9910","targetHints":{"allow":["GET"]}}],"collection":[{"href":"https:\/\/sporta-preces.lv\/ru\/wp-json\/wp\/v2\/product"}],"about":[{"href":"https:\/\/sporta-preces.lv\/ru\/wp-json\/wp\/v2\/types\/product"}],"wp:featuredmedia":[{"embeddable":true,"href":"https:\/\/sporta-preces.lv\/ru\/wp-json\/wp\/v2\/media\/9912"}],"wp:attachment":[{"href":"https:\/\/sporta-preces.lv\/ru\/wp-json\/wp\/v2\/media?parent=9910"}],"wp:term":[{"taxonomy":"product_cat","embeddable":true,"href":"https:\/\/sporta-preces.lv\/ru\/wp-json\/wp\/v2\/product_cat?post=9910"},{"taxonomy":"product_tag","embeddable":true,"href":"https:\/\/sporta-preces.lv\/ru\/wp-json\/wp\/v2\/product_tag?post=9910"}],"curies":[{"name":"wp","href":"https:\/\/api.w.org\/{rel}","templated":true}]}}