{"id":9462,"date":"2023-03-22T12:18:37","date_gmt":"2023-03-22T10:18:38","guid":{"rendered":"https:\/\/sporta-preces.lv\/?post_type=product&#038;p=9462"},"modified":"2023-03-22T12:38:31","modified_gmt":"2023-03-22T10:38:31","slug":"beto-cmp-155sg7-napolnyj-nasos-metallicheskij-25-manometr-160-psi-a565","status":"publish","type":"product","link":"https:\/\/sporta-preces.lv\/ru\/product\/beto-cmp-155sg7-napolnyj-nasos-metallicheskij-25-manometr-160-psi-a565\/","title":{"rendered":"Beto CMP-155SG7, \u041d\u0430\u043f\u043e\u043b\u044c\u043d\u044b\u0439 \u043d\u0430\u0441\u043e\u0441, \u043c\u0435\u0442\u0430\u043b\u043b\u0438\u0447\u0435\u0441\u043a\u0438\u0439, 25&#8243;, \u043c\u0430\u043d\u043e\u043c\u0435\u0442\u0440 160 PSI, A565"},"content":{"rendered":"<p>\u041d\u0430\u043f\u043e\u043b\u044c\u043d\u044b\u0439 \u043d\u0430\u0441\u043e\u0441, \u043f\u043e\u0434\u0445\u043e\u0434\u0438\u0442 \u0434\u043b\u044f \u0430\u0432\u0442\u043e\u043c\u043e\u0431\u0438\u043b\u044c\u043d\u044b\u0445 \u0438 \u0432\u0435\u043b\u043e\u0441\u0438\u043f\u0435\u0434\u043d\u044b\u0445 \u043a\u043b\u0430\u043f\u0430\u043d\u043e\u0432. \u041a\u043e\u0440\u043f\u0443\u0441 \u0438\u0437\u0433\u043e\u0442\u043e\u0432\u043b\u0435\u043d \u0438\u0437 \u0432\u044b\u0441\u043e\u043a\u043e\u043a\u0430\u0447\u0435\u0441\u0442\u0432\u0435\u043d\u043d\u043e\u0439 \u0441\u0442\u0430\u043b\u0438. \u041e\u0441\u043d\u0430\u0449\u0435\u043d \u0442\u043e\u0447\u043d\u044b\u043c \u043c\u0430\u043d\u043e\u043c\u0435\u0442\u0440\u043e\u043c.<br \/>\n\u0413\u043e\u043b\u043e\u0432\u043a\u0430 \u043d\u0430\u0441\u043e\u0441\u0430 \u0440\u0430\u0441\u0441\u0447\u0438\u0442\u0430\u043d\u0430 \u043d\u0430 \u0442\u0438\u043f\u044b \u043a\u043b\u0430\u043f\u0430\u043d\u043e\u0432 &#8212; AV schreder, DV dunlop, FV presta.<br \/>\n\u041c\u0430\u043d\u043e\u043c\u0435\u0442\u0440: \u0434\u0430 &#8212; 2,5&#8243;<br \/>\n\u0410\u0434\u0430\u043f\u0442\u0435\u0440 \u0434\u043b\u044f \u043d\u0430\u0434\u0443\u0432\u043d\u044b\u0445 \u043a\u0440\u043e\u0432\u0430\u0442\u0435\u0439, \u0438\u0433\u043e\u043b\u044c\u0447\u0430\u0442\u044b\u0435 \u0448\u0430\u0440\u0438\u043a\u0438<br \/>\n\u0431\u044b\u0441\u0442\u0440\u043e\u0441\u044a\u0435\u043c\u043d\u044b\u0439 \u0440\u044b\u0447\u0430\u0433<br \/>\n\u041c\u0430\u043a\u0441\u0438\u043c\u0430\u043b\u044c\u043d\u043e\u0435 \u0434\u0430\u0432\u043b\u0435\u043d\u0438\u0435: 11 \u0431\u0430\u0440 \/ 160 \u0444\u0443\u043d\u0442\u043e\u0432 \u043d\u0430 \u043a\u0432\u0430\u0434\u0440\u0430\u0442\u043d\u044b\u0439 \u0434\u044e\u0439\u043c<br \/>\n\u041c\u0430\u0442\u0435\u0440\u0438\u0430\u043b: \u0441\u0442\u0430\u043b\u044c\/\u043f\u043b\u0430\u0441\u0442\u0438\u043a<br \/>\n\u0412\u044b\u0441\u043e\u0442\u0430: 65 \u0441\u043c<br \/>\n\u0412\u0435\u0441: 1120 \u0433 \/><\/p>\n","protected":false},"excerpt":{"rendered":"<p>\u041d\u0430\u043f\u043e\u043b\u044c\u043d\u044b\u0439 \u043d\u0430\u0441\u043e\u0441, \u043f\u043e\u0434\u0445\u043e\u0434\u0438\u0442 \u0434\u043b\u044f \u0430\u0432\u0442\u043e\u043c\u043e\u0431\u0438\u043b\u044c\u043d\u044b\u0445 \u0438 \u0432\u0435\u043b\u043e\u0441\u0438\u043f\u0435\u0434\u043d\u044b\u0445 \u043a\u043b\u0430\u043f\u0430\u043d\u043e\u0432. \u041a\u043e\u0440\u043f\u0443\u0441 \u0438\u0437\u0433\u043e\u0442\u043e\u0432\u043b\u0435\u043d \u0438\u0437 \u0432\u044b\u0441\u043e\u043a\u043e\u043a\u0430\u0447\u0435\u0441\u0442\u0432\u0435\u043d\u043d\u043e\u0439 \u0441\u0442\u0430\u043b\u0438. \u041e\u0441\u043d\u0430\u0449\u0435\u043d \u0442\u043e\u0447\u043d\u044b\u043c \u043c\u0430\u043d\u043e\u043c\u0435\u0442\u0440\u043e\u043c. \u0413\u043e\u043b\u043e\u0432\u043a\u0430 \u043d\u0430\u0441\u043e\u0441\u0430 \u0440\u0430\u0441\u0441\u0447\u0438\u0442\u0430\u043d\u0430 \u043d\u0430 \u0442\u0438\u043f\u044b \u043a\u043b\u0430\u043f\u0430\u043d\u043e\u0432 &#8212; AV schreder, DV dunlop, FV presta. \u041c\u0430\u043d\u043e\u043c\u0435\u0442\u0440: \u0434\u0430 &#8212; 2,5&#8243; \u0410\u0434\u0430\u043f\u0442\u0435\u0440 \u0434\u043b\u044f \u043d\u0430\u0434\u0443\u0432\u043d\u044b\u0445 \u043a\u0440\u043e\u0432\u0430\u0442\u0435\u0439, \u0438\u0433\u043e\u043b\u044c\u0447\u0430\u0442\u044b\u0435 \u0448\u0430\u0440\u0438\u043a\u0438 \u0431\u044b\u0441\u0442\u0440\u043e\u0441\u044a\u0435\u043c\u043d\u044b\u0439 &hellip; <a href=\"https:\/\/sporta-preces.lv\/ru\/product\/beto-cmp-155sg7-napolnyj-nasos-metallicheskij-25-manometr-160-psi-a565\/\">Readmore<\/a><\/p>\n","protected":false},"featured_media":9464,"template":"","meta":[],"product_cat":[134],"product_tag":[],"class_list":{"0":"post-9462","1":"product","2":"type-product","3":"status-publish","4":"has-post-thumbnail","6":"product_cat-nasosi-dlja-velosipedov","7":"product_shipping_class-velo-acc-m-izmers-ru","9":"first","10":"instock","11":"purchasable","12":"product-type-simple"},"yoast_head":"<!-- This site is optimized with the Yoast SEO Premium plugin v27.1 (Yoast SEO v27.2) - https:\/\/yoast.com\/product\/yoast-seo-premium-wordpress\/ -->\n<title>Beto CMP-155SG7, \u041d\u0430\u043f\u043e\u043b\u044c\u043d\u044b\u0439 \u043d\u0430\u0441\u043e\u0441, \u043c\u0435\u0442\u0430\u043b\u043b\u0438\u0447\u0435\u0441\u043a\u0438\u0439, 25&quot;, \u043c\u0430\u043d\u043e\u043c\u0435\u0442\u0440 160 PSI, A565 - Sporta-preces<\/title>\n<meta name=\"robots\" content=\"index, follow, max-snippet:-1, max-image-preview:large, max-video-preview:-1\" \/>\n<link rel=\"canonical\" href=\"https:\/\/sporta-preces.lv\/ru\/product\/beto-cmp-155sg7-napolnyj-nasos-metallicheskij-25-manometr-160-psi-a565\/\" \/>\n<meta property=\"og:locale\" content=\"ru_RU\" \/>\n<meta property=\"og:type\" content=\"article\" \/>\n<meta property=\"og:title\" content=\"Beto CMP-155SG7, \u041d\u0430\u043f\u043e\u043b\u044c\u043d\u044b\u0439 \u043d\u0430\u0441\u043e\u0441, \u043c\u0435\u0442\u0430\u043b\u043b\u0438\u0447\u0435\u0441\u043a\u0438\u0439, 25&quot;, \u043c\u0430\u043d\u043e\u043c\u0435\u0442\u0440 160 PSI, A565\" \/>\n<meta property=\"og:description\" content=\"\u041d\u0430\u043f\u043e\u043b\u044c\u043d\u044b\u0439 \u043d\u0430\u0441\u043e\u0441, \u043f\u043e\u0434\u0445\u043e\u0434\u0438\u0442 \u0434\u043b\u044f \u0430\u0432\u0442\u043e\u043c\u043e\u0431\u0438\u043b\u044c\u043d\u044b\u0445 \u0438 \u0432\u0435\u043b\u043e\u0441\u0438\u043f\u0435\u0434\u043d\u044b\u0445 \u043a\u043b\u0430\u043f\u0430\u043d\u043e\u0432. \u041a\u043e\u0440\u043f\u0443\u0441 \u0438\u0437\u0433\u043e\u0442\u043e\u0432\u043b\u0435\u043d \u0438\u0437 \u0432\u044b\u0441\u043e\u043a\u043e\u043a\u0430\u0447\u0435\u0441\u0442\u0432\u0435\u043d\u043d\u043e\u0439 \u0441\u0442\u0430\u043b\u0438. \u041e\u0441\u043d\u0430\u0449\u0435\u043d \u0442\u043e\u0447\u043d\u044b\u043c \u043c\u0430\u043d\u043e\u043c\u0435\u0442\u0440\u043e\u043c. \u0413\u043e\u043b\u043e\u0432\u043a\u0430 \u043d\u0430\u0441\u043e\u0441\u0430 \u0440\u0430\u0441\u0441\u0447\u0438\u0442\u0430\u043d\u0430 \u043d\u0430 \u0442\u0438\u043f\u044b \u043a\u043b\u0430\u043f\u0430\u043d\u043e\u0432 &#8212; AV schreder, DV dunlop, FV presta. \u041c\u0430\u043d\u043e\u043c\u0435\u0442\u0440: \u0434\u0430 &#8212; 2,5&#8243; \u0410\u0434\u0430\u043f\u0442\u0435\u0440 \u0434\u043b\u044f \u043d\u0430\u0434\u0443\u0432\u043d\u044b\u0445 \u043a\u0440\u043e\u0432\u0430\u0442\u0435\u0439, \u0438\u0433\u043e\u043b\u044c\u0447\u0430\u0442\u044b\u0435 \u0448\u0430\u0440\u0438\u043a\u0438 \u0431\u044b\u0441\u0442\u0440\u043e\u0441\u044a\u0435\u043c\u043d\u044b\u0439 &hellip; Readmore\" \/>\n<meta property=\"og:url\" content=\"https:\/\/sporta-preces.lv\/ru\/product\/beto-cmp-155sg7-napolnyj-nasos-metallicheskij-25-manometr-160-psi-a565\/\" \/>\n<meta property=\"og:site_name\" content=\"Sporta-preces\" \/>\n<meta property=\"article:modified_time\" content=\"2023-03-22T10:38:31+00:00\" \/>\n<meta property=\"og:image\" content=\"https:\/\/sporta-preces.lv\/wp-content\/uploads\/2023\/03\/a565.jpg\" \/>\n\t<meta property=\"og:image:width\" content=\"640\" \/>\n\t<meta property=\"og:image:height\" content=\"640\" \/>\n\t<meta property=\"og:image:type\" content=\"image\/jpeg\" \/>\n<meta name=\"twitter:card\" content=\"summary_large_image\" \/>\n<script type=\"application\/ld+json\" class=\"yoast-schema-graph\">{\"@context\":\"https:\/\/schema.org\",\"@graph\":[{\"@type\":\"WebPage\",\"@id\":\"https:\/\/sporta-preces.lv\/ru\/product\/beto-cmp-155sg7-napolnyj-nasos-metallicheskij-25-manometr-160-psi-a565\/\",\"url\":\"https:\/\/sporta-preces.lv\/ru\/product\/beto-cmp-155sg7-napolnyj-nasos-metallicheskij-25-manometr-160-psi-a565\/\",\"name\":\"Beto CMP-155SG7, \u041d\u0430\u043f\u043e\u043b\u044c\u043d\u044b\u0439 \u043d\u0430\u0441\u043e\u0441, \u043c\u0435\u0442\u0430\u043b\u043b\u0438\u0447\u0435\u0441\u043a\u0438\u0439, 25\\\", \u043c\u0430\u043d\u043e\u043c\u0435\u0442\u0440 160 PSI, A565 - Sporta-preces\",\"isPartOf\":{\"@id\":\"https:\/\/sporta-preces.lv\/#website\"},\"primaryImageOfPage\":{\"@id\":\"https:\/\/sporta-preces.lv\/ru\/product\/beto-cmp-155sg7-napolnyj-nasos-metallicheskij-25-manometr-160-psi-a565\/#primaryimage\"},\"image\":{\"@id\":\"https:\/\/sporta-preces.lv\/ru\/product\/beto-cmp-155sg7-napolnyj-nasos-metallicheskij-25-manometr-160-psi-a565\/#primaryimage\"},\"thumbnailUrl\":\"https:\/\/sporta-preces.lv\/wp-content\/uploads\/2023\/03\/a565.jpg\",\"datePublished\":\"2023-03-22T10:18:38+00:00\",\"dateModified\":\"2023-03-22T10:38:31+00:00\",\"breadcrumb\":{\"@id\":\"https:\/\/sporta-preces.lv\/ru\/product\/beto-cmp-155sg7-napolnyj-nasos-metallicheskij-25-manometr-160-psi-a565\/#breadcrumb\"},\"inLanguage\":\"ru-RU\",\"potentialAction\":[{\"@type\":\"ReadAction\",\"target\":[\"https:\/\/sporta-preces.lv\/ru\/product\/beto-cmp-155sg7-napolnyj-nasos-metallicheskij-25-manometr-160-psi-a565\/\"]}]},{\"@type\":\"ImageObject\",\"inLanguage\":\"ru-RU\",\"@id\":\"https:\/\/sporta-preces.lv\/ru\/product\/beto-cmp-155sg7-napolnyj-nasos-metallicheskij-25-manometr-160-psi-a565\/#primaryimage\",\"url\":\"https:\/\/sporta-preces.lv\/wp-content\/uploads\/2023\/03\/a565.jpg\",\"contentUrl\":\"https:\/\/sporta-preces.lv\/wp-content\/uploads\/2023\/03\/a565.jpg\",\"width\":640,\"height\":640},{\"@type\":\"BreadcrumbList\",\"@id\":\"https:\/\/sporta-preces.lv\/ru\/product\/beto-cmp-155sg7-napolnyj-nasos-metallicheskij-25-manometr-160-psi-a565\/#breadcrumb\",\"itemListElement\":[{\"@type\":\"ListItem\",\"position\":1,\"name\":\"Home\",\"item\":\"https:\/\/sporta-preces.lv\/ru\/\"},{\"@type\":\"ListItem\",\"position\":2,\"name\":\"\u041a\u0430\u0442\u0430\u043b\u043e\u0433\",\"item\":\"https:\/\/sporta-preces.lv\/ru\/katalog\/\"},{\"@type\":\"ListItem\",\"position\":3,\"name\":\"Beto CMP-155SG7, \u041d\u0430\u043f\u043e\u043b\u044c\u043d\u044b\u0439 \u043d\u0430\u0441\u043e\u0441, \u043c\u0435\u0442\u0430\u043b\u043b\u0438\u0447\u0435\u0441\u043a\u0438\u0439, 25&#8243;, \u043c\u0430\u043d\u043e\u043c\u0435\u0442\u0440 160 PSI, A565\"}]},{\"@type\":\"WebSite\",\"@id\":\"https:\/\/sporta-preces.lv\/#website\",\"url\":\"https:\/\/sporta-preces.lv\/\",\"name\":\"Sporta-preces\",\"description\":\"Kvalitat\u012bvas sporta preces par lab\u0101kaj\u0101m cen\u0101m.\",\"potentialAction\":[{\"@type\":\"SearchAction\",\"target\":{\"@type\":\"EntryPoint\",\"urlTemplate\":\"https:\/\/sporta-preces.lv\/?s={search_term_string}\"},\"query-input\":{\"@type\":\"PropertyValueSpecification\",\"valueRequired\":true,\"valueName\":\"search_term_string\"}}],\"inLanguage\":\"ru-RU\"}]}<\/script>\n<!-- \/ Yoast SEO Premium plugin. -->","yoast_head_json":{"title":"Beto CMP-155SG7, \u041d\u0430\u043f\u043e\u043b\u044c\u043d\u044b\u0439 \u043d\u0430\u0441\u043e\u0441, \u043c\u0435\u0442\u0430\u043b\u043b\u0438\u0447\u0435\u0441\u043a\u0438\u0439, 25\", \u043c\u0430\u043d\u043e\u043c\u0435\u0442\u0440 160 PSI, A565 - Sporta-preces","robots":{"index":"index","follow":"follow","max-snippet":"max-snippet:-1","max-image-preview":"max-image-preview:large","max-video-preview":"max-video-preview:-1"},"canonical":"https:\/\/sporta-preces.lv\/ru\/product\/beto-cmp-155sg7-napolnyj-nasos-metallicheskij-25-manometr-160-psi-a565\/","og_locale":"ru_RU","og_type":"article","og_title":"Beto CMP-155SG7, \u041d\u0430\u043f\u043e\u043b\u044c\u043d\u044b\u0439 \u043d\u0430\u0441\u043e\u0441, \u043c\u0435\u0442\u0430\u043b\u043b\u0438\u0447\u0435\u0441\u043a\u0438\u0439, 25\", \u043c\u0430\u043d\u043e\u043c\u0435\u0442\u0440 160 PSI, A565","og_description":"\u041d\u0430\u043f\u043e\u043b\u044c\u043d\u044b\u0439 \u043d\u0430\u0441\u043e\u0441, \u043f\u043e\u0434\u0445\u043e\u0434\u0438\u0442 \u0434\u043b\u044f \u0430\u0432\u0442\u043e\u043c\u043e\u0431\u0438\u043b\u044c\u043d\u044b\u0445 \u0438 \u0432\u0435\u043b\u043e\u0441\u0438\u043f\u0435\u0434\u043d\u044b\u0445 \u043a\u043b\u0430\u043f\u0430\u043d\u043e\u0432. \u041a\u043e\u0440\u043f\u0443\u0441 \u0438\u0437\u0433\u043e\u0442\u043e\u0432\u043b\u0435\u043d \u0438\u0437 \u0432\u044b\u0441\u043e\u043a\u043e\u043a\u0430\u0447\u0435\u0441\u0442\u0432\u0435\u043d\u043d\u043e\u0439 \u0441\u0442\u0430\u043b\u0438. \u041e\u0441\u043d\u0430\u0449\u0435\u043d \u0442\u043e\u0447\u043d\u044b\u043c \u043c\u0430\u043d\u043e\u043c\u0435\u0442\u0440\u043e\u043c. \u0413\u043e\u043b\u043e\u0432\u043a\u0430 \u043d\u0430\u0441\u043e\u0441\u0430 \u0440\u0430\u0441\u0441\u0447\u0438\u0442\u0430\u043d\u0430 \u043d\u0430 \u0442\u0438\u043f\u044b \u043a\u043b\u0430\u043f\u0430\u043d\u043e\u0432 &#8212; AV schreder, DV dunlop, FV presta. \u041c\u0430\u043d\u043e\u043c\u0435\u0442\u0440: \u0434\u0430 &#8212; 2,5&#8243; \u0410\u0434\u0430\u043f\u0442\u0435\u0440 \u0434\u043b\u044f \u043d\u0430\u0434\u0443\u0432\u043d\u044b\u0445 \u043a\u0440\u043e\u0432\u0430\u0442\u0435\u0439, \u0438\u0433\u043e\u043b\u044c\u0447\u0430\u0442\u044b\u0435 \u0448\u0430\u0440\u0438\u043a\u0438 \u0431\u044b\u0441\u0442\u0440\u043e\u0441\u044a\u0435\u043c\u043d\u044b\u0439 &hellip; Readmore","og_url":"https:\/\/sporta-preces.lv\/ru\/product\/beto-cmp-155sg7-napolnyj-nasos-metallicheskij-25-manometr-160-psi-a565\/","og_site_name":"Sporta-preces","article_modified_time":"2023-03-22T10:38:31+00:00","og_image":[{"width":640,"height":640,"url":"https:\/\/sporta-preces.lv\/wp-content\/uploads\/2023\/03\/a565.jpg","type":"image\/jpeg"}],"twitter_card":"summary_large_image","schema":{"@context":"https:\/\/schema.org","@graph":[{"@type":"WebPage","@id":"https:\/\/sporta-preces.lv\/ru\/product\/beto-cmp-155sg7-napolnyj-nasos-metallicheskij-25-manometr-160-psi-a565\/","url":"https:\/\/sporta-preces.lv\/ru\/product\/beto-cmp-155sg7-napolnyj-nasos-metallicheskij-25-manometr-160-psi-a565\/","name":"Beto CMP-155SG7, \u041d\u0430\u043f\u043e\u043b\u044c\u043d\u044b\u0439 \u043d\u0430\u0441\u043e\u0441, \u043c\u0435\u0442\u0430\u043b\u043b\u0438\u0447\u0435\u0441\u043a\u0438\u0439, 25\", \u043c\u0430\u043d\u043e\u043c\u0435\u0442\u0440 160 PSI, A565 - Sporta-preces","isPartOf":{"@id":"https:\/\/sporta-preces.lv\/#website"},"primaryImageOfPage":{"@id":"https:\/\/sporta-preces.lv\/ru\/product\/beto-cmp-155sg7-napolnyj-nasos-metallicheskij-25-manometr-160-psi-a565\/#primaryimage"},"image":{"@id":"https:\/\/sporta-preces.lv\/ru\/product\/beto-cmp-155sg7-napolnyj-nasos-metallicheskij-25-manometr-160-psi-a565\/#primaryimage"},"thumbnailUrl":"https:\/\/sporta-preces.lv\/wp-content\/uploads\/2023\/03\/a565.jpg","datePublished":"2023-03-22T10:18:38+00:00","dateModified":"2023-03-22T10:38:31+00:00","breadcrumb":{"@id":"https:\/\/sporta-preces.lv\/ru\/product\/beto-cmp-155sg7-napolnyj-nasos-metallicheskij-25-manometr-160-psi-a565\/#breadcrumb"},"inLanguage":"ru-RU","potentialAction":[{"@type":"ReadAction","target":["https:\/\/sporta-preces.lv\/ru\/product\/beto-cmp-155sg7-napolnyj-nasos-metallicheskij-25-manometr-160-psi-a565\/"]}]},{"@type":"ImageObject","inLanguage":"ru-RU","@id":"https:\/\/sporta-preces.lv\/ru\/product\/beto-cmp-155sg7-napolnyj-nasos-metallicheskij-25-manometr-160-psi-a565\/#primaryimage","url":"https:\/\/sporta-preces.lv\/wp-content\/uploads\/2023\/03\/a565.jpg","contentUrl":"https:\/\/sporta-preces.lv\/wp-content\/uploads\/2023\/03\/a565.jpg","width":640,"height":640},{"@type":"BreadcrumbList","@id":"https:\/\/sporta-preces.lv\/ru\/product\/beto-cmp-155sg7-napolnyj-nasos-metallicheskij-25-manometr-160-psi-a565\/#breadcrumb","itemListElement":[{"@type":"ListItem","position":1,"name":"Home","item":"https:\/\/sporta-preces.lv\/ru\/"},{"@type":"ListItem","position":2,"name":"\u041a\u0430\u0442\u0430\u043b\u043e\u0433","item":"https:\/\/sporta-preces.lv\/ru\/katalog\/"},{"@type":"ListItem","position":3,"name":"Beto CMP-155SG7, \u041d\u0430\u043f\u043e\u043b\u044c\u043d\u044b\u0439 \u043d\u0430\u0441\u043e\u0441, \u043c\u0435\u0442\u0430\u043b\u043b\u0438\u0447\u0435\u0441\u043a\u0438\u0439, 25&#8243;, \u043c\u0430\u043d\u043e\u043c\u0435\u0442\u0440 160 PSI, A565"}]},{"@type":"WebSite","@id":"https:\/\/sporta-preces.lv\/#website","url":"https:\/\/sporta-preces.lv\/","name":"Sporta-preces","description":"Kvalitat\u012bvas sporta preces par lab\u0101kaj\u0101m cen\u0101m.","potentialAction":[{"@type":"SearchAction","target":{"@type":"EntryPoint","urlTemplate":"https:\/\/sporta-preces.lv\/?s={search_term_string}"},"query-input":{"@type":"PropertyValueSpecification","valueRequired":true,"valueName":"search_term_string"}}],"inLanguage":"ru-RU"}]}},"_links":{"self":[{"href":"https:\/\/sporta-preces.lv\/ru\/wp-json\/wp\/v2\/product\/9462","targetHints":{"allow":["GET"]}}],"collection":[{"href":"https:\/\/sporta-preces.lv\/ru\/wp-json\/wp\/v2\/product"}],"about":[{"href":"https:\/\/sporta-preces.lv\/ru\/wp-json\/wp\/v2\/types\/product"}],"wp:featuredmedia":[{"embeddable":true,"href":"https:\/\/sporta-preces.lv\/ru\/wp-json\/wp\/v2\/media\/9464"}],"wp:attachment":[{"href":"https:\/\/sporta-preces.lv\/ru\/wp-json\/wp\/v2\/media?parent=9462"}],"wp:term":[{"taxonomy":"product_cat","embeddable":true,"href":"https:\/\/sporta-preces.lv\/ru\/wp-json\/wp\/v2\/product_cat?post=9462"},{"taxonomy":"product_tag","embeddable":true,"href":"https:\/\/sporta-preces.lv\/ru\/wp-json\/wp\/v2\/product_tag?post=9462"}],"curies":[{"name":"wp","href":"https:\/\/api.w.org\/{rel}","templated":true}]}}