{"id":9358,"date":"2023-03-21T20:07:00","date_gmt":"2023-03-21T18:07:01","guid":{"rendered":"https:\/\/sporta-preces.lv\/?post_type=product&#038;p=9358"},"modified":"2023-03-21T20:19:34","modified_gmt":"2023-03-21T18:19:34","slug":"derzhatel-telefona-jet-5-6-5-a691","status":"publish","type":"product","link":"https:\/\/sporta-preces.lv\/ru\/product\/derzhatel-telefona-jet-5-6-5-a691\/","title":{"rendered":"\u0414\u0435\u0440\u0436\u0430\u0442\u0435\u043b\u044c \u0442\u0435\u043b\u0435\u0444\u043e\u043d\u0430 JET 5-6,5&#8243; A691"},"content":{"rendered":"<p>\u0414\u0435\u0440\u0436\u0430\u0442\u0435\u043b\u044c \u0442\u0435\u043b\u0435\u0444\u043e\u043d\u0430 JET \u2014 \u0443\u043d\u0438\u0432\u0435\u0440\u0441\u0430\u043b\u044c\u043d\u044b\u0439 \u0434\u0435\u0440\u0436\u0430\u0442\u0435\u043b\u044c \u0434\u043b\u044f \u0441\u043c\u0430\u0440\u0442\u0444\u043e\u043d\u043e\u0432 \u043e\u0442 5 \u0434\u043e 6,5 \u0434\u044e\u0439\u043c\u043e\u0432. \u0422\u0430\u043a\u0436\u0435 \u043f\u043e\u0434\u0445\u043e\u0434\u0438\u0442 \u0434\u043b\u044f \u0442\u0435\u043b\u0435\u0444\u043e\u043d\u043e\u0432 \u0441 \u0437\u0430\u0449\u0438\u0442\u043d\u044b\u043c \u0447\u0435\u0445\u043b\u043e\u043c. \u0411\u044b\u0441\u0442\u0440\u0430\u044f \u0441\u0431\u043e\u0440\u043a\u0430 \u0438 \u0440\u0430\u0437\u0431\u043e\u0440\u043a\u0430.<\/p>\n<p>\u0421\u0430\u043c\u0430\u044f \u0432\u0430\u0436\u043d\u0430\u044f \u0438\u043d\u0444\u043e\u0440\u043c\u0430\u0446\u0438\u044f:<br \/>\n\u041f\u043e\u0434\u0445\u043e\u0434\u0438\u0442 \u0434\u043b\u044f \u0441\u043c\u0430\u0440\u0442\u0444\u043e\u043d\u043e\u0432 \u043e\u0442 5 \u0434\u043e 6,5 \u0434\u044e\u0439\u043c\u043e\u0432.<br \/>\n\u041c\u0430\u0442\u0435\u0440\u0438\u0430\u043b: \u0441\u0432\u0435\u0440\u0445\u0433\u0438\u0431\u043a\u0438\u0439 \u0441\u0438\u043b\u0438\u043a\u043e\u043d, \u0430\u043b\u044e\u043c\u0438\u043d\u0438\u0439\/\u0432\u044b\u0441\u043e\u043a\u043e\u043a\u0430\u0447\u0435\u0441\u0442\u0432\u0435\u043d\u043d\u044b\u0439 \u043f\u043b\u0430\u0441\u0442\u0438\u043a.<br \/>\n\u0412\u0440\u0430\u0449\u0430\u044e\u0449\u0430\u044f\u0441\u044f \u0440\u0443\u0447\u043a\u0430 (\u0432\u0440\u0430\u0449\u0430\u0435\u0442\u0441\u044f \u0433\u043e\u0440\u0438\u0437\u043e\u043d\u0442\u0430\u043b\u044c\u043d\u043e \u0438\u043b\u0438 \u0432\u0435\u0440\u0442\u0438\u043a\u0430\u043b\u044c\u043d\u043e)<br \/>\n\u0412\u043e\u0437\u043c\u043e\u0436\u043d\u043e\u0441\u0442\u044c \u0443\u0441\u0442\u0430\u043d\u043e\u0432\u043a\u0438 \u043d\u0430 \u0443\u0434\u043b\u0438\u043d\u0438\u0442\u0435\u043b\u044c \u0440\u0443\u043b\u0435 \u0438\u043b\u0438 \u043d\u0430 \u0440\u0443\u043b\u044c<\/p>\n","protected":false},"excerpt":{"rendered":"<p>\u0414\u0435\u0440\u0436\u0430\u0442\u0435\u043b\u044c \u0442\u0435\u043b\u0435\u0444\u043e\u043d\u0430 JET \u2014 \u0443\u043d\u0438\u0432\u0435\u0440\u0441\u0430\u043b\u044c\u043d\u044b\u0439 \u0434\u0435\u0440\u0436\u0430\u0442\u0435\u043b\u044c \u0434\u043b\u044f \u0441\u043c\u0430\u0440\u0442\u0444\u043e\u043d\u043e\u0432 \u043e\u0442 5 \u0434\u043e 6,5 \u0434\u044e\u0439\u043c\u043e\u0432. \u0422\u0430\u043a\u0436\u0435 \u043f\u043e\u0434\u0445\u043e\u0434\u0438\u0442 \u0434\u043b\u044f \u0442\u0435\u043b\u0435\u0444\u043e\u043d\u043e\u0432 \u0441 \u0437\u0430\u0449\u0438\u0442\u043d\u044b\u043c \u0447\u0435\u0445\u043b\u043e\u043c. \u0411\u044b\u0441\u0442\u0440\u0430\u044f \u0441\u0431\u043e\u0440\u043a\u0430 \u0438 \u0440\u0430\u0437\u0431\u043e\u0440\u043a\u0430. \u0421\u0430\u043c\u0430\u044f \u0432\u0430\u0436\u043d\u0430\u044f \u0438\u043d\u0444\u043e\u0440\u043c\u0430\u0446\u0438\u044f: \u041f\u043e\u0434\u0445\u043e\u0434\u0438\u0442 \u0434\u043b\u044f \u0441\u043c\u0430\u0440\u0442\u0444\u043e\u043d\u043e\u0432 \u043e\u0442 5 \u0434\u043e 6,5 \u0434\u044e\u0439\u043c\u043e\u0432. \u041c\u0430\u0442\u0435\u0440\u0438\u0430\u043b: \u0441\u0432\u0435\u0440\u0445\u0433\u0438\u0431\u043a\u0438\u0439 \u0441\u0438\u043b\u0438\u043a\u043e\u043d, \u0430\u043b\u044e\u043c\u0438\u043d\u0438\u0439\/\u0432\u044b\u0441\u043e\u043a\u043e\u043a\u0430\u0447\u0435\u0441\u0442\u0432\u0435\u043d\u043d\u044b\u0439 \u043f\u043b\u0430\u0441\u0442\u0438\u043a. &hellip; <a href=\"https:\/\/sporta-preces.lv\/ru\/product\/derzhatel-telefona-jet-5-6-5-a691\/\">Readmore<\/a><\/p>\n","protected":false},"featured_media":9362,"template":"","meta":[],"product_cat":[108],"product_tag":[],"class_list":{"0":"post-9358","1":"product","2":"type-product","3":"status-publish","4":"has-post-thumbnail","6":"product_cat-velo-somas-un-telefona-turetaji","7":"product_shipping_class-s-novusa-un-velo-acc","9":"first","10":"instock","11":"featured","12":"purchasable","13":"product-type-simple"},"yoast_head":"<!-- This site is optimized with the Yoast SEO Premium plugin v27.1 (Yoast SEO v27.2) - https:\/\/yoast.com\/product\/yoast-seo-premium-wordpress\/ -->\n<title>\u0414\u0435\u0440\u0436\u0430\u0442\u0435\u043b\u044c \u0442\u0435\u043b\u0435\u0444\u043e\u043d\u0430 JET 5-6,5&quot; A691 - Sporta-preces<\/title>\n<meta name=\"robots\" content=\"index, follow, max-snippet:-1, max-image-preview:large, max-video-preview:-1\" \/>\n<link rel=\"canonical\" href=\"https:\/\/sporta-preces.lv\/products\/telefona-turetajs-jet-5-6-5-a691\/\" \/>\n<meta property=\"og:locale\" content=\"ru_RU\" \/>\n<meta property=\"og:type\" content=\"article\" \/>\n<meta property=\"og:title\" content=\"\u0414\u0435\u0440\u0436\u0430\u0442\u0435\u043b\u044c \u0442\u0435\u043b\u0435\u0444\u043e\u043d\u0430 JET 5-6,5&quot; A691\" \/>\n<meta property=\"og:description\" content=\"\u0414\u0435\u0440\u0436\u0430\u0442\u0435\u043b\u044c \u0442\u0435\u043b\u0435\u0444\u043e\u043d\u0430 JET \u2014 \u0443\u043d\u0438\u0432\u0435\u0440\u0441\u0430\u043b\u044c\u043d\u044b\u0439 \u0434\u0435\u0440\u0436\u0430\u0442\u0435\u043b\u044c \u0434\u043b\u044f \u0441\u043c\u0430\u0440\u0442\u0444\u043e\u043d\u043e\u0432 \u043e\u0442 5 \u0434\u043e 6,5 \u0434\u044e\u0439\u043c\u043e\u0432. \u0422\u0430\u043a\u0436\u0435 \u043f\u043e\u0434\u0445\u043e\u0434\u0438\u0442 \u0434\u043b\u044f \u0442\u0435\u043b\u0435\u0444\u043e\u043d\u043e\u0432 \u0441 \u0437\u0430\u0449\u0438\u0442\u043d\u044b\u043c \u0447\u0435\u0445\u043b\u043e\u043c. \u0411\u044b\u0441\u0442\u0440\u0430\u044f \u0441\u0431\u043e\u0440\u043a\u0430 \u0438 \u0440\u0430\u0437\u0431\u043e\u0440\u043a\u0430. \u0421\u0430\u043c\u0430\u044f \u0432\u0430\u0436\u043d\u0430\u044f \u0438\u043d\u0444\u043e\u0440\u043c\u0430\u0446\u0438\u044f: \u041f\u043e\u0434\u0445\u043e\u0434\u0438\u0442 \u0434\u043b\u044f \u0441\u043c\u0430\u0440\u0442\u0444\u043e\u043d\u043e\u0432 \u043e\u0442 5 \u0434\u043e 6,5 \u0434\u044e\u0439\u043c\u043e\u0432. \u041c\u0430\u0442\u0435\u0440\u0438\u0430\u043b: \u0441\u0432\u0435\u0440\u0445\u0433\u0438\u0431\u043a\u0438\u0439 \u0441\u0438\u043b\u0438\u043a\u043e\u043d, \u0430\u043b\u044e\u043c\u0438\u043d\u0438\u0439\/\u0432\u044b\u0441\u043e\u043a\u043e\u043a\u0430\u0447\u0435\u0441\u0442\u0432\u0435\u043d\u043d\u044b\u0439 \u043f\u043b\u0430\u0441\u0442\u0438\u043a. &hellip; Readmore\" \/>\n<meta property=\"og:url\" content=\"https:\/\/sporta-preces.lv\/products\/telefona-turetajs-jet-5-6-5-a691\/\" \/>\n<meta property=\"og:site_name\" content=\"Sporta-preces\" \/>\n<meta property=\"article:modified_time\" content=\"2023-03-21T18:19:34+00:00\" \/>\n<meta property=\"og:image\" content=\"https:\/\/sporta-preces.lv\/wp-content\/uploads\/2023\/03\/A691_1-scaled.jpg\" \/>\n\t<meta property=\"og:image:width\" content=\"2560\" \/>\n\t<meta property=\"og:image:height\" content=\"1897\" \/>\n\t<meta property=\"og:image:type\" content=\"image\/jpeg\" \/>\n<meta name=\"twitter:card\" content=\"summary_large_image\" \/>\n<script type=\"application\/ld+json\" class=\"yoast-schema-graph\">{\"@context\":\"https:\/\/schema.org\",\"@graph\":[{\"@type\":\"WebPage\",\"@id\":\"https:\/\/sporta-preces.lv\/products\/telefona-turetajs-jet-5-6-5-a691\/\",\"url\":\"https:\/\/sporta-preces.lv\/products\/telefona-turetajs-jet-5-6-5-a691\/\",\"name\":\"\u0414\u0435\u0440\u0436\u0430\u0442\u0435\u043b\u044c \u0442\u0435\u043b\u0435\u0444\u043e\u043d\u0430 JET 5-6,5\\\" A691 - Sporta-preces\",\"isPartOf\":{\"@id\":\"https:\/\/sporta-preces.lv\/#website\"},\"primaryImageOfPage\":{\"@id\":\"https:\/\/sporta-preces.lv\/products\/telefona-turetajs-jet-5-6-5-a691\/#primaryimage\"},\"image\":{\"@id\":\"https:\/\/sporta-preces.lv\/products\/telefona-turetajs-jet-5-6-5-a691\/#primaryimage\"},\"thumbnailUrl\":\"https:\/\/sporta-preces.lv\/wp-content\/uploads\/2023\/03\/A691_1-scaled.jpg\",\"datePublished\":\"2023-03-21T18:07:01+00:00\",\"dateModified\":\"2023-03-21T18:19:34+00:00\",\"breadcrumb\":{\"@id\":\"https:\/\/sporta-preces.lv\/products\/telefona-turetajs-jet-5-6-5-a691\/#breadcrumb\"},\"inLanguage\":\"ru-RU\",\"potentialAction\":[{\"@type\":\"ReadAction\",\"target\":[\"https:\/\/sporta-preces.lv\/products\/telefona-turetajs-jet-5-6-5-a691\/\"]}]},{\"@type\":\"ImageObject\",\"inLanguage\":\"ru-RU\",\"@id\":\"https:\/\/sporta-preces.lv\/products\/telefona-turetajs-jet-5-6-5-a691\/#primaryimage\",\"url\":\"https:\/\/sporta-preces.lv\/wp-content\/uploads\/2023\/03\/A691_1-scaled.jpg\",\"contentUrl\":\"https:\/\/sporta-preces.lv\/wp-content\/uploads\/2023\/03\/A691_1-scaled.jpg\",\"width\":2560,\"height\":1897},{\"@type\":\"BreadcrumbList\",\"@id\":\"https:\/\/sporta-preces.lv\/products\/telefona-turetajs-jet-5-6-5-a691\/#breadcrumb\",\"itemListElement\":[{\"@type\":\"ListItem\",\"position\":1,\"name\":\"Home\",\"item\":\"https:\/\/sporta-preces.lv\/ru\/\"},{\"@type\":\"ListItem\",\"position\":2,\"name\":\"\u041a\u0430\u0442\u0430\u043b\u043e\u0433\",\"item\":\"https:\/\/sporta-preces.lv\/ru\/katalog\/\"},{\"@type\":\"ListItem\",\"position\":3,\"name\":\"\u0414\u0435\u0440\u0436\u0430\u0442\u0435\u043b\u044c \u0442\u0435\u043b\u0435\u0444\u043e\u043d\u0430 JET 5-6,5&#8243; A691\"}]},{\"@type\":\"WebSite\",\"@id\":\"https:\/\/sporta-preces.lv\/#website\",\"url\":\"https:\/\/sporta-preces.lv\/\",\"name\":\"Sporta-preces\",\"description\":\"Kvalitat\u012bvas sporta preces par lab\u0101kaj\u0101m cen\u0101m.\",\"potentialAction\":[{\"@type\":\"SearchAction\",\"target\":{\"@type\":\"EntryPoint\",\"urlTemplate\":\"https:\/\/sporta-preces.lv\/?s={search_term_string}\"},\"query-input\":{\"@type\":\"PropertyValueSpecification\",\"valueRequired\":true,\"valueName\":\"search_term_string\"}}],\"inLanguage\":\"ru-RU\"}]}<\/script>\n<!-- \/ Yoast SEO Premium plugin. -->","yoast_head_json":{"title":"\u0414\u0435\u0440\u0436\u0430\u0442\u0435\u043b\u044c \u0442\u0435\u043b\u0435\u0444\u043e\u043d\u0430 JET 5-6,5\" A691 - Sporta-preces","robots":{"index":"index","follow":"follow","max-snippet":"max-snippet:-1","max-image-preview":"max-image-preview:large","max-video-preview":"max-video-preview:-1"},"canonical":"https:\/\/sporta-preces.lv\/products\/telefona-turetajs-jet-5-6-5-a691\/","og_locale":"ru_RU","og_type":"article","og_title":"\u0414\u0435\u0440\u0436\u0430\u0442\u0435\u043b\u044c \u0442\u0435\u043b\u0435\u0444\u043e\u043d\u0430 JET 5-6,5\" A691","og_description":"\u0414\u0435\u0440\u0436\u0430\u0442\u0435\u043b\u044c \u0442\u0435\u043b\u0435\u0444\u043e\u043d\u0430 JET \u2014 \u0443\u043d\u0438\u0432\u0435\u0440\u0441\u0430\u043b\u044c\u043d\u044b\u0439 \u0434\u0435\u0440\u0436\u0430\u0442\u0435\u043b\u044c \u0434\u043b\u044f \u0441\u043c\u0430\u0440\u0442\u0444\u043e\u043d\u043e\u0432 \u043e\u0442 5 \u0434\u043e 6,5 \u0434\u044e\u0439\u043c\u043e\u0432. \u0422\u0430\u043a\u0436\u0435 \u043f\u043e\u0434\u0445\u043e\u0434\u0438\u0442 \u0434\u043b\u044f \u0442\u0435\u043b\u0435\u0444\u043e\u043d\u043e\u0432 \u0441 \u0437\u0430\u0449\u0438\u0442\u043d\u044b\u043c \u0447\u0435\u0445\u043b\u043e\u043c. \u0411\u044b\u0441\u0442\u0440\u0430\u044f \u0441\u0431\u043e\u0440\u043a\u0430 \u0438 \u0440\u0430\u0437\u0431\u043e\u0440\u043a\u0430. \u0421\u0430\u043c\u0430\u044f \u0432\u0430\u0436\u043d\u0430\u044f \u0438\u043d\u0444\u043e\u0440\u043c\u0430\u0446\u0438\u044f: \u041f\u043e\u0434\u0445\u043e\u0434\u0438\u0442 \u0434\u043b\u044f \u0441\u043c\u0430\u0440\u0442\u0444\u043e\u043d\u043e\u0432 \u043e\u0442 5 \u0434\u043e 6,5 \u0434\u044e\u0439\u043c\u043e\u0432. \u041c\u0430\u0442\u0435\u0440\u0438\u0430\u043b: \u0441\u0432\u0435\u0440\u0445\u0433\u0438\u0431\u043a\u0438\u0439 \u0441\u0438\u043b\u0438\u043a\u043e\u043d, \u0430\u043b\u044e\u043c\u0438\u043d\u0438\u0439\/\u0432\u044b\u0441\u043e\u043a\u043e\u043a\u0430\u0447\u0435\u0441\u0442\u0432\u0435\u043d\u043d\u044b\u0439 \u043f\u043b\u0430\u0441\u0442\u0438\u043a. &hellip; Readmore","og_url":"https:\/\/sporta-preces.lv\/products\/telefona-turetajs-jet-5-6-5-a691\/","og_site_name":"Sporta-preces","article_modified_time":"2023-03-21T18:19:34+00:00","og_image":[{"width":2560,"height":1897,"url":"https:\/\/sporta-preces.lv\/wp-content\/uploads\/2023\/03\/A691_1-scaled.jpg","type":"image\/jpeg"}],"twitter_card":"summary_large_image","schema":{"@context":"https:\/\/schema.org","@graph":[{"@type":"WebPage","@id":"https:\/\/sporta-preces.lv\/products\/telefona-turetajs-jet-5-6-5-a691\/","url":"https:\/\/sporta-preces.lv\/products\/telefona-turetajs-jet-5-6-5-a691\/","name":"\u0414\u0435\u0440\u0436\u0430\u0442\u0435\u043b\u044c \u0442\u0435\u043b\u0435\u0444\u043e\u043d\u0430 JET 5-6,5\" A691 - Sporta-preces","isPartOf":{"@id":"https:\/\/sporta-preces.lv\/#website"},"primaryImageOfPage":{"@id":"https:\/\/sporta-preces.lv\/products\/telefona-turetajs-jet-5-6-5-a691\/#primaryimage"},"image":{"@id":"https:\/\/sporta-preces.lv\/products\/telefona-turetajs-jet-5-6-5-a691\/#primaryimage"},"thumbnailUrl":"https:\/\/sporta-preces.lv\/wp-content\/uploads\/2023\/03\/A691_1-scaled.jpg","datePublished":"2023-03-21T18:07:01+00:00","dateModified":"2023-03-21T18:19:34+00:00","breadcrumb":{"@id":"https:\/\/sporta-preces.lv\/products\/telefona-turetajs-jet-5-6-5-a691\/#breadcrumb"},"inLanguage":"ru-RU","potentialAction":[{"@type":"ReadAction","target":["https:\/\/sporta-preces.lv\/products\/telefona-turetajs-jet-5-6-5-a691\/"]}]},{"@type":"ImageObject","inLanguage":"ru-RU","@id":"https:\/\/sporta-preces.lv\/products\/telefona-turetajs-jet-5-6-5-a691\/#primaryimage","url":"https:\/\/sporta-preces.lv\/wp-content\/uploads\/2023\/03\/A691_1-scaled.jpg","contentUrl":"https:\/\/sporta-preces.lv\/wp-content\/uploads\/2023\/03\/A691_1-scaled.jpg","width":2560,"height":1897},{"@type":"BreadcrumbList","@id":"https:\/\/sporta-preces.lv\/products\/telefona-turetajs-jet-5-6-5-a691\/#breadcrumb","itemListElement":[{"@type":"ListItem","position":1,"name":"Home","item":"https:\/\/sporta-preces.lv\/ru\/"},{"@type":"ListItem","position":2,"name":"\u041a\u0430\u0442\u0430\u043b\u043e\u0433","item":"https:\/\/sporta-preces.lv\/ru\/katalog\/"},{"@type":"ListItem","position":3,"name":"\u0414\u0435\u0440\u0436\u0430\u0442\u0435\u043b\u044c \u0442\u0435\u043b\u0435\u0444\u043e\u043d\u0430 JET 5-6,5&#8243; A691"}]},{"@type":"WebSite","@id":"https:\/\/sporta-preces.lv\/#website","url":"https:\/\/sporta-preces.lv\/","name":"Sporta-preces","description":"Kvalitat\u012bvas sporta preces par lab\u0101kaj\u0101m cen\u0101m.","potentialAction":[{"@type":"SearchAction","target":{"@type":"EntryPoint","urlTemplate":"https:\/\/sporta-preces.lv\/?s={search_term_string}"},"query-input":{"@type":"PropertyValueSpecification","valueRequired":true,"valueName":"search_term_string"}}],"inLanguage":"ru-RU"}]}},"_links":{"self":[{"href":"https:\/\/sporta-preces.lv\/ru\/wp-json\/wp\/v2\/product\/9358","targetHints":{"allow":["GET"]}}],"collection":[{"href":"https:\/\/sporta-preces.lv\/ru\/wp-json\/wp\/v2\/product"}],"about":[{"href":"https:\/\/sporta-preces.lv\/ru\/wp-json\/wp\/v2\/types\/product"}],"wp:featuredmedia":[{"embeddable":true,"href":"https:\/\/sporta-preces.lv\/ru\/wp-json\/wp\/v2\/media\/9362"}],"wp:attachment":[{"href":"https:\/\/sporta-preces.lv\/ru\/wp-json\/wp\/v2\/media?parent=9358"}],"wp:term":[{"taxonomy":"product_cat","embeddable":true,"href":"https:\/\/sporta-preces.lv\/ru\/wp-json\/wp\/v2\/product_cat?post=9358"},{"taxonomy":"product_tag","embeddable":true,"href":"https:\/\/sporta-preces.lv\/ru\/wp-json\/wp\/v2\/product_tag?post=9358"}],"curies":[{"name":"wp","href":"https:\/\/api.w.org\/{rel}","templated":true}]}}