{"id":9346,"date":"2023-03-21T19:34:27","date_gmt":"2023-03-21T17:34:27","guid":{"rendered":"https:\/\/sporta-preces.lv\/?post_type=product&#038;p=9346"},"modified":"2023-03-21T19:53:24","modified_gmt":"2023-03-21T17:53:24","slug":"perednyaya-fara-ct600-7200lum-l288","status":"publish","type":"product","link":"https:\/\/sporta-preces.lv\/ru\/product\/perednyaya-fara-ct600-7200lum-l288\/","title":{"rendered":"\u041f\u0435\u0440\u0435\u0434\u043d\u044f\u044f \u0444\u0430\u0440\u0430 CT600 7200lum, L288"},"content":{"rendered":"<p> JET CT600 \u2014 \u044d\u0442\u043e \u0432\u044b\u0441\u043e\u043a\u043e\u043a\u0430\u0447\u0435\u0441\u0442\u0432\u0435\u043d\u043d\u044b\u0439 \u043d\u0430\u043b\u043e\u0431\u043d\u044b\u0439 \u0444\u043e\u043d\u0430\u0440\u044c, \u043a\u043e\u0442\u043e\u0440\u044b\u0439 \u0442\u0430\u043a\u0436\u0435 \u043c\u043e\u0436\u043d\u043e \u0438\u0441\u043f\u043e\u043b\u044c\u0437\u043e\u0432\u0430\u0442\u044c \u0432 \u043a\u0430\u0447\u0435\u0441\u0442\u0432\u0435 \u043d\u0430\u043b\u043e\u0431\u043d\u043e\u0433\u043e \u0444\u043e\u043d\u0430\u0440\u044f. \u041f\u0440\u0435\u0434\u043d\u0430\u0437\u043d\u0430\u0447\u0435\u043d \u0434\u043b\u044f \u043d\u043e\u0447\u043d\u044b\u0445 \u0432\u0435\u043b\u043e\u0433\u043e\u043d\u043e\u043a, \u043f\u0435\u0448\u0438\u0445 \u043f\u0440\u043e\u0433\u0443\u043b\u043e\u043a, \u043f\u0440\u043e\u0438\u0437\u0432\u043e\u0434\u0441\u0442\u0432\u0435\u043d\u043d\u044b\u0445 \u0440\u0430\u0431\u043e\u0442. \u041e\u0441\u043d\u0430\u0449\u0435\u043d \u0448\u0435\u0441\u0442\u044c\u044e \u043c\u043e\u0449\u043d\u044b\u043c\u0438 \u0441\u0432\u0435\u0442\u043e\u0434\u0438\u043e\u0434\u0430\u043c\u0438. \u041e\u043d \u043e\u0431\u0435\u0441\u043f\u0435\u0447\u0438\u0432\u0430\u0435\u0442 \u043e\u0447\u0435\u043d\u044c \u0441\u0438\u043b\u044c\u043d\u044b\u0439 \u043b\u0443\u0447 \u0441\u0432\u0435\u0442\u0430 \u043d\u0430 \u0431\u043e\u043b\u044c\u0448\u0438\u0435 \u0440\u0430\u0441\u0441\u0442\u043e\u044f\u043d\u0438\u044f. \u0410\u043a\u043a\u0443\u043c\u0443\u043b\u044f\u0442\u043e\u0440 \u043d\u0435 \u0432\u0441\u0442\u0440\u043e\u0435\u043d \u0432 \u0444\u043e\u043d\u0430\u0440\u044c, \u043f\u043e\u0434\u043a\u043b\u044e\u0447\u0435\u043d \u043a\u0430\u0431\u0435\u043b\u0435\u043c.<\/p>\n<p>\u041e\u043f\u0438\u0441\u0430\u043d\u0438\u0435 \u043b\u0430\u043c\u043f\u044b:<br \/>\n\u041c\u043e\u0434\u0435\u043b\u044c \u0441\u0432\u0435\u0442\u043e\u0434\u0438\u043e\u0434\u0430: 6 \u0448\u0442. CREE XM-L2 T6, \u0441\u0440\u043e\u043a \u0441\u043b\u0443\u0436\u0431\u044b 100 000 \u0447.<br \/>\n\u043c\u0430\u043a\u0441\u0438\u043c\u0430\u043b\u044c\u043d\u044b\u0439 \u0441\u0432\u0435\u0442\u043e\u0432\u043e\u0439 \u043f\u043e\u0442\u043e\u043a 7200 \u043b\u044e\u043c\u0435\u043d<br \/>\n\u043b\u0438\u043d\u0437\u0430: \u0437\u0430\u043a\u0430\u043b\u0435\u043d\u043d\u043e\u0435 \u0441\u0442\u0435\u043a\u043b\u043e, \u0441\u0432\u0435\u0440\u0445\u043f\u0440\u043e\u0437\u0440\u0430\u0447\u043d\u043e\u0435<br \/>\n\u0434\u0430\u043b\u044c\u043d\u043e\u0441\u0442\u044c \u0441\u0432\u0435\u0442\u0430: 200 \u043c<br \/>\n\u043a\u043e\u0440\u043f\u0443\u0441 \u0441\u0434\u0435\u043b\u0430\u043d \u0438\u0437 \u0430\u043b\u044e\u043c\u0438\u043d\u0438\u044f<br \/>\n\u0432\u0441\u0442\u0440\u043e\u0435\u043d\u043d\u044b\u0439 \u0442\u0435\u0440\u043c\u043e\u0441\u0442\u0430\u0442 \u0437\u0430\u0449\u0438\u0449\u0430\u0435\u0442 \u0443\u0441\u0442\u0440\u043e\u0439\u0441\u0442\u0432\u043e \u043e\u0442 \u043f\u0435\u0440\u0435\u0433\u0440\u0435\u0432\u0430<br \/>\n\u043a\u043b\u0430\u0441\u0441 \u0432\u043e\u0434\u043e\u043d\u0435\u043f\u0440\u043e\u043d\u0438\u0446\u0430\u0435\u043c\u043e\u0441\u0442\u0438: IP65 (\u043d\u0435\u043f\u0440\u043e\u043c\u043e\u043a\u0430\u0435\u043c\u044b\u0439)<br \/>\n\u0426\u0432\u0435\u0442: \u0430\u043d\u043e\u0434\u0438\u0440\u043e\u0432\u0430\u043d\u043d\u044b\u0439 \u0447\u0435\u0440\u043d\u044b\u0439<br \/>\n\u0432\u0435\u0441 \u043b\u0430\u043c\u043f\u044b 189 \u0433.<br \/>\n\u0440\u0435\u0436\u0438\u043c\u044b \u0440\u0430\u0431\u043e\u0442\u044b: 100%-50%-\u0441\u0442\u0440\u043e\u0431, \u0434\u043b\u044f \u0432\u044b\u043a\u043b\u044e\u0447\u0435\u043d\u0438\u044f \u043d\u0443\u0436\u043d\u043e \u0443\u0434\u0435\u0440\u0436\u0438\u0432\u0430\u0442\u044c \u043a\u043d\u043e\u043f\u043a\u0443 3 \u0441\u0435\u043a\u0443\u043d\u0434\u044b<br \/>\n\u0440\u0430\u0431\u043e\u0447\u0435\u0435 \u0432\u0440\u0435\u043c\u044f 3-8\u0447<\/p>\n<p>\u041e\u043f\u0438\u0441\u0430\u043d\u0438\u0435 \u0431\u0430\u0442\u0430\u0440\u0435\u0438:<br \/>\n\u0438\u043d\u0434\u0438\u043a\u0430\u0442\u043e\u0440 \u0440\u0430\u0437\u0440\u044f\u0434\u0430 \u0431\u0430\u0442\u0430\u0440\u0435\u0438<br \/>\n\u0435\u043c\u043a\u043e\u0441\u0442\u044c \u0430\u043a\u043a\u0443\u043c\u0443\u043b\u044f\u0442\u043e\u0440\u0430: 8000 \u043c\u0410\u0447, (4&#215;2000 \u043c\u0410\u0447), 8,4 \u0412 \u043f\u043e\u0441\u0442\u043e\u044f\u043d\u043d\u043e\u0433\u043e \u0442\u043e\u043a\u0430<br \/>\n\u043a\u043e\u043b\u0438\u0447\u0435\u0441\u0442\u0432\u043e \u0446\u0438\u043a\u043b\u043e\u0432 \u0437\u0430\u0440\u044f\u0434\u043a\u0438: 500 \u0446\u0438\u043a\u043b\u043e\u0432, \u0441\u0440\u0435\u0434\u043d\u0435\u0435 \u0432\u0440\u0435\u043c\u044f \u0437\u0430\u0440\u044f\u0434\u043a\u0438: 3,5-5 \u0447\u0430\u0441\u043e\u0432<br \/>\n\u0420\u0430\u0437\u043c\u0435\u0440\u044b: 80x37x38 \u043c\u043c<br \/>\n\u0432\u0435\u0441: 195 \u0433.<br \/>\n\u0434\u0438\u043e\u0434 \u0432 \u0437\u0430\u0440\u044f\u0434\u043d\u043e\u043c \u0443\u0441\u0442\u0440\u043e\u0439\u0441\u0442\u0432\u0435 \u0438\u043d\u0444\u043e\u0440\u043c\u0438\u0440\u0443\u0435\u0442 \u043e\u0431 \u0443\u0440\u043e\u0432\u043d\u0435 \u0437\u0430\u0440\u044f\u0434\u0430 \u0430\u043a\u043a\u0443\u043c\u0443\u043b\u044f\u0442\u043e\u0440\u0430<\/p>\n<p>\u0412 \u043a\u043e\u043c\u043f\u043b\u0435\u043a\u0442\u0435: \u0444\u043e\u043d\u0430\u0440\u044c, \u0430\u043a\u043a\u0443\u043c\u0443\u043b\u044f\u0442\u043e\u0440 \u0441 \u0440\u0435\u043c\u0435\u0448\u043a\u043e\u043c \u0434\u043b\u044f \u043a\u0440\u0435\u043f\u043b\u0435\u043d\u0438\u044f, \u0437\u0430\u0440\u044f\u0434\u043d\u043e\u0435 \u0443\u0441\u0442\u0440\u043e\u0439\u0441\u0442\u0432\u043e, \u0440\u0435\u0437\u0438\u043d\u043e\u0432\u043e\u0435 \u043e\u0433\u043e\u043b\u043e\u0432\u044c\u0435. <\/p>\n","protected":false},"excerpt":{"rendered":"<p>JET CT600 \u2014 \u044d\u0442\u043e \u0432\u044b\u0441\u043e\u043a\u043e\u043a\u0430\u0447\u0435\u0441\u0442\u0432\u0435\u043d\u043d\u044b\u0439 \u043d\u0430\u043b\u043e\u0431\u043d\u044b\u0439 \u0444\u043e\u043d\u0430\u0440\u044c, \u043a\u043e\u0442\u043e\u0440\u044b\u0439 \u0442\u0430\u043a\u0436\u0435 \u043c\u043e\u0436\u043d\u043e \u0438\u0441\u043f\u043e\u043b\u044c\u0437\u043e\u0432\u0430\u0442\u044c \u0432 \u043a\u0430\u0447\u0435\u0441\u0442\u0432\u0435 \u043d\u0430\u043b\u043e\u0431\u043d\u043e\u0433\u043e \u0444\u043e\u043d\u0430\u0440\u044f. \u041f\u0440\u0435\u0434\u043d\u0430\u0437\u043d\u0430\u0447\u0435\u043d \u0434\u043b\u044f \u043d\u043e\u0447\u043d\u044b\u0445 \u0432\u0435\u043b\u043e\u0433\u043e\u043d\u043e\u043a, \u043f\u0435\u0448\u0438\u0445 \u043f\u0440\u043e\u0433\u0443\u043b\u043e\u043a, \u043f\u0440\u043e\u0438\u0437\u0432\u043e\u0434\u0441\u0442\u0432\u0435\u043d\u043d\u044b\u0445 \u0440\u0430\u0431\u043e\u0442. \u041e\u0441\u043d\u0430\u0449\u0435\u043d \u0448\u0435\u0441\u0442\u044c\u044e \u043c\u043e\u0449\u043d\u044b\u043c\u0438 \u0441\u0432\u0435\u0442\u043e\u0434\u0438\u043e\u0434\u0430\u043c\u0438. \u041e\u043d \u043e\u0431\u0435\u0441\u043f\u0435\u0447\u0438\u0432\u0430\u0435\u0442 \u043e\u0447\u0435\u043d\u044c \u0441\u0438\u043b\u044c\u043d\u044b\u0439 \u043b\u0443\u0447 \u0441\u0432\u0435\u0442\u0430 \u043d\u0430 \u0431\u043e\u043b\u044c\u0448\u0438\u0435 \u0440\u0430\u0441\u0441\u0442\u043e\u044f\u043d\u0438\u044f. \u0410\u043a\u043a\u0443\u043c\u0443\u043b\u044f\u0442\u043e\u0440 \u043d\u0435 \u0432\u0441\u0442\u0440\u043e\u0435\u043d \u0432 &hellip; <a href=\"https:\/\/sporta-preces.lv\/ru\/product\/perednyaya-fara-ct600-7200lum-l288\/\">Readmore<\/a><\/p>\n","protected":false},"featured_media":9354,"template":"","meta":[],"product_cat":[93],"product_tag":[],"class_list":{"0":"post-9346","1":"product","2":"type-product","3":"status-publish","4":"has-post-thumbnail","6":"product_cat-velo-lukturi","7":"product_shipping_class-s-novusa-un-velo-acc","9":"first","10":"instock","11":"purchasable","12":"product-type-simple"},"yoast_head":"<!-- This site is optimized with the Yoast SEO Premium plugin v27.1 (Yoast SEO v27.2) - https:\/\/yoast.com\/product\/yoast-seo-premium-wordpress\/ -->\n<title>\u041f\u0435\u0440\u0435\u0434\u043d\u044f\u044f \u0444\u0430\u0440\u0430 CT600 7200lum, L288 - Sporta-preces<\/title>\n<meta name=\"robots\" content=\"index, follow, max-snippet:-1, max-image-preview:large, max-video-preview:-1\" \/>\n<link rel=\"canonical\" href=\"https:\/\/sporta-preces.lv\/products\/lampa-prieksa-ct600-7200lum-l288\/\" \/>\n<meta property=\"og:locale\" content=\"ru_RU\" \/>\n<meta property=\"og:type\" content=\"article\" \/>\n<meta property=\"og:title\" content=\"\u041f\u0435\u0440\u0435\u0434\u043d\u044f\u044f \u0444\u0430\u0440\u0430 CT600 7200lum, L288\" \/>\n<meta property=\"og:description\" content=\"JET CT600 \u2014 \u044d\u0442\u043e \u0432\u044b\u0441\u043e\u043a\u043e\u043a\u0430\u0447\u0435\u0441\u0442\u0432\u0435\u043d\u043d\u044b\u0439 \u043d\u0430\u043b\u043e\u0431\u043d\u044b\u0439 \u0444\u043e\u043d\u0430\u0440\u044c, \u043a\u043e\u0442\u043e\u0440\u044b\u0439 \u0442\u0430\u043a\u0436\u0435 \u043c\u043e\u0436\u043d\u043e \u0438\u0441\u043f\u043e\u043b\u044c\u0437\u043e\u0432\u0430\u0442\u044c \u0432 \u043a\u0430\u0447\u0435\u0441\u0442\u0432\u0435 \u043d\u0430\u043b\u043e\u0431\u043d\u043e\u0433\u043e \u0444\u043e\u043d\u0430\u0440\u044f. \u041f\u0440\u0435\u0434\u043d\u0430\u0437\u043d\u0430\u0447\u0435\u043d \u0434\u043b\u044f \u043d\u043e\u0447\u043d\u044b\u0445 \u0432\u0435\u043b\u043e\u0433\u043e\u043d\u043e\u043a, \u043f\u0435\u0448\u0438\u0445 \u043f\u0440\u043e\u0433\u0443\u043b\u043e\u043a, \u043f\u0440\u043e\u0438\u0437\u0432\u043e\u0434\u0441\u0442\u0432\u0435\u043d\u043d\u044b\u0445 \u0440\u0430\u0431\u043e\u0442. \u041e\u0441\u043d\u0430\u0449\u0435\u043d \u0448\u0435\u0441\u0442\u044c\u044e \u043c\u043e\u0449\u043d\u044b\u043c\u0438 \u0441\u0432\u0435\u0442\u043e\u0434\u0438\u043e\u0434\u0430\u043c\u0438. \u041e\u043d \u043e\u0431\u0435\u0441\u043f\u0435\u0447\u0438\u0432\u0430\u0435\u0442 \u043e\u0447\u0435\u043d\u044c \u0441\u0438\u043b\u044c\u043d\u044b\u0439 \u043b\u0443\u0447 \u0441\u0432\u0435\u0442\u0430 \u043d\u0430 \u0431\u043e\u043b\u044c\u0448\u0438\u0435 \u0440\u0430\u0441\u0441\u0442\u043e\u044f\u043d\u0438\u044f. \u0410\u043a\u043a\u0443\u043c\u0443\u043b\u044f\u0442\u043e\u0440 \u043d\u0435 \u0432\u0441\u0442\u0440\u043e\u0435\u043d \u0432 &hellip; Readmore\" \/>\n<meta property=\"og:url\" content=\"https:\/\/sporta-preces.lv\/products\/lampa-prieksa-ct600-7200lum-l288\/\" \/>\n<meta property=\"og:site_name\" content=\"Sporta-preces\" \/>\n<meta property=\"article:modified_time\" content=\"2023-03-21T17:53:24+00:00\" \/>\n<meta property=\"og:image\" content=\"https:\/\/sporta-preces.lv\/wp-content\/uploads\/2023\/03\/l288_4.jpg\" \/>\n\t<meta property=\"og:image:width\" content=\"600\" \/>\n\t<meta property=\"og:image:height\" content=\"627\" \/>\n\t<meta property=\"og:image:type\" content=\"image\/jpeg\" \/>\n<meta name=\"twitter:card\" content=\"summary_large_image\" \/>\n<script type=\"application\/ld+json\" class=\"yoast-schema-graph\">{\"@context\":\"https:\/\/schema.org\",\"@graph\":[{\"@type\":\"WebPage\",\"@id\":\"https:\/\/sporta-preces.lv\/products\/lampa-prieksa-ct600-7200lum-l288\/\",\"url\":\"https:\/\/sporta-preces.lv\/products\/lampa-prieksa-ct600-7200lum-l288\/\",\"name\":\"\u041f\u0435\u0440\u0435\u0434\u043d\u044f\u044f \u0444\u0430\u0440\u0430 CT600 7200lum, L288 - Sporta-preces\",\"isPartOf\":{\"@id\":\"https:\/\/sporta-preces.lv\/#website\"},\"primaryImageOfPage\":{\"@id\":\"https:\/\/sporta-preces.lv\/products\/lampa-prieksa-ct600-7200lum-l288\/#primaryimage\"},\"image\":{\"@id\":\"https:\/\/sporta-preces.lv\/products\/lampa-prieksa-ct600-7200lum-l288\/#primaryimage\"},\"thumbnailUrl\":\"https:\/\/sporta-preces.lv\/wp-content\/uploads\/2023\/03\/l288_4.jpg\",\"datePublished\":\"2023-03-21T17:34:27+00:00\",\"dateModified\":\"2023-03-21T17:53:24+00:00\",\"breadcrumb\":{\"@id\":\"https:\/\/sporta-preces.lv\/products\/lampa-prieksa-ct600-7200lum-l288\/#breadcrumb\"},\"inLanguage\":\"ru-RU\",\"potentialAction\":[{\"@type\":\"ReadAction\",\"target\":[\"https:\/\/sporta-preces.lv\/products\/lampa-prieksa-ct600-7200lum-l288\/\"]}]},{\"@type\":\"ImageObject\",\"inLanguage\":\"ru-RU\",\"@id\":\"https:\/\/sporta-preces.lv\/products\/lampa-prieksa-ct600-7200lum-l288\/#primaryimage\",\"url\":\"https:\/\/sporta-preces.lv\/wp-content\/uploads\/2023\/03\/l288_4.jpg\",\"contentUrl\":\"https:\/\/sporta-preces.lv\/wp-content\/uploads\/2023\/03\/l288_4.jpg\",\"width\":600,\"height\":627},{\"@type\":\"BreadcrumbList\",\"@id\":\"https:\/\/sporta-preces.lv\/products\/lampa-prieksa-ct600-7200lum-l288\/#breadcrumb\",\"itemListElement\":[{\"@type\":\"ListItem\",\"position\":1,\"name\":\"Home\",\"item\":\"https:\/\/sporta-preces.lv\/ru\/\"},{\"@type\":\"ListItem\",\"position\":2,\"name\":\"\u041a\u0430\u0442\u0430\u043b\u043e\u0433\",\"item\":\"https:\/\/sporta-preces.lv\/ru\/katalog\/\"},{\"@type\":\"ListItem\",\"position\":3,\"name\":\"\u041f\u0435\u0440\u0435\u0434\u043d\u044f\u044f \u0444\u0430\u0440\u0430 CT600 7200lum, L288\"}]},{\"@type\":\"WebSite\",\"@id\":\"https:\/\/sporta-preces.lv\/#website\",\"url\":\"https:\/\/sporta-preces.lv\/\",\"name\":\"Sporta-preces\",\"description\":\"Kvalitat\u012bvas sporta preces par lab\u0101kaj\u0101m cen\u0101m.\",\"potentialAction\":[{\"@type\":\"SearchAction\",\"target\":{\"@type\":\"EntryPoint\",\"urlTemplate\":\"https:\/\/sporta-preces.lv\/?s={search_term_string}\"},\"query-input\":{\"@type\":\"PropertyValueSpecification\",\"valueRequired\":true,\"valueName\":\"search_term_string\"}}],\"inLanguage\":\"ru-RU\"}]}<\/script>\n<!-- \/ Yoast SEO Premium plugin. -->","yoast_head_json":{"title":"\u041f\u0435\u0440\u0435\u0434\u043d\u044f\u044f \u0444\u0430\u0440\u0430 CT600 7200lum, L288 - Sporta-preces","robots":{"index":"index","follow":"follow","max-snippet":"max-snippet:-1","max-image-preview":"max-image-preview:large","max-video-preview":"max-video-preview:-1"},"canonical":"https:\/\/sporta-preces.lv\/products\/lampa-prieksa-ct600-7200lum-l288\/","og_locale":"ru_RU","og_type":"article","og_title":"\u041f\u0435\u0440\u0435\u0434\u043d\u044f\u044f \u0444\u0430\u0440\u0430 CT600 7200lum, L288","og_description":"JET CT600 \u2014 \u044d\u0442\u043e \u0432\u044b\u0441\u043e\u043a\u043e\u043a\u0430\u0447\u0435\u0441\u0442\u0432\u0435\u043d\u043d\u044b\u0439 \u043d\u0430\u043b\u043e\u0431\u043d\u044b\u0439 \u0444\u043e\u043d\u0430\u0440\u044c, \u043a\u043e\u0442\u043e\u0440\u044b\u0439 \u0442\u0430\u043a\u0436\u0435 \u043c\u043e\u0436\u043d\u043e \u0438\u0441\u043f\u043e\u043b\u044c\u0437\u043e\u0432\u0430\u0442\u044c \u0432 \u043a\u0430\u0447\u0435\u0441\u0442\u0432\u0435 \u043d\u0430\u043b\u043e\u0431\u043d\u043e\u0433\u043e \u0444\u043e\u043d\u0430\u0440\u044f. \u041f\u0440\u0435\u0434\u043d\u0430\u0437\u043d\u0430\u0447\u0435\u043d \u0434\u043b\u044f \u043d\u043e\u0447\u043d\u044b\u0445 \u0432\u0435\u043b\u043e\u0433\u043e\u043d\u043e\u043a, \u043f\u0435\u0448\u0438\u0445 \u043f\u0440\u043e\u0433\u0443\u043b\u043e\u043a, \u043f\u0440\u043e\u0438\u0437\u0432\u043e\u0434\u0441\u0442\u0432\u0435\u043d\u043d\u044b\u0445 \u0440\u0430\u0431\u043e\u0442. \u041e\u0441\u043d\u0430\u0449\u0435\u043d \u0448\u0435\u0441\u0442\u044c\u044e \u043c\u043e\u0449\u043d\u044b\u043c\u0438 \u0441\u0432\u0435\u0442\u043e\u0434\u0438\u043e\u0434\u0430\u043c\u0438. \u041e\u043d \u043e\u0431\u0435\u0441\u043f\u0435\u0447\u0438\u0432\u0430\u0435\u0442 \u043e\u0447\u0435\u043d\u044c \u0441\u0438\u043b\u044c\u043d\u044b\u0439 \u043b\u0443\u0447 \u0441\u0432\u0435\u0442\u0430 \u043d\u0430 \u0431\u043e\u043b\u044c\u0448\u0438\u0435 \u0440\u0430\u0441\u0441\u0442\u043e\u044f\u043d\u0438\u044f. \u0410\u043a\u043a\u0443\u043c\u0443\u043b\u044f\u0442\u043e\u0440 \u043d\u0435 \u0432\u0441\u0442\u0440\u043e\u0435\u043d \u0432 &hellip; Readmore","og_url":"https:\/\/sporta-preces.lv\/products\/lampa-prieksa-ct600-7200lum-l288\/","og_site_name":"Sporta-preces","article_modified_time":"2023-03-21T17:53:24+00:00","og_image":[{"width":600,"height":627,"url":"https:\/\/sporta-preces.lv\/wp-content\/uploads\/2023\/03\/l288_4.jpg","type":"image\/jpeg"}],"twitter_card":"summary_large_image","schema":{"@context":"https:\/\/schema.org","@graph":[{"@type":"WebPage","@id":"https:\/\/sporta-preces.lv\/products\/lampa-prieksa-ct600-7200lum-l288\/","url":"https:\/\/sporta-preces.lv\/products\/lampa-prieksa-ct600-7200lum-l288\/","name":"\u041f\u0435\u0440\u0435\u0434\u043d\u044f\u044f \u0444\u0430\u0440\u0430 CT600 7200lum, L288 - Sporta-preces","isPartOf":{"@id":"https:\/\/sporta-preces.lv\/#website"},"primaryImageOfPage":{"@id":"https:\/\/sporta-preces.lv\/products\/lampa-prieksa-ct600-7200lum-l288\/#primaryimage"},"image":{"@id":"https:\/\/sporta-preces.lv\/products\/lampa-prieksa-ct600-7200lum-l288\/#primaryimage"},"thumbnailUrl":"https:\/\/sporta-preces.lv\/wp-content\/uploads\/2023\/03\/l288_4.jpg","datePublished":"2023-03-21T17:34:27+00:00","dateModified":"2023-03-21T17:53:24+00:00","breadcrumb":{"@id":"https:\/\/sporta-preces.lv\/products\/lampa-prieksa-ct600-7200lum-l288\/#breadcrumb"},"inLanguage":"ru-RU","potentialAction":[{"@type":"ReadAction","target":["https:\/\/sporta-preces.lv\/products\/lampa-prieksa-ct600-7200lum-l288\/"]}]},{"@type":"ImageObject","inLanguage":"ru-RU","@id":"https:\/\/sporta-preces.lv\/products\/lampa-prieksa-ct600-7200lum-l288\/#primaryimage","url":"https:\/\/sporta-preces.lv\/wp-content\/uploads\/2023\/03\/l288_4.jpg","contentUrl":"https:\/\/sporta-preces.lv\/wp-content\/uploads\/2023\/03\/l288_4.jpg","width":600,"height":627},{"@type":"BreadcrumbList","@id":"https:\/\/sporta-preces.lv\/products\/lampa-prieksa-ct600-7200lum-l288\/#breadcrumb","itemListElement":[{"@type":"ListItem","position":1,"name":"Home","item":"https:\/\/sporta-preces.lv\/ru\/"},{"@type":"ListItem","position":2,"name":"\u041a\u0430\u0442\u0430\u043b\u043e\u0433","item":"https:\/\/sporta-preces.lv\/ru\/katalog\/"},{"@type":"ListItem","position":3,"name":"\u041f\u0435\u0440\u0435\u0434\u043d\u044f\u044f \u0444\u0430\u0440\u0430 CT600 7200lum, L288"}]},{"@type":"WebSite","@id":"https:\/\/sporta-preces.lv\/#website","url":"https:\/\/sporta-preces.lv\/","name":"Sporta-preces","description":"Kvalitat\u012bvas sporta preces par lab\u0101kaj\u0101m cen\u0101m.","potentialAction":[{"@type":"SearchAction","target":{"@type":"EntryPoint","urlTemplate":"https:\/\/sporta-preces.lv\/?s={search_term_string}"},"query-input":{"@type":"PropertyValueSpecification","valueRequired":true,"valueName":"search_term_string"}}],"inLanguage":"ru-RU"}]}},"_links":{"self":[{"href":"https:\/\/sporta-preces.lv\/ru\/wp-json\/wp\/v2\/product\/9346","targetHints":{"allow":["GET"]}}],"collection":[{"href":"https:\/\/sporta-preces.lv\/ru\/wp-json\/wp\/v2\/product"}],"about":[{"href":"https:\/\/sporta-preces.lv\/ru\/wp-json\/wp\/v2\/types\/product"}],"wp:featuredmedia":[{"embeddable":true,"href":"https:\/\/sporta-preces.lv\/ru\/wp-json\/wp\/v2\/media\/9354"}],"wp:attachment":[{"href":"https:\/\/sporta-preces.lv\/ru\/wp-json\/wp\/v2\/media?parent=9346"}],"wp:term":[{"taxonomy":"product_cat","embeddable":true,"href":"https:\/\/sporta-preces.lv\/ru\/wp-json\/wp\/v2\/product_cat?post=9346"},{"taxonomy":"product_tag","embeddable":true,"href":"https:\/\/sporta-preces.lv\/ru\/wp-json\/wp\/v2\/product_tag?post=9346"}],"curies":[{"name":"wp","href":"https:\/\/api.w.org\/{rel}","templated":true}]}}