{"id":8932,"date":"2022-04-24T12:33:07","date_gmt":"2022-04-24T10:33:08","guid":{"rendered":"https:\/\/sporta-preces.lv\/?post_type=product&#038;p=8932"},"modified":"2024-03-10T22:16:42","modified_gmt":"2024-03-10T20:16:42","slug":"novus-sport-kij-1-1-m-beryoza","status":"publish","type":"product","link":"https:\/\/sporta-preces.lv\/ru\/product\/novus-sport-kij-1-1-m-beryoza\/","title":{"rendered":"\u041d\u043e\u0432\u0443\u0441 \u0441\u043f\u043e\u0440\u0442 \u041a\u0438\u0439 1,1 \u043c., \u0431\u0435\u0440\u0451\u0437\u0430"},"content":{"rendered":"<p>\u0426\u0432\u0435\u0442 \u043d\u0430\u0442\u0443\u0440\u0430\u043b\u044c\u043d\u043e\u0433\u043e \u0434\u0435\u0440\u0435\u0432\u0430 + \u043a\u043e\u0440\u0438\u0447\u043d\u0435\u0432\u044b\u0439 \u0446\u0432\u0435\u0442, \u043b\u0430\u043a\u0438\u0440\u043e\u0432\u0430\u043d\u043d\u044b\u0439, \u0434\u043b\u0438\u043d\u0430 1,1\u043c.<br \/>\n<img fetchpriority=\"high\" decoding=\"async\" src=\"https:\/\/sporta-preces.lv\/wp-content\/uploads\/2022\/04\/IMG_20240308_1512067-200x300.jpg\" alt=\"\" width=\"200\" height=\"300\" class=\"alignnone size-medium wp-image-10002\" srcset=\"https:\/\/sporta-preces.lv\/wp-content\/uploads\/2022\/04\/IMG_20240308_1512067-200x300.jpg 200w, https:\/\/sporta-preces.lv\/wp-content\/uploads\/2022\/04\/IMG_20240308_1512067-1365x2048.jpg 1365w, https:\/\/sporta-preces.lv\/wp-content\/uploads\/2022\/04\/IMG_20240308_1512067-768x1152.jpg 768w, https:\/\/sporta-preces.lv\/wp-content\/uploads\/2022\/04\/IMG_20240308_1512067-683x1024.jpg 683w, https:\/\/sporta-preces.lv\/wp-content\/uploads\/2022\/04\/IMG_20240308_1512067-1024x1536.jpg 1024w, https:\/\/sporta-preces.lv\/wp-content\/uploads\/2022\/04\/IMG_20240308_1512067-600x900.jpg 600w, https:\/\/sporta-preces.lv\/wp-content\/uploads\/2022\/04\/IMG_20240308_1512067-scaled.jpg 1707w\" sizes=\"(max-width: 200px) 100vw, 200px\" \/><br \/>\n<img decoding=\"async\" src=\"https:\/\/sporta-preces.lv\/wp-content\/uploads\/2022\/04\/DSC_0026-300x199.jpg\" alt=\"\" width=\"300\" height=\"199\" class=\"alignnone size-medium wp-image-8893\" srcset=\"https:\/\/sporta-preces.lv\/wp-content\/uploads\/2022\/04\/DSC_0026-300x199.jpg 300w, https:\/\/sporta-preces.lv\/wp-content\/uploads\/2022\/04\/DSC_0026-1024x681.jpg 1024w, https:\/\/sporta-preces.lv\/wp-content\/uploads\/2022\/04\/DSC_0026-768x511.jpg 768w, https:\/\/sporta-preces.lv\/wp-content\/uploads\/2022\/04\/DSC_0026-1536x1021.jpg 1536w, https:\/\/sporta-preces.lv\/wp-content\/uploads\/2022\/04\/DSC_0026-2048x1362.jpg 2048w, https:\/\/sporta-preces.lv\/wp-content\/uploads\/2022\/04\/DSC_0026-600x399.jpg 600w\" sizes=\"(max-width: 300px) 100vw, 300px\" \/><br \/>\n<img decoding=\"async\" src=\"https:\/\/sporta-preces.lv\/wp-content\/uploads\/2022\/04\/DSC_0029-199x300.jpg\" alt=\"\" width=\"199\" height=\"300\" class=\"alignnone size-medium wp-image-8895\" srcset=\"https:\/\/sporta-preces.lv\/wp-content\/uploads\/2022\/04\/DSC_0029-199x300.jpg 199w, https:\/\/sporta-preces.lv\/wp-content\/uploads\/2022\/04\/DSC_0029-681x1024.jpg 681w, https:\/\/sporta-preces.lv\/wp-content\/uploads\/2022\/04\/DSC_0029-768x1155.jpg 768w, https:\/\/sporta-preces.lv\/wp-content\/uploads\/2022\/04\/DSC_0029-1021x1536.jpg 1021w, https:\/\/sporta-preces.lv\/wp-content\/uploads\/2022\/04\/DSC_0029-1362x2048.jpg 1362w, https:\/\/sporta-preces.lv\/wp-content\/uploads\/2022\/04\/DSC_0029-600x902.jpg 600w, https:\/\/sporta-preces.lv\/wp-content\/uploads\/2022\/04\/DSC_0029-scaled.jpg 1702w\" sizes=\"(max-width: 199px) 100vw, 199px\" \/><\/p>\n","protected":false},"excerpt":{"rendered":"<p>\u0426\u0432\u0435\u0442 \u043d\u0430\u0442\u0443\u0440\u0430\u043b\u044c\u043d\u043e\u0433\u043e \u0434\u0435\u0440\u0435\u0432\u0430 + \u043a\u043e\u0440\u0438\u0447\u043d\u0435\u0432\u044b\u0439 \u0446\u0432\u0435\u0442, \u043b\u0430\u043a\u0438\u0440\u043e\u0432\u0430\u043d\u043d\u044b\u0439, \u0434\u043b\u0438\u043d\u0430 1,1\u043c.<\/p>\n","protected":false},"featured_media":10002,"template":"","meta":[],"product_cat":[170],"product_tag":[],"class_list":{"0":"post-8932","1":"product","2":"type-product","3":"status-publish","4":"has-post-thumbnail","6":"product_cat-kij-novusa","7":"product_shipping_class-novusa-kijas-ru","9":"first","10":"instock","11":"purchasable","12":"product-type-simple"},"yoast_head":"<!-- This site is optimized with the Yoast SEO Premium plugin v27.1 (Yoast SEO v27.2) - https:\/\/yoast.com\/product\/yoast-seo-premium-wordpress\/ -->\n<title>\u041d\u043e\u0432\u0443\u0441 \u0441\u043f\u043e\u0440\u0442 \u041a\u0438\u0439 1,1 \u043c., \u0431\u0435\u0440\u0451\u0437\u0430 - Sporta-preces<\/title>\n<meta name=\"description\" content=\"14.00EUR \u041d\u043e\u0432\u0443\u0441 \u0441\u043f\u043e\u0440\u0442 \u041a\u0438\u0439 1,1 \u043c., \u0431\u0435\u0440\u0451\u0437\u0430\" \/>\n<meta name=\"robots\" content=\"index, follow, max-snippet:-1, max-image-preview:large, max-video-preview:-1\" \/>\n<link rel=\"canonical\" href=\"https:\/\/sporta-preces.lv\/ru\/product\/novus-sport-kij-1-1-m-beryoza\/\" \/>\n<meta property=\"og:locale\" content=\"ru_RU\" \/>\n<meta property=\"og:type\" content=\"article\" \/>\n<meta property=\"og:title\" content=\"\u041d\u043e\u0432\u0443\u0441 \u0441\u043f\u043e\u0440\u0442 \u041a\u0438\u0439 1,1 \u043c., \u0431\u0435\u0440\u0451\u0437\u0430\" \/>\n<meta property=\"og:description\" content=\"14.00EUR \u041d\u043e\u0432\u0443\u0441 \u0441\u043f\u043e\u0440\u0442 \u041a\u0438\u0439 1,1 \u043c., \u0431\u0435\u0440\u0451\u0437\u0430\" \/>\n<meta property=\"og:url\" content=\"https:\/\/sporta-preces.lv\/ru\/product\/novus-sport-kij-1-1-m-beryoza\/\" \/>\n<meta property=\"og:site_name\" content=\"Sporta-preces\" \/>\n<meta property=\"article:modified_time\" content=\"2024-03-10T20:16:42+00:00\" \/>\n<meta property=\"og:image\" content=\"https:\/\/sporta-preces.lv\/wp-content\/uploads\/2022\/04\/IMG_20240308_1512067-scaled.jpg\" \/>\n\t<meta property=\"og:image:width\" content=\"1707\" \/>\n\t<meta property=\"og:image:height\" content=\"2560\" \/>\n\t<meta property=\"og:image:type\" content=\"image\/jpeg\" \/>\n<meta name=\"twitter:card\" content=\"summary_large_image\" \/>\n<script type=\"application\/ld+json\" class=\"yoast-schema-graph\">{\"@context\":\"https:\/\/schema.org\",\"@graph\":[{\"@type\":\"WebPage\",\"@id\":\"https:\/\/sporta-preces.lv\/ru\/product\/novus-sport-kij-1-1-m-beryoza\/\",\"url\":\"https:\/\/sporta-preces.lv\/ru\/product\/novus-sport-kij-1-1-m-beryoza\/\",\"name\":\"\u041d\u043e\u0432\u0443\u0441 \u0441\u043f\u043e\u0440\u0442 \u041a\u0438\u0439 1,1 \u043c., \u0431\u0435\u0440\u0451\u0437\u0430 - Sporta-preces\",\"isPartOf\":{\"@id\":\"https:\/\/sporta-preces.lv\/#website\"},\"primaryImageOfPage\":{\"@id\":\"https:\/\/sporta-preces.lv\/ru\/product\/novus-sport-kij-1-1-m-beryoza\/#primaryimage\"},\"image\":{\"@id\":\"https:\/\/sporta-preces.lv\/ru\/product\/novus-sport-kij-1-1-m-beryoza\/#primaryimage\"},\"thumbnailUrl\":\"https:\/\/sporta-preces.lv\/wp-content\/uploads\/2022\/04\/IMG_20240308_1512067-scaled.jpg\",\"datePublished\":\"2022-04-24T10:33:08+00:00\",\"dateModified\":\"2024-03-10T20:16:42+00:00\",\"description\":\"14.00EUR \u041d\u043e\u0432\u0443\u0441 \u0441\u043f\u043e\u0440\u0442 \u041a\u0438\u0439 1,1 \u043c., \u0431\u0435\u0440\u0451\u0437\u0430\",\"breadcrumb\":{\"@id\":\"https:\/\/sporta-preces.lv\/ru\/product\/novus-sport-kij-1-1-m-beryoza\/#breadcrumb\"},\"inLanguage\":\"ru-RU\",\"potentialAction\":[{\"@type\":\"ReadAction\",\"target\":[\"https:\/\/sporta-preces.lv\/ru\/product\/novus-sport-kij-1-1-m-beryoza\/\"]}]},{\"@type\":\"ImageObject\",\"inLanguage\":\"ru-RU\",\"@id\":\"https:\/\/sporta-preces.lv\/ru\/product\/novus-sport-kij-1-1-m-beryoza\/#primaryimage\",\"url\":\"https:\/\/sporta-preces.lv\/wp-content\/uploads\/2022\/04\/IMG_20240308_1512067-scaled.jpg\",\"contentUrl\":\"https:\/\/sporta-preces.lv\/wp-content\/uploads\/2022\/04\/IMG_20240308_1512067-scaled.jpg\",\"width\":1707,\"height\":2560},{\"@type\":\"BreadcrumbList\",\"@id\":\"https:\/\/sporta-preces.lv\/ru\/product\/novus-sport-kij-1-1-m-beryoza\/#breadcrumb\",\"itemListElement\":[{\"@type\":\"ListItem\",\"position\":1,\"name\":\"Home\",\"item\":\"https:\/\/sporta-preces.lv\/ru\/\"},{\"@type\":\"ListItem\",\"position\":2,\"name\":\"\u041a\u0430\u0442\u0430\u043b\u043e\u0433\",\"item\":\"https:\/\/sporta-preces.lv\/ru\/katalog\/\"},{\"@type\":\"ListItem\",\"position\":3,\"name\":\"\u041d\u043e\u0432\u0443\u0441 \u0441\u043f\u043e\u0440\u0442 \u041a\u0438\u0439 1,1 \u043c., \u0431\u0435\u0440\u0451\u0437\u0430\"}]},{\"@type\":\"WebSite\",\"@id\":\"https:\/\/sporta-preces.lv\/#website\",\"url\":\"https:\/\/sporta-preces.lv\/\",\"name\":\"Sporta-preces\",\"description\":\"Kvalitat\u012bvas sporta preces par lab\u0101kaj\u0101m cen\u0101m.\",\"potentialAction\":[{\"@type\":\"SearchAction\",\"target\":{\"@type\":\"EntryPoint\",\"urlTemplate\":\"https:\/\/sporta-preces.lv\/?s={search_term_string}\"},\"query-input\":{\"@type\":\"PropertyValueSpecification\",\"valueRequired\":true,\"valueName\":\"search_term_string\"}}],\"inLanguage\":\"ru-RU\"}]}<\/script>\n<!-- \/ Yoast SEO Premium plugin. -->","yoast_head_json":{"title":"\u041d\u043e\u0432\u0443\u0441 \u0441\u043f\u043e\u0440\u0442 \u041a\u0438\u0439 1,1 \u043c., \u0431\u0435\u0440\u0451\u0437\u0430 - Sporta-preces","description":"14.00EUR \u041d\u043e\u0432\u0443\u0441 \u0441\u043f\u043e\u0440\u0442 \u041a\u0438\u0439 1,1 \u043c., \u0431\u0435\u0440\u0451\u0437\u0430","robots":{"index":"index","follow":"follow","max-snippet":"max-snippet:-1","max-image-preview":"max-image-preview:large","max-video-preview":"max-video-preview:-1"},"canonical":"https:\/\/sporta-preces.lv\/ru\/product\/novus-sport-kij-1-1-m-beryoza\/","og_locale":"ru_RU","og_type":"article","og_title":"\u041d\u043e\u0432\u0443\u0441 \u0441\u043f\u043e\u0440\u0442 \u041a\u0438\u0439 1,1 \u043c., \u0431\u0435\u0440\u0451\u0437\u0430","og_description":"14.00EUR \u041d\u043e\u0432\u0443\u0441 \u0441\u043f\u043e\u0440\u0442 \u041a\u0438\u0439 1,1 \u043c., \u0431\u0435\u0440\u0451\u0437\u0430","og_url":"https:\/\/sporta-preces.lv\/ru\/product\/novus-sport-kij-1-1-m-beryoza\/","og_site_name":"Sporta-preces","article_modified_time":"2024-03-10T20:16:42+00:00","og_image":[{"width":1707,"height":2560,"url":"https:\/\/sporta-preces.lv\/wp-content\/uploads\/2022\/04\/IMG_20240308_1512067-scaled.jpg","type":"image\/jpeg"}],"twitter_card":"summary_large_image","schema":{"@context":"https:\/\/schema.org","@graph":[{"@type":"WebPage","@id":"https:\/\/sporta-preces.lv\/ru\/product\/novus-sport-kij-1-1-m-beryoza\/","url":"https:\/\/sporta-preces.lv\/ru\/product\/novus-sport-kij-1-1-m-beryoza\/","name":"\u041d\u043e\u0432\u0443\u0441 \u0441\u043f\u043e\u0440\u0442 \u041a\u0438\u0439 1,1 \u043c., \u0431\u0435\u0440\u0451\u0437\u0430 - Sporta-preces","isPartOf":{"@id":"https:\/\/sporta-preces.lv\/#website"},"primaryImageOfPage":{"@id":"https:\/\/sporta-preces.lv\/ru\/product\/novus-sport-kij-1-1-m-beryoza\/#primaryimage"},"image":{"@id":"https:\/\/sporta-preces.lv\/ru\/product\/novus-sport-kij-1-1-m-beryoza\/#primaryimage"},"thumbnailUrl":"https:\/\/sporta-preces.lv\/wp-content\/uploads\/2022\/04\/IMG_20240308_1512067-scaled.jpg","datePublished":"2022-04-24T10:33:08+00:00","dateModified":"2024-03-10T20:16:42+00:00","description":"14.00EUR \u041d\u043e\u0432\u0443\u0441 \u0441\u043f\u043e\u0440\u0442 \u041a\u0438\u0439 1,1 \u043c., \u0431\u0435\u0440\u0451\u0437\u0430","breadcrumb":{"@id":"https:\/\/sporta-preces.lv\/ru\/product\/novus-sport-kij-1-1-m-beryoza\/#breadcrumb"},"inLanguage":"ru-RU","potentialAction":[{"@type":"ReadAction","target":["https:\/\/sporta-preces.lv\/ru\/product\/novus-sport-kij-1-1-m-beryoza\/"]}]},{"@type":"ImageObject","inLanguage":"ru-RU","@id":"https:\/\/sporta-preces.lv\/ru\/product\/novus-sport-kij-1-1-m-beryoza\/#primaryimage","url":"https:\/\/sporta-preces.lv\/wp-content\/uploads\/2022\/04\/IMG_20240308_1512067-scaled.jpg","contentUrl":"https:\/\/sporta-preces.lv\/wp-content\/uploads\/2022\/04\/IMG_20240308_1512067-scaled.jpg","width":1707,"height":2560},{"@type":"BreadcrumbList","@id":"https:\/\/sporta-preces.lv\/ru\/product\/novus-sport-kij-1-1-m-beryoza\/#breadcrumb","itemListElement":[{"@type":"ListItem","position":1,"name":"Home","item":"https:\/\/sporta-preces.lv\/ru\/"},{"@type":"ListItem","position":2,"name":"\u041a\u0430\u0442\u0430\u043b\u043e\u0433","item":"https:\/\/sporta-preces.lv\/ru\/katalog\/"},{"@type":"ListItem","position":3,"name":"\u041d\u043e\u0432\u0443\u0441 \u0441\u043f\u043e\u0440\u0442 \u041a\u0438\u0439 1,1 \u043c., \u0431\u0435\u0440\u0451\u0437\u0430"}]},{"@type":"WebSite","@id":"https:\/\/sporta-preces.lv\/#website","url":"https:\/\/sporta-preces.lv\/","name":"Sporta-preces","description":"Kvalitat\u012bvas sporta preces par lab\u0101kaj\u0101m cen\u0101m.","potentialAction":[{"@type":"SearchAction","target":{"@type":"EntryPoint","urlTemplate":"https:\/\/sporta-preces.lv\/?s={search_term_string}"},"query-input":{"@type":"PropertyValueSpecification","valueRequired":true,"valueName":"search_term_string"}}],"inLanguage":"ru-RU"}]}},"_links":{"self":[{"href":"https:\/\/sporta-preces.lv\/ru\/wp-json\/wp\/v2\/product\/8932","targetHints":{"allow":["GET"]}}],"collection":[{"href":"https:\/\/sporta-preces.lv\/ru\/wp-json\/wp\/v2\/product"}],"about":[{"href":"https:\/\/sporta-preces.lv\/ru\/wp-json\/wp\/v2\/types\/product"}],"wp:featuredmedia":[{"embeddable":true,"href":"https:\/\/sporta-preces.lv\/ru\/wp-json\/wp\/v2\/media\/10002"}],"wp:attachment":[{"href":"https:\/\/sporta-preces.lv\/ru\/wp-json\/wp\/v2\/media?parent=8932"}],"wp:term":[{"taxonomy":"product_cat","embeddable":true,"href":"https:\/\/sporta-preces.lv\/ru\/wp-json\/wp\/v2\/product_cat?post=8932"},{"taxonomy":"product_tag","embeddable":true,"href":"https:\/\/sporta-preces.lv\/ru\/wp-json\/wp\/v2\/product_tag?post=8932"}],"curies":[{"name":"wp","href":"https:\/\/api.w.org\/{rel}","templated":true}]}}