{"id":8831,"date":"2022-04-21T11:44:15","date_gmt":"2022-04-21T09:44:15","guid":{"rendered":"https:\/\/sporta-preces.lv\/?post_type=product&#038;p=8831"},"modified":"2026-02-16T19:02:51","modified_gmt":"2026-02-16T17:02:51","slug":"novuss-classic","status":"publish","type":"product","link":"https:\/\/sporta-preces.lv\/ru\/product\/novuss-classic\/","title":{"rendered":"\u043d\u043e\u0432\u0443\u0441 Classic \u043d\u0430\u0431\u043e\u0440"},"content":{"rendered":"<p>\u043d\u043e\u0432\u0443\u0441 \u0438\u0433\u0440\u0430 \u041a\u043b\u0430\u0441\u0441\u0438\u0447\u0435\u0441\u043a\u0438\u0439, \u0442\u043e\u043b\u0441\u0442\u0430\u044f \u0438 \u043f\u0440\u043e\u0447\u043d\u0430\u044f \u043a\u043e\u043d\u0441\u0442\u0440\u0443\u043a\u0446\u0438\u044f, \u0432\u044b\u0441\u043e\u043a\u043e\u043a\u0430\u0447\u0435\u0441\u0442\u0432\u0435\u043d\u043d\u044b\u0439 \u043b\u0430\u043a.<br \/>\n\u0420\u0430\u0437\u043c\u0435\u0440 \u0441\u0442\u043e\u043b\u0430 Novus: \u0432\u043d\u0435\u0448\u043d\u0438\u0439 &#8212; 108\u0441\u043c \u0445 108\u0441\u043c; \u0438\u0433\u0440\u043e\u0432\u0430\u044f \u043f\u043b\u043e\u0449\u0430\u0434\u043a\u0430 &#8212; 100\u0441\u043c \u0445 100\u0441\u043c<br \/>\n\u0418\u0433\u0440\u043e\u0432\u043e\u0435 \u043f\u043e\u043b\u0435: \u0428\u043f\u043e\u043d 9-12 \u043c\u043c, \u0447\u0435\u0442\u044b\u0440\u0435\u0445\u043a\u0440\u0430\u0442\u043d\u043e \u043b\u0430\u043a\u0438\u0440\u043e\u0432\u0430\u043d\u043d\u044b\u0439, \u043e\u0442\u0448\u043b\u0438\u0444\u043e\u0432\u0430\u043d\u043d\u044b\u0439.<br \/>\n\u0411\u043e\u043a\u043e\u0432\u0438\u043d\u044b: 60\u043c\u043c\u044540\u043c\u043c.<br \/>\n\u041f\u043e\u043b\u043d\u044b\u0439 \u043a\u043e\u043c\u043f\u043b\u0435\u043a\u0442:<br \/>\n&#8212; \u0418\u0433\u0440\u043e\u0432\u0430\u044f \u043f\u043e\u0432\u0435\u0440\u0445\u043d\u043e\u0441\u0442\u044c Novus Classic<br \/>\n&#8212; \u041d\u043e\u0433\u0438 \u041d\u043e\u0432\u0443\u0441\u0430<br \/>\n&#8212; \u041f\u0430\u043b\u043e\u0447\u043a\u0438 Novus \u0431\u0435\u0440\u0435\u0437\u043e\u0432\u044b\u0435 1\u043c, 2\u0448\u0442<br \/>\n&#8212; \u041d\u0430\u0431\u043e\u0440 \u043a\u0443\u0431\u0438\u043a\u043e\u0432 Novus Hobby (32+2)<br \/>\n&#8212; \u041f\u0440\u0430\u0432\u0438\u043b\u0430 \u041d\u043e\u0432\u0443\u0441\u0430<br \/>\n\u0421\u0442\u043e\u043b Novus Classic \u0446\u0435\u043d\u0430 180 \u0435\u0432\u0440\u043e<br \/>\n\u0421\u0434\u0435\u043b\u0430\u043d\u043e \u0432 \u041b\u0430\u0442\u0432\u0438\u0438<br \/>\n<img fetchpriority=\"high\" decoding=\"async\" class=\"alignnone size-medium wp-image-8823\" src=\"https:\/\/sporta-preces.lv\/wp-content\/uploads\/2022\/04\/DSC_0047-300x199.jpg\" alt=\"\" width=\"300\" height=\"199\" srcset=\"https:\/\/sporta-preces.lv\/wp-content\/uploads\/2022\/04\/DSC_0047-300x199.jpg 300w, https:\/\/sporta-preces.lv\/wp-content\/uploads\/2022\/04\/DSC_0047-768x511.jpg 768w, https:\/\/sporta-preces.lv\/wp-content\/uploads\/2022\/04\/DSC_0047-1024x681.jpg 1024w, https:\/\/sporta-preces.lv\/wp-content\/uploads\/2022\/04\/DSC_0047-1536x1021.jpg 1536w, https:\/\/sporta-preces.lv\/wp-content\/uploads\/2022\/04\/DSC_0047-2048x1362.jpg 2048w, https:\/\/sporta-preces.lv\/wp-content\/uploads\/2022\/04\/DSC_0047-600x399.jpg 600w\" sizes=\"(max-width: 300px) 100vw, 300px\" \/><\/p>\n<p><img decoding=\"async\" class=\"alignnone size-medium wp-image-8833\" src=\"https:\/\/sporta-preces.lv\/wp-content\/uploads\/2022\/04\/DSC_0045-1-199x300.jpg\" alt=\"\" width=\"199\" height=\"300\" srcset=\"https:\/\/sporta-preces.lv\/wp-content\/uploads\/2022\/04\/DSC_0045-1-199x300.jpg 199w, https:\/\/sporta-preces.lv\/wp-content\/uploads\/2022\/04\/DSC_0045-1-681x1024.jpg 681w, https:\/\/sporta-preces.lv\/wp-content\/uploads\/2022\/04\/DSC_0045-1-768x1155.jpg 768w, https:\/\/sporta-preces.lv\/wp-content\/uploads\/2022\/04\/DSC_0045-1-1021x1536.jpg 1021w, https:\/\/sporta-preces.lv\/wp-content\/uploads\/2022\/04\/DSC_0045-1-1362x2048.jpg 1362w, https:\/\/sporta-preces.lv\/wp-content\/uploads\/2022\/04\/DSC_0045-1-600x902.jpg 600w, https:\/\/sporta-preces.lv\/wp-content\/uploads\/2022\/04\/DSC_0045-1-scaled.jpg 1702w\" sizes=\"(max-width: 199px) 100vw, 199px\" \/><\/p>\n<p><img decoding=\"async\" class=\"alignnone size-medium wp-image-8835\" src=\"https:\/\/sporta-preces.lv\/wp-content\/uploads\/2022\/04\/DSC_0047-1-300x199.jpg\" alt=\"\" width=\"300\" height=\"199\" srcset=\"https:\/\/sporta-preces.lv\/wp-content\/uploads\/2022\/04\/DSC_0047-1-300x199.jpg 300w, https:\/\/sporta-preces.lv\/wp-content\/uploads\/2022\/04\/DSC_0047-1-1024x681.jpg 1024w, https:\/\/sporta-preces.lv\/wp-content\/uploads\/2022\/04\/DSC_0047-1-768x511.jpg 768w, https:\/\/sporta-preces.lv\/wp-content\/uploads\/2022\/04\/DSC_0047-1-1536x1021.jpg 1536w, https:\/\/sporta-preces.lv\/wp-content\/uploads\/2022\/04\/DSC_0047-1-2048x1362.jpg 2048w, https:\/\/sporta-preces.lv\/wp-content\/uploads\/2022\/04\/DSC_0047-1-600x399.jpg 600w\" sizes=\"(max-width: 300px) 100vw, 300px\" \/><\/p>\n<p><img loading=\"lazy\" decoding=\"async\" class=\"alignnone size-medium wp-image-8837\" src=\"https:\/\/sporta-preces.lv\/wp-content\/uploads\/2022\/04\/DSC_0055-1-300x199.jpg\" alt=\"\" width=\"300\" height=\"199\" srcset=\"https:\/\/sporta-preces.lv\/wp-content\/uploads\/2022\/04\/DSC_0055-1-300x199.jpg 300w, https:\/\/sporta-preces.lv\/wp-content\/uploads\/2022\/04\/DSC_0055-1-1024x681.jpg 1024w, https:\/\/sporta-preces.lv\/wp-content\/uploads\/2022\/04\/DSC_0055-1-768x511.jpg 768w, https:\/\/sporta-preces.lv\/wp-content\/uploads\/2022\/04\/DSC_0055-1-1536x1021.jpg 1536w, https:\/\/sporta-preces.lv\/wp-content\/uploads\/2022\/04\/DSC_0055-1-2048x1362.jpg 2048w, https:\/\/sporta-preces.lv\/wp-content\/uploads\/2022\/04\/DSC_0055-1-600x399.jpg 600w\" sizes=\"(max-width: 300px) 100vw, 300px\" \/><\/p>\n<p><img loading=\"lazy\" decoding=\"async\" class=\"alignnone size-medium wp-image-8839\" src=\"https:\/\/sporta-preces.lv\/wp-content\/uploads\/2022\/04\/DSC_0057-300x199.jpg\" alt=\"\" width=\"300\" height=\"199\" srcset=\"https:\/\/sporta-preces.lv\/wp-content\/uploads\/2022\/04\/DSC_0057-300x199.jpg 300w, https:\/\/sporta-preces.lv\/wp-content\/uploads\/2022\/04\/DSC_0057-1024x681.jpg 1024w, https:\/\/sporta-preces.lv\/wp-content\/uploads\/2022\/04\/DSC_0057-768x511.jpg 768w, https:\/\/sporta-preces.lv\/wp-content\/uploads\/2022\/04\/DSC_0057-1536x1021.jpg 1536w, https:\/\/sporta-preces.lv\/wp-content\/uploads\/2022\/04\/DSC_0057-2048x1362.jpg 2048w, https:\/\/sporta-preces.lv\/wp-content\/uploads\/2022\/04\/DSC_0057-600x399.jpg 600w\" sizes=\"(max-width: 300px) 100vw, 300px\" \/><\/p>\n<p><img loading=\"lazy\" decoding=\"async\" class=\"alignnone size-medium wp-image-8841\" src=\"https:\/\/sporta-preces.lv\/wp-content\/uploads\/2022\/04\/DSC_0059-300x199.jpg\" alt=\"\" width=\"300\" height=\"199\" srcset=\"https:\/\/sporta-preces.lv\/wp-content\/uploads\/2022\/04\/DSC_0059-300x199.jpg 300w, https:\/\/sporta-preces.lv\/wp-content\/uploads\/2022\/04\/DSC_0059-1024x681.jpg 1024w, https:\/\/sporta-preces.lv\/wp-content\/uploads\/2022\/04\/DSC_0059-768x511.jpg 768w, https:\/\/sporta-preces.lv\/wp-content\/uploads\/2022\/04\/DSC_0059-1536x1021.jpg 1536w, https:\/\/sporta-preces.lv\/wp-content\/uploads\/2022\/04\/DSC_0059-2048x1362.jpg 2048w, https:\/\/sporta-preces.lv\/wp-content\/uploads\/2022\/04\/DSC_0059-600x399.jpg 600w\" sizes=\"(max-width: 300px) 100vw, 300px\" \/><\/p>\n<p><img loading=\"lazy\" decoding=\"async\" class=\"alignnone size-medium wp-image-8843\" src=\"https:\/\/sporta-preces.lv\/wp-content\/uploads\/2022\/04\/DSC_0061-300x199.jpg\" alt=\"\" width=\"300\" height=\"199\" srcset=\"https:\/\/sporta-preces.lv\/wp-content\/uploads\/2022\/04\/DSC_0061-300x199.jpg 300w, https:\/\/sporta-preces.lv\/wp-content\/uploads\/2022\/04\/DSC_0061-768x511.jpg 768w, https:\/\/sporta-preces.lv\/wp-content\/uploads\/2022\/04\/DSC_0061-1024x681.jpg 1024w, https:\/\/sporta-preces.lv\/wp-content\/uploads\/2022\/04\/DSC_0061-1536x1021.jpg 1536w, https:\/\/sporta-preces.lv\/wp-content\/uploads\/2022\/04\/DSC_0061-2048x1362.jpg 2048w, https:\/\/sporta-preces.lv\/wp-content\/uploads\/2022\/04\/DSC_0061-600x399.jpg 600w\" sizes=\"(max-width: 300px) 100vw, 300px\" \/><\/p>\n","protected":false},"excerpt":{"rendered":"<p>\u043d\u043e\u0432\u0443\u0441 \u0438\u0433\u0440\u0430 \u041a\u043b\u0430\u0441\u0441\u0438\u0447\u0435\u0441\u043a\u0438\u0439, \u0442\u043e\u043b\u0441\u0442\u0430\u044f \u0438 \u043f\u0440\u043e\u0447\u043d\u0430\u044f \u043a\u043e\u043d\u0441\u0442\u0440\u0443\u043a\u0446\u0438\u044f, \u0432\u044b\u0441\u043e\u043a\u043e\u043a\u0430\u0447\u0435\u0441\u0442\u0432\u0435\u043d\u043d\u044b\u0439 \u043b\u0430\u043a. \u0420\u0430\u0437\u043c\u0435\u0440 \u0441\u0442\u043e\u043b\u0430 Novus: \u0432\u043d\u0435\u0448\u043d\u0438\u0439 &#8212; 108\u0441\u043c \u0445 108\u0441\u043c; \u0438\u0433\u0440\u043e\u0432\u0430\u044f \u043f\u043b\u043e\u0449\u0430\u0434\u043a\u0430 &#8212; 100\u0441\u043c \u0445 100\u0441\u043c \u0418\u0433\u0440\u043e\u0432\u043e\u0435 \u043f\u043e\u043b\u0435: \u0428\u043f\u043e\u043d 9-12 \u043c\u043c, \u0447\u0435\u0442\u044b\u0440\u0435\u0445\u043a\u0440\u0430\u0442\u043d\u043e \u043b\u0430\u043a\u0438\u0440\u043e\u0432\u0430\u043d\u043d\u044b\u0439, \u043e\u0442\u0448\u043b\u0438\u0444\u043e\u0432\u0430\u043d\u043d\u044b\u0439. \u0411\u043e\u043a\u043e\u0432\u0438\u043d\u044b: 60\u043c\u043c\u044540\u043c\u043c. \u041f\u043e\u043b\u043d\u044b\u0439 \u043a\u043e\u043c\u043f\u043b\u0435\u043a\u0442: &#8212; \u0418\u0433\u0440\u043e\u0432\u0430\u044f \u043f\u043e\u0432\u0435\u0440\u0445\u043d\u043e\u0441\u0442\u044c Novus Classic &hellip; <a href=\"https:\/\/sporta-preces.lv\/ru\/product\/novuss-classic\/\">Readmore<\/a><\/p>\n","protected":false},"featured_media":8843,"template":"","meta":[],"product_cat":[164],"product_tag":[],"class_list":{"0":"post-8831","1":"product","2":"type-product","3":"status-publish","4":"has-post-thumbnail","6":"product_cat-novusa-galdi-komplekti","7":"product_shipping_class-novusa-galdi-ru","9":"first","10":"instock","11":"purchasable","12":"product-type-simple"},"yoast_head":"<!-- This site is optimized with the Yoast SEO Premium plugin v27.1 (Yoast SEO v27.2) - https:\/\/yoast.com\/product\/yoast-seo-premium-wordpress\/ -->\n<title>\u043d\u043e\u0432\u0443\u0441 Classic \u043d\u0430\u0431\u043e\u0440 - Sporta-preces<\/title>\n<meta name=\"description\" content=\"180 EUR, \u0411\u0435\u0441\u043f\u043b\u0430\u0442\u043d\u0430\u044f \u0434\u043e\u0441\u0442\u0430\u0432\u043a\u0430 \u043f\u043e \u0420\u0438\u0433\u0435, \u0412 \u043a\u043e\u043c\u043f\u043b\u0435\u043a\u0442\u0435 \u041f\u0435\u0448\u043a\u0438 \u041d\u043e\u0432\u0443\u0441\u0430, \u0434\u0432\u0435 \u041d\u043e\u0432\u0443\u0441 \u041a\u0438\u0439, \u043d\u043e\u0436\u043a\u0438, \u043f\u043e\u0432\u0435\u0440\u0445\u043d\u043e\u0441\u0442\u044c Classic, \u0412\u0435\u0441 21 \u043a\u0433, \u0442\u043e\u043b\u0449\u0438\u043d\u0430 \u043f\u043e\u0432\u0435\u0440\u0445\u043d\u043e\u0441\u0442\u0438 12 \u043c\u043c\" \/>\n<meta name=\"robots\" content=\"index, follow, max-snippet:-1, max-image-preview:large, max-video-preview:-1\" \/>\n<link rel=\"canonical\" href=\"https:\/\/sporta-preces.lv\/ru\/product\/novuss-classic\/\" \/>\n<meta property=\"og:locale\" content=\"ru_RU\" \/>\n<meta property=\"og:type\" content=\"article\" \/>\n<meta property=\"og:title\" content=\"\u043d\u043e\u0432\u0443\u0441 Classic \u043d\u0430\u0431\u043e\u0440\" \/>\n<meta property=\"og:description\" content=\"180 EUR, \u0411\u0435\u0441\u043f\u043b\u0430\u0442\u043d\u0430\u044f \u0434\u043e\u0441\u0442\u0430\u0432\u043a\u0430 \u043f\u043e \u0420\u0438\u0433\u0435, \u0412 \u043a\u043e\u043c\u043f\u043b\u0435\u043a\u0442\u0435 \u041f\u0435\u0448\u043a\u0438 \u041d\u043e\u0432\u0443\u0441\u0430, \u0434\u0432\u0435 \u041d\u043e\u0432\u0443\u0441 \u041a\u0438\u0439, \u043d\u043e\u0436\u043a\u0438, \u043f\u043e\u0432\u0435\u0440\u0445\u043d\u043e\u0441\u0442\u044c Classic, \u0412\u0435\u0441 21 \u043a\u0433, \u0442\u043e\u043b\u0449\u0438\u043d\u0430 \u043f\u043e\u0432\u0435\u0440\u0445\u043d\u043e\u0441\u0442\u0438 12 \u043c\u043c\" \/>\n<meta property=\"og:url\" content=\"https:\/\/sporta-preces.lv\/ru\/product\/novuss-classic\/\" \/>\n<meta property=\"og:site_name\" content=\"Sporta-preces\" \/>\n<meta property=\"article:modified_time\" content=\"2026-02-16T17:02:51+00:00\" \/>\n<meta property=\"og:image\" content=\"https:\/\/sporta-preces.lv\/wp-content\/uploads\/2022\/04\/DSC_0061-scaled.jpg\" \/>\n\t<meta property=\"og:image:width\" content=\"2560\" \/>\n\t<meta property=\"og:image:height\" content=\"1702\" \/>\n\t<meta property=\"og:image:type\" content=\"image\/jpeg\" \/>\n<meta name=\"twitter:card\" content=\"summary_large_image\" \/>\n<meta name=\"twitter:label1\" content=\"\u041f\u0440\u0438\u043c\u0435\u0440\u043d\u043e\u0435 \u0432\u0440\u0435\u043c\u044f \u0434\u043b\u044f \u0447\u0442\u0435\u043d\u0438\u044f\" \/>\n\t<meta name=\"twitter:data1\" content=\"2 \u043c\u0438\u043d\u0443\u0442\u044b\" \/>\n<script type=\"application\/ld+json\" class=\"yoast-schema-graph\">{\"@context\":\"https:\/\/schema.org\",\"@graph\":[{\"@type\":\"WebPage\",\"@id\":\"https:\/\/sporta-preces.lv\/ru\/product\/novuss-classic\/\",\"url\":\"https:\/\/sporta-preces.lv\/ru\/product\/novuss-classic\/\",\"name\":\"\u043d\u043e\u0432\u0443\u0441 Classic \u043d\u0430\u0431\u043e\u0440 - Sporta-preces\",\"isPartOf\":{\"@id\":\"https:\/\/sporta-preces.lv\/#website\"},\"primaryImageOfPage\":{\"@id\":\"https:\/\/sporta-preces.lv\/ru\/product\/novuss-classic\/#primaryimage\"},\"image\":{\"@id\":\"https:\/\/sporta-preces.lv\/ru\/product\/novuss-classic\/#primaryimage\"},\"thumbnailUrl\":\"https:\/\/sporta-preces.lv\/wp-content\/uploads\/2022\/04\/DSC_0061-scaled.jpg\",\"datePublished\":\"2022-04-21T09:44:15+00:00\",\"dateModified\":\"2026-02-16T17:02:51+00:00\",\"description\":\"180 EUR, \u0411\u0435\u0441\u043f\u043b\u0430\u0442\u043d\u0430\u044f \u0434\u043e\u0441\u0442\u0430\u0432\u043a\u0430 \u043f\u043e \u0420\u0438\u0433\u0435, \u0412 \u043a\u043e\u043c\u043f\u043b\u0435\u043a\u0442\u0435 \u041f\u0435\u0448\u043a\u0438 \u041d\u043e\u0432\u0443\u0441\u0430, \u0434\u0432\u0435 \u041d\u043e\u0432\u0443\u0441 \u041a\u0438\u0439, \u043d\u043e\u0436\u043a\u0438, \u043f\u043e\u0432\u0435\u0440\u0445\u043d\u043e\u0441\u0442\u044c Classic, \u0412\u0435\u0441 21 \u043a\u0433, \u0442\u043e\u043b\u0449\u0438\u043d\u0430 \u043f\u043e\u0432\u0435\u0440\u0445\u043d\u043e\u0441\u0442\u0438 12 \u043c\u043c\",\"breadcrumb\":{\"@id\":\"https:\/\/sporta-preces.lv\/ru\/product\/novuss-classic\/#breadcrumb\"},\"inLanguage\":\"ru-RU\",\"potentialAction\":[{\"@type\":\"ReadAction\",\"target\":[\"https:\/\/sporta-preces.lv\/ru\/product\/novuss-classic\/\"]}]},{\"@type\":\"ImageObject\",\"inLanguage\":\"ru-RU\",\"@id\":\"https:\/\/sporta-preces.lv\/ru\/product\/novuss-classic\/#primaryimage\",\"url\":\"https:\/\/sporta-preces.lv\/wp-content\/uploads\/2022\/04\/DSC_0061-scaled.jpg\",\"contentUrl\":\"https:\/\/sporta-preces.lv\/wp-content\/uploads\/2022\/04\/DSC_0061-scaled.jpg\",\"width\":2560,\"height\":1702},{\"@type\":\"BreadcrumbList\",\"@id\":\"https:\/\/sporta-preces.lv\/ru\/product\/novuss-classic\/#breadcrumb\",\"itemListElement\":[{\"@type\":\"ListItem\",\"position\":1,\"name\":\"Home\",\"item\":\"https:\/\/sporta-preces.lv\/ru\/\"},{\"@type\":\"ListItem\",\"position\":2,\"name\":\"\u041a\u0430\u0442\u0430\u043b\u043e\u0433\",\"item\":\"https:\/\/sporta-preces.lv\/ru\/katalog\/\"},{\"@type\":\"ListItem\",\"position\":3,\"name\":\"\u043d\u043e\u0432\u0443\u0441 Classic \u043d\u0430\u0431\u043e\u0440\"}]},{\"@type\":\"WebSite\",\"@id\":\"https:\/\/sporta-preces.lv\/#website\",\"url\":\"https:\/\/sporta-preces.lv\/\",\"name\":\"Sporta-preces\",\"description\":\"Kvalitat\u012bvas sporta preces par lab\u0101kaj\u0101m cen\u0101m.\",\"potentialAction\":[{\"@type\":\"SearchAction\",\"target\":{\"@type\":\"EntryPoint\",\"urlTemplate\":\"https:\/\/sporta-preces.lv\/?s={search_term_string}\"},\"query-input\":{\"@type\":\"PropertyValueSpecification\",\"valueRequired\":true,\"valueName\":\"search_term_string\"}}],\"inLanguage\":\"ru-RU\"}]}<\/script>\n<!-- \/ Yoast SEO Premium plugin. -->","yoast_head_json":{"title":"\u043d\u043e\u0432\u0443\u0441 Classic \u043d\u0430\u0431\u043e\u0440 - Sporta-preces","description":"180 EUR, \u0411\u0435\u0441\u043f\u043b\u0430\u0442\u043d\u0430\u044f \u0434\u043e\u0441\u0442\u0430\u0432\u043a\u0430 \u043f\u043e \u0420\u0438\u0433\u0435, \u0412 \u043a\u043e\u043c\u043f\u043b\u0435\u043a\u0442\u0435 \u041f\u0435\u0448\u043a\u0438 \u041d\u043e\u0432\u0443\u0441\u0430, \u0434\u0432\u0435 \u041d\u043e\u0432\u0443\u0441 \u041a\u0438\u0439, \u043d\u043e\u0436\u043a\u0438, \u043f\u043e\u0432\u0435\u0440\u0445\u043d\u043e\u0441\u0442\u044c Classic, \u0412\u0435\u0441 21 \u043a\u0433, \u0442\u043e\u043b\u0449\u0438\u043d\u0430 \u043f\u043e\u0432\u0435\u0440\u0445\u043d\u043e\u0441\u0442\u0438 12 \u043c\u043c","robots":{"index":"index","follow":"follow","max-snippet":"max-snippet:-1","max-image-preview":"max-image-preview:large","max-video-preview":"max-video-preview:-1"},"canonical":"https:\/\/sporta-preces.lv\/ru\/product\/novuss-classic\/","og_locale":"ru_RU","og_type":"article","og_title":"\u043d\u043e\u0432\u0443\u0441 Classic \u043d\u0430\u0431\u043e\u0440","og_description":"180 EUR, \u0411\u0435\u0441\u043f\u043b\u0430\u0442\u043d\u0430\u044f \u0434\u043e\u0441\u0442\u0430\u0432\u043a\u0430 \u043f\u043e \u0420\u0438\u0433\u0435, \u0412 \u043a\u043e\u043c\u043f\u043b\u0435\u043a\u0442\u0435 \u041f\u0435\u0448\u043a\u0438 \u041d\u043e\u0432\u0443\u0441\u0430, \u0434\u0432\u0435 \u041d\u043e\u0432\u0443\u0441 \u041a\u0438\u0439, \u043d\u043e\u0436\u043a\u0438, \u043f\u043e\u0432\u0435\u0440\u0445\u043d\u043e\u0441\u0442\u044c Classic, \u0412\u0435\u0441 21 \u043a\u0433, \u0442\u043e\u043b\u0449\u0438\u043d\u0430 \u043f\u043e\u0432\u0435\u0440\u0445\u043d\u043e\u0441\u0442\u0438 12 \u043c\u043c","og_url":"https:\/\/sporta-preces.lv\/ru\/product\/novuss-classic\/","og_site_name":"Sporta-preces","article_modified_time":"2026-02-16T17:02:51+00:00","og_image":[{"width":2560,"height":1702,"url":"https:\/\/sporta-preces.lv\/wp-content\/uploads\/2022\/04\/DSC_0061-scaled.jpg","type":"image\/jpeg"}],"twitter_card":"summary_large_image","twitter_misc":{"\u041f\u0440\u0438\u043c\u0435\u0440\u043d\u043e\u0435 \u0432\u0440\u0435\u043c\u044f \u0434\u043b\u044f \u0447\u0442\u0435\u043d\u0438\u044f":"2 \u043c\u0438\u043d\u0443\u0442\u044b"},"schema":{"@context":"https:\/\/schema.org","@graph":[{"@type":"WebPage","@id":"https:\/\/sporta-preces.lv\/ru\/product\/novuss-classic\/","url":"https:\/\/sporta-preces.lv\/ru\/product\/novuss-classic\/","name":"\u043d\u043e\u0432\u0443\u0441 Classic \u043d\u0430\u0431\u043e\u0440 - Sporta-preces","isPartOf":{"@id":"https:\/\/sporta-preces.lv\/#website"},"primaryImageOfPage":{"@id":"https:\/\/sporta-preces.lv\/ru\/product\/novuss-classic\/#primaryimage"},"image":{"@id":"https:\/\/sporta-preces.lv\/ru\/product\/novuss-classic\/#primaryimage"},"thumbnailUrl":"https:\/\/sporta-preces.lv\/wp-content\/uploads\/2022\/04\/DSC_0061-scaled.jpg","datePublished":"2022-04-21T09:44:15+00:00","dateModified":"2026-02-16T17:02:51+00:00","description":"180 EUR, \u0411\u0435\u0441\u043f\u043b\u0430\u0442\u043d\u0430\u044f \u0434\u043e\u0441\u0442\u0430\u0432\u043a\u0430 \u043f\u043e \u0420\u0438\u0433\u0435, \u0412 \u043a\u043e\u043c\u043f\u043b\u0435\u043a\u0442\u0435 \u041f\u0435\u0448\u043a\u0438 \u041d\u043e\u0432\u0443\u0441\u0430, \u0434\u0432\u0435 \u041d\u043e\u0432\u0443\u0441 \u041a\u0438\u0439, \u043d\u043e\u0436\u043a\u0438, \u043f\u043e\u0432\u0435\u0440\u0445\u043d\u043e\u0441\u0442\u044c Classic, \u0412\u0435\u0441 21 \u043a\u0433, \u0442\u043e\u043b\u0449\u0438\u043d\u0430 \u043f\u043e\u0432\u0435\u0440\u0445\u043d\u043e\u0441\u0442\u0438 12 \u043c\u043c","breadcrumb":{"@id":"https:\/\/sporta-preces.lv\/ru\/product\/novuss-classic\/#breadcrumb"},"inLanguage":"ru-RU","potentialAction":[{"@type":"ReadAction","target":["https:\/\/sporta-preces.lv\/ru\/product\/novuss-classic\/"]}]},{"@type":"ImageObject","inLanguage":"ru-RU","@id":"https:\/\/sporta-preces.lv\/ru\/product\/novuss-classic\/#primaryimage","url":"https:\/\/sporta-preces.lv\/wp-content\/uploads\/2022\/04\/DSC_0061-scaled.jpg","contentUrl":"https:\/\/sporta-preces.lv\/wp-content\/uploads\/2022\/04\/DSC_0061-scaled.jpg","width":2560,"height":1702},{"@type":"BreadcrumbList","@id":"https:\/\/sporta-preces.lv\/ru\/product\/novuss-classic\/#breadcrumb","itemListElement":[{"@type":"ListItem","position":1,"name":"Home","item":"https:\/\/sporta-preces.lv\/ru\/"},{"@type":"ListItem","position":2,"name":"\u041a\u0430\u0442\u0430\u043b\u043e\u0433","item":"https:\/\/sporta-preces.lv\/ru\/katalog\/"},{"@type":"ListItem","position":3,"name":"\u043d\u043e\u0432\u0443\u0441 Classic \u043d\u0430\u0431\u043e\u0440"}]},{"@type":"WebSite","@id":"https:\/\/sporta-preces.lv\/#website","url":"https:\/\/sporta-preces.lv\/","name":"Sporta-preces","description":"Kvalitat\u012bvas sporta preces par lab\u0101kaj\u0101m cen\u0101m.","potentialAction":[{"@type":"SearchAction","target":{"@type":"EntryPoint","urlTemplate":"https:\/\/sporta-preces.lv\/?s={search_term_string}"},"query-input":{"@type":"PropertyValueSpecification","valueRequired":true,"valueName":"search_term_string"}}],"inLanguage":"ru-RU"}]}},"_links":{"self":[{"href":"https:\/\/sporta-preces.lv\/ru\/wp-json\/wp\/v2\/product\/8831","targetHints":{"allow":["GET"]}}],"collection":[{"href":"https:\/\/sporta-preces.lv\/ru\/wp-json\/wp\/v2\/product"}],"about":[{"href":"https:\/\/sporta-preces.lv\/ru\/wp-json\/wp\/v2\/types\/product"}],"wp:featuredmedia":[{"embeddable":true,"href":"https:\/\/sporta-preces.lv\/ru\/wp-json\/wp\/v2\/media\/8843"}],"wp:attachment":[{"href":"https:\/\/sporta-preces.lv\/ru\/wp-json\/wp\/v2\/media?parent=8831"}],"wp:term":[{"taxonomy":"product_cat","embeddable":true,"href":"https:\/\/sporta-preces.lv\/ru\/wp-json\/wp\/v2\/product_cat?post=8831"},{"taxonomy":"product_tag","embeddable":true,"href":"https:\/\/sporta-preces.lv\/ru\/wp-json\/wp\/v2\/product_tag?post=8831"}],"curies":[{"name":"wp","href":"https:\/\/api.w.org\/{rel}","templated":true}]}}