{"id":8685,"date":"2022-03-17T22:06:48","date_gmt":"2022-03-17T20:06:48","guid":{"rendered":"https:\/\/sporta-preces.lv\/product\/klakson-jet-9-chernyj-a293\/"},"modified":"2022-04-15T13:43:46","modified_gmt":"2022-04-15T11:43:46","slug":"klakson-jet-9-chernyj-a293","status":"publish","type":"product","link":"https:\/\/sporta-preces.lv\/ru\/product\/klakson-jet-9-chernyj-a293\/","title":{"rendered":"\u041a\u043b\u0430\u043a\u0441\u043e\u043d Jet 9&#8243; \u0447\u0435\u0440\u043d\u044b\u0439, A293"},"content":{"rendered":"<p>\u0412\u0435\u043b\u043e \u043a\u043b\u0430\u043a\u0441\u043e\u043d Jet 9&#8243; \u0427\u0435\u0440\u043d\u044b\u0439, A293<\/p>\n<p class=\"img-left\"><img fetchpriority=\"high\" decoding=\"async\" class=\"alignnone size-medium wp-image-7574\" src=\"https:\/\/sporta-preces.lv\/wp-content\/uploads\/2022\/03\/A293-300x169.png\" alt=\"\" width=\"300\" height=\"169\" srcset=\"https:\/\/sporta-preces.lv\/wp-content\/uploads\/2022\/03\/A293-300x169.png 300w, https:\/\/sporta-preces.lv\/wp-content\/uploads\/2022\/03\/A293-768x432.png 768w, https:\/\/sporta-preces.lv\/wp-content\/uploads\/2022\/03\/A293-600x338.png 600w, https:\/\/sporta-preces.lv\/wp-content\/uploads\/2022\/03\/A293.png 800w\" sizes=\"(max-width: 300px) 100vw, 300px\" \/><\/p>\n","protected":false},"excerpt":{"rendered":"<p>\u0412\u0435\u043b\u043e \u043a\u043b\u0430\u043a\u0441\u043e\u043d Jet 9&#8243; \u0427\u0435\u0440\u043d\u044b\u0439, A293<\/p>\n","protected":false},"featured_media":7574,"template":"","meta":[],"product_cat":[104,140],"product_tag":[],"class_list":{"0":"post-8685","1":"product","2":"type-product","3":"status-publish","4":"has-post-thumbnail","6":"product_cat-zvanini","7":"product_cat-zvonki-dlja-velosipedov","8":"product_shipping_class-s-novusa-un-velo-acc","9":"product_shipping_class-s-novusa-un-velo-acc-ru","11":"first","12":"instock","13":"purchasable","14":"product-type-simple"},"yoast_head":"<!-- This site is optimized with the Yoast SEO Premium plugin v27.1 (Yoast SEO v27.2) - https:\/\/yoast.com\/product\/yoast-seo-premium-wordpress\/ -->\n<title>\u041a\u043b\u0430\u043a\u0441\u043e\u043d Jet 9&quot; \u0447\u0435\u0440\u043d\u044b\u0439, A293 - Sporta-preces<\/title>\n<meta name=\"robots\" content=\"index, follow, max-snippet:-1, max-image-preview:large, max-video-preview:-1\" \/>\n<link rel=\"canonical\" href=\"https:\/\/sporta-preces.lv\/ru\/product\/klakson-jet-9-chernyj-a293\/\" \/>\n<meta property=\"og:locale\" content=\"ru_RU\" \/>\n<meta property=\"og:type\" content=\"article\" \/>\n<meta property=\"og:title\" content=\"\u041a\u043b\u0430\u043a\u0441\u043e\u043d Jet 9&quot; \u0447\u0435\u0440\u043d\u044b\u0439, A293\" \/>\n<meta property=\"og:description\" content=\"\u0412\u0435\u043b\u043e \u043a\u043b\u0430\u043a\u0441\u043e\u043d Jet 9&#8243; \u0427\u0435\u0440\u043d\u044b\u0439, A293\" \/>\n<meta property=\"og:url\" content=\"https:\/\/sporta-preces.lv\/ru\/product\/klakson-jet-9-chernyj-a293\/\" \/>\n<meta property=\"og:site_name\" content=\"Sporta-preces\" \/>\n<meta property=\"article:modified_time\" content=\"2022-04-15T11:43:46+00:00\" \/>\n<meta property=\"og:image\" content=\"https:\/\/sporta-preces.lv\/wp-content\/uploads\/2022\/03\/A293.png\" \/>\n\t<meta property=\"og:image:width\" content=\"800\" \/>\n\t<meta property=\"og:image:height\" content=\"450\" \/>\n\t<meta property=\"og:image:type\" content=\"image\/png\" \/>\n<meta name=\"twitter:card\" content=\"summary_large_image\" \/>\n<script type=\"application\/ld+json\" class=\"yoast-schema-graph\">{\"@context\":\"https:\/\/schema.org\",\"@graph\":[{\"@type\":\"WebPage\",\"@id\":\"https:\/\/sporta-preces.lv\/ru\/product\/klakson-jet-9-chernyj-a293\/\",\"url\":\"https:\/\/sporta-preces.lv\/ru\/product\/klakson-jet-9-chernyj-a293\/\",\"name\":\"\u041a\u043b\u0430\u043a\u0441\u043e\u043d Jet 9\\\" \u0447\u0435\u0440\u043d\u044b\u0439, A293 - Sporta-preces\",\"isPartOf\":{\"@id\":\"https:\/\/sporta-preces.lv\/#website\"},\"primaryImageOfPage\":{\"@id\":\"https:\/\/sporta-preces.lv\/ru\/product\/klakson-jet-9-chernyj-a293\/#primaryimage\"},\"image\":{\"@id\":\"https:\/\/sporta-preces.lv\/ru\/product\/klakson-jet-9-chernyj-a293\/#primaryimage\"},\"thumbnailUrl\":\"https:\/\/sporta-preces.lv\/wp-content\/uploads\/2022\/03\/A293.png\",\"datePublished\":\"2022-03-17T20:06:48+00:00\",\"dateModified\":\"2022-04-15T11:43:46+00:00\",\"breadcrumb\":{\"@id\":\"https:\/\/sporta-preces.lv\/ru\/product\/klakson-jet-9-chernyj-a293\/#breadcrumb\"},\"inLanguage\":\"ru-RU\",\"potentialAction\":[{\"@type\":\"ReadAction\",\"target\":[\"https:\/\/sporta-preces.lv\/ru\/product\/klakson-jet-9-chernyj-a293\/\"]}]},{\"@type\":\"ImageObject\",\"inLanguage\":\"ru-RU\",\"@id\":\"https:\/\/sporta-preces.lv\/ru\/product\/klakson-jet-9-chernyj-a293\/#primaryimage\",\"url\":\"https:\/\/sporta-preces.lv\/wp-content\/uploads\/2022\/03\/A293.png\",\"contentUrl\":\"https:\/\/sporta-preces.lv\/wp-content\/uploads\/2022\/03\/A293.png\",\"width\":800,\"height\":450},{\"@type\":\"BreadcrumbList\",\"@id\":\"https:\/\/sporta-preces.lv\/ru\/product\/klakson-jet-9-chernyj-a293\/#breadcrumb\",\"itemListElement\":[{\"@type\":\"ListItem\",\"position\":1,\"name\":\"Home\",\"item\":\"https:\/\/sporta-preces.lv\/ru\/\"},{\"@type\":\"ListItem\",\"position\":2,\"name\":\"\u041a\u0430\u0442\u0430\u043b\u043e\u0433\",\"item\":\"https:\/\/sporta-preces.lv\/ru\/katalog\/\"},{\"@type\":\"ListItem\",\"position\":3,\"name\":\"\u041a\u043b\u0430\u043a\u0441\u043e\u043d Jet 9&#8243; \u0447\u0435\u0440\u043d\u044b\u0439, A293\"}]},{\"@type\":\"WebSite\",\"@id\":\"https:\/\/sporta-preces.lv\/#website\",\"url\":\"https:\/\/sporta-preces.lv\/\",\"name\":\"Sporta-preces\",\"description\":\"Kvalitat\u012bvas sporta preces par lab\u0101kaj\u0101m cen\u0101m.\",\"potentialAction\":[{\"@type\":\"SearchAction\",\"target\":{\"@type\":\"EntryPoint\",\"urlTemplate\":\"https:\/\/sporta-preces.lv\/?s={search_term_string}\"},\"query-input\":{\"@type\":\"PropertyValueSpecification\",\"valueRequired\":true,\"valueName\":\"search_term_string\"}}],\"inLanguage\":\"ru-RU\"}]}<\/script>\n<!-- \/ Yoast SEO Premium plugin. -->","yoast_head_json":{"title":"\u041a\u043b\u0430\u043a\u0441\u043e\u043d Jet 9\" \u0447\u0435\u0440\u043d\u044b\u0439, A293 - Sporta-preces","robots":{"index":"index","follow":"follow","max-snippet":"max-snippet:-1","max-image-preview":"max-image-preview:large","max-video-preview":"max-video-preview:-1"},"canonical":"https:\/\/sporta-preces.lv\/ru\/product\/klakson-jet-9-chernyj-a293\/","og_locale":"ru_RU","og_type":"article","og_title":"\u041a\u043b\u0430\u043a\u0441\u043e\u043d Jet 9\" \u0447\u0435\u0440\u043d\u044b\u0439, A293","og_description":"\u0412\u0435\u043b\u043e \u043a\u043b\u0430\u043a\u0441\u043e\u043d Jet 9&#8243; \u0427\u0435\u0440\u043d\u044b\u0439, A293","og_url":"https:\/\/sporta-preces.lv\/ru\/product\/klakson-jet-9-chernyj-a293\/","og_site_name":"Sporta-preces","article_modified_time":"2022-04-15T11:43:46+00:00","og_image":[{"width":800,"height":450,"url":"https:\/\/sporta-preces.lv\/wp-content\/uploads\/2022\/03\/A293.png","type":"image\/png"}],"twitter_card":"summary_large_image","schema":{"@context":"https:\/\/schema.org","@graph":[{"@type":"WebPage","@id":"https:\/\/sporta-preces.lv\/ru\/product\/klakson-jet-9-chernyj-a293\/","url":"https:\/\/sporta-preces.lv\/ru\/product\/klakson-jet-9-chernyj-a293\/","name":"\u041a\u043b\u0430\u043a\u0441\u043e\u043d Jet 9\" \u0447\u0435\u0440\u043d\u044b\u0439, A293 - Sporta-preces","isPartOf":{"@id":"https:\/\/sporta-preces.lv\/#website"},"primaryImageOfPage":{"@id":"https:\/\/sporta-preces.lv\/ru\/product\/klakson-jet-9-chernyj-a293\/#primaryimage"},"image":{"@id":"https:\/\/sporta-preces.lv\/ru\/product\/klakson-jet-9-chernyj-a293\/#primaryimage"},"thumbnailUrl":"https:\/\/sporta-preces.lv\/wp-content\/uploads\/2022\/03\/A293.png","datePublished":"2022-03-17T20:06:48+00:00","dateModified":"2022-04-15T11:43:46+00:00","breadcrumb":{"@id":"https:\/\/sporta-preces.lv\/ru\/product\/klakson-jet-9-chernyj-a293\/#breadcrumb"},"inLanguage":"ru-RU","potentialAction":[{"@type":"ReadAction","target":["https:\/\/sporta-preces.lv\/ru\/product\/klakson-jet-9-chernyj-a293\/"]}]},{"@type":"ImageObject","inLanguage":"ru-RU","@id":"https:\/\/sporta-preces.lv\/ru\/product\/klakson-jet-9-chernyj-a293\/#primaryimage","url":"https:\/\/sporta-preces.lv\/wp-content\/uploads\/2022\/03\/A293.png","contentUrl":"https:\/\/sporta-preces.lv\/wp-content\/uploads\/2022\/03\/A293.png","width":800,"height":450},{"@type":"BreadcrumbList","@id":"https:\/\/sporta-preces.lv\/ru\/product\/klakson-jet-9-chernyj-a293\/#breadcrumb","itemListElement":[{"@type":"ListItem","position":1,"name":"Home","item":"https:\/\/sporta-preces.lv\/ru\/"},{"@type":"ListItem","position":2,"name":"\u041a\u0430\u0442\u0430\u043b\u043e\u0433","item":"https:\/\/sporta-preces.lv\/ru\/katalog\/"},{"@type":"ListItem","position":3,"name":"\u041a\u043b\u0430\u043a\u0441\u043e\u043d Jet 9&#8243; \u0447\u0435\u0440\u043d\u044b\u0439, A293"}]},{"@type":"WebSite","@id":"https:\/\/sporta-preces.lv\/#website","url":"https:\/\/sporta-preces.lv\/","name":"Sporta-preces","description":"Kvalitat\u012bvas sporta preces par lab\u0101kaj\u0101m cen\u0101m.","potentialAction":[{"@type":"SearchAction","target":{"@type":"EntryPoint","urlTemplate":"https:\/\/sporta-preces.lv\/?s={search_term_string}"},"query-input":{"@type":"PropertyValueSpecification","valueRequired":true,"valueName":"search_term_string"}}],"inLanguage":"ru-RU"}]}},"_links":{"self":[{"href":"https:\/\/sporta-preces.lv\/ru\/wp-json\/wp\/v2\/product\/8685","targetHints":{"allow":["GET"]}}],"collection":[{"href":"https:\/\/sporta-preces.lv\/ru\/wp-json\/wp\/v2\/product"}],"about":[{"href":"https:\/\/sporta-preces.lv\/ru\/wp-json\/wp\/v2\/types\/product"}],"wp:featuredmedia":[{"embeddable":true,"href":"https:\/\/sporta-preces.lv\/ru\/wp-json\/wp\/v2\/media\/7574"}],"wp:attachment":[{"href":"https:\/\/sporta-preces.lv\/ru\/wp-json\/wp\/v2\/media?parent=8685"}],"wp:term":[{"taxonomy":"product_cat","embeddable":true,"href":"https:\/\/sporta-preces.lv\/ru\/wp-json\/wp\/v2\/product_cat?post=8685"},{"taxonomy":"product_tag","embeddable":true,"href":"https:\/\/sporta-preces.lv\/ru\/wp-json\/wp\/v2\/product_tag?post=8685"}],"curies":[{"name":"wp","href":"https:\/\/api.w.org\/{rel}","templated":true}]}}