{"id":8683,"date":"2022-03-18T19:15:50","date_gmt":"2022-03-18T17:15:50","guid":{"rendered":"https:\/\/sporta-preces.lv\/product\/velosipednyj-zvonok-jet-bell-65mm-chromed-a504\/"},"modified":"2022-03-18T19:15:50","modified_gmt":"2022-03-18T17:15:50","slug":"velosipednyj-zvonok-jet-bell-65mm-chromed-a504","status":"publish","type":"product","link":"https:\/\/sporta-preces.lv\/ru\/product\/velosipednyj-zvonok-jet-bell-65mm-chromed-a504\/","title":{"rendered":"\u0412\u0435\u043b\u043e\u0441\u0438\u043f\u0435\u0434\u043d\u044b\u0439 \u0437\u0432\u043e\u043d\u043e\u043a Jet bell 65mm chromed, A504"},"content":{"rendered":"<p>\u0414\u0438\u0430\u043c\u0435\u0442\u0440 \u2013 80 \u043c\u043c<\/p>\n<p class=\"img-left\"><img fetchpriority=\"high\" decoding=\"async\" class=\"alignnone size-medium wp-image-7783\" src=\"https:\/\/sporta-preces.lv\/wp-content\/uploads\/2022\/03\/A504-245x300.jpg\" alt=\"\" width=\"245\" height=\"300\" srcset=\"https:\/\/sporta-preces.lv\/wp-content\/uploads\/2022\/03\/A504-245x300.jpg 245w, https:\/\/sporta-preces.lv\/wp-content\/uploads\/2022\/03\/A504-835x1024.jpg 835w, https:\/\/sporta-preces.lv\/wp-content\/uploads\/2022\/03\/A504-768x942.jpg 768w, https:\/\/sporta-preces.lv\/wp-content\/uploads\/2022\/03\/A504-1252x1536.jpg 1252w, https:\/\/sporta-preces.lv\/wp-content\/uploads\/2022\/03\/A504-1670x2048.jpg 1670w, https:\/\/sporta-preces.lv\/wp-content\/uploads\/2022\/03\/A504-600x736.jpg 600w, https:\/\/sporta-preces.lv\/wp-content\/uploads\/2022\/03\/A504.jpg 1925w\" sizes=\"(max-width: 245px) 100vw, 245px\" \/><\/p>\n","protected":false},"excerpt":{"rendered":"<p>\u0414\u0438\u0430\u043c\u0435\u0442\u0440 \u2013 80 \u043c\u043c<\/p>\n","protected":false},"featured_media":7782,"template":"","meta":[],"product_cat":[140,140],"product_tag":[],"class_list":{"0":"post-8683","1":"product","2":"type-product","3":"status-publish","4":"has-post-thumbnail","6":"product_cat-zvonki-dlja-velosipedov","8":"product_shipping_class-s-novusa-un-velo-acc-ru","11":"first","12":"instock","13":"purchasable","14":"product-type-simple"},"yoast_head":"<!-- This site is optimized with the Yoast SEO Premium plugin v27.1 (Yoast SEO v27.2) - https:\/\/yoast.com\/product\/yoast-seo-premium-wordpress\/ -->\n<title>\u0412\u0435\u043b\u043e\u0441\u0438\u043f\u0435\u0434\u043d\u044b\u0439 \u0437\u0432\u043e\u043d\u043e\u043a Jet bell 65mm chromed, A504 - Sporta-preces<\/title>\n<meta name=\"robots\" content=\"index, follow, max-snippet:-1, max-image-preview:large, max-video-preview:-1\" \/>\n<link rel=\"canonical\" href=\"https:\/\/sporta-preces.lv\/ru\/product\/velosipednyj-zvonok-jet-bell-65mm-chromed-a504\/\" \/>\n<meta property=\"og:locale\" content=\"ru_RU\" \/>\n<meta property=\"og:type\" content=\"article\" \/>\n<meta property=\"og:title\" content=\"\u0412\u0435\u043b\u043e\u0441\u0438\u043f\u0435\u0434\u043d\u044b\u0439 \u0437\u0432\u043e\u043d\u043e\u043a Jet bell 65mm chromed, A504\" \/>\n<meta property=\"og:description\" content=\"\u0414\u0438\u0430\u043c\u0435\u0442\u0440 \u2013 80 \u043c\u043c\" \/>\n<meta property=\"og:url\" content=\"https:\/\/sporta-preces.lv\/ru\/product\/velosipednyj-zvonok-jet-bell-65mm-chromed-a504\/\" \/>\n<meta property=\"og:site_name\" content=\"Sporta-preces\" \/>\n<meta property=\"og:image\" content=\"https:\/\/sporta-preces.lv\/wp-content\/uploads\/2022\/03\/A504.jpg\" \/>\n\t<meta property=\"og:image:width\" content=\"1925\" \/>\n\t<meta property=\"og:image:height\" content=\"2361\" \/>\n\t<meta property=\"og:image:type\" content=\"image\/jpeg\" \/>\n<meta name=\"twitter:card\" content=\"summary_large_image\" \/>\n<script type=\"application\/ld+json\" class=\"yoast-schema-graph\">{\"@context\":\"https:\/\/schema.org\",\"@graph\":[{\"@type\":\"WebPage\",\"@id\":\"https:\/\/sporta-preces.lv\/ru\/product\/velosipednyj-zvonok-jet-bell-65mm-chromed-a504\/\",\"url\":\"https:\/\/sporta-preces.lv\/ru\/product\/velosipednyj-zvonok-jet-bell-65mm-chromed-a504\/\",\"name\":\"\u0412\u0435\u043b\u043e\u0441\u0438\u043f\u0435\u0434\u043d\u044b\u0439 \u0437\u0432\u043e\u043d\u043e\u043a Jet bell 65mm chromed, A504 - Sporta-preces\",\"isPartOf\":{\"@id\":\"https:\/\/sporta-preces.lv\/#website\"},\"primaryImageOfPage\":{\"@id\":\"https:\/\/sporta-preces.lv\/ru\/product\/velosipednyj-zvonok-jet-bell-65mm-chromed-a504\/#primaryimage\"},\"image\":{\"@id\":\"https:\/\/sporta-preces.lv\/ru\/product\/velosipednyj-zvonok-jet-bell-65mm-chromed-a504\/#primaryimage\"},\"thumbnailUrl\":\"https:\/\/sporta-preces.lv\/wp-content\/uploads\/2022\/03\/A504.jpg\",\"datePublished\":\"2022-03-18T17:15:50+00:00\",\"breadcrumb\":{\"@id\":\"https:\/\/sporta-preces.lv\/ru\/product\/velosipednyj-zvonok-jet-bell-65mm-chromed-a504\/#breadcrumb\"},\"inLanguage\":\"ru-RU\",\"potentialAction\":[{\"@type\":\"ReadAction\",\"target\":[\"https:\/\/sporta-preces.lv\/ru\/product\/velosipednyj-zvonok-jet-bell-65mm-chromed-a504\/\"]}]},{\"@type\":\"ImageObject\",\"inLanguage\":\"ru-RU\",\"@id\":\"https:\/\/sporta-preces.lv\/ru\/product\/velosipednyj-zvonok-jet-bell-65mm-chromed-a504\/#primaryimage\",\"url\":\"https:\/\/sporta-preces.lv\/wp-content\/uploads\/2022\/03\/A504.jpg\",\"contentUrl\":\"https:\/\/sporta-preces.lv\/wp-content\/uploads\/2022\/03\/A504.jpg\",\"width\":1925,\"height\":2361},{\"@type\":\"BreadcrumbList\",\"@id\":\"https:\/\/sporta-preces.lv\/ru\/product\/velosipednyj-zvonok-jet-bell-65mm-chromed-a504\/#breadcrumb\",\"itemListElement\":[{\"@type\":\"ListItem\",\"position\":1,\"name\":\"Home\",\"item\":\"https:\/\/sporta-preces.lv\/ru\/\"},{\"@type\":\"ListItem\",\"position\":2,\"name\":\"\u041a\u0430\u0442\u0430\u043b\u043e\u0433\",\"item\":\"https:\/\/sporta-preces.lv\/ru\/katalog\/\"},{\"@type\":\"ListItem\",\"position\":3,\"name\":\"\u0412\u0435\u043b\u043e\u0441\u0438\u043f\u0435\u0434\u043d\u044b\u0439 \u0437\u0432\u043e\u043d\u043e\u043a Jet bell 65mm chromed, A504\"}]},{\"@type\":\"WebSite\",\"@id\":\"https:\/\/sporta-preces.lv\/#website\",\"url\":\"https:\/\/sporta-preces.lv\/\",\"name\":\"Sporta-preces\",\"description\":\"Kvalitat\u012bvas sporta preces par lab\u0101kaj\u0101m cen\u0101m.\",\"potentialAction\":[{\"@type\":\"SearchAction\",\"target\":{\"@type\":\"EntryPoint\",\"urlTemplate\":\"https:\/\/sporta-preces.lv\/?s={search_term_string}\"},\"query-input\":{\"@type\":\"PropertyValueSpecification\",\"valueRequired\":true,\"valueName\":\"search_term_string\"}}],\"inLanguage\":\"ru-RU\"}]}<\/script>\n<!-- \/ Yoast SEO Premium plugin. -->","yoast_head_json":{"title":"\u0412\u0435\u043b\u043e\u0441\u0438\u043f\u0435\u0434\u043d\u044b\u0439 \u0437\u0432\u043e\u043d\u043e\u043a Jet bell 65mm chromed, A504 - Sporta-preces","robots":{"index":"index","follow":"follow","max-snippet":"max-snippet:-1","max-image-preview":"max-image-preview:large","max-video-preview":"max-video-preview:-1"},"canonical":"https:\/\/sporta-preces.lv\/ru\/product\/velosipednyj-zvonok-jet-bell-65mm-chromed-a504\/","og_locale":"ru_RU","og_type":"article","og_title":"\u0412\u0435\u043b\u043e\u0441\u0438\u043f\u0435\u0434\u043d\u044b\u0439 \u0437\u0432\u043e\u043d\u043e\u043a Jet bell 65mm chromed, A504","og_description":"\u0414\u0438\u0430\u043c\u0435\u0442\u0440 \u2013 80 \u043c\u043c","og_url":"https:\/\/sporta-preces.lv\/ru\/product\/velosipednyj-zvonok-jet-bell-65mm-chromed-a504\/","og_site_name":"Sporta-preces","og_image":[{"width":1925,"height":2361,"url":"https:\/\/sporta-preces.lv\/wp-content\/uploads\/2022\/03\/A504.jpg","type":"image\/jpeg"}],"twitter_card":"summary_large_image","schema":{"@context":"https:\/\/schema.org","@graph":[{"@type":"WebPage","@id":"https:\/\/sporta-preces.lv\/ru\/product\/velosipednyj-zvonok-jet-bell-65mm-chromed-a504\/","url":"https:\/\/sporta-preces.lv\/ru\/product\/velosipednyj-zvonok-jet-bell-65mm-chromed-a504\/","name":"\u0412\u0435\u043b\u043e\u0441\u0438\u043f\u0435\u0434\u043d\u044b\u0439 \u0437\u0432\u043e\u043d\u043e\u043a Jet bell 65mm chromed, A504 - Sporta-preces","isPartOf":{"@id":"https:\/\/sporta-preces.lv\/#website"},"primaryImageOfPage":{"@id":"https:\/\/sporta-preces.lv\/ru\/product\/velosipednyj-zvonok-jet-bell-65mm-chromed-a504\/#primaryimage"},"image":{"@id":"https:\/\/sporta-preces.lv\/ru\/product\/velosipednyj-zvonok-jet-bell-65mm-chromed-a504\/#primaryimage"},"thumbnailUrl":"https:\/\/sporta-preces.lv\/wp-content\/uploads\/2022\/03\/A504.jpg","datePublished":"2022-03-18T17:15:50+00:00","breadcrumb":{"@id":"https:\/\/sporta-preces.lv\/ru\/product\/velosipednyj-zvonok-jet-bell-65mm-chromed-a504\/#breadcrumb"},"inLanguage":"ru-RU","potentialAction":[{"@type":"ReadAction","target":["https:\/\/sporta-preces.lv\/ru\/product\/velosipednyj-zvonok-jet-bell-65mm-chromed-a504\/"]}]},{"@type":"ImageObject","inLanguage":"ru-RU","@id":"https:\/\/sporta-preces.lv\/ru\/product\/velosipednyj-zvonok-jet-bell-65mm-chromed-a504\/#primaryimage","url":"https:\/\/sporta-preces.lv\/wp-content\/uploads\/2022\/03\/A504.jpg","contentUrl":"https:\/\/sporta-preces.lv\/wp-content\/uploads\/2022\/03\/A504.jpg","width":1925,"height":2361},{"@type":"BreadcrumbList","@id":"https:\/\/sporta-preces.lv\/ru\/product\/velosipednyj-zvonok-jet-bell-65mm-chromed-a504\/#breadcrumb","itemListElement":[{"@type":"ListItem","position":1,"name":"Home","item":"https:\/\/sporta-preces.lv\/ru\/"},{"@type":"ListItem","position":2,"name":"\u041a\u0430\u0442\u0430\u043b\u043e\u0433","item":"https:\/\/sporta-preces.lv\/ru\/katalog\/"},{"@type":"ListItem","position":3,"name":"\u0412\u0435\u043b\u043e\u0441\u0438\u043f\u0435\u0434\u043d\u044b\u0439 \u0437\u0432\u043e\u043d\u043e\u043a Jet bell 65mm chromed, A504"}]},{"@type":"WebSite","@id":"https:\/\/sporta-preces.lv\/#website","url":"https:\/\/sporta-preces.lv\/","name":"Sporta-preces","description":"Kvalitat\u012bvas sporta preces par lab\u0101kaj\u0101m cen\u0101m.","potentialAction":[{"@type":"SearchAction","target":{"@type":"EntryPoint","urlTemplate":"https:\/\/sporta-preces.lv\/?s={search_term_string}"},"query-input":{"@type":"PropertyValueSpecification","valueRequired":true,"valueName":"search_term_string"}}],"inLanguage":"ru-RU"}]}},"_links":{"self":[{"href":"https:\/\/sporta-preces.lv\/ru\/wp-json\/wp\/v2\/product\/8683","targetHints":{"allow":["GET"]}}],"collection":[{"href":"https:\/\/sporta-preces.lv\/ru\/wp-json\/wp\/v2\/product"}],"about":[{"href":"https:\/\/sporta-preces.lv\/ru\/wp-json\/wp\/v2\/types\/product"}],"wp:featuredmedia":[{"embeddable":true,"href":"https:\/\/sporta-preces.lv\/ru\/wp-json\/wp\/v2\/media\/7782"}],"wp:attachment":[{"href":"https:\/\/sporta-preces.lv\/ru\/wp-json\/wp\/v2\/media?parent=8683"}],"wp:term":[{"taxonomy":"product_cat","embeddable":true,"href":"https:\/\/sporta-preces.lv\/ru\/wp-json\/wp\/v2\/product_cat?post=8683"},{"taxonomy":"product_tag","embeddable":true,"href":"https:\/\/sporta-preces.lv\/ru\/wp-json\/wp\/v2\/product_tag?post=8683"}],"curies":[{"name":"wp","href":"https:\/\/api.w.org\/{rel}","templated":true}]}}