{"id":8681,"date":"2022-03-18T22:58:14","date_gmt":"2022-03-18T20:58:14","guid":{"rendered":"https:\/\/sporta-preces.lv\/product\/velosipednyj-zvonok-jet-bell-80mm-white-blue-butterfly-a236\/"},"modified":"2022-03-18T22:58:14","modified_gmt":"2022-03-18T20:58:14","slug":"velosipednyj-zvonok-jet-bell-80mm-white-blue-butterfly-a236","status":"publish","type":"product","link":"https:\/\/sporta-preces.lv\/ru\/product\/velosipednyj-zvonok-jet-bell-80mm-white-blue-butterfly-a236\/","title":{"rendered":"\u0412\u0435\u043b\u043e\u0441\u0438\u043f\u0435\u0434\u043d\u044b\u0439 \u0437\u0432\u043e\u043d\u043e\u043a Jet bell 80mm, white-blue butterfly, A236"},"content":{"rendered":"<p>\u0417\u0432\u043e\u043d\u043e\u043a Ding Dong \u0438\u043c\u0435\u0435\u0442 \u0444\u0430\u043d\u0442\u0430\u0441\u0442\u0438\u0447\u0435\u0441\u043a\u0438\u0439 \u0438 \u0437\u0432\u043e\u043d\u043a\u0438\u0439 \u0434\u0432\u0443\u0445\u0442\u043e\u043d\u0430\u043b\u044c\u043d\u044b\u0439 \u0437\u0432\u0443\u043a. \u041e\u0447\u0435\u043d\u044c \u043a\u0440\u0430\u0441\u0438\u0432\u044b\u0439 \u0438 \u0432\u043f\u0435\u0447\u0430\u0442\u043b\u044f\u044e\u0449\u0438\u0439 \u0437\u0432\u043e\u043d\u043e\u043a, \u043a\u043e\u0442\u043e\u0440\u044b\u0439 \u043f\u0440\u0438\u0434\u0430\u0441\u0442 \u0432\u0430\u0448\u0435\u043c\u0443 \u0432\u0435\u043b\u043e\u0441\u0438\u043f\u0435\u0434\u0443 \u0443\u043d\u0438\u043a\u0430\u043b\u044c\u043d\u044b\u0439 \u0445\u0430\u0440\u0430\u043a\u0442\u0435\u0440. \u041e\u043d \u0438\u0434\u0435\u0430\u043b\u044c\u043d\u043e \u043f\u043e\u0434\u0445\u043e\u0434\u0438\u0442 \u0434\u043b\u044f \u0440\u0435\u0442\u0440\u043e-\u0432\u0435\u043b\u043e\u0441\u0438\u043f\u0435\u0434\u0430. <br \/>\n\u0414\u0438\u0430\u043c\u0435\u0442\u0440 \u2013 80 \u043c\u043c<\/p>\n<p class=\"img-left\"><img fetchpriority=\"high\" decoding=\"async\" class=\"alignnone size-medium wp-image-7800\" src=\"https:\/\/sporta-preces.lv\/wp-content\/uploads\/2022\/03\/a236a-201x300.jpg\" alt=\"\" width=\"201\" height=\"300\" srcset=\"https:\/\/sporta-preces.lv\/wp-content\/uploads\/2022\/03\/a236a-201x300.jpg 201w, https:\/\/sporta-preces.lv\/wp-content\/uploads\/2022\/03\/a236a-600x896.jpg 600w, https:\/\/sporta-preces.lv\/wp-content\/uploads\/2022\/03\/a236a.jpg 622w\" sizes=\"(max-width: 201px) 100vw, 201px\" \/><\/p>\n","protected":false},"excerpt":{"rendered":"<p>\u0417\u0432\u043e\u043d\u043e\u043a Ding Dong \u0438\u043c\u0435\u0435\u0442 \u0444\u0430\u043d\u0442\u0430\u0441\u0442\u0438\u0447\u0435\u0441\u043a\u0438\u0439 \u0438 \u0437\u0432\u043e\u043d\u043a\u0438\u0439 \u0434\u0432\u0443\u0445\u0442\u043e\u043d\u0430\u043b\u044c\u043d\u044b\u0439 \u0437\u0432\u0443\u043a. \u041e\u0447\u0435\u043d\u044c \u043a\u0440\u0430\u0441\u0438\u0432\u044b\u0439 \u0438 \u0432\u043f\u0435\u0447\u0430\u0442\u043b\u044f\u044e\u0449\u0438\u0439 \u0437\u0432\u043e\u043d\u043e\u043a, \u043a\u043e\u0442\u043e\u0440\u044b\u0439 \u043f\u0440\u0438\u0434\u0430\u0441\u0442 \u0432\u0430\u0448\u0435\u043c\u0443 \u0432\u0435\u043b\u043e\u0441\u0438\u043f\u0435\u0434\u0443 \u0443\u043d\u0438\u043a\u0430\u043b\u044c\u043d\u044b\u0439 \u0445\u0430\u0440\u0430\u043a\u0442\u0435\u0440. \u041e\u043d \u0438\u0434\u0435\u0430\u043b\u044c\u043d\u043e \u043f\u043e\u0434\u0445\u043e\u0434\u0438\u0442 \u0434\u043b\u044f \u0440\u0435\u0442\u0440\u043e-\u0432\u0435\u043b\u043e\u0441\u0438\u043f\u0435\u0434\u0430. \u0414\u0438\u0430\u043c\u0435\u0442\u0440 \u2013 80 \u043c\u043c<\/p>\n","protected":false},"featured_media":7800,"template":"","meta":[],"product_cat":[140],"product_tag":[],"class_list":{"0":"post-8681","1":"product","2":"type-product","3":"status-publish","4":"has-post-thumbnail","6":"product_cat-zvonki-dlja-velosipedov","7":"product_shipping_class-s-novusa-un-velo-acc-ru","9":"first","10":"instock","11":"purchasable","12":"product-type-simple"},"yoast_head":"<!-- This site is optimized with the Yoast SEO Premium plugin v27.1 (Yoast SEO v27.2) - https:\/\/yoast.com\/product\/yoast-seo-premium-wordpress\/ -->\n<title>\u0412\u0435\u043b\u043e\u0441\u0438\u043f\u0435\u0434\u043d\u044b\u0439 \u0437\u0432\u043e\u043d\u043e\u043a Jet bell 80mm, white-blue butterfly, A236 - Sporta-preces<\/title>\n<meta name=\"robots\" content=\"index, follow, max-snippet:-1, max-image-preview:large, max-video-preview:-1\" \/>\n<link rel=\"canonical\" href=\"https:\/\/sporta-preces.lv\/ru\/product\/velosipednyj-zvonok-jet-bell-80mm-white-blue-butterfly-a236\/\" \/>\n<meta property=\"og:locale\" content=\"ru_RU\" \/>\n<meta property=\"og:type\" content=\"article\" \/>\n<meta property=\"og:title\" content=\"\u0412\u0435\u043b\u043e\u0441\u0438\u043f\u0435\u0434\u043d\u044b\u0439 \u0437\u0432\u043e\u043d\u043e\u043a Jet bell 80mm, white-blue butterfly, A236\" \/>\n<meta property=\"og:description\" content=\"\u0417\u0432\u043e\u043d\u043e\u043a Ding Dong \u0438\u043c\u0435\u0435\u0442 \u0444\u0430\u043d\u0442\u0430\u0441\u0442\u0438\u0447\u0435\u0441\u043a\u0438\u0439 \u0438 \u0437\u0432\u043e\u043d\u043a\u0438\u0439 \u0434\u0432\u0443\u0445\u0442\u043e\u043d\u0430\u043b\u044c\u043d\u044b\u0439 \u0437\u0432\u0443\u043a. \u041e\u0447\u0435\u043d\u044c \u043a\u0440\u0430\u0441\u0438\u0432\u044b\u0439 \u0438 \u0432\u043f\u0435\u0447\u0430\u0442\u043b\u044f\u044e\u0449\u0438\u0439 \u0437\u0432\u043e\u043d\u043e\u043a, \u043a\u043e\u0442\u043e\u0440\u044b\u0439 \u043f\u0440\u0438\u0434\u0430\u0441\u0442 \u0432\u0430\u0448\u0435\u043c\u0443 \u0432\u0435\u043b\u043e\u0441\u0438\u043f\u0435\u0434\u0443 \u0443\u043d\u0438\u043a\u0430\u043b\u044c\u043d\u044b\u0439 \u0445\u0430\u0440\u0430\u043a\u0442\u0435\u0440. \u041e\u043d \u0438\u0434\u0435\u0430\u043b\u044c\u043d\u043e \u043f\u043e\u0434\u0445\u043e\u0434\u0438\u0442 \u0434\u043b\u044f \u0440\u0435\u0442\u0440\u043e-\u0432\u0435\u043b\u043e\u0441\u0438\u043f\u0435\u0434\u0430. \u0414\u0438\u0430\u043c\u0435\u0442\u0440 \u2013 80 \u043c\u043c\" \/>\n<meta property=\"og:url\" content=\"https:\/\/sporta-preces.lv\/ru\/product\/velosipednyj-zvonok-jet-bell-80mm-white-blue-butterfly-a236\/\" \/>\n<meta property=\"og:site_name\" content=\"Sporta-preces\" \/>\n<meta property=\"og:image\" content=\"https:\/\/sporta-preces.lv\/wp-content\/uploads\/2022\/03\/a236a.jpg\" \/>\n\t<meta property=\"og:image:width\" content=\"622\" \/>\n\t<meta property=\"og:image:height\" content=\"929\" \/>\n\t<meta property=\"og:image:type\" content=\"image\/jpeg\" \/>\n<meta name=\"twitter:card\" content=\"summary_large_image\" \/>\n<script type=\"application\/ld+json\" class=\"yoast-schema-graph\">{\"@context\":\"https:\/\/schema.org\",\"@graph\":[{\"@type\":\"WebPage\",\"@id\":\"https:\/\/sporta-preces.lv\/ru\/product\/velosipednyj-zvonok-jet-bell-80mm-white-blue-butterfly-a236\/\",\"url\":\"https:\/\/sporta-preces.lv\/ru\/product\/velosipednyj-zvonok-jet-bell-80mm-white-blue-butterfly-a236\/\",\"name\":\"\u0412\u0435\u043b\u043e\u0441\u0438\u043f\u0435\u0434\u043d\u044b\u0439 \u0437\u0432\u043e\u043d\u043e\u043a Jet bell 80mm, white-blue butterfly, A236 - Sporta-preces\",\"isPartOf\":{\"@id\":\"https:\/\/sporta-preces.lv\/#website\"},\"primaryImageOfPage\":{\"@id\":\"https:\/\/sporta-preces.lv\/ru\/product\/velosipednyj-zvonok-jet-bell-80mm-white-blue-butterfly-a236\/#primaryimage\"},\"image\":{\"@id\":\"https:\/\/sporta-preces.lv\/ru\/product\/velosipednyj-zvonok-jet-bell-80mm-white-blue-butterfly-a236\/#primaryimage\"},\"thumbnailUrl\":\"https:\/\/sporta-preces.lv\/wp-content\/uploads\/2022\/03\/a236a.jpg\",\"datePublished\":\"2022-03-18T20:58:14+00:00\",\"breadcrumb\":{\"@id\":\"https:\/\/sporta-preces.lv\/ru\/product\/velosipednyj-zvonok-jet-bell-80mm-white-blue-butterfly-a236\/#breadcrumb\"},\"inLanguage\":\"ru-RU\",\"potentialAction\":[{\"@type\":\"ReadAction\",\"target\":[\"https:\/\/sporta-preces.lv\/ru\/product\/velosipednyj-zvonok-jet-bell-80mm-white-blue-butterfly-a236\/\"]}]},{\"@type\":\"ImageObject\",\"inLanguage\":\"ru-RU\",\"@id\":\"https:\/\/sporta-preces.lv\/ru\/product\/velosipednyj-zvonok-jet-bell-80mm-white-blue-butterfly-a236\/#primaryimage\",\"url\":\"https:\/\/sporta-preces.lv\/wp-content\/uploads\/2022\/03\/a236a.jpg\",\"contentUrl\":\"https:\/\/sporta-preces.lv\/wp-content\/uploads\/2022\/03\/a236a.jpg\",\"width\":622,\"height\":929},{\"@type\":\"BreadcrumbList\",\"@id\":\"https:\/\/sporta-preces.lv\/ru\/product\/velosipednyj-zvonok-jet-bell-80mm-white-blue-butterfly-a236\/#breadcrumb\",\"itemListElement\":[{\"@type\":\"ListItem\",\"position\":1,\"name\":\"Home\",\"item\":\"https:\/\/sporta-preces.lv\/ru\/\"},{\"@type\":\"ListItem\",\"position\":2,\"name\":\"\u041a\u0430\u0442\u0430\u043b\u043e\u0433\",\"item\":\"https:\/\/sporta-preces.lv\/ru\/katalog\/\"},{\"@type\":\"ListItem\",\"position\":3,\"name\":\"\u0412\u0435\u043b\u043e\u0441\u0438\u043f\u0435\u0434\u043d\u044b\u0439 \u0437\u0432\u043e\u043d\u043e\u043a Jet bell 80mm, white-blue butterfly, A236\"}]},{\"@type\":\"WebSite\",\"@id\":\"https:\/\/sporta-preces.lv\/#website\",\"url\":\"https:\/\/sporta-preces.lv\/\",\"name\":\"Sporta-preces\",\"description\":\"Kvalitat\u012bvas sporta preces par lab\u0101kaj\u0101m cen\u0101m.\",\"potentialAction\":[{\"@type\":\"SearchAction\",\"target\":{\"@type\":\"EntryPoint\",\"urlTemplate\":\"https:\/\/sporta-preces.lv\/?s={search_term_string}\"},\"query-input\":{\"@type\":\"PropertyValueSpecification\",\"valueRequired\":true,\"valueName\":\"search_term_string\"}}],\"inLanguage\":\"ru-RU\"}]}<\/script>\n<!-- \/ Yoast SEO Premium plugin. -->","yoast_head_json":{"title":"\u0412\u0435\u043b\u043e\u0441\u0438\u043f\u0435\u0434\u043d\u044b\u0439 \u0437\u0432\u043e\u043d\u043e\u043a Jet bell 80mm, white-blue butterfly, A236 - Sporta-preces","robots":{"index":"index","follow":"follow","max-snippet":"max-snippet:-1","max-image-preview":"max-image-preview:large","max-video-preview":"max-video-preview:-1"},"canonical":"https:\/\/sporta-preces.lv\/ru\/product\/velosipednyj-zvonok-jet-bell-80mm-white-blue-butterfly-a236\/","og_locale":"ru_RU","og_type":"article","og_title":"\u0412\u0435\u043b\u043e\u0441\u0438\u043f\u0435\u0434\u043d\u044b\u0439 \u0437\u0432\u043e\u043d\u043e\u043a Jet bell 80mm, white-blue butterfly, A236","og_description":"\u0417\u0432\u043e\u043d\u043e\u043a Ding Dong \u0438\u043c\u0435\u0435\u0442 \u0444\u0430\u043d\u0442\u0430\u0441\u0442\u0438\u0447\u0435\u0441\u043a\u0438\u0439 \u0438 \u0437\u0432\u043e\u043d\u043a\u0438\u0439 \u0434\u0432\u0443\u0445\u0442\u043e\u043d\u0430\u043b\u044c\u043d\u044b\u0439 \u0437\u0432\u0443\u043a. \u041e\u0447\u0435\u043d\u044c \u043a\u0440\u0430\u0441\u0438\u0432\u044b\u0439 \u0438 \u0432\u043f\u0435\u0447\u0430\u0442\u043b\u044f\u044e\u0449\u0438\u0439 \u0437\u0432\u043e\u043d\u043e\u043a, \u043a\u043e\u0442\u043e\u0440\u044b\u0439 \u043f\u0440\u0438\u0434\u0430\u0441\u0442 \u0432\u0430\u0448\u0435\u043c\u0443 \u0432\u0435\u043b\u043e\u0441\u0438\u043f\u0435\u0434\u0443 \u0443\u043d\u0438\u043a\u0430\u043b\u044c\u043d\u044b\u0439 \u0445\u0430\u0440\u0430\u043a\u0442\u0435\u0440. \u041e\u043d \u0438\u0434\u0435\u0430\u043b\u044c\u043d\u043e \u043f\u043e\u0434\u0445\u043e\u0434\u0438\u0442 \u0434\u043b\u044f \u0440\u0435\u0442\u0440\u043e-\u0432\u0435\u043b\u043e\u0441\u0438\u043f\u0435\u0434\u0430. \u0414\u0438\u0430\u043c\u0435\u0442\u0440 \u2013 80 \u043c\u043c","og_url":"https:\/\/sporta-preces.lv\/ru\/product\/velosipednyj-zvonok-jet-bell-80mm-white-blue-butterfly-a236\/","og_site_name":"Sporta-preces","og_image":[{"width":622,"height":929,"url":"https:\/\/sporta-preces.lv\/wp-content\/uploads\/2022\/03\/a236a.jpg","type":"image\/jpeg"}],"twitter_card":"summary_large_image","schema":{"@context":"https:\/\/schema.org","@graph":[{"@type":"WebPage","@id":"https:\/\/sporta-preces.lv\/ru\/product\/velosipednyj-zvonok-jet-bell-80mm-white-blue-butterfly-a236\/","url":"https:\/\/sporta-preces.lv\/ru\/product\/velosipednyj-zvonok-jet-bell-80mm-white-blue-butterfly-a236\/","name":"\u0412\u0435\u043b\u043e\u0441\u0438\u043f\u0435\u0434\u043d\u044b\u0439 \u0437\u0432\u043e\u043d\u043e\u043a Jet bell 80mm, white-blue butterfly, A236 - Sporta-preces","isPartOf":{"@id":"https:\/\/sporta-preces.lv\/#website"},"primaryImageOfPage":{"@id":"https:\/\/sporta-preces.lv\/ru\/product\/velosipednyj-zvonok-jet-bell-80mm-white-blue-butterfly-a236\/#primaryimage"},"image":{"@id":"https:\/\/sporta-preces.lv\/ru\/product\/velosipednyj-zvonok-jet-bell-80mm-white-blue-butterfly-a236\/#primaryimage"},"thumbnailUrl":"https:\/\/sporta-preces.lv\/wp-content\/uploads\/2022\/03\/a236a.jpg","datePublished":"2022-03-18T20:58:14+00:00","breadcrumb":{"@id":"https:\/\/sporta-preces.lv\/ru\/product\/velosipednyj-zvonok-jet-bell-80mm-white-blue-butterfly-a236\/#breadcrumb"},"inLanguage":"ru-RU","potentialAction":[{"@type":"ReadAction","target":["https:\/\/sporta-preces.lv\/ru\/product\/velosipednyj-zvonok-jet-bell-80mm-white-blue-butterfly-a236\/"]}]},{"@type":"ImageObject","inLanguage":"ru-RU","@id":"https:\/\/sporta-preces.lv\/ru\/product\/velosipednyj-zvonok-jet-bell-80mm-white-blue-butterfly-a236\/#primaryimage","url":"https:\/\/sporta-preces.lv\/wp-content\/uploads\/2022\/03\/a236a.jpg","contentUrl":"https:\/\/sporta-preces.lv\/wp-content\/uploads\/2022\/03\/a236a.jpg","width":622,"height":929},{"@type":"BreadcrumbList","@id":"https:\/\/sporta-preces.lv\/ru\/product\/velosipednyj-zvonok-jet-bell-80mm-white-blue-butterfly-a236\/#breadcrumb","itemListElement":[{"@type":"ListItem","position":1,"name":"Home","item":"https:\/\/sporta-preces.lv\/ru\/"},{"@type":"ListItem","position":2,"name":"\u041a\u0430\u0442\u0430\u043b\u043e\u0433","item":"https:\/\/sporta-preces.lv\/ru\/katalog\/"},{"@type":"ListItem","position":3,"name":"\u0412\u0435\u043b\u043e\u0441\u0438\u043f\u0435\u0434\u043d\u044b\u0439 \u0437\u0432\u043e\u043d\u043e\u043a Jet bell 80mm, white-blue butterfly, A236"}]},{"@type":"WebSite","@id":"https:\/\/sporta-preces.lv\/#website","url":"https:\/\/sporta-preces.lv\/","name":"Sporta-preces","description":"Kvalitat\u012bvas sporta preces par lab\u0101kaj\u0101m cen\u0101m.","potentialAction":[{"@type":"SearchAction","target":{"@type":"EntryPoint","urlTemplate":"https:\/\/sporta-preces.lv\/?s={search_term_string}"},"query-input":{"@type":"PropertyValueSpecification","valueRequired":true,"valueName":"search_term_string"}}],"inLanguage":"ru-RU"}]}},"_links":{"self":[{"href":"https:\/\/sporta-preces.lv\/ru\/wp-json\/wp\/v2\/product\/8681","targetHints":{"allow":["GET"]}}],"collection":[{"href":"https:\/\/sporta-preces.lv\/ru\/wp-json\/wp\/v2\/product"}],"about":[{"href":"https:\/\/sporta-preces.lv\/ru\/wp-json\/wp\/v2\/types\/product"}],"wp:featuredmedia":[{"embeddable":true,"href":"https:\/\/sporta-preces.lv\/ru\/wp-json\/wp\/v2\/media\/7800"}],"wp:attachment":[{"href":"https:\/\/sporta-preces.lv\/ru\/wp-json\/wp\/v2\/media?parent=8681"}],"wp:term":[{"taxonomy":"product_cat","embeddable":true,"href":"https:\/\/sporta-preces.lv\/ru\/wp-json\/wp\/v2\/product_cat?post=8681"},{"taxonomy":"product_tag","embeddable":true,"href":"https:\/\/sporta-preces.lv\/ru\/wp-json\/wp\/v2\/product_tag?post=8681"}],"curies":[{"name":"wp","href":"https:\/\/api.w.org\/{rel}","templated":true}]}}