{"id":8522,"date":"2022-02-19T00:58:24","date_gmt":"2022-02-18T22:58:24","guid":{"rendered":"https:\/\/sporta-preces.lv\/product\/pedali-jet-hc-jd-92\/"},"modified":"2022-04-12T13:31:47","modified_gmt":"2022-04-12T11:31:47","slug":"pedali-jet-hc-jd-92","status":"publish","type":"product","link":"https:\/\/sporta-preces.lv\/ru\/product\/pedali-jet-hc-jd-92\/","title":{"rendered":"\u041f\u0435\u0434\u0430\u043b\u0438 Jet HC-JD-92"},"content":{"rendered":"<p>\u041f\u0435\u0434\u0430\u043b\u0438 Jet HC-JD-92 <br \/>\n\u0423\u0441\u0438\u043b\u0435\u043d\u043d\u0430\u044f \u0441\u0442\u0430\u043b\u044c \u0438 \u0440\u0435\u0437\u0438\u043d\u043e\u0432\u0430\u044f \u043a\u043e\u043d\u0441\u0442\u0440\u0443\u043a\u0446\u0438\u044f<\/p>\n<p class=\"img-left\"><img fetchpriority=\"high\" decoding=\"async\" class=\"alignnone size-medium wp-image-3188\" src=\"https:\/\/sporta-preces.lv\/wp-content\/uploads\/2021\/04\/DSC_0472-238x300.jpg\" alt=\"\" width=\"238\" height=\"300\" \/><\/p>\n","protected":false},"excerpt":{"rendered":"<p>\u041f\u0435\u0434\u0430\u043b\u0438 Jet HC-JD-92 \u0423\u0441\u0438\u043b\u0435\u043d\u043d\u0430\u044f \u0441\u0442\u0430\u043b\u044c \u0438 \u0440\u0435\u0437\u0438\u043d\u043e\u0432\u0430\u044f \u043a\u043e\u043d\u0441\u0442\u0440\u0443\u043a\u0446\u0438\u044f<\/p>\n","protected":false},"featured_media":8524,"template":"","meta":[],"product_cat":[97,144],"product_tag":[],"class_list":{"0":"post-8522","1":"product","2":"type-product","3":"status-publish","4":"has-post-thumbnail","6":"product_cat-pedali","7":"product_cat-pedali-dlja-velosipedov","8":"product_shipping_class-s-novusa-un-velo-acc","9":"product_shipping_class-s-novusa-un-velo-acc-ru","11":"first","12":"outofstock","13":"purchasable","14":"product-type-simple"},"yoast_head":"<!-- This site is optimized with the Yoast SEO Premium plugin v27.1 (Yoast SEO v27.2) - https:\/\/yoast.com\/product\/yoast-seo-premium-wordpress\/ -->\n<title>\u041f\u0435\u0434\u0430\u043b\u0438 Jet HC-JD-92 - Sporta-preces<\/title>\n<meta name=\"robots\" content=\"index, follow, max-snippet:-1, max-image-preview:large, max-video-preview:-1\" \/>\n<link rel=\"canonical\" href=\"https:\/\/sporta-preces.lv\/ru\/product\/pedali-jet-hc-jd-92\/\" \/>\n<meta property=\"og:locale\" content=\"ru_RU\" \/>\n<meta property=\"og:type\" content=\"article\" \/>\n<meta property=\"og:title\" content=\"\u041f\u0435\u0434\u0430\u043b\u0438 Jet HC-JD-92\" \/>\n<meta property=\"og:description\" content=\"\u041f\u0435\u0434\u0430\u043b\u0438 Jet HC-JD-92 \u0423\u0441\u0438\u043b\u0435\u043d\u043d\u0430\u044f \u0441\u0442\u0430\u043b\u044c \u0438 \u0440\u0435\u0437\u0438\u043d\u043e\u0432\u0430\u044f \u043a\u043e\u043d\u0441\u0442\u0440\u0443\u043a\u0446\u0438\u044f\" \/>\n<meta property=\"og:url\" content=\"https:\/\/sporta-preces.lv\/ru\/product\/pedali-jet-hc-jd-92\/\" \/>\n<meta property=\"og:site_name\" content=\"Sporta-preces\" \/>\n<meta property=\"article:modified_time\" content=\"2022-04-12T11:31:47+00:00\" \/>\n<meta property=\"og:image\" content=\"https:\/\/sporta-preces.lv\/wp-content\/uploads\/2022\/02\/DSC_0472-1-1.jpg\" \/>\n\t<meta property=\"og:image:width\" content=\"1092\" \/>\n\t<meta property=\"og:image:height\" content=\"1377\" \/>\n\t<meta property=\"og:image:type\" content=\"image\/jpeg\" \/>\n<meta name=\"twitter:card\" content=\"summary_large_image\" \/>\n<script type=\"application\/ld+json\" class=\"yoast-schema-graph\">{\"@context\":\"https:\/\/schema.org\",\"@graph\":[{\"@type\":\"WebPage\",\"@id\":\"https:\/\/sporta-preces.lv\/ru\/product\/pedali-jet-hc-jd-92\/\",\"url\":\"https:\/\/sporta-preces.lv\/ru\/product\/pedali-jet-hc-jd-92\/\",\"name\":\"\u041f\u0435\u0434\u0430\u043b\u0438 Jet HC-JD-92 - Sporta-preces\",\"isPartOf\":{\"@id\":\"https:\/\/sporta-preces.lv\/#website\"},\"primaryImageOfPage\":{\"@id\":\"https:\/\/sporta-preces.lv\/ru\/product\/pedali-jet-hc-jd-92\/#primaryimage\"},\"image\":{\"@id\":\"https:\/\/sporta-preces.lv\/ru\/product\/pedali-jet-hc-jd-92\/#primaryimage\"},\"thumbnailUrl\":\"https:\/\/sporta-preces.lv\/wp-content\/uploads\/2022\/02\/DSC_0472-1-1.jpg\",\"datePublished\":\"2022-02-18T22:58:24+00:00\",\"dateModified\":\"2022-04-12T11:31:47+00:00\",\"breadcrumb\":{\"@id\":\"https:\/\/sporta-preces.lv\/ru\/product\/pedali-jet-hc-jd-92\/#breadcrumb\"},\"inLanguage\":\"ru-RU\",\"potentialAction\":[{\"@type\":\"ReadAction\",\"target\":[\"https:\/\/sporta-preces.lv\/ru\/product\/pedali-jet-hc-jd-92\/\"]}]},{\"@type\":\"ImageObject\",\"inLanguage\":\"ru-RU\",\"@id\":\"https:\/\/sporta-preces.lv\/ru\/product\/pedali-jet-hc-jd-92\/#primaryimage\",\"url\":\"https:\/\/sporta-preces.lv\/wp-content\/uploads\/2022\/02\/DSC_0472-1-1.jpg\",\"contentUrl\":\"https:\/\/sporta-preces.lv\/wp-content\/uploads\/2022\/02\/DSC_0472-1-1.jpg\",\"width\":1092,\"height\":1377},{\"@type\":\"BreadcrumbList\",\"@id\":\"https:\/\/sporta-preces.lv\/ru\/product\/pedali-jet-hc-jd-92\/#breadcrumb\",\"itemListElement\":[{\"@type\":\"ListItem\",\"position\":1,\"name\":\"Home\",\"item\":\"https:\/\/sporta-preces.lv\/ru\/\"},{\"@type\":\"ListItem\",\"position\":2,\"name\":\"\u041a\u0430\u0442\u0430\u043b\u043e\u0433\",\"item\":\"https:\/\/sporta-preces.lv\/ru\/katalog\/\"},{\"@type\":\"ListItem\",\"position\":3,\"name\":\"\u041f\u0435\u0434\u0430\u043b\u0438 Jet HC-JD-92\"}]},{\"@type\":\"WebSite\",\"@id\":\"https:\/\/sporta-preces.lv\/#website\",\"url\":\"https:\/\/sporta-preces.lv\/\",\"name\":\"Sporta-preces\",\"description\":\"Kvalitat\u012bvas sporta preces par lab\u0101kaj\u0101m cen\u0101m.\",\"potentialAction\":[{\"@type\":\"SearchAction\",\"target\":{\"@type\":\"EntryPoint\",\"urlTemplate\":\"https:\/\/sporta-preces.lv\/?s={search_term_string}\"},\"query-input\":{\"@type\":\"PropertyValueSpecification\",\"valueRequired\":true,\"valueName\":\"search_term_string\"}}],\"inLanguage\":\"ru-RU\"}]}<\/script>\n<!-- \/ Yoast SEO Premium plugin. -->","yoast_head_json":{"title":"\u041f\u0435\u0434\u0430\u043b\u0438 Jet HC-JD-92 - Sporta-preces","robots":{"index":"index","follow":"follow","max-snippet":"max-snippet:-1","max-image-preview":"max-image-preview:large","max-video-preview":"max-video-preview:-1"},"canonical":"https:\/\/sporta-preces.lv\/ru\/product\/pedali-jet-hc-jd-92\/","og_locale":"ru_RU","og_type":"article","og_title":"\u041f\u0435\u0434\u0430\u043b\u0438 Jet HC-JD-92","og_description":"\u041f\u0435\u0434\u0430\u043b\u0438 Jet HC-JD-92 \u0423\u0441\u0438\u043b\u0435\u043d\u043d\u0430\u044f \u0441\u0442\u0430\u043b\u044c \u0438 \u0440\u0435\u0437\u0438\u043d\u043e\u0432\u0430\u044f \u043a\u043e\u043d\u0441\u0442\u0440\u0443\u043a\u0446\u0438\u044f","og_url":"https:\/\/sporta-preces.lv\/ru\/product\/pedali-jet-hc-jd-92\/","og_site_name":"Sporta-preces","article_modified_time":"2022-04-12T11:31:47+00:00","og_image":[{"width":1092,"height":1377,"url":"https:\/\/sporta-preces.lv\/wp-content\/uploads\/2022\/02\/DSC_0472-1-1.jpg","type":"image\/jpeg"}],"twitter_card":"summary_large_image","schema":{"@context":"https:\/\/schema.org","@graph":[{"@type":"WebPage","@id":"https:\/\/sporta-preces.lv\/ru\/product\/pedali-jet-hc-jd-92\/","url":"https:\/\/sporta-preces.lv\/ru\/product\/pedali-jet-hc-jd-92\/","name":"\u041f\u0435\u0434\u0430\u043b\u0438 Jet HC-JD-92 - Sporta-preces","isPartOf":{"@id":"https:\/\/sporta-preces.lv\/#website"},"primaryImageOfPage":{"@id":"https:\/\/sporta-preces.lv\/ru\/product\/pedali-jet-hc-jd-92\/#primaryimage"},"image":{"@id":"https:\/\/sporta-preces.lv\/ru\/product\/pedali-jet-hc-jd-92\/#primaryimage"},"thumbnailUrl":"https:\/\/sporta-preces.lv\/wp-content\/uploads\/2022\/02\/DSC_0472-1-1.jpg","datePublished":"2022-02-18T22:58:24+00:00","dateModified":"2022-04-12T11:31:47+00:00","breadcrumb":{"@id":"https:\/\/sporta-preces.lv\/ru\/product\/pedali-jet-hc-jd-92\/#breadcrumb"},"inLanguage":"ru-RU","potentialAction":[{"@type":"ReadAction","target":["https:\/\/sporta-preces.lv\/ru\/product\/pedali-jet-hc-jd-92\/"]}]},{"@type":"ImageObject","inLanguage":"ru-RU","@id":"https:\/\/sporta-preces.lv\/ru\/product\/pedali-jet-hc-jd-92\/#primaryimage","url":"https:\/\/sporta-preces.lv\/wp-content\/uploads\/2022\/02\/DSC_0472-1-1.jpg","contentUrl":"https:\/\/sporta-preces.lv\/wp-content\/uploads\/2022\/02\/DSC_0472-1-1.jpg","width":1092,"height":1377},{"@type":"BreadcrumbList","@id":"https:\/\/sporta-preces.lv\/ru\/product\/pedali-jet-hc-jd-92\/#breadcrumb","itemListElement":[{"@type":"ListItem","position":1,"name":"Home","item":"https:\/\/sporta-preces.lv\/ru\/"},{"@type":"ListItem","position":2,"name":"\u041a\u0430\u0442\u0430\u043b\u043e\u0433","item":"https:\/\/sporta-preces.lv\/ru\/katalog\/"},{"@type":"ListItem","position":3,"name":"\u041f\u0435\u0434\u0430\u043b\u0438 Jet HC-JD-92"}]},{"@type":"WebSite","@id":"https:\/\/sporta-preces.lv\/#website","url":"https:\/\/sporta-preces.lv\/","name":"Sporta-preces","description":"Kvalitat\u012bvas sporta preces par lab\u0101kaj\u0101m cen\u0101m.","potentialAction":[{"@type":"SearchAction","target":{"@type":"EntryPoint","urlTemplate":"https:\/\/sporta-preces.lv\/?s={search_term_string}"},"query-input":{"@type":"PropertyValueSpecification","valueRequired":true,"valueName":"search_term_string"}}],"inLanguage":"ru-RU"}]}},"_links":{"self":[{"href":"https:\/\/sporta-preces.lv\/ru\/wp-json\/wp\/v2\/product\/8522","targetHints":{"allow":["GET"]}}],"collection":[{"href":"https:\/\/sporta-preces.lv\/ru\/wp-json\/wp\/v2\/product"}],"about":[{"href":"https:\/\/sporta-preces.lv\/ru\/wp-json\/wp\/v2\/types\/product"}],"wp:featuredmedia":[{"embeddable":true,"href":"https:\/\/sporta-preces.lv\/ru\/wp-json\/wp\/v2\/media\/8524"}],"wp:attachment":[{"href":"https:\/\/sporta-preces.lv\/ru\/wp-json\/wp\/v2\/media?parent=8522"}],"wp:term":[{"taxonomy":"product_cat","embeddable":true,"href":"https:\/\/sporta-preces.lv\/ru\/wp-json\/wp\/v2\/product_cat?post=8522"},{"taxonomy":"product_tag","embeddable":true,"href":"https:\/\/sporta-preces.lv\/ru\/wp-json\/wp\/v2\/product_tag?post=8522"}],"curies":[{"name":"wp","href":"https:\/\/api.w.org\/{rel}","templated":true}]}}