{"id":8378,"date":"2022-03-16T21:17:23","date_gmt":"2022-03-16T19:17:23","guid":{"rendered":"https:\/\/sporta-preces.lv\/product\/nasos-beto-cmp-155pg7-s-manometrom-a566\/"},"modified":"2022-03-16T21:17:23","modified_gmt":"2022-03-16T19:17:23","slug":"nasos-beto-cmp-155pg7-s-manometrom-a566","status":"publish","type":"product","link":"https:\/\/sporta-preces.lv\/ru\/product\/nasos-beto-cmp-155pg7-s-manometrom-a566\/","title":{"rendered":"\u041d\u0430\u0441\u043e\u0441 Beto CMP-155PG7, \u0441 \u043c\u0430\u043d\u043e\u043c\u0435\u0442\u0440\u043e\u043c, A566"},"content":{"rendered":"<p>\u041d\u0430\u043f\u043e\u043b\u044c\u043d\u044b\u0439 \u043d\u0430\u0441\u043e\u0441, \u043f\u043e\u0434\u0445\u043e\u0434\u0438\u0442 \u0434\u043b\u044f \u0430\u0432\u0442\u043e\u043c\u043e\u0431\u0438\u043b\u044c\u043d\u044b\u0445 \u0438 \u0432\u0435\u043b\u043e\u0441\u0438\u043f\u0435\u0434\u043d\u044b\u0445 \u043a\u043b\u0430\u043f\u0430\u043d\u043e\u0432. \u041a\u043e\u0440\u043f\u0443\u0441 \u0438\u0437\u0433\u043e\u0442\u043e\u0432\u043b\u0435\u043d \u0438\u0437 \u0432\u044b\u0441\u043e\u043a\u043e\u043a\u0430\u0447\u0435\u0441\u0442\u0432\u0435\u043d\u043d\u043e\u0439 \u0441\u0442\u0430\u043b\u0438. \u041e\u0441\u043d\u0430\u0449\u0435\u043d \u0442\u043e\u0447\u043d\u044b\u043c \u043c\u0430\u043d\u043e\u043c\u0435\u0442\u0440\u043e\u043c.<\/p>\n<p> \u0421\u043e\u0432\u043c\u0435\u0441\u0442\u0438\u043c \u0441\u043e \u0432\u0441\u0435\u043c\u0438 \u0442\u0438\u043f\u0430\u043c\u0438 \u043a\u043b\u0430\u043f\u0430\u043d\u043e\u0432: AVschreder, DV dunlop, FV presta.<br \/>\n\u041a\u043e\u0440\u043f\u0443\u0441 \u043d\u0430\u0441\u043e\u0441\u0430 \u0438\u0437\u0433\u043e\u0442\u043e\u0432\u043b\u0435\u043d \u0438\u0437 \u0432\u044b\u0441\u043e\u043a\u043e\u043a\u0430\u0447\u0435\u0441\u0442\u0432\u0435\u043d\u043d\u043e\u0439 \u0441\u0442\u0430\u043b\u0438.<br \/>\n\u041c\u0430\u043a\u0441\u0438\u043c\u0430\u043b\u044c\u043d\u043e\u0435 \u0434\u0430\u0432\u043b\u0435\u043d\u0438\u0435: 11 \u0431\u0430\u0440 \/ 160 \u0444\u0443\u043d\u0442\u043e\u0432 \u043d\u0430 \u043a\u0432\u0430\u0434\u0440\u0430\u0442\u043d\u044b\u0439 \u0434\u044e\u0439\u043c <br \/>\n\u0412\u0441\u0442\u0440\u043e\u0435\u043d\u043d\u044b\u0439 \u043c\u0430\u043d\u043e\u043c\u0435\u0442\u0440 <br \/>\n\u0414\u043b\u0438\u043d\u0430 \u043c\u0438\u043d\/\u043c\u0430\u043a\u0441: 55\/91\u0441\u043c <br \/>\n\u0412\u044b\u0441\u043e\u043a\u0430\u044f \u043f\u0440\u043e\u0438\u0437\u0432\u043e\u0434\u0438\u0442\u0435\u043b\u044c\u043d\u043e\u0441\u0442\u044c <br \/>\n\u0418\u0441\u043f\u043e\u043b\u044c\u0437\u0443\u0435\u0442\u0441\u044f \u0432 \u0434\u043e\u043c\u0430\u0448\u043d\u0435\u0439 \u043c\u0430\u0441\u0442\u0435\u0440\u0441\u043a\u043e\u0439, \u043f\u0440\u043e\u0444\u0435\u0441\u0441\u0438\u043e\u043d\u0430\u043b\u044c\u043d\u043e\u043c \u0441\u0435\u0440\u0432\u0438\u0441\u0435 \u0438\u043b\u0438 \u0430\u0432\u0442\u043e\u043c\u043e\u0431\u0438\u043b\u0435. <br \/>\n\u0412\u0435\u0441 1070\u0433\u0440<\/p>\n<p class=\"img-left\"><img fetchpriority=\"high\" decoding=\"async\" class=\"alignnone size-medium wp-image-7539\" src=\"https:\/\/sporta-preces.lv\/wp-content\/uploads\/2022\/03\/a566-300x300.jpg\" alt=\"\" width=\"300\" height=\"300\" srcset=\"https:\/\/sporta-preces.lv\/wp-content\/uploads\/2022\/03\/a566-300x300.jpg 300w, https:\/\/sporta-preces.lv\/wp-content\/uploads\/2022\/03\/a566-600x600.jpg 600w, https:\/\/sporta-preces.lv\/wp-content\/uploads\/2022\/03\/a566-100x100.jpg 100w, https:\/\/sporta-preces.lv\/wp-content\/uploads\/2022\/03\/a566.jpg 640w\" sizes=\"(max-width: 300px) 100vw, 300px\" \/><img decoding=\"async\" class=\"alignnone size-medium wp-image-7533\" src=\"https:\/\/sporta-preces.lv\/wp-content\/uploads\/2022\/03\/poj_inst1-300x300.jpg\" alt=\"\" width=\"300\" height=\"300\" srcset=\"https:\/\/sporta-preces.lv\/wp-content\/uploads\/2022\/03\/poj_inst1-300x300.jpg 300w, https:\/\/sporta-preces.lv\/wp-content\/uploads\/2022\/03\/poj_inst1-768x768.jpg 768w, https:\/\/sporta-preces.lv\/wp-content\/uploads\/2022\/03\/poj_inst1-600x600.jpg 600w, https:\/\/sporta-preces.lv\/wp-content\/uploads\/2022\/03\/poj_inst1-100x100.jpg 100w, https:\/\/sporta-preces.lv\/wp-content\/uploads\/2022\/03\/poj_inst1.jpg 960w\" sizes=\"(max-width: 300px) 100vw, 300px\" \/> <img decoding=\"async\" class=\"alignnone size-medium wp-image-7535\" src=\"https:\/\/sporta-preces.lv\/wp-content\/uploads\/2022\/03\/poj_inst-300x300.jpg\" alt=\"\" width=\"300\" height=\"300\" srcset=\"https:\/\/sporta-preces.lv\/wp-content\/uploads\/2022\/03\/poj_inst-300x300.jpg 300w, https:\/\/sporta-preces.lv\/wp-content\/uploads\/2022\/03\/poj_inst-768x768.jpg 768w, https:\/\/sporta-preces.lv\/wp-content\/uploads\/2022\/03\/poj_inst-600x600.jpg 600w, https:\/\/sporta-preces.lv\/wp-content\/uploads\/2022\/03\/poj_inst-100x100.jpg 100w, https:\/\/sporta-preces.lv\/wp-content\/uploads\/2022\/03\/poj_inst.jpg 960w\" sizes=\"(max-width: 300px) 100vw, 300px\" \/> <img loading=\"lazy\" decoding=\"async\" class=\"alignnone size-medium wp-image-7537\" src=\"https:\/\/sporta-preces.lv\/wp-content\/uploads\/2022\/03\/poj-300x300.jpg\" alt=\"\" width=\"300\" height=\"300\" srcset=\"https:\/\/sporta-preces.lv\/wp-content\/uploads\/2022\/03\/poj-300x300.jpg 300w, https:\/\/sporta-preces.lv\/wp-content\/uploads\/2022\/03\/poj-768x768.jpg 768w, https:\/\/sporta-preces.lv\/wp-content\/uploads\/2022\/03\/poj-600x600.jpg 600w, https:\/\/sporta-preces.lv\/wp-content\/uploads\/2022\/03\/poj-100x100.jpg 100w, https:\/\/sporta-preces.lv\/wp-content\/uploads\/2022\/03\/poj.jpg 960w\" sizes=\"(max-width: 300px) 100vw, 300px\" \/><\/p>\n","protected":false},"excerpt":{"rendered":"<p>\u041d\u0430\u043f\u043e\u043b\u044c\u043d\u044b\u0439 \u043d\u0430\u0441\u043e\u0441, \u043f\u043e\u0434\u0445\u043e\u0434\u0438\u0442 \u0434\u043b\u044f \u0430\u0432\u0442\u043e\u043c\u043e\u0431\u0438\u043b\u044c\u043d\u044b\u0445 \u0438 \u0432\u0435\u043b\u043e\u0441\u0438\u043f\u0435\u0434\u043d\u044b\u0445 \u043a\u043b\u0430\u043f\u0430\u043d\u043e\u0432. \u041a\u043e\u0440\u043f\u0443\u0441 \u0438\u0437\u0433\u043e\u0442\u043e\u0432\u043b\u0435\u043d \u0438\u0437 \u0432\u044b\u0441\u043e\u043a\u043e\u043a\u0430\u0447\u0435\u0441\u0442\u0432\u0435\u043d\u043d\u043e\u0439 \u0441\u0442\u0430\u043b\u0438. \u041e\u0441\u043d\u0430\u0449\u0435\u043d \u0442\u043e\u0447\u043d\u044b\u043c \u043c\u0430\u043d\u043e\u043c\u0435\u0442\u0440\u043e\u043c. \u0421\u043e\u0432\u043c\u0435\u0441\u0442\u0438\u043c \u0441\u043e \u0432\u0441\u0435\u043c\u0438 \u0442\u0438\u043f\u0430\u043c\u0438 \u043a\u043b\u0430\u043f\u0430\u043d\u043e\u0432: AVschreder, DV dunlop, FV presta. \u041a\u043e\u0440\u043f\u0443\u0441 \u043d\u0430\u0441\u043e\u0441\u0430 \u0438\u0437\u0433\u043e\u0442\u043e\u0432\u043b\u0435\u043d \u0438\u0437 \u0432\u044b\u0441\u043e\u043a\u043e\u043a\u0430\u0447\u0435\u0441\u0442\u0432\u0435\u043d\u043d\u043e\u0439 \u0441\u0442\u0430\u043b\u0438. \u041c\u0430\u043a\u0441\u0438\u043c\u0430\u043b\u044c\u043d\u043e\u0435 \u0434\u0430\u0432\u043b\u0435\u043d\u0438\u0435: 11 \u0431\u0430\u0440 \/ 160 \u0444\u0443\u043d\u0442\u043e\u0432 \u043d\u0430 &hellip; <a href=\"https:\/\/sporta-preces.lv\/ru\/product\/nasos-beto-cmp-155pg7-s-manometrom-a566\/\">Readmore<\/a><\/p>\n","protected":false},"featured_media":7539,"template":"","meta":[],"product_cat":[134],"product_tag":[],"class_list":{"0":"post-8378","1":"product","2":"type-product","3":"status-publish","4":"has-post-thumbnail","6":"product_cat-nasosi-dlja-velosipedov","7":"product_shipping_class-velo-acc-m-izmers-ru","9":"first","10":"instock","11":"purchasable","12":"product-type-simple"},"yoast_head":"<!-- This site is optimized with the Yoast SEO Premium plugin v27.1 (Yoast SEO v27.2) - https:\/\/yoast.com\/product\/yoast-seo-premium-wordpress\/ -->\n<title>\u041d\u0430\u0441\u043e\u0441 Beto CMP-155PG7, \u0441 \u043c\u0430\u043d\u043e\u043c\u0435\u0442\u0440\u043e\u043c, A566 - Sporta-preces<\/title>\n<meta name=\"robots\" content=\"index, follow, max-snippet:-1, max-image-preview:large, max-video-preview:-1\" \/>\n<link rel=\"canonical\" href=\"https:\/\/sporta-preces.lv\/ru\/product\/nasos-beto-cmp-155pg7-s-manometrom-a566\/\" \/>\n<meta property=\"og:locale\" content=\"ru_RU\" \/>\n<meta property=\"og:type\" content=\"article\" \/>\n<meta property=\"og:title\" content=\"\u041d\u0430\u0441\u043e\u0441 Beto CMP-155PG7, \u0441 \u043c\u0430\u043d\u043e\u043c\u0435\u0442\u0440\u043e\u043c, A566\" \/>\n<meta property=\"og:description\" content=\"\u041d\u0430\u043f\u043e\u043b\u044c\u043d\u044b\u0439 \u043d\u0430\u0441\u043e\u0441, \u043f\u043e\u0434\u0445\u043e\u0434\u0438\u0442 \u0434\u043b\u044f \u0430\u0432\u0442\u043e\u043c\u043e\u0431\u0438\u043b\u044c\u043d\u044b\u0445 \u0438 \u0432\u0435\u043b\u043e\u0441\u0438\u043f\u0435\u0434\u043d\u044b\u0445 \u043a\u043b\u0430\u043f\u0430\u043d\u043e\u0432. \u041a\u043e\u0440\u043f\u0443\u0441 \u0438\u0437\u0433\u043e\u0442\u043e\u0432\u043b\u0435\u043d \u0438\u0437 \u0432\u044b\u0441\u043e\u043a\u043e\u043a\u0430\u0447\u0435\u0441\u0442\u0432\u0435\u043d\u043d\u043e\u0439 \u0441\u0442\u0430\u043b\u0438. \u041e\u0441\u043d\u0430\u0449\u0435\u043d \u0442\u043e\u0447\u043d\u044b\u043c \u043c\u0430\u043d\u043e\u043c\u0435\u0442\u0440\u043e\u043c. \u0421\u043e\u0432\u043c\u0435\u0441\u0442\u0438\u043c \u0441\u043e \u0432\u0441\u0435\u043c\u0438 \u0442\u0438\u043f\u0430\u043c\u0438 \u043a\u043b\u0430\u043f\u0430\u043d\u043e\u0432: AVschreder, DV dunlop, FV presta. \u041a\u043e\u0440\u043f\u0443\u0441 \u043d\u0430\u0441\u043e\u0441\u0430 \u0438\u0437\u0433\u043e\u0442\u043e\u0432\u043b\u0435\u043d \u0438\u0437 \u0432\u044b\u0441\u043e\u043a\u043e\u043a\u0430\u0447\u0435\u0441\u0442\u0432\u0435\u043d\u043d\u043e\u0439 \u0441\u0442\u0430\u043b\u0438. \u041c\u0430\u043a\u0441\u0438\u043c\u0430\u043b\u044c\u043d\u043e\u0435 \u0434\u0430\u0432\u043b\u0435\u043d\u0438\u0435: 11 \u0431\u0430\u0440 \/ 160 \u0444\u0443\u043d\u0442\u043e\u0432 \u043d\u0430 &hellip; Readmore\" \/>\n<meta property=\"og:url\" content=\"https:\/\/sporta-preces.lv\/ru\/product\/nasos-beto-cmp-155pg7-s-manometrom-a566\/\" \/>\n<meta property=\"og:site_name\" content=\"Sporta-preces\" \/>\n<meta property=\"og:image\" content=\"https:\/\/sporta-preces.lv\/wp-content\/uploads\/2022\/03\/a566.jpg\" \/>\n\t<meta property=\"og:image:width\" content=\"640\" \/>\n\t<meta property=\"og:image:height\" content=\"640\" \/>\n\t<meta property=\"og:image:type\" content=\"image\/jpeg\" \/>\n<meta name=\"twitter:card\" content=\"summary_large_image\" \/>\n<script type=\"application\/ld+json\" class=\"yoast-schema-graph\">{\"@context\":\"https:\/\/schema.org\",\"@graph\":[{\"@type\":\"WebPage\",\"@id\":\"https:\/\/sporta-preces.lv\/ru\/product\/nasos-beto-cmp-155pg7-s-manometrom-a566\/\",\"url\":\"https:\/\/sporta-preces.lv\/ru\/product\/nasos-beto-cmp-155pg7-s-manometrom-a566\/\",\"name\":\"\u041d\u0430\u0441\u043e\u0441 Beto CMP-155PG7, \u0441 \u043c\u0430\u043d\u043e\u043c\u0435\u0442\u0440\u043e\u043c, A566 - Sporta-preces\",\"isPartOf\":{\"@id\":\"https:\/\/sporta-preces.lv\/#website\"},\"primaryImageOfPage\":{\"@id\":\"https:\/\/sporta-preces.lv\/ru\/product\/nasos-beto-cmp-155pg7-s-manometrom-a566\/#primaryimage\"},\"image\":{\"@id\":\"https:\/\/sporta-preces.lv\/ru\/product\/nasos-beto-cmp-155pg7-s-manometrom-a566\/#primaryimage\"},\"thumbnailUrl\":\"https:\/\/sporta-preces.lv\/wp-content\/uploads\/2022\/03\/a566.jpg\",\"datePublished\":\"2022-03-16T19:17:23+00:00\",\"breadcrumb\":{\"@id\":\"https:\/\/sporta-preces.lv\/ru\/product\/nasos-beto-cmp-155pg7-s-manometrom-a566\/#breadcrumb\"},\"inLanguage\":\"ru-RU\",\"potentialAction\":[{\"@type\":\"ReadAction\",\"target\":[\"https:\/\/sporta-preces.lv\/ru\/product\/nasos-beto-cmp-155pg7-s-manometrom-a566\/\"]}]},{\"@type\":\"ImageObject\",\"inLanguage\":\"ru-RU\",\"@id\":\"https:\/\/sporta-preces.lv\/ru\/product\/nasos-beto-cmp-155pg7-s-manometrom-a566\/#primaryimage\",\"url\":\"https:\/\/sporta-preces.lv\/wp-content\/uploads\/2022\/03\/a566.jpg\",\"contentUrl\":\"https:\/\/sporta-preces.lv\/wp-content\/uploads\/2022\/03\/a566.jpg\",\"width\":640,\"height\":640},{\"@type\":\"BreadcrumbList\",\"@id\":\"https:\/\/sporta-preces.lv\/ru\/product\/nasos-beto-cmp-155pg7-s-manometrom-a566\/#breadcrumb\",\"itemListElement\":[{\"@type\":\"ListItem\",\"position\":1,\"name\":\"Home\",\"item\":\"https:\/\/sporta-preces.lv\/ru\/\"},{\"@type\":\"ListItem\",\"position\":2,\"name\":\"\u041a\u0430\u0442\u0430\u043b\u043e\u0433\",\"item\":\"https:\/\/sporta-preces.lv\/ru\/katalog\/\"},{\"@type\":\"ListItem\",\"position\":3,\"name\":\"\u041d\u0430\u0441\u043e\u0441 Beto CMP-155PG7, \u0441 \u043c\u0430\u043d\u043e\u043c\u0435\u0442\u0440\u043e\u043c, A566\"}]},{\"@type\":\"WebSite\",\"@id\":\"https:\/\/sporta-preces.lv\/#website\",\"url\":\"https:\/\/sporta-preces.lv\/\",\"name\":\"Sporta-preces\",\"description\":\"Kvalitat\u012bvas sporta preces par lab\u0101kaj\u0101m cen\u0101m.\",\"potentialAction\":[{\"@type\":\"SearchAction\",\"target\":{\"@type\":\"EntryPoint\",\"urlTemplate\":\"https:\/\/sporta-preces.lv\/?s={search_term_string}\"},\"query-input\":{\"@type\":\"PropertyValueSpecification\",\"valueRequired\":true,\"valueName\":\"search_term_string\"}}],\"inLanguage\":\"ru-RU\"}]}<\/script>\n<!-- \/ Yoast SEO Premium plugin. -->","yoast_head_json":{"title":"\u041d\u0430\u0441\u043e\u0441 Beto CMP-155PG7, \u0441 \u043c\u0430\u043d\u043e\u043c\u0435\u0442\u0440\u043e\u043c, A566 - Sporta-preces","robots":{"index":"index","follow":"follow","max-snippet":"max-snippet:-1","max-image-preview":"max-image-preview:large","max-video-preview":"max-video-preview:-1"},"canonical":"https:\/\/sporta-preces.lv\/ru\/product\/nasos-beto-cmp-155pg7-s-manometrom-a566\/","og_locale":"ru_RU","og_type":"article","og_title":"\u041d\u0430\u0441\u043e\u0441 Beto CMP-155PG7, \u0441 \u043c\u0430\u043d\u043e\u043c\u0435\u0442\u0440\u043e\u043c, A566","og_description":"\u041d\u0430\u043f\u043e\u043b\u044c\u043d\u044b\u0439 \u043d\u0430\u0441\u043e\u0441, \u043f\u043e\u0434\u0445\u043e\u0434\u0438\u0442 \u0434\u043b\u044f \u0430\u0432\u0442\u043e\u043c\u043e\u0431\u0438\u043b\u044c\u043d\u044b\u0445 \u0438 \u0432\u0435\u043b\u043e\u0441\u0438\u043f\u0435\u0434\u043d\u044b\u0445 \u043a\u043b\u0430\u043f\u0430\u043d\u043e\u0432. \u041a\u043e\u0440\u043f\u0443\u0441 \u0438\u0437\u0433\u043e\u0442\u043e\u0432\u043b\u0435\u043d \u0438\u0437 \u0432\u044b\u0441\u043e\u043a\u043e\u043a\u0430\u0447\u0435\u0441\u0442\u0432\u0435\u043d\u043d\u043e\u0439 \u0441\u0442\u0430\u043b\u0438. \u041e\u0441\u043d\u0430\u0449\u0435\u043d \u0442\u043e\u0447\u043d\u044b\u043c \u043c\u0430\u043d\u043e\u043c\u0435\u0442\u0440\u043e\u043c. \u0421\u043e\u0432\u043c\u0435\u0441\u0442\u0438\u043c \u0441\u043e \u0432\u0441\u0435\u043c\u0438 \u0442\u0438\u043f\u0430\u043c\u0438 \u043a\u043b\u0430\u043f\u0430\u043d\u043e\u0432: AVschreder, DV dunlop, FV presta. \u041a\u043e\u0440\u043f\u0443\u0441 \u043d\u0430\u0441\u043e\u0441\u0430 \u0438\u0437\u0433\u043e\u0442\u043e\u0432\u043b\u0435\u043d \u0438\u0437 \u0432\u044b\u0441\u043e\u043a\u043e\u043a\u0430\u0447\u0435\u0441\u0442\u0432\u0435\u043d\u043d\u043e\u0439 \u0441\u0442\u0430\u043b\u0438. \u041c\u0430\u043a\u0441\u0438\u043c\u0430\u043b\u044c\u043d\u043e\u0435 \u0434\u0430\u0432\u043b\u0435\u043d\u0438\u0435: 11 \u0431\u0430\u0440 \/ 160 \u0444\u0443\u043d\u0442\u043e\u0432 \u043d\u0430 &hellip; Readmore","og_url":"https:\/\/sporta-preces.lv\/ru\/product\/nasos-beto-cmp-155pg7-s-manometrom-a566\/","og_site_name":"Sporta-preces","og_image":[{"width":640,"height":640,"url":"https:\/\/sporta-preces.lv\/wp-content\/uploads\/2022\/03\/a566.jpg","type":"image\/jpeg"}],"twitter_card":"summary_large_image","schema":{"@context":"https:\/\/schema.org","@graph":[{"@type":"WebPage","@id":"https:\/\/sporta-preces.lv\/ru\/product\/nasos-beto-cmp-155pg7-s-manometrom-a566\/","url":"https:\/\/sporta-preces.lv\/ru\/product\/nasos-beto-cmp-155pg7-s-manometrom-a566\/","name":"\u041d\u0430\u0441\u043e\u0441 Beto CMP-155PG7, \u0441 \u043c\u0430\u043d\u043e\u043c\u0435\u0442\u0440\u043e\u043c, A566 - Sporta-preces","isPartOf":{"@id":"https:\/\/sporta-preces.lv\/#website"},"primaryImageOfPage":{"@id":"https:\/\/sporta-preces.lv\/ru\/product\/nasos-beto-cmp-155pg7-s-manometrom-a566\/#primaryimage"},"image":{"@id":"https:\/\/sporta-preces.lv\/ru\/product\/nasos-beto-cmp-155pg7-s-manometrom-a566\/#primaryimage"},"thumbnailUrl":"https:\/\/sporta-preces.lv\/wp-content\/uploads\/2022\/03\/a566.jpg","datePublished":"2022-03-16T19:17:23+00:00","breadcrumb":{"@id":"https:\/\/sporta-preces.lv\/ru\/product\/nasos-beto-cmp-155pg7-s-manometrom-a566\/#breadcrumb"},"inLanguage":"ru-RU","potentialAction":[{"@type":"ReadAction","target":["https:\/\/sporta-preces.lv\/ru\/product\/nasos-beto-cmp-155pg7-s-manometrom-a566\/"]}]},{"@type":"ImageObject","inLanguage":"ru-RU","@id":"https:\/\/sporta-preces.lv\/ru\/product\/nasos-beto-cmp-155pg7-s-manometrom-a566\/#primaryimage","url":"https:\/\/sporta-preces.lv\/wp-content\/uploads\/2022\/03\/a566.jpg","contentUrl":"https:\/\/sporta-preces.lv\/wp-content\/uploads\/2022\/03\/a566.jpg","width":640,"height":640},{"@type":"BreadcrumbList","@id":"https:\/\/sporta-preces.lv\/ru\/product\/nasos-beto-cmp-155pg7-s-manometrom-a566\/#breadcrumb","itemListElement":[{"@type":"ListItem","position":1,"name":"Home","item":"https:\/\/sporta-preces.lv\/ru\/"},{"@type":"ListItem","position":2,"name":"\u041a\u0430\u0442\u0430\u043b\u043e\u0433","item":"https:\/\/sporta-preces.lv\/ru\/katalog\/"},{"@type":"ListItem","position":3,"name":"\u041d\u0430\u0441\u043e\u0441 Beto CMP-155PG7, \u0441 \u043c\u0430\u043d\u043e\u043c\u0435\u0442\u0440\u043e\u043c, A566"}]},{"@type":"WebSite","@id":"https:\/\/sporta-preces.lv\/#website","url":"https:\/\/sporta-preces.lv\/","name":"Sporta-preces","description":"Kvalitat\u012bvas sporta preces par lab\u0101kaj\u0101m cen\u0101m.","potentialAction":[{"@type":"SearchAction","target":{"@type":"EntryPoint","urlTemplate":"https:\/\/sporta-preces.lv\/?s={search_term_string}"},"query-input":{"@type":"PropertyValueSpecification","valueRequired":true,"valueName":"search_term_string"}}],"inLanguage":"ru-RU"}]}},"_links":{"self":[{"href":"https:\/\/sporta-preces.lv\/ru\/wp-json\/wp\/v2\/product\/8378","targetHints":{"allow":["GET"]}}],"collection":[{"href":"https:\/\/sporta-preces.lv\/ru\/wp-json\/wp\/v2\/product"}],"about":[{"href":"https:\/\/sporta-preces.lv\/ru\/wp-json\/wp\/v2\/types\/product"}],"wp:featuredmedia":[{"embeddable":true,"href":"https:\/\/sporta-preces.lv\/ru\/wp-json\/wp\/v2\/media\/7539"}],"wp:attachment":[{"href":"https:\/\/sporta-preces.lv\/ru\/wp-json\/wp\/v2\/media?parent=8378"}],"wp:term":[{"taxonomy":"product_cat","embeddable":true,"href":"https:\/\/sporta-preces.lv\/ru\/wp-json\/wp\/v2\/product_cat?post=8378"},{"taxonomy":"product_tag","embeddable":true,"href":"https:\/\/sporta-preces.lv\/ru\/wp-json\/wp\/v2\/product_tag?post=8378"}],"curies":[{"name":"wp","href":"https:\/\/api.w.org\/{rel}","templated":true}]}}