{"id":8339,"date":"2022-02-19T00:18:22","date_gmt":"2022-02-18T22:18:22","guid":{"rendered":"https:\/\/sporta-preces.lv\/product\/perednyaya-korzina-metall-chernyj-ht-029\/"},"modified":"2025-04-10T13:19:09","modified_gmt":"2025-04-10T11:19:09","slug":"perednyaya-korzina-metall-chernyj-ht-029","status":"publish","type":"product","link":"https:\/\/sporta-preces.lv\/ru\/product\/perednyaya-korzina-metall-chernyj-ht-029\/","title":{"rendered":"\u041f\u0435\u0440\u0435\u0434\u043d\u044f\u044f \u043a\u043e\u0440\u0437\u0438\u043d\u0430, \u043c\u0435\u0442\u0430\u043b\u043b, \u0447\u0435\u0440\u043d\u044b\u0439, HT-029 A066"},"content":{"rendered":"<p>\u041c\u0435\u0442\u0430\u043b\u043b\u0438\u0447\u0435\u0441\u043a\u0430\u044f \u043a\u043e\u0440\u0437\u0438\u043d\u0430 HT-029, \u0441 \u043c\u0435\u0442\u0430\u043b\u043b\u0438\u0447\u0435\u0441\u043a\u0438\u043c\u0438 \u043a\u0440\u0435\u043f\u043b\u0435\u043d\u0438\u044f\u043c\u0438 \u043a \u0440\u0443\u043b\u044e.<\/p>\n<p class=\"img-left\"><img fetchpriority=\"high\" decoding=\"async\" class=\"alignnone size-medium wp-image-321\" src=\"https:\/\/sporta-preces.lv\/wp-content\/uploads\/2021\/03\/ht-029-300x200.png\" alt=\"\" width=\"300\" height=\"200\" \/><\/p>\n","protected":false},"excerpt":{"rendered":"<p>\u041c\u0435\u0442\u0430\u043b\u043b\u0438\u0447\u0435\u0441\u043a\u0430\u044f \u043a\u043e\u0440\u0437\u0438\u043d\u0430 HT-029, \u0441 \u043c\u0435\u0442\u0430\u043b\u043b\u0438\u0447\u0435\u0441\u043a\u0438\u043c\u0438 \u043a\u0440\u0435\u043f\u043b\u0435\u043d\u0438\u044f\u043c\u0438 \u043a \u0440\u0443\u043b\u044e.<\/p>\n","protected":false},"featured_media":8340,"template":"","meta":[],"product_cat":[129],"product_tag":[],"class_list":{"0":"post-8339","1":"product","2":"type-product","3":"status-publish","4":"has-post-thumbnail","6":"product_cat-korzini-jashiki-dlja-bagaznikov","8":"first","9":"instock","10":"purchasable","11":"product-type-simple"},"yoast_head":"<!-- This site is optimized with the Yoast SEO Premium plugin v27.1 (Yoast SEO v27.2) - https:\/\/yoast.com\/product\/yoast-seo-premium-wordpress\/ -->\n<title>\u041f\u0435\u0440\u0435\u0434\u043d\u044f\u044f \u043a\u043e\u0440\u0437\u0438\u043d\u0430, \u043c\u0435\u0442\u0430\u043b\u043b, \u0447\u0435\u0440\u043d\u044b\u0439, HT-029 A066 - Sporta-preces<\/title>\n<meta name=\"robots\" content=\"index, follow, max-snippet:-1, max-image-preview:large, max-video-preview:-1\" \/>\n<link rel=\"canonical\" href=\"https:\/\/sporta-preces.lv\/ru\/product\/perednyaya-korzina-metall-chernyj-ht-029\/\" \/>\n<meta property=\"og:locale\" content=\"ru_RU\" \/>\n<meta property=\"og:type\" content=\"article\" \/>\n<meta property=\"og:title\" content=\"\u041f\u0435\u0440\u0435\u0434\u043d\u044f\u044f \u043a\u043e\u0440\u0437\u0438\u043d\u0430, \u043c\u0435\u0442\u0430\u043b\u043b, \u0447\u0435\u0440\u043d\u044b\u0439, HT-029 A066\" \/>\n<meta property=\"og:description\" content=\"\u041c\u0435\u0442\u0430\u043b\u043b\u0438\u0447\u0435\u0441\u043a\u0430\u044f \u043a\u043e\u0440\u0437\u0438\u043d\u0430 HT-029, \u0441 \u043c\u0435\u0442\u0430\u043b\u043b\u0438\u0447\u0435\u0441\u043a\u0438\u043c\u0438 \u043a\u0440\u0435\u043f\u043b\u0435\u043d\u0438\u044f\u043c\u0438 \u043a \u0440\u0443\u043b\u044e.\" \/>\n<meta property=\"og:url\" content=\"https:\/\/sporta-preces.lv\/ru\/product\/perednyaya-korzina-metall-chernyj-ht-029\/\" \/>\n<meta property=\"og:site_name\" content=\"Sporta-preces\" \/>\n<meta property=\"article:modified_time\" content=\"2025-04-10T11:19:09+00:00\" \/>\n<meta property=\"og:image\" content=\"https:\/\/sporta-preces.lv\/wp-content\/uploads\/2022\/02\/ht-029-1.png\" \/>\n\t<meta property=\"og:image:width\" content=\"695\" \/>\n\t<meta property=\"og:image:height\" content=\"464\" \/>\n\t<meta property=\"og:image:type\" content=\"image\/png\" \/>\n<meta name=\"twitter:card\" content=\"summary_large_image\" \/>\n<meta name=\"twitter:label1\" content=\"\u041f\u0440\u0438\u043c\u0435\u0440\u043d\u043e\u0435 \u0432\u0440\u0435\u043c\u044f \u0434\u043b\u044f \u0447\u0442\u0435\u043d\u0438\u044f\" \/>\n\t<meta name=\"twitter:data1\" content=\"1 \u043c\u0438\u043d\u0443\u0442\u0430\" \/>\n<script type=\"application\/ld+json\" class=\"yoast-schema-graph\">{\"@context\":\"https:\/\/schema.org\",\"@graph\":[{\"@type\":\"WebPage\",\"@id\":\"https:\/\/sporta-preces.lv\/ru\/product\/perednyaya-korzina-metall-chernyj-ht-029\/\",\"url\":\"https:\/\/sporta-preces.lv\/ru\/product\/perednyaya-korzina-metall-chernyj-ht-029\/\",\"name\":\"\u041f\u0435\u0440\u0435\u0434\u043d\u044f\u044f \u043a\u043e\u0440\u0437\u0438\u043d\u0430, \u043c\u0435\u0442\u0430\u043b\u043b, \u0447\u0435\u0440\u043d\u044b\u0439, HT-029 A066 - Sporta-preces\",\"isPartOf\":{\"@id\":\"https:\/\/sporta-preces.lv\/#website\"},\"primaryImageOfPage\":{\"@id\":\"https:\/\/sporta-preces.lv\/ru\/product\/perednyaya-korzina-metall-chernyj-ht-029\/#primaryimage\"},\"image\":{\"@id\":\"https:\/\/sporta-preces.lv\/ru\/product\/perednyaya-korzina-metall-chernyj-ht-029\/#primaryimage\"},\"thumbnailUrl\":\"https:\/\/sporta-preces.lv\/wp-content\/uploads\/2022\/02\/ht-029-1.png\",\"datePublished\":\"2022-02-18T22:18:22+00:00\",\"dateModified\":\"2025-04-10T11:19:09+00:00\",\"breadcrumb\":{\"@id\":\"https:\/\/sporta-preces.lv\/ru\/product\/perednyaya-korzina-metall-chernyj-ht-029\/#breadcrumb\"},\"inLanguage\":\"ru-RU\",\"potentialAction\":[{\"@type\":\"ReadAction\",\"target\":[\"https:\/\/sporta-preces.lv\/ru\/product\/perednyaya-korzina-metall-chernyj-ht-029\/\"]}]},{\"@type\":\"ImageObject\",\"inLanguage\":\"ru-RU\",\"@id\":\"https:\/\/sporta-preces.lv\/ru\/product\/perednyaya-korzina-metall-chernyj-ht-029\/#primaryimage\",\"url\":\"https:\/\/sporta-preces.lv\/wp-content\/uploads\/2022\/02\/ht-029-1.png\",\"contentUrl\":\"https:\/\/sporta-preces.lv\/wp-content\/uploads\/2022\/02\/ht-029-1.png\",\"width\":695,\"height\":464},{\"@type\":\"BreadcrumbList\",\"@id\":\"https:\/\/sporta-preces.lv\/ru\/product\/perednyaya-korzina-metall-chernyj-ht-029\/#breadcrumb\",\"itemListElement\":[{\"@type\":\"ListItem\",\"position\":1,\"name\":\"Home\",\"item\":\"https:\/\/sporta-preces.lv\/ru\/\"},{\"@type\":\"ListItem\",\"position\":2,\"name\":\"\u041a\u0430\u0442\u0430\u043b\u043e\u0433\",\"item\":\"https:\/\/sporta-preces.lv\/ru\/katalog\/\"},{\"@type\":\"ListItem\",\"position\":3,\"name\":\"\u041f\u0435\u0440\u0435\u0434\u043d\u044f\u044f \u043a\u043e\u0440\u0437\u0438\u043d\u0430, \u043c\u0435\u0442\u0430\u043b\u043b, \u0447\u0435\u0440\u043d\u044b\u0439, HT-029 A066\"}]},{\"@type\":\"WebSite\",\"@id\":\"https:\/\/sporta-preces.lv\/#website\",\"url\":\"https:\/\/sporta-preces.lv\/\",\"name\":\"Sporta-preces\",\"description\":\"Kvalitat\u012bvas sporta preces par lab\u0101kaj\u0101m cen\u0101m.\",\"potentialAction\":[{\"@type\":\"SearchAction\",\"target\":{\"@type\":\"EntryPoint\",\"urlTemplate\":\"https:\/\/sporta-preces.lv\/?s={search_term_string}\"},\"query-input\":{\"@type\":\"PropertyValueSpecification\",\"valueRequired\":true,\"valueName\":\"search_term_string\"}}],\"inLanguage\":\"ru-RU\"}]}<\/script>\n<!-- \/ Yoast SEO Premium plugin. -->","yoast_head_json":{"title":"\u041f\u0435\u0440\u0435\u0434\u043d\u044f\u044f \u043a\u043e\u0440\u0437\u0438\u043d\u0430, \u043c\u0435\u0442\u0430\u043b\u043b, \u0447\u0435\u0440\u043d\u044b\u0439, HT-029 A066 - Sporta-preces","robots":{"index":"index","follow":"follow","max-snippet":"max-snippet:-1","max-image-preview":"max-image-preview:large","max-video-preview":"max-video-preview:-1"},"canonical":"https:\/\/sporta-preces.lv\/ru\/product\/perednyaya-korzina-metall-chernyj-ht-029\/","og_locale":"ru_RU","og_type":"article","og_title":"\u041f\u0435\u0440\u0435\u0434\u043d\u044f\u044f \u043a\u043e\u0440\u0437\u0438\u043d\u0430, \u043c\u0435\u0442\u0430\u043b\u043b, \u0447\u0435\u0440\u043d\u044b\u0439, HT-029 A066","og_description":"\u041c\u0435\u0442\u0430\u043b\u043b\u0438\u0447\u0435\u0441\u043a\u0430\u044f \u043a\u043e\u0440\u0437\u0438\u043d\u0430 HT-029, \u0441 \u043c\u0435\u0442\u0430\u043b\u043b\u0438\u0447\u0435\u0441\u043a\u0438\u043c\u0438 \u043a\u0440\u0435\u043f\u043b\u0435\u043d\u0438\u044f\u043c\u0438 \u043a \u0440\u0443\u043b\u044e.","og_url":"https:\/\/sporta-preces.lv\/ru\/product\/perednyaya-korzina-metall-chernyj-ht-029\/","og_site_name":"Sporta-preces","article_modified_time":"2025-04-10T11:19:09+00:00","og_image":[{"width":695,"height":464,"url":"https:\/\/sporta-preces.lv\/wp-content\/uploads\/2022\/02\/ht-029-1.png","type":"image\/png"}],"twitter_card":"summary_large_image","twitter_misc":{"\u041f\u0440\u0438\u043c\u0435\u0440\u043d\u043e\u0435 \u0432\u0440\u0435\u043c\u044f \u0434\u043b\u044f \u0447\u0442\u0435\u043d\u0438\u044f":"1 \u043c\u0438\u043d\u0443\u0442\u0430"},"schema":{"@context":"https:\/\/schema.org","@graph":[{"@type":"WebPage","@id":"https:\/\/sporta-preces.lv\/ru\/product\/perednyaya-korzina-metall-chernyj-ht-029\/","url":"https:\/\/sporta-preces.lv\/ru\/product\/perednyaya-korzina-metall-chernyj-ht-029\/","name":"\u041f\u0435\u0440\u0435\u0434\u043d\u044f\u044f \u043a\u043e\u0440\u0437\u0438\u043d\u0430, \u043c\u0435\u0442\u0430\u043b\u043b, \u0447\u0435\u0440\u043d\u044b\u0439, HT-029 A066 - Sporta-preces","isPartOf":{"@id":"https:\/\/sporta-preces.lv\/#website"},"primaryImageOfPage":{"@id":"https:\/\/sporta-preces.lv\/ru\/product\/perednyaya-korzina-metall-chernyj-ht-029\/#primaryimage"},"image":{"@id":"https:\/\/sporta-preces.lv\/ru\/product\/perednyaya-korzina-metall-chernyj-ht-029\/#primaryimage"},"thumbnailUrl":"https:\/\/sporta-preces.lv\/wp-content\/uploads\/2022\/02\/ht-029-1.png","datePublished":"2022-02-18T22:18:22+00:00","dateModified":"2025-04-10T11:19:09+00:00","breadcrumb":{"@id":"https:\/\/sporta-preces.lv\/ru\/product\/perednyaya-korzina-metall-chernyj-ht-029\/#breadcrumb"},"inLanguage":"ru-RU","potentialAction":[{"@type":"ReadAction","target":["https:\/\/sporta-preces.lv\/ru\/product\/perednyaya-korzina-metall-chernyj-ht-029\/"]}]},{"@type":"ImageObject","inLanguage":"ru-RU","@id":"https:\/\/sporta-preces.lv\/ru\/product\/perednyaya-korzina-metall-chernyj-ht-029\/#primaryimage","url":"https:\/\/sporta-preces.lv\/wp-content\/uploads\/2022\/02\/ht-029-1.png","contentUrl":"https:\/\/sporta-preces.lv\/wp-content\/uploads\/2022\/02\/ht-029-1.png","width":695,"height":464},{"@type":"BreadcrumbList","@id":"https:\/\/sporta-preces.lv\/ru\/product\/perednyaya-korzina-metall-chernyj-ht-029\/#breadcrumb","itemListElement":[{"@type":"ListItem","position":1,"name":"Home","item":"https:\/\/sporta-preces.lv\/ru\/"},{"@type":"ListItem","position":2,"name":"\u041a\u0430\u0442\u0430\u043b\u043e\u0433","item":"https:\/\/sporta-preces.lv\/ru\/katalog\/"},{"@type":"ListItem","position":3,"name":"\u041f\u0435\u0440\u0435\u0434\u043d\u044f\u044f \u043a\u043e\u0440\u0437\u0438\u043d\u0430, \u043c\u0435\u0442\u0430\u043b\u043b, \u0447\u0435\u0440\u043d\u044b\u0439, HT-029 A066"}]},{"@type":"WebSite","@id":"https:\/\/sporta-preces.lv\/#website","url":"https:\/\/sporta-preces.lv\/","name":"Sporta-preces","description":"Kvalitat\u012bvas sporta preces par lab\u0101kaj\u0101m cen\u0101m.","potentialAction":[{"@type":"SearchAction","target":{"@type":"EntryPoint","urlTemplate":"https:\/\/sporta-preces.lv\/?s={search_term_string}"},"query-input":{"@type":"PropertyValueSpecification","valueRequired":true,"valueName":"search_term_string"}}],"inLanguage":"ru-RU"}]}},"_links":{"self":[{"href":"https:\/\/sporta-preces.lv\/ru\/wp-json\/wp\/v2\/product\/8339","targetHints":{"allow":["GET"]}}],"collection":[{"href":"https:\/\/sporta-preces.lv\/ru\/wp-json\/wp\/v2\/product"}],"about":[{"href":"https:\/\/sporta-preces.lv\/ru\/wp-json\/wp\/v2\/types\/product"}],"wp:featuredmedia":[{"embeddable":true,"href":"https:\/\/sporta-preces.lv\/ru\/wp-json\/wp\/v2\/media\/8340"}],"wp:attachment":[{"href":"https:\/\/sporta-preces.lv\/ru\/wp-json\/wp\/v2\/media?parent=8339"}],"wp:term":[{"taxonomy":"product_cat","embeddable":true,"href":"https:\/\/sporta-preces.lv\/ru\/wp-json\/wp\/v2\/product_cat?post=8339"},{"taxonomy":"product_tag","embeddable":true,"href":"https:\/\/sporta-preces.lv\/ru\/wp-json\/wp\/v2\/product_tag?post=8339"}],"curies":[{"name":"wp","href":"https:\/\/api.w.org\/{rel}","templated":true}]}}