{"id":8275,"date":"2022-02-19T01:05:28","date_gmt":"2022-02-18T23:05:28","guid":{"rendered":"https:\/\/sporta-preces.lv\/product\/zadnij-fonar-pu56-60-lum-usb\/"},"modified":"2025-03-28T21:31:01","modified_gmt":"2025-03-28T19:31:01","slug":"zadnij-fonar-pu56-60-lum-usb","status":"publish","type":"product","link":"https:\/\/sporta-preces.lv\/ru\/product\/zadnij-fonar-pu56-60-lum-usb\/","title":{"rendered":"\u0417\u0430\u0434\u043d\u0438\u0439 \u0444\u043e\u043d\u0430\u0440\u044c PU56 60 lum, USB L293R"},"content":{"rendered":"<p>\u0417\u0430\u0434\u043d\u0438\u0439 \u0444\u043e\u043d\u0430\u0440\u044c JET PU56 \u043e\u0441\u043d\u0430\u0449\u0435\u043d 5 \u044f\u0440\u043a\u0438\u043c\u0438 \u0441\u0432\u0435\u0442\u043e\u0434\u0438\u043e\u0434\u0430\u043c\u0438 SMD \u043e\u0431\u0449\u0435\u0439 \u043c\u043e\u0449\u043d\u043e\u0441\u0442\u044c\u044e 60 \u043b\u043c. \u041e\u043d \u0438\u043c\u0435\u0435\u0442 \u0432\u0441\u0442\u0440\u043e\u0435\u043d\u043d\u044b\u0439 \u0430\u043a\u043a\u0443\u043c\u0443\u043b\u044f\u0442\u043e\u0440, \u043a\u043e\u0442\u043e\u0440\u044b\u0439 \u0437\u0430\u0440\u044f\u0436\u0430\u0435\u0442\u0441\u044f \u0441 \u043f\u043e\u043c\u043e\u0449\u044c\u044e \u043f\u0440\u0438\u043b\u0430\u0433\u0430\u0435\u043c\u043e\u0433\u043e USB-\u043a\u0430\u0431\u0435\u043b\u044f.<br \/>\n\u0423\u043d\u0438\u0432\u0435\u0440\u0441\u0430\u043b\u044c\u043d\u044b\u0439 \u043c\u043e\u043d\u0442\u0430\u0436 \u0431\u0435\u0437 \u0438\u043d\u0441\u0442\u0440\u0443\u043c\u0435\u043d\u0442\u043e\u0432 &#8212; \u043f\u043e\u0434\u0445\u043e\u0434\u0438\u0442 \u0434\u043b\u044f \u0432\u0441\u0435\u0445 \u0442\u0438\u043f\u043e\u0432 \u043f\u043e\u0434\u0441\u0435\u0434\u0435\u043b\u044c\u043d\u044b\u0445 \u0448\u0442\u044b\u0440\u0435\u0439 (12-35 \u043c\u043c).<br \/>\n\u041b\u0430\u043c\u043f\u0430 \u0438\u043c\u0435\u0435\u0442 \u0432\u043e\u0434\u043e\u043d\u0435\u043f\u0440\u043e\u043d\u0438\u0446\u0430\u0435\u043c\u0443\u044e \u043a\u043e\u043d\u0441\u0442\u0440\u0443\u043a\u0446\u0438\u044e.<\/p>\n<p>\u0410\u043a\u043a\u0443\u043c\u0443\u043b\u044f\u0442\u043e\u0440: 200 \u043c\u0410\u0447 \u043b\u0438\u0442\u0438\u0439-\u043f\u043e\u043b\u0438\u043c\u0435\u0440\u043d\u044b\u0439<br \/>\n\u0417\u0430\u0440\u044f\u0434\u043a\u0430 \u043f\u0440\u043e\u0438\u0441\u0445\u043e\u0434\u0438\u0442 \u0447\u0435\u0440\u0435\u0437 \u0432\u0441\u0442\u0440\u043e\u0435\u043d\u043d\u044b\u0439 \u0440\u0430\u0437\u044a\u0435\u043c micro USB, \u0432\u0440\u0435\u043c\u044f \u0437\u0430\u0440\u044f\u0434\u043a\u0438 2-3 \u0447\u0430\u0441\u0430.<\/p>\n<p>4 \u0440\u0435\u0436\u0438\u043c\u0430 \u0440\u0430\u0431\u043e\u0442\u044b:<br \/>\n1 \u043f\u043e\u0441\u0442\u043e\u044f\u043d\u043d\u044b\u0439 (3 \u0447\u0430\u0441\u0430),<br \/>\n3 \u0438\u043c\u043f\u0443\u043b\u044c\u0441\u043d\u044b\u0445 (6-8 \u0447\u0430\u0441\u043e\u0432)<\/p>\n<p>\u041a\u043e\u0440\u043f\u0443\u0441: \u043c\u0430\u0442\u0435\u0440\u0438\u0430\u043b\/\u0432\u043e\u0434\u043e\u043d\u0435\u043f\u0440\u043e\u043d\u0438\u0446\u0430\u0435\u043c\u043e\u0441\u0442\u044c IP65<br \/>\n\u0412 \u043a\u043e\u043c\u043f\u043b\u0435\u043a\u0442\u0435: \u0440\u0435\u0437\u0438\u043d\u043e\u0432\u043e\u0435 \u043a\u0440\u0435\u043f\u043b\u0435\u043d\u0438\u0435 \u0434\u043b\u044f \u0431\u044b\u0441\u0442\u0440\u043e\u0439 \u0443\u0441\u0442\u0430\u043d\u043e\u0432\u043a\u0438 \u043d\u0430 \u043f\u043e\u0434\u0441\u0435\u0434\u0435\u043b\u044c\u043d\u044b\u0439 \u0448\u0442\u044b\u0440\u044c, \u0434\u043e\u043f\u0443\u0441\u043a\u0430\u0435\u0442 \u0432\u0435\u0440\u0442\u0438\u043a\u0430\u043b\u044c\u043d\u0443\u044e \u0438 \u0433\u043e\u0440\u0438\u0437\u043e\u043d\u0442\u0430\u043b\u044c\u043d\u0443\u044e \u0443\u0441\u0442\u0430\u043d\u043e\u0432\u043a\u0443<br \/>\nUSB-\u043a\u0430\u0431\u0435\u043b\u044c<br \/>\n\u0420\u0430\u0437\u043c\u0435\u0440\u044b: 70 \u0445 19 \u0445 16,5 \u043c\u043c<br \/>\n\u0412\u0435\u0441: 27 \u0433\u0440<\/p>\n<p class=\"img-left\"><img fetchpriority=\"high\" decoding=\"async\" class=\"alignnone size-medium wp-image-3293\" src=\"https:\/\/sporta-preces.lv\/wp-content\/uploads\/2021\/04\/L293_1-280x300.jpg\" alt=\"\" width=\"280\" height=\"300\" \/> <img decoding=\"async\" class=\"alignnone size-medium wp-image-3292\" src=\"https:\/\/sporta-preces.lv\/wp-content\/uploads\/2021\/04\/l293-300x226.png\" alt=\"\" width=\"300\" height=\"226\" \/> <img decoding=\"async\" class=\"alignnone size-medium wp-image-3291\" src=\"https:\/\/sporta-preces.lv\/wp-content\/uploads\/2021\/04\/L293_4-252x300.jpg\" alt=\"\" width=\"252\" height=\"300\" \/> <img loading=\"lazy\" decoding=\"async\" class=\"alignnone size-medium wp-image-3290\" src=\"https:\/\/sporta-preces.lv\/wp-content\/uploads\/2021\/04\/L293_3-225x300.jpg\" alt=\"\" width=\"225\" height=\"300\" \/> <img loading=\"lazy\" decoding=\"async\" class=\"alignnone size-medium wp-image-3289\" src=\"https:\/\/sporta-preces.lv\/wp-content\/uploads\/2021\/04\/L293_2-225x300.jpg\" alt=\"\" width=\"225\" height=\"300\" \/><\/p>\n","protected":false},"excerpt":{"rendered":"<p>\u0417\u0430\u0434\u043d\u0438\u0439 \u0444\u043e\u043d\u0430\u0440\u044c JET PU56 \u043e\u0441\u043d\u0430\u0449\u0435\u043d 5 \u044f\u0440\u043a\u0438\u043c\u0438 \u0441\u0432\u0435\u0442\u043e\u0434\u0438\u043e\u0434\u0430\u043c\u0438 SMD \u043e\u0431\u0449\u0435\u0439 \u043c\u043e\u0449\u043d\u043e\u0441\u0442\u044c\u044e 60 \u043b\u043c. \u041e\u043d \u0438\u043c\u0435\u0435\u0442 \u0432\u0441\u0442\u0440\u043e\u0435\u043d\u043d\u044b\u0439 \u0430\u043a\u043a\u0443\u043c\u0443\u043b\u044f\u0442\u043e\u0440, \u043a\u043e\u0442\u043e\u0440\u044b\u0439 \u0437\u0430\u0440\u044f\u0436\u0430\u0435\u0442\u0441\u044f \u0441 \u043f\u043e\u043c\u043e\u0449\u044c\u044e \u043f\u0440\u0438\u043b\u0430\u0433\u0430\u0435\u043c\u043e\u0433\u043e USB-\u043a\u0430\u0431\u0435\u043b\u044f. \u0423\u043d\u0438\u0432\u0435\u0440\u0441\u0430\u043b\u044c\u043d\u044b\u0439 \u043c\u043e\u043d\u0442\u0430\u0436 \u0431\u0435\u0437 \u0438\u043d\u0441\u0442\u0440\u0443\u043c\u0435\u043d\u0442\u043e\u0432 &#8212; \u043f\u043e\u0434\u0445\u043e\u0434\u0438\u0442 \u0434\u043b\u044f \u0432\u0441\u0435\u0445 \u0442\u0438\u043f\u043e\u0432 \u043f\u043e\u0434\u0441\u0435\u0434\u0435\u043b\u044c\u043d\u044b\u0445 \u0448\u0442\u044b\u0440\u0435\u0439 (12-35 \u043c\u043c). \u041b\u0430\u043c\u043f\u0430 \u0438\u043c\u0435\u0435\u0442 \u0432\u043e\u0434\u043e\u043d\u0435\u043f\u0440\u043e\u043d\u0438\u0446\u0430\u0435\u043c\u0443\u044e \u043a\u043e\u043d\u0441\u0442\u0440\u0443\u043a\u0446\u0438\u044e. &hellip; <a href=\"https:\/\/sporta-preces.lv\/ru\/product\/zadnij-fonar-pu56-60-lum-usb\/\">Readmore<\/a><\/p>\n","protected":false},"featured_media":8276,"template":"","meta":[],"product_cat":[136],"product_tag":[],"class_list":{"0":"post-8275","1":"product","2":"type-product","3":"status-publish","4":"has-post-thumbnail","6":"product_cat-velosipednie-fonari","7":"product_shipping_class-s-novusa-un-velo-acc-ru","9":"first","10":"instock","11":"purchasable","12":"product-type-simple"},"yoast_head":"<!-- This site is optimized with the Yoast SEO Premium plugin v27.1 (Yoast SEO v27.2) - https:\/\/yoast.com\/product\/yoast-seo-premium-wordpress\/ -->\n<title>\u0417\u0430\u0434\u043d\u0438\u0439 \u0444\u043e\u043d\u0430\u0440\u044c PU56 60 lum, USB L293R - Sporta-preces<\/title>\n<meta name=\"robots\" content=\"index, follow, max-snippet:-1, max-image-preview:large, max-video-preview:-1\" \/>\n<link rel=\"canonical\" href=\"https:\/\/sporta-preces.lv\/ru\/product\/zadnij-fonar-pu56-60-lum-usb\/\" \/>\n<meta property=\"og:locale\" content=\"ru_RU\" \/>\n<meta property=\"og:type\" content=\"article\" \/>\n<meta property=\"og:title\" content=\"\u0417\u0430\u0434\u043d\u0438\u0439 \u0444\u043e\u043d\u0430\u0440\u044c PU56 60 lum, USB L293R\" \/>\n<meta property=\"og:description\" content=\"\u0417\u0430\u0434\u043d\u0438\u0439 \u0444\u043e\u043d\u0430\u0440\u044c JET PU56 \u043e\u0441\u043d\u0430\u0449\u0435\u043d 5 \u044f\u0440\u043a\u0438\u043c\u0438 \u0441\u0432\u0435\u0442\u043e\u0434\u0438\u043e\u0434\u0430\u043c\u0438 SMD \u043e\u0431\u0449\u0435\u0439 \u043c\u043e\u0449\u043d\u043e\u0441\u0442\u044c\u044e 60 \u043b\u043c. \u041e\u043d \u0438\u043c\u0435\u0435\u0442 \u0432\u0441\u0442\u0440\u043e\u0435\u043d\u043d\u044b\u0439 \u0430\u043a\u043a\u0443\u043c\u0443\u043b\u044f\u0442\u043e\u0440, \u043a\u043e\u0442\u043e\u0440\u044b\u0439 \u0437\u0430\u0440\u044f\u0436\u0430\u0435\u0442\u0441\u044f \u0441 \u043f\u043e\u043c\u043e\u0449\u044c\u044e \u043f\u0440\u0438\u043b\u0430\u0433\u0430\u0435\u043c\u043e\u0433\u043e USB-\u043a\u0430\u0431\u0435\u043b\u044f. \u0423\u043d\u0438\u0432\u0435\u0440\u0441\u0430\u043b\u044c\u043d\u044b\u0439 \u043c\u043e\u043d\u0442\u0430\u0436 \u0431\u0435\u0437 \u0438\u043d\u0441\u0442\u0440\u0443\u043c\u0435\u043d\u0442\u043e\u0432 &#8212; \u043f\u043e\u0434\u0445\u043e\u0434\u0438\u0442 \u0434\u043b\u044f \u0432\u0441\u0435\u0445 \u0442\u0438\u043f\u043e\u0432 \u043f\u043e\u0434\u0441\u0435\u0434\u0435\u043b\u044c\u043d\u044b\u0445 \u0448\u0442\u044b\u0440\u0435\u0439 (12-35 \u043c\u043c). \u041b\u0430\u043c\u043f\u0430 \u0438\u043c\u0435\u0435\u0442 \u0432\u043e\u0434\u043e\u043d\u0435\u043f\u0440\u043e\u043d\u0438\u0446\u0430\u0435\u043c\u0443\u044e \u043a\u043e\u043d\u0441\u0442\u0440\u0443\u043a\u0446\u0438\u044e. &hellip; Readmore\" \/>\n<meta property=\"og:url\" content=\"https:\/\/sporta-preces.lv\/ru\/product\/zadnij-fonar-pu56-60-lum-usb\/\" \/>\n<meta property=\"og:site_name\" content=\"Sporta-preces\" \/>\n<meta property=\"article:modified_time\" content=\"2025-03-28T19:31:01+00:00\" \/>\n<meta property=\"og:image\" content=\"https:\/\/sporta-preces.lv\/wp-content\/uploads\/2022\/02\/L293_1-scaled-2.jpg\" \/>\n\t<meta property=\"og:image:width\" content=\"2386\" \/>\n\t<meta property=\"og:image:height\" content=\"2560\" \/>\n\t<meta property=\"og:image:type\" content=\"image\/jpeg\" \/>\n<meta name=\"twitter:card\" content=\"summary_large_image\" \/>\n<meta name=\"twitter:label1\" content=\"\u041f\u0440\u0438\u043c\u0435\u0440\u043d\u043e\u0435 \u0432\u0440\u0435\u043c\u044f \u0434\u043b\u044f \u0447\u0442\u0435\u043d\u0438\u044f\" \/>\n\t<meta name=\"twitter:data1\" content=\"2 \u043c\u0438\u043d\u0443\u0442\u044b\" \/>\n<script type=\"application\/ld+json\" class=\"yoast-schema-graph\">{\"@context\":\"https:\/\/schema.org\",\"@graph\":[{\"@type\":\"WebPage\",\"@id\":\"https:\/\/sporta-preces.lv\/ru\/product\/zadnij-fonar-pu56-60-lum-usb\/\",\"url\":\"https:\/\/sporta-preces.lv\/ru\/product\/zadnij-fonar-pu56-60-lum-usb\/\",\"name\":\"\u0417\u0430\u0434\u043d\u0438\u0439 \u0444\u043e\u043d\u0430\u0440\u044c PU56 60 lum, USB L293R - Sporta-preces\",\"isPartOf\":{\"@id\":\"https:\/\/sporta-preces.lv\/#website\"},\"primaryImageOfPage\":{\"@id\":\"https:\/\/sporta-preces.lv\/ru\/product\/zadnij-fonar-pu56-60-lum-usb\/#primaryimage\"},\"image\":{\"@id\":\"https:\/\/sporta-preces.lv\/ru\/product\/zadnij-fonar-pu56-60-lum-usb\/#primaryimage\"},\"thumbnailUrl\":\"https:\/\/sporta-preces.lv\/wp-content\/uploads\/2022\/02\/L293_1-scaled-2.jpg\",\"datePublished\":\"2022-02-18T23:05:28+00:00\",\"dateModified\":\"2025-03-28T19:31:01+00:00\",\"breadcrumb\":{\"@id\":\"https:\/\/sporta-preces.lv\/ru\/product\/zadnij-fonar-pu56-60-lum-usb\/#breadcrumb\"},\"inLanguage\":\"ru-RU\",\"potentialAction\":[{\"@type\":\"ReadAction\",\"target\":[\"https:\/\/sporta-preces.lv\/ru\/product\/zadnij-fonar-pu56-60-lum-usb\/\"]}]},{\"@type\":\"ImageObject\",\"inLanguage\":\"ru-RU\",\"@id\":\"https:\/\/sporta-preces.lv\/ru\/product\/zadnij-fonar-pu56-60-lum-usb\/#primaryimage\",\"url\":\"https:\/\/sporta-preces.lv\/wp-content\/uploads\/2022\/02\/L293_1-scaled-2.jpg\",\"contentUrl\":\"https:\/\/sporta-preces.lv\/wp-content\/uploads\/2022\/02\/L293_1-scaled-2.jpg\",\"width\":2386,\"height\":2560},{\"@type\":\"BreadcrumbList\",\"@id\":\"https:\/\/sporta-preces.lv\/ru\/product\/zadnij-fonar-pu56-60-lum-usb\/#breadcrumb\",\"itemListElement\":[{\"@type\":\"ListItem\",\"position\":1,\"name\":\"Home\",\"item\":\"https:\/\/sporta-preces.lv\/ru\/\"},{\"@type\":\"ListItem\",\"position\":2,\"name\":\"\u041a\u0430\u0442\u0430\u043b\u043e\u0433\",\"item\":\"https:\/\/sporta-preces.lv\/ru\/katalog\/\"},{\"@type\":\"ListItem\",\"position\":3,\"name\":\"\u0417\u0430\u0434\u043d\u0438\u0439 \u0444\u043e\u043d\u0430\u0440\u044c PU56 60 lum, USB L293R\"}]},{\"@type\":\"WebSite\",\"@id\":\"https:\/\/sporta-preces.lv\/#website\",\"url\":\"https:\/\/sporta-preces.lv\/\",\"name\":\"Sporta-preces\",\"description\":\"Kvalitat\u012bvas sporta preces par lab\u0101kaj\u0101m cen\u0101m.\",\"potentialAction\":[{\"@type\":\"SearchAction\",\"target\":{\"@type\":\"EntryPoint\",\"urlTemplate\":\"https:\/\/sporta-preces.lv\/?s={search_term_string}\"},\"query-input\":{\"@type\":\"PropertyValueSpecification\",\"valueRequired\":true,\"valueName\":\"search_term_string\"}}],\"inLanguage\":\"ru-RU\"}]}<\/script>\n<!-- \/ Yoast SEO Premium plugin. -->","yoast_head_json":{"title":"\u0417\u0430\u0434\u043d\u0438\u0439 \u0444\u043e\u043d\u0430\u0440\u044c PU56 60 lum, USB L293R - Sporta-preces","robots":{"index":"index","follow":"follow","max-snippet":"max-snippet:-1","max-image-preview":"max-image-preview:large","max-video-preview":"max-video-preview:-1"},"canonical":"https:\/\/sporta-preces.lv\/ru\/product\/zadnij-fonar-pu56-60-lum-usb\/","og_locale":"ru_RU","og_type":"article","og_title":"\u0417\u0430\u0434\u043d\u0438\u0439 \u0444\u043e\u043d\u0430\u0440\u044c PU56 60 lum, USB L293R","og_description":"\u0417\u0430\u0434\u043d\u0438\u0439 \u0444\u043e\u043d\u0430\u0440\u044c JET PU56 \u043e\u0441\u043d\u0430\u0449\u0435\u043d 5 \u044f\u0440\u043a\u0438\u043c\u0438 \u0441\u0432\u0435\u0442\u043e\u0434\u0438\u043e\u0434\u0430\u043c\u0438 SMD \u043e\u0431\u0449\u0435\u0439 \u043c\u043e\u0449\u043d\u043e\u0441\u0442\u044c\u044e 60 \u043b\u043c. \u041e\u043d \u0438\u043c\u0435\u0435\u0442 \u0432\u0441\u0442\u0440\u043e\u0435\u043d\u043d\u044b\u0439 \u0430\u043a\u043a\u0443\u043c\u0443\u043b\u044f\u0442\u043e\u0440, \u043a\u043e\u0442\u043e\u0440\u044b\u0439 \u0437\u0430\u0440\u044f\u0436\u0430\u0435\u0442\u0441\u044f \u0441 \u043f\u043e\u043c\u043e\u0449\u044c\u044e \u043f\u0440\u0438\u043b\u0430\u0433\u0430\u0435\u043c\u043e\u0433\u043e USB-\u043a\u0430\u0431\u0435\u043b\u044f. \u0423\u043d\u0438\u0432\u0435\u0440\u0441\u0430\u043b\u044c\u043d\u044b\u0439 \u043c\u043e\u043d\u0442\u0430\u0436 \u0431\u0435\u0437 \u0438\u043d\u0441\u0442\u0440\u0443\u043c\u0435\u043d\u0442\u043e\u0432 &#8212; \u043f\u043e\u0434\u0445\u043e\u0434\u0438\u0442 \u0434\u043b\u044f \u0432\u0441\u0435\u0445 \u0442\u0438\u043f\u043e\u0432 \u043f\u043e\u0434\u0441\u0435\u0434\u0435\u043b\u044c\u043d\u044b\u0445 \u0448\u0442\u044b\u0440\u0435\u0439 (12-35 \u043c\u043c). \u041b\u0430\u043c\u043f\u0430 \u0438\u043c\u0435\u0435\u0442 \u0432\u043e\u0434\u043e\u043d\u0435\u043f\u0440\u043e\u043d\u0438\u0446\u0430\u0435\u043c\u0443\u044e \u043a\u043e\u043d\u0441\u0442\u0440\u0443\u043a\u0446\u0438\u044e. &hellip; Readmore","og_url":"https:\/\/sporta-preces.lv\/ru\/product\/zadnij-fonar-pu56-60-lum-usb\/","og_site_name":"Sporta-preces","article_modified_time":"2025-03-28T19:31:01+00:00","og_image":[{"width":2386,"height":2560,"url":"https:\/\/sporta-preces.lv\/wp-content\/uploads\/2022\/02\/L293_1-scaled-2.jpg","type":"image\/jpeg"}],"twitter_card":"summary_large_image","twitter_misc":{"\u041f\u0440\u0438\u043c\u0435\u0440\u043d\u043e\u0435 \u0432\u0440\u0435\u043c\u044f \u0434\u043b\u044f \u0447\u0442\u0435\u043d\u0438\u044f":"2 \u043c\u0438\u043d\u0443\u0442\u044b"},"schema":{"@context":"https:\/\/schema.org","@graph":[{"@type":"WebPage","@id":"https:\/\/sporta-preces.lv\/ru\/product\/zadnij-fonar-pu56-60-lum-usb\/","url":"https:\/\/sporta-preces.lv\/ru\/product\/zadnij-fonar-pu56-60-lum-usb\/","name":"\u0417\u0430\u0434\u043d\u0438\u0439 \u0444\u043e\u043d\u0430\u0440\u044c PU56 60 lum, USB L293R - Sporta-preces","isPartOf":{"@id":"https:\/\/sporta-preces.lv\/#website"},"primaryImageOfPage":{"@id":"https:\/\/sporta-preces.lv\/ru\/product\/zadnij-fonar-pu56-60-lum-usb\/#primaryimage"},"image":{"@id":"https:\/\/sporta-preces.lv\/ru\/product\/zadnij-fonar-pu56-60-lum-usb\/#primaryimage"},"thumbnailUrl":"https:\/\/sporta-preces.lv\/wp-content\/uploads\/2022\/02\/L293_1-scaled-2.jpg","datePublished":"2022-02-18T23:05:28+00:00","dateModified":"2025-03-28T19:31:01+00:00","breadcrumb":{"@id":"https:\/\/sporta-preces.lv\/ru\/product\/zadnij-fonar-pu56-60-lum-usb\/#breadcrumb"},"inLanguage":"ru-RU","potentialAction":[{"@type":"ReadAction","target":["https:\/\/sporta-preces.lv\/ru\/product\/zadnij-fonar-pu56-60-lum-usb\/"]}]},{"@type":"ImageObject","inLanguage":"ru-RU","@id":"https:\/\/sporta-preces.lv\/ru\/product\/zadnij-fonar-pu56-60-lum-usb\/#primaryimage","url":"https:\/\/sporta-preces.lv\/wp-content\/uploads\/2022\/02\/L293_1-scaled-2.jpg","contentUrl":"https:\/\/sporta-preces.lv\/wp-content\/uploads\/2022\/02\/L293_1-scaled-2.jpg","width":2386,"height":2560},{"@type":"BreadcrumbList","@id":"https:\/\/sporta-preces.lv\/ru\/product\/zadnij-fonar-pu56-60-lum-usb\/#breadcrumb","itemListElement":[{"@type":"ListItem","position":1,"name":"Home","item":"https:\/\/sporta-preces.lv\/ru\/"},{"@type":"ListItem","position":2,"name":"\u041a\u0430\u0442\u0430\u043b\u043e\u0433","item":"https:\/\/sporta-preces.lv\/ru\/katalog\/"},{"@type":"ListItem","position":3,"name":"\u0417\u0430\u0434\u043d\u0438\u0439 \u0444\u043e\u043d\u0430\u0440\u044c PU56 60 lum, USB L293R"}]},{"@type":"WebSite","@id":"https:\/\/sporta-preces.lv\/#website","url":"https:\/\/sporta-preces.lv\/","name":"Sporta-preces","description":"Kvalitat\u012bvas sporta preces par lab\u0101kaj\u0101m cen\u0101m.","potentialAction":[{"@type":"SearchAction","target":{"@type":"EntryPoint","urlTemplate":"https:\/\/sporta-preces.lv\/?s={search_term_string}"},"query-input":{"@type":"PropertyValueSpecification","valueRequired":true,"valueName":"search_term_string"}}],"inLanguage":"ru-RU"}]}},"_links":{"self":[{"href":"https:\/\/sporta-preces.lv\/ru\/wp-json\/wp\/v2\/product\/8275","targetHints":{"allow":["GET"]}}],"collection":[{"href":"https:\/\/sporta-preces.lv\/ru\/wp-json\/wp\/v2\/product"}],"about":[{"href":"https:\/\/sporta-preces.lv\/ru\/wp-json\/wp\/v2\/types\/product"}],"wp:featuredmedia":[{"embeddable":true,"href":"https:\/\/sporta-preces.lv\/ru\/wp-json\/wp\/v2\/media\/8276"}],"wp:attachment":[{"href":"https:\/\/sporta-preces.lv\/ru\/wp-json\/wp\/v2\/media?parent=8275"}],"wp:term":[{"taxonomy":"product_cat","embeddable":true,"href":"https:\/\/sporta-preces.lv\/ru\/wp-json\/wp\/v2\/product_cat?post=8275"},{"taxonomy":"product_tag","embeddable":true,"href":"https:\/\/sporta-preces.lv\/ru\/wp-json\/wp\/v2\/product_tag?post=8275"}],"curies":[{"name":"wp","href":"https:\/\/api.w.org\/{rel}","templated":true}]}}