{"id":8216,"date":"2022-02-19T00:59:46","date_gmt":"2022-02-18T22:59:46","guid":{"rendered":"https:\/\/sporta-preces.lv\/product\/sidenje-jet-wl-1081-3-s197\/"},"modified":"2024-04-11T09:14:17","modified_gmt":"2024-04-11T07:14:17","slug":"sidenje-jet-wl-1081-3-s197","status":"publish","type":"product","link":"https:\/\/sporta-preces.lv\/ru\/product\/sidenje-jet-wl-1081-3-s197\/","title":{"rendered":"\u0421\u0438\u0434\u0435\u043d\u044c\u0435 Jet WL-1081-3 S197"},"content":{"rendered":"<p>\u0421\u043f\u043e\u0440\u0442\u0438\u0432\u043d\u043e\u0435 \u0441\u0438\u0434\u0435\u043d\u044c\u0435 \u0434\u043b\u044f \u0432\u0435\u043b\u043e\u0441\u0438\u043f\u0435\u0434\u043e\u0432 Cross, MTB, \u043d\u0430\u043f\u043e\u043b\u043d\u0435\u043d\u043d\u043e\u0435 \u043c\u044f\u0433\u043a\u043e\u0439 \u043f\u0435\u043d\u043e\u0439 <br \/>\n\u041d\u0430\u043f\u043e\u043b\u043d\u0438\u0442\u0435\u043b\u044c: Light Foam &#8212; \u043b\u0435\u0433\u043a\u0430\u044f \u043f\u0435\u043d\u0430 <br \/>\n\u0443\u0433\u043b\u0443\u0431\u043b\u0435\u043d\u0438\u0435 \u0432 \u043a\u043e\u043d\u0441\u0442\u0440\u0443\u043a\u0446\u0438\u0438 \u0441\u0438\u0434\u0435\u043d\u044c\u044f \u0434\u043b\u044f \u043f\u043e\u0432\u044b\u0448\u0435\u043d\u0438\u044f \u043a\u043e\u043c\u0444\u043e\u0440\u0442\u0430 <br \/>\n\u041c\u0430\u0442\u0435\u0440\u0438\u0430\u043b \u0448\u0442\u0430\u043d\u0433\u0438: \u0441\u0442\u0430\u043b\u044c (\u0441 \u0445\u043e\u043c\u0443\u0442\u043e\u043c), <br \/>\n\u0420\u0430\u0437\u043c\u0435\u0440\u044b: 275 \u0445 160 \u043c\u043c, <br \/>\n\u0412\u0435\u0441: 465 \u0433 (\u0441 \u043a\u043e\u043a\u0435\u0442\u043a\u043e\u0439) <br \/>\n\u041c\u0430\u0442\u0435\u0440\u0438\u0430\u043b \u043f\u043e\u043a\u0440\u044b\u0442\u0438\u044f: \u0432\u0438\u043d\u0438\u043b<\/p>\n<p class=\"img-left\"><img fetchpriority=\"high\" decoding=\"async\" class=\"alignnone size-medium wp-image-3228\" src=\"https:\/\/sporta-preces.lv\/wp-content\/uploads\/2021\/04\/S197_1-294x300.jpg\" alt=\"\" width=\"294\" height=\"300\" \/> <img decoding=\"async\" class=\"alignnone size-medium wp-image-3227\" src=\"https:\/\/sporta-preces.lv\/wp-content\/uploads\/2021\/04\/S197_2-300x300.jpg\" alt=\"\" width=\"300\" height=\"300\" \/><\/p>\n","protected":false},"excerpt":{"rendered":"<p>\u0421\u043f\u043e\u0440\u0442\u0438\u0432\u043d\u043e\u0435 \u0441\u0438\u0434\u0435\u043d\u044c\u0435 \u0434\u043b\u044f \u0432\u0435\u043b\u043e\u0441\u0438\u043f\u0435\u0434\u043e\u0432 Cross, MTB, \u043d\u0430\u043f\u043e\u043b\u043d\u0435\u043d\u043d\u043e\u0435 \u043c\u044f\u0433\u043a\u043e\u0439 \u043f\u0435\u043d\u043e\u0439 \u041d\u0430\u043f\u043e\u043b\u043d\u0438\u0442\u0435\u043b\u044c: Light Foam &#8212; \u043b\u0435\u0433\u043a\u0430\u044f \u043f\u0435\u043d\u0430 \u0443\u0433\u043b\u0443\u0431\u043b\u0435\u043d\u0438\u0435 \u0432 \u043a\u043e\u043d\u0441\u0442\u0440\u0443\u043a\u0446\u0438\u0438 \u0441\u0438\u0434\u0435\u043d\u044c\u044f \u0434\u043b\u044f \u043f\u043e\u0432\u044b\u0448\u0435\u043d\u0438\u044f \u043a\u043e\u043c\u0444\u043e\u0440\u0442\u0430 \u041c\u0430\u0442\u0435\u0440\u0438\u0430\u043b \u0448\u0442\u0430\u043d\u0433\u0438: \u0441\u0442\u0430\u043b\u044c (\u0441 \u0445\u043e\u043c\u0443\u0442\u043e\u043c), \u0420\u0430\u0437\u043c\u0435\u0440\u044b: 275 \u0445 160 \u043c\u043c, \u0412\u0435\u0441: 465 \u0433 (\u0441 \u043a\u043e\u043a\u0435\u0442\u043a\u043e\u0439) \u041c\u0430\u0442\u0435\u0440\u0438\u0430\u043b \u043f\u043e\u043a\u0440\u044b\u0442\u0438\u044f: \u0432\u0438\u043d\u0438\u043b<\/p>\n","protected":false},"featured_media":8222,"template":"","meta":[],"product_cat":[146],"product_tag":[],"class_list":{"0":"post-8216","1":"product","2":"type-product","3":"status-publish","4":"has-post-thumbnail","6":"product_cat-sidenja","7":"product_shipping_class-velo-acc-m-izmers-ru","9":"first","10":"instock","11":"purchasable","12":"product-type-simple"},"yoast_head":"<!-- This site is optimized with the Yoast SEO Premium plugin v27.1 (Yoast SEO v27.2) - https:\/\/yoast.com\/product\/yoast-seo-premium-wordpress\/ -->\n<title>\u0421\u0438\u0434\u0435\u043d\u044c\u0435 Jet WL-1081-3 S197 - Sporta-preces<\/title>\n<meta name=\"description\" content=\"\u0412\u0435\u043b\u043e\u0441\u0438\u043f\u0435\u0434\u043d\u043e\u0435 \u0441\u0438\u0434\u0435\u043d\u044c\u0435 Jet WL-1081-3 S197 Cross, \u0434\u043b\u044f MTB \u0432\u0435\u043b\u043e\u0441\u0438\u043f\u0435\u0434\u043e\u0432, \u043b\u0435\u0433\u043a\u0438\u0439 \u043f\u0435\u043d\u043e\u043f\u043b\u0430\u0441\u0442, \u043c\u0430\u0442\u0435\u0440\u0438\u0430\u043b \u0440\u0443\u043b\u044f: \u0441\u0442\u0430\u043b\u044c, \u0440\u0430\u0437\u043c\u0435\u0440\u044b: 275 x 160 \u043c\u043c, \u0432\u0435\u0441: 465 \u0433\" \/>\n<meta name=\"robots\" content=\"index, follow, max-snippet:-1, max-image-preview:large, max-video-preview:-1\" \/>\n<link rel=\"canonical\" href=\"https:\/\/sporta-preces.lv\/ru\/product\/sidenje-jet-wl-1081-3-s197\/\" \/>\n<meta property=\"og:locale\" content=\"ru_RU\" \/>\n<meta property=\"og:type\" content=\"article\" \/>\n<meta property=\"og:title\" content=\"\u0421\u0438\u0434\u0435\u043d\u044c\u0435 Jet WL-1081-3 S197\" \/>\n<meta property=\"og:description\" content=\"\u0412\u0435\u043b\u043e\u0441\u0438\u043f\u0435\u0434\u043d\u043e\u0435 \u0441\u0438\u0434\u0435\u043d\u044c\u0435 Jet WL-1081-3 S197 Cross, \u0434\u043b\u044f MTB \u0432\u0435\u043b\u043e\u0441\u0438\u043f\u0435\u0434\u043e\u0432, \u043b\u0435\u0433\u043a\u0438\u0439 \u043f\u0435\u043d\u043e\u043f\u043b\u0430\u0441\u0442, \u043c\u0430\u0442\u0435\u0440\u0438\u0430\u043b \u0440\u0443\u043b\u044f: \u0441\u0442\u0430\u043b\u044c, \u0440\u0430\u0437\u043c\u0435\u0440\u044b: 275 x 160 \u043c\u043c, \u0432\u0435\u0441: 465 \u0433\" \/>\n<meta property=\"og:url\" content=\"https:\/\/sporta-preces.lv\/ru\/product\/sidenje-jet-wl-1081-3-s197\/\" \/>\n<meta property=\"og:site_name\" content=\"Sporta-preces\" \/>\n<meta property=\"article:modified_time\" content=\"2024-04-11T07:14:17+00:00\" \/>\n<meta property=\"og:image\" content=\"https:\/\/sporta-preces.lv\/wp-content\/uploads\/2022\/02\/S197_1-2.jpg\" \/>\n\t<meta property=\"og:image:width\" content=\"879\" \/>\n\t<meta property=\"og:image:height\" content=\"896\" \/>\n\t<meta property=\"og:image:type\" content=\"image\/jpeg\" \/>\n<meta name=\"twitter:card\" content=\"summary_large_image\" \/>\n<script type=\"application\/ld+json\" class=\"yoast-schema-graph\">{\"@context\":\"https:\/\/schema.org\",\"@graph\":[{\"@type\":\"WebPage\",\"@id\":\"https:\/\/sporta-preces.lv\/ru\/product\/sidenje-jet-wl-1081-3-s197\/\",\"url\":\"https:\/\/sporta-preces.lv\/ru\/product\/sidenje-jet-wl-1081-3-s197\/\",\"name\":\"\u0421\u0438\u0434\u0435\u043d\u044c\u0435 Jet WL-1081-3 S197 - Sporta-preces\",\"isPartOf\":{\"@id\":\"https:\/\/sporta-preces.lv\/#website\"},\"primaryImageOfPage\":{\"@id\":\"https:\/\/sporta-preces.lv\/ru\/product\/sidenje-jet-wl-1081-3-s197\/#primaryimage\"},\"image\":{\"@id\":\"https:\/\/sporta-preces.lv\/ru\/product\/sidenje-jet-wl-1081-3-s197\/#primaryimage\"},\"thumbnailUrl\":\"https:\/\/sporta-preces.lv\/wp-content\/uploads\/2022\/02\/S197_1-2.jpg\",\"datePublished\":\"2022-02-18T22:59:46+00:00\",\"dateModified\":\"2024-04-11T07:14:17+00:00\",\"description\":\"\u0412\u0435\u043b\u043e\u0441\u0438\u043f\u0435\u0434\u043d\u043e\u0435 \u0441\u0438\u0434\u0435\u043d\u044c\u0435 Jet WL-1081-3 S197 Cross, \u0434\u043b\u044f MTB \u0432\u0435\u043b\u043e\u0441\u0438\u043f\u0435\u0434\u043e\u0432, \u043b\u0435\u0433\u043a\u0438\u0439 \u043f\u0435\u043d\u043e\u043f\u043b\u0430\u0441\u0442, \u043c\u0430\u0442\u0435\u0440\u0438\u0430\u043b \u0440\u0443\u043b\u044f: \u0441\u0442\u0430\u043b\u044c, \u0440\u0430\u0437\u043c\u0435\u0440\u044b: 275 x 160 \u043c\u043c, \u0432\u0435\u0441: 465 \u0433\",\"breadcrumb\":{\"@id\":\"https:\/\/sporta-preces.lv\/ru\/product\/sidenje-jet-wl-1081-3-s197\/#breadcrumb\"},\"inLanguage\":\"ru-RU\",\"potentialAction\":[{\"@type\":\"ReadAction\",\"target\":[\"https:\/\/sporta-preces.lv\/ru\/product\/sidenje-jet-wl-1081-3-s197\/\"]}]},{\"@type\":\"ImageObject\",\"inLanguage\":\"ru-RU\",\"@id\":\"https:\/\/sporta-preces.lv\/ru\/product\/sidenje-jet-wl-1081-3-s197\/#primaryimage\",\"url\":\"https:\/\/sporta-preces.lv\/wp-content\/uploads\/2022\/02\/S197_1-2.jpg\",\"contentUrl\":\"https:\/\/sporta-preces.lv\/wp-content\/uploads\/2022\/02\/S197_1-2.jpg\",\"width\":879,\"height\":896},{\"@type\":\"BreadcrumbList\",\"@id\":\"https:\/\/sporta-preces.lv\/ru\/product\/sidenje-jet-wl-1081-3-s197\/#breadcrumb\",\"itemListElement\":[{\"@type\":\"ListItem\",\"position\":1,\"name\":\"Home\",\"item\":\"https:\/\/sporta-preces.lv\/ru\/\"},{\"@type\":\"ListItem\",\"position\":2,\"name\":\"\u041a\u0430\u0442\u0430\u043b\u043e\u0433\",\"item\":\"https:\/\/sporta-preces.lv\/ru\/katalog\/\"},{\"@type\":\"ListItem\",\"position\":3,\"name\":\"\u0421\u0438\u0434\u0435\u043d\u044c\u0435 Jet WL-1081-3 S197\"}]},{\"@type\":\"WebSite\",\"@id\":\"https:\/\/sporta-preces.lv\/#website\",\"url\":\"https:\/\/sporta-preces.lv\/\",\"name\":\"Sporta-preces\",\"description\":\"Kvalitat\u012bvas sporta preces par lab\u0101kaj\u0101m cen\u0101m.\",\"potentialAction\":[{\"@type\":\"SearchAction\",\"target\":{\"@type\":\"EntryPoint\",\"urlTemplate\":\"https:\/\/sporta-preces.lv\/?s={search_term_string}\"},\"query-input\":{\"@type\":\"PropertyValueSpecification\",\"valueRequired\":true,\"valueName\":\"search_term_string\"}}],\"inLanguage\":\"ru-RU\"}]}<\/script>\n<!-- \/ Yoast SEO Premium plugin. -->","yoast_head_json":{"title":"\u0421\u0438\u0434\u0435\u043d\u044c\u0435 Jet WL-1081-3 S197 - Sporta-preces","description":"\u0412\u0435\u043b\u043e\u0441\u0438\u043f\u0435\u0434\u043d\u043e\u0435 \u0441\u0438\u0434\u0435\u043d\u044c\u0435 Jet WL-1081-3 S197 Cross, \u0434\u043b\u044f MTB \u0432\u0435\u043b\u043e\u0441\u0438\u043f\u0435\u0434\u043e\u0432, \u043b\u0435\u0433\u043a\u0438\u0439 \u043f\u0435\u043d\u043e\u043f\u043b\u0430\u0441\u0442, \u043c\u0430\u0442\u0435\u0440\u0438\u0430\u043b \u0440\u0443\u043b\u044f: \u0441\u0442\u0430\u043b\u044c, \u0440\u0430\u0437\u043c\u0435\u0440\u044b: 275 x 160 \u043c\u043c, \u0432\u0435\u0441: 465 \u0433","robots":{"index":"index","follow":"follow","max-snippet":"max-snippet:-1","max-image-preview":"max-image-preview:large","max-video-preview":"max-video-preview:-1"},"canonical":"https:\/\/sporta-preces.lv\/ru\/product\/sidenje-jet-wl-1081-3-s197\/","og_locale":"ru_RU","og_type":"article","og_title":"\u0421\u0438\u0434\u0435\u043d\u044c\u0435 Jet WL-1081-3 S197","og_description":"\u0412\u0435\u043b\u043e\u0441\u0438\u043f\u0435\u0434\u043d\u043e\u0435 \u0441\u0438\u0434\u0435\u043d\u044c\u0435 Jet WL-1081-3 S197 Cross, \u0434\u043b\u044f MTB \u0432\u0435\u043b\u043e\u0441\u0438\u043f\u0435\u0434\u043e\u0432, \u043b\u0435\u0433\u043a\u0438\u0439 \u043f\u0435\u043d\u043e\u043f\u043b\u0430\u0441\u0442, \u043c\u0430\u0442\u0435\u0440\u0438\u0430\u043b \u0440\u0443\u043b\u044f: \u0441\u0442\u0430\u043b\u044c, \u0440\u0430\u0437\u043c\u0435\u0440\u044b: 275 x 160 \u043c\u043c, \u0432\u0435\u0441: 465 \u0433","og_url":"https:\/\/sporta-preces.lv\/ru\/product\/sidenje-jet-wl-1081-3-s197\/","og_site_name":"Sporta-preces","article_modified_time":"2024-04-11T07:14:17+00:00","og_image":[{"width":879,"height":896,"url":"https:\/\/sporta-preces.lv\/wp-content\/uploads\/2022\/02\/S197_1-2.jpg","type":"image\/jpeg"}],"twitter_card":"summary_large_image","schema":{"@context":"https:\/\/schema.org","@graph":[{"@type":"WebPage","@id":"https:\/\/sporta-preces.lv\/ru\/product\/sidenje-jet-wl-1081-3-s197\/","url":"https:\/\/sporta-preces.lv\/ru\/product\/sidenje-jet-wl-1081-3-s197\/","name":"\u0421\u0438\u0434\u0435\u043d\u044c\u0435 Jet WL-1081-3 S197 - Sporta-preces","isPartOf":{"@id":"https:\/\/sporta-preces.lv\/#website"},"primaryImageOfPage":{"@id":"https:\/\/sporta-preces.lv\/ru\/product\/sidenje-jet-wl-1081-3-s197\/#primaryimage"},"image":{"@id":"https:\/\/sporta-preces.lv\/ru\/product\/sidenje-jet-wl-1081-3-s197\/#primaryimage"},"thumbnailUrl":"https:\/\/sporta-preces.lv\/wp-content\/uploads\/2022\/02\/S197_1-2.jpg","datePublished":"2022-02-18T22:59:46+00:00","dateModified":"2024-04-11T07:14:17+00:00","description":"\u0412\u0435\u043b\u043e\u0441\u0438\u043f\u0435\u0434\u043d\u043e\u0435 \u0441\u0438\u0434\u0435\u043d\u044c\u0435 Jet WL-1081-3 S197 Cross, \u0434\u043b\u044f MTB \u0432\u0435\u043b\u043e\u0441\u0438\u043f\u0435\u0434\u043e\u0432, \u043b\u0435\u0433\u043a\u0438\u0439 \u043f\u0435\u043d\u043e\u043f\u043b\u0430\u0441\u0442, \u043c\u0430\u0442\u0435\u0440\u0438\u0430\u043b \u0440\u0443\u043b\u044f: \u0441\u0442\u0430\u043b\u044c, \u0440\u0430\u0437\u043c\u0435\u0440\u044b: 275 x 160 \u043c\u043c, \u0432\u0435\u0441: 465 \u0433","breadcrumb":{"@id":"https:\/\/sporta-preces.lv\/ru\/product\/sidenje-jet-wl-1081-3-s197\/#breadcrumb"},"inLanguage":"ru-RU","potentialAction":[{"@type":"ReadAction","target":["https:\/\/sporta-preces.lv\/ru\/product\/sidenje-jet-wl-1081-3-s197\/"]}]},{"@type":"ImageObject","inLanguage":"ru-RU","@id":"https:\/\/sporta-preces.lv\/ru\/product\/sidenje-jet-wl-1081-3-s197\/#primaryimage","url":"https:\/\/sporta-preces.lv\/wp-content\/uploads\/2022\/02\/S197_1-2.jpg","contentUrl":"https:\/\/sporta-preces.lv\/wp-content\/uploads\/2022\/02\/S197_1-2.jpg","width":879,"height":896},{"@type":"BreadcrumbList","@id":"https:\/\/sporta-preces.lv\/ru\/product\/sidenje-jet-wl-1081-3-s197\/#breadcrumb","itemListElement":[{"@type":"ListItem","position":1,"name":"Home","item":"https:\/\/sporta-preces.lv\/ru\/"},{"@type":"ListItem","position":2,"name":"\u041a\u0430\u0442\u0430\u043b\u043e\u0433","item":"https:\/\/sporta-preces.lv\/ru\/katalog\/"},{"@type":"ListItem","position":3,"name":"\u0421\u0438\u0434\u0435\u043d\u044c\u0435 Jet WL-1081-3 S197"}]},{"@type":"WebSite","@id":"https:\/\/sporta-preces.lv\/#website","url":"https:\/\/sporta-preces.lv\/","name":"Sporta-preces","description":"Kvalitat\u012bvas sporta preces par lab\u0101kaj\u0101m cen\u0101m.","potentialAction":[{"@type":"SearchAction","target":{"@type":"EntryPoint","urlTemplate":"https:\/\/sporta-preces.lv\/?s={search_term_string}"},"query-input":{"@type":"PropertyValueSpecification","valueRequired":true,"valueName":"search_term_string"}}],"inLanguage":"ru-RU"}]}},"_links":{"self":[{"href":"https:\/\/sporta-preces.lv\/ru\/wp-json\/wp\/v2\/product\/8216","targetHints":{"allow":["GET"]}}],"collection":[{"href":"https:\/\/sporta-preces.lv\/ru\/wp-json\/wp\/v2\/product"}],"about":[{"href":"https:\/\/sporta-preces.lv\/ru\/wp-json\/wp\/v2\/types\/product"}],"wp:featuredmedia":[{"embeddable":true,"href":"https:\/\/sporta-preces.lv\/ru\/wp-json\/wp\/v2\/media\/8222"}],"wp:attachment":[{"href":"https:\/\/sporta-preces.lv\/ru\/wp-json\/wp\/v2\/media?parent=8216"}],"wp:term":[{"taxonomy":"product_cat","embeddable":true,"href":"https:\/\/sporta-preces.lv\/ru\/wp-json\/wp\/v2\/product_cat?post=8216"},{"taxonomy":"product_tag","embeddable":true,"href":"https:\/\/sporta-preces.lv\/ru\/wp-json\/wp\/v2\/product_tag?post=8216"}],"curies":[{"name":"wp","href":"https:\/\/api.w.org\/{rel}","templated":true}]}}