{"id":8174,"date":"2022-02-19T01:18:02","date_gmt":"2022-02-18T23:18:02","guid":{"rendered":"https:\/\/sporta-preces.lv\/product\/sidene-jet-wl-2823a-1-chernyj-sinij-s198\/"},"modified":"2022-02-19T01:18:02","modified_gmt":"2022-02-18T23:18:02","slug":"sidene-jet-wl-2823a-1-chernyj-sinij-s198","status":"publish","type":"product","link":"https:\/\/sporta-preces.lv\/ru\/product\/sidene-jet-wl-2823a-1-chernyj-sinij-s198\/","title":{"rendered":"\u0421\u0438\u0434\u0435\u043d\u044c\u0435 Jet WL-2823A-1 \u0447\u0435\u0440\u043d\u044b\u0439\/\u0441\u0438\u043d\u0438\u0439, S198"},"content":{"rendered":"<p>\u0421\u043f\u043e\u0440\u0442\u0438\u0432\u043d\u043e\u0435 \u0441\u0438\u0434\u0435\u043d\u044c\u0435 \u0434\u043b\u044f \u0432\u0435\u043b\u043e\u0441\u0438\u043f\u0435\u0434\u043e\u0432 Cross, MTB, \u043d\u0430\u043f\u043e\u043b\u043d\u0435\u043d\u043d\u043e\u0435 \u043c\u044f\u0433\u043a\u043e\u0439 \u043f\u0435\u043d\u043e\u0439 <br \/>\n\u041d\u0430\u043f\u043e\u043b\u043d\u0438\u0442\u0435\u043b\u044c: Light Foam &#8212; \u043c\u044f\u0433\u043a\u0430\u044f \u043f\u0435\u043d\u0430 <br \/>\n\u0443\u0433\u043b\u0443\u0431\u043b\u0435\u043d\u0438\u0435 \u0432 \u043a\u043e\u043d\u0441\u0442\u0440\u0443\u043a\u0446\u0438\u0438 \u0441\u0438\u0434\u0435\u043d\u044c\u044f \u0434\u043b\u044f \u043f\u043e\u0432\u044b\u0448\u0435\u043d\u0438\u044f \u043a\u043e\u043c\u0444\u043e\u0440\u0442\u0430 <br \/>\n\u041c\u0430\u0442\u0435\u0440\u0438\u0430\u043b \u0448\u0442\u0430\u043d\u0433\u0438: \u0441\u0442\u0430\u043b\u044c (\u0441 \u0437\u0430\u0436\u0438\u043c\u043e\u043c), <br \/>\n\u0420\u0430\u0437\u043c\u0435\u0440\u044b: 270 \u0445 155 \u043c\u043c, <br \/>\n\u0412\u0435\u0441: 472 \u0433 (\u0441 \u0437\u0430\u0436\u0438\u043c\u043e\u043c) <br \/>\n\u041c\u0430\u0442\u0435\u0440\u0438\u0430\u043b \u043f\u043e\u043a\u0440\u044b\u0442\u0438\u044f: \u0432\u0438\u043d\u0438\u043b<\/p>\n<p class=\"img-left\"><img fetchpriority=\"high\" decoding=\"async\" class=\"alignnone size-medium wp-image-3485\" src=\"https:\/\/sporta-preces.lv\/wp-content\/uploads\/2022\/02\/S198_3-278x300.jpg\" alt=\"\" width=\"278\" height=\"300\" \/> <img decoding=\"async\" class=\"alignnone size-medium wp-image-3484\" src=\"https:\/\/sporta-preces.lv\/wp-content\/uploads\/2022\/02\/S198-300x300.jpg\" alt=\"\" width=\"300\" height=\"300\" \/><\/p>\n","protected":false},"excerpt":{"rendered":"<p>\u0421\u043f\u043e\u0440\u0442\u0438\u0432\u043d\u043e\u0435 \u0441\u0438\u0434\u0435\u043d\u044c\u0435 \u0434\u043b\u044f \u0432\u0435\u043b\u043e\u0441\u0438\u043f\u0435\u0434\u043e\u0432 Cross, MTB, \u043d\u0430\u043f\u043e\u043b\u043d\u0435\u043d\u043d\u043e\u0435 \u043c\u044f\u0433\u043a\u043e\u0439 \u043f\u0435\u043d\u043e\u0439 \u041d\u0430\u043f\u043e\u043b\u043d\u0438\u0442\u0435\u043b\u044c: Light Foam &#8212; \u043c\u044f\u0433\u043a\u0430\u044f \u043f\u0435\u043d\u0430 \u0443\u0433\u043b\u0443\u0431\u043b\u0435\u043d\u0438\u0435 \u0432 \u043a\u043e\u043d\u0441\u0442\u0440\u0443\u043a\u0446\u0438\u0438 \u0441\u0438\u0434\u0435\u043d\u044c\u044f \u0434\u043b\u044f \u043f\u043e\u0432\u044b\u0448\u0435\u043d\u0438\u044f \u043a\u043e\u043c\u0444\u043e\u0440\u0442\u0430 \u041c\u0430\u0442\u0435\u0440\u0438\u0430\u043b \u0448\u0442\u0430\u043d\u0433\u0438: \u0441\u0442\u0430\u043b\u044c (\u0441 \u0437\u0430\u0436\u0438\u043c\u043e\u043c), \u0420\u0430\u0437\u043c\u0435\u0440\u044b: 270 \u0445 155 \u043c\u043c, \u0412\u0435\u0441: 472 \u0433 (\u0441 \u0437\u0430\u0436\u0438\u043c\u043e\u043c) \u041c\u0430\u0442\u0435\u0440\u0438\u0430\u043b \u043f\u043e\u043a\u0440\u044b\u0442\u0438\u044f: \u0432\u0438\u043d\u0438\u043b<\/p>\n","protected":false},"featured_media":8175,"template":"","meta":[],"product_cat":[146],"product_tag":[],"class_list":{"0":"post-8174","1":"product","2":"type-product","3":"status-publish","4":"has-post-thumbnail","6":"product_cat-sidenja","7":"product_shipping_class-s-novusa-un-velo-acc-ru","9":"first","10":"instock","11":"purchasable","12":"product-type-simple"},"yoast_head":"<!-- This site is optimized with the Yoast SEO Premium plugin v27.1 (Yoast SEO v27.2) - https:\/\/yoast.com\/product\/yoast-seo-premium-wordpress\/ -->\n<title>\u0421\u0438\u0434\u0435\u043d\u044c\u0435 Jet WL-2823A-1 \u0447\u0435\u0440\u043d\u044b\u0439\/\u0441\u0438\u043d\u0438\u0439, S198 - Sporta-preces<\/title>\n<meta name=\"robots\" content=\"index, follow, max-snippet:-1, max-image-preview:large, max-video-preview:-1\" \/>\n<link rel=\"canonical\" href=\"https:\/\/sporta-preces.lv\/ru\/product\/sidene-jet-wl-2823a-1-chernyj-sinij-s198\/\" \/>\n<meta property=\"og:locale\" content=\"ru_RU\" \/>\n<meta property=\"og:type\" content=\"article\" \/>\n<meta property=\"og:title\" content=\"\u0421\u0438\u0434\u0435\u043d\u044c\u0435 Jet WL-2823A-1 \u0447\u0435\u0440\u043d\u044b\u0439\/\u0441\u0438\u043d\u0438\u0439, S198\" \/>\n<meta property=\"og:description\" content=\"\u0421\u043f\u043e\u0440\u0442\u0438\u0432\u043d\u043e\u0435 \u0441\u0438\u0434\u0435\u043d\u044c\u0435 \u0434\u043b\u044f \u0432\u0435\u043b\u043e\u0441\u0438\u043f\u0435\u0434\u043e\u0432 Cross, MTB, \u043d\u0430\u043f\u043e\u043b\u043d\u0435\u043d\u043d\u043e\u0435 \u043c\u044f\u0433\u043a\u043e\u0439 \u043f\u0435\u043d\u043e\u0439 \u041d\u0430\u043f\u043e\u043b\u043d\u0438\u0442\u0435\u043b\u044c: Light Foam &#8212; \u043c\u044f\u0433\u043a\u0430\u044f \u043f\u0435\u043d\u0430 \u0443\u0433\u043b\u0443\u0431\u043b\u0435\u043d\u0438\u0435 \u0432 \u043a\u043e\u043d\u0441\u0442\u0440\u0443\u043a\u0446\u0438\u0438 \u0441\u0438\u0434\u0435\u043d\u044c\u044f \u0434\u043b\u044f \u043f\u043e\u0432\u044b\u0448\u0435\u043d\u0438\u044f \u043a\u043e\u043c\u0444\u043e\u0440\u0442\u0430 \u041c\u0430\u0442\u0435\u0440\u0438\u0430\u043b \u0448\u0442\u0430\u043d\u0433\u0438: \u0441\u0442\u0430\u043b\u044c (\u0441 \u0437\u0430\u0436\u0438\u043c\u043e\u043c), \u0420\u0430\u0437\u043c\u0435\u0440\u044b: 270 \u0445 155 \u043c\u043c, \u0412\u0435\u0441: 472 \u0433 (\u0441 \u0437\u0430\u0436\u0438\u043c\u043e\u043c) \u041c\u0430\u0442\u0435\u0440\u0438\u0430\u043b \u043f\u043e\u043a\u0440\u044b\u0442\u0438\u044f: \u0432\u0438\u043d\u0438\u043b\" \/>\n<meta property=\"og:url\" content=\"https:\/\/sporta-preces.lv\/ru\/product\/sidene-jet-wl-2823a-1-chernyj-sinij-s198\/\" \/>\n<meta property=\"og:site_name\" content=\"Sporta-preces\" \/>\n<meta property=\"og:image\" content=\"https:\/\/sporta-preces.lv\/wp-content\/uploads\/2022\/02\/S198_3-1.jpg\" \/>\n\t<meta property=\"og:image:width\" content=\"882\" \/>\n\t<meta property=\"og:image:height\" content=\"951\" \/>\n\t<meta property=\"og:image:type\" content=\"image\/jpeg\" \/>\n<meta name=\"twitter:card\" content=\"summary_large_image\" \/>\n<script type=\"application\/ld+json\" class=\"yoast-schema-graph\">{\"@context\":\"https:\/\/schema.org\",\"@graph\":[{\"@type\":\"WebPage\",\"@id\":\"https:\/\/sporta-preces.lv\/ru\/product\/sidene-jet-wl-2823a-1-chernyj-sinij-s198\/\",\"url\":\"https:\/\/sporta-preces.lv\/ru\/product\/sidene-jet-wl-2823a-1-chernyj-sinij-s198\/\",\"name\":\"\u0421\u0438\u0434\u0435\u043d\u044c\u0435 Jet WL-2823A-1 \u0447\u0435\u0440\u043d\u044b\u0439\/\u0441\u0438\u043d\u0438\u0439, S198 - Sporta-preces\",\"isPartOf\":{\"@id\":\"https:\/\/sporta-preces.lv\/#website\"},\"primaryImageOfPage\":{\"@id\":\"https:\/\/sporta-preces.lv\/ru\/product\/sidene-jet-wl-2823a-1-chernyj-sinij-s198\/#primaryimage\"},\"image\":{\"@id\":\"https:\/\/sporta-preces.lv\/ru\/product\/sidene-jet-wl-2823a-1-chernyj-sinij-s198\/#primaryimage\"},\"thumbnailUrl\":\"https:\/\/sporta-preces.lv\/wp-content\/uploads\/2022\/02\/S198_3-1.jpg\",\"datePublished\":\"2022-02-18T23:18:02+00:00\",\"breadcrumb\":{\"@id\":\"https:\/\/sporta-preces.lv\/ru\/product\/sidene-jet-wl-2823a-1-chernyj-sinij-s198\/#breadcrumb\"},\"inLanguage\":\"ru-RU\",\"potentialAction\":[{\"@type\":\"ReadAction\",\"target\":[\"https:\/\/sporta-preces.lv\/ru\/product\/sidene-jet-wl-2823a-1-chernyj-sinij-s198\/\"]}]},{\"@type\":\"ImageObject\",\"inLanguage\":\"ru-RU\",\"@id\":\"https:\/\/sporta-preces.lv\/ru\/product\/sidene-jet-wl-2823a-1-chernyj-sinij-s198\/#primaryimage\",\"url\":\"https:\/\/sporta-preces.lv\/wp-content\/uploads\/2022\/02\/S198_3-1.jpg\",\"contentUrl\":\"https:\/\/sporta-preces.lv\/wp-content\/uploads\/2022\/02\/S198_3-1.jpg\",\"width\":882,\"height\":951},{\"@type\":\"BreadcrumbList\",\"@id\":\"https:\/\/sporta-preces.lv\/ru\/product\/sidene-jet-wl-2823a-1-chernyj-sinij-s198\/#breadcrumb\",\"itemListElement\":[{\"@type\":\"ListItem\",\"position\":1,\"name\":\"Home\",\"item\":\"https:\/\/sporta-preces.lv\/ru\/\"},{\"@type\":\"ListItem\",\"position\":2,\"name\":\"\u041a\u0430\u0442\u0430\u043b\u043e\u0433\",\"item\":\"https:\/\/sporta-preces.lv\/ru\/katalog\/\"},{\"@type\":\"ListItem\",\"position\":3,\"name\":\"\u0421\u0438\u0434\u0435\u043d\u044c\u0435 Jet WL-2823A-1 \u0447\u0435\u0440\u043d\u044b\u0439\/\u0441\u0438\u043d\u0438\u0439, S198\"}]},{\"@type\":\"WebSite\",\"@id\":\"https:\/\/sporta-preces.lv\/#website\",\"url\":\"https:\/\/sporta-preces.lv\/\",\"name\":\"Sporta-preces\",\"description\":\"Kvalitat\u012bvas sporta preces par lab\u0101kaj\u0101m cen\u0101m.\",\"potentialAction\":[{\"@type\":\"SearchAction\",\"target\":{\"@type\":\"EntryPoint\",\"urlTemplate\":\"https:\/\/sporta-preces.lv\/?s={search_term_string}\"},\"query-input\":{\"@type\":\"PropertyValueSpecification\",\"valueRequired\":true,\"valueName\":\"search_term_string\"}}],\"inLanguage\":\"ru-RU\"}]}<\/script>\n<!-- \/ Yoast SEO Premium plugin. -->","yoast_head_json":{"title":"\u0421\u0438\u0434\u0435\u043d\u044c\u0435 Jet WL-2823A-1 \u0447\u0435\u0440\u043d\u044b\u0439\/\u0441\u0438\u043d\u0438\u0439, S198 - Sporta-preces","robots":{"index":"index","follow":"follow","max-snippet":"max-snippet:-1","max-image-preview":"max-image-preview:large","max-video-preview":"max-video-preview:-1"},"canonical":"https:\/\/sporta-preces.lv\/ru\/product\/sidene-jet-wl-2823a-1-chernyj-sinij-s198\/","og_locale":"ru_RU","og_type":"article","og_title":"\u0421\u0438\u0434\u0435\u043d\u044c\u0435 Jet WL-2823A-1 \u0447\u0435\u0440\u043d\u044b\u0439\/\u0441\u0438\u043d\u0438\u0439, S198","og_description":"\u0421\u043f\u043e\u0440\u0442\u0438\u0432\u043d\u043e\u0435 \u0441\u0438\u0434\u0435\u043d\u044c\u0435 \u0434\u043b\u044f \u0432\u0435\u043b\u043e\u0441\u0438\u043f\u0435\u0434\u043e\u0432 Cross, MTB, \u043d\u0430\u043f\u043e\u043b\u043d\u0435\u043d\u043d\u043e\u0435 \u043c\u044f\u0433\u043a\u043e\u0439 \u043f\u0435\u043d\u043e\u0439 \u041d\u0430\u043f\u043e\u043b\u043d\u0438\u0442\u0435\u043b\u044c: Light Foam &#8212; \u043c\u044f\u0433\u043a\u0430\u044f \u043f\u0435\u043d\u0430 \u0443\u0433\u043b\u0443\u0431\u043b\u0435\u043d\u0438\u0435 \u0432 \u043a\u043e\u043d\u0441\u0442\u0440\u0443\u043a\u0446\u0438\u0438 \u0441\u0438\u0434\u0435\u043d\u044c\u044f \u0434\u043b\u044f \u043f\u043e\u0432\u044b\u0448\u0435\u043d\u0438\u044f \u043a\u043e\u043c\u0444\u043e\u0440\u0442\u0430 \u041c\u0430\u0442\u0435\u0440\u0438\u0430\u043b \u0448\u0442\u0430\u043d\u0433\u0438: \u0441\u0442\u0430\u043b\u044c (\u0441 \u0437\u0430\u0436\u0438\u043c\u043e\u043c), \u0420\u0430\u0437\u043c\u0435\u0440\u044b: 270 \u0445 155 \u043c\u043c, \u0412\u0435\u0441: 472 \u0433 (\u0441 \u0437\u0430\u0436\u0438\u043c\u043e\u043c) \u041c\u0430\u0442\u0435\u0440\u0438\u0430\u043b \u043f\u043e\u043a\u0440\u044b\u0442\u0438\u044f: \u0432\u0438\u043d\u0438\u043b","og_url":"https:\/\/sporta-preces.lv\/ru\/product\/sidene-jet-wl-2823a-1-chernyj-sinij-s198\/","og_site_name":"Sporta-preces","og_image":[{"width":882,"height":951,"url":"https:\/\/sporta-preces.lv\/wp-content\/uploads\/2022\/02\/S198_3-1.jpg","type":"image\/jpeg"}],"twitter_card":"summary_large_image","schema":{"@context":"https:\/\/schema.org","@graph":[{"@type":"WebPage","@id":"https:\/\/sporta-preces.lv\/ru\/product\/sidene-jet-wl-2823a-1-chernyj-sinij-s198\/","url":"https:\/\/sporta-preces.lv\/ru\/product\/sidene-jet-wl-2823a-1-chernyj-sinij-s198\/","name":"\u0421\u0438\u0434\u0435\u043d\u044c\u0435 Jet WL-2823A-1 \u0447\u0435\u0440\u043d\u044b\u0439\/\u0441\u0438\u043d\u0438\u0439, S198 - Sporta-preces","isPartOf":{"@id":"https:\/\/sporta-preces.lv\/#website"},"primaryImageOfPage":{"@id":"https:\/\/sporta-preces.lv\/ru\/product\/sidene-jet-wl-2823a-1-chernyj-sinij-s198\/#primaryimage"},"image":{"@id":"https:\/\/sporta-preces.lv\/ru\/product\/sidene-jet-wl-2823a-1-chernyj-sinij-s198\/#primaryimage"},"thumbnailUrl":"https:\/\/sporta-preces.lv\/wp-content\/uploads\/2022\/02\/S198_3-1.jpg","datePublished":"2022-02-18T23:18:02+00:00","breadcrumb":{"@id":"https:\/\/sporta-preces.lv\/ru\/product\/sidene-jet-wl-2823a-1-chernyj-sinij-s198\/#breadcrumb"},"inLanguage":"ru-RU","potentialAction":[{"@type":"ReadAction","target":["https:\/\/sporta-preces.lv\/ru\/product\/sidene-jet-wl-2823a-1-chernyj-sinij-s198\/"]}]},{"@type":"ImageObject","inLanguage":"ru-RU","@id":"https:\/\/sporta-preces.lv\/ru\/product\/sidene-jet-wl-2823a-1-chernyj-sinij-s198\/#primaryimage","url":"https:\/\/sporta-preces.lv\/wp-content\/uploads\/2022\/02\/S198_3-1.jpg","contentUrl":"https:\/\/sporta-preces.lv\/wp-content\/uploads\/2022\/02\/S198_3-1.jpg","width":882,"height":951},{"@type":"BreadcrumbList","@id":"https:\/\/sporta-preces.lv\/ru\/product\/sidene-jet-wl-2823a-1-chernyj-sinij-s198\/#breadcrumb","itemListElement":[{"@type":"ListItem","position":1,"name":"Home","item":"https:\/\/sporta-preces.lv\/ru\/"},{"@type":"ListItem","position":2,"name":"\u041a\u0430\u0442\u0430\u043b\u043e\u0433","item":"https:\/\/sporta-preces.lv\/ru\/katalog\/"},{"@type":"ListItem","position":3,"name":"\u0421\u0438\u0434\u0435\u043d\u044c\u0435 Jet WL-2823A-1 \u0447\u0435\u0440\u043d\u044b\u0439\/\u0441\u0438\u043d\u0438\u0439, S198"}]},{"@type":"WebSite","@id":"https:\/\/sporta-preces.lv\/#website","url":"https:\/\/sporta-preces.lv\/","name":"Sporta-preces","description":"Kvalitat\u012bvas sporta preces par lab\u0101kaj\u0101m cen\u0101m.","potentialAction":[{"@type":"SearchAction","target":{"@type":"EntryPoint","urlTemplate":"https:\/\/sporta-preces.lv\/?s={search_term_string}"},"query-input":{"@type":"PropertyValueSpecification","valueRequired":true,"valueName":"search_term_string"}}],"inLanguage":"ru-RU"}]}},"_links":{"self":[{"href":"https:\/\/sporta-preces.lv\/ru\/wp-json\/wp\/v2\/product\/8174","targetHints":{"allow":["GET"]}}],"collection":[{"href":"https:\/\/sporta-preces.lv\/ru\/wp-json\/wp\/v2\/product"}],"about":[{"href":"https:\/\/sporta-preces.lv\/ru\/wp-json\/wp\/v2\/types\/product"}],"wp:featuredmedia":[{"embeddable":true,"href":"https:\/\/sporta-preces.lv\/ru\/wp-json\/wp\/v2\/media\/8175"}],"wp:attachment":[{"href":"https:\/\/sporta-preces.lv\/ru\/wp-json\/wp\/v2\/media?parent=8174"}],"wp:term":[{"taxonomy":"product_cat","embeddable":true,"href":"https:\/\/sporta-preces.lv\/ru\/wp-json\/wp\/v2\/product_cat?post=8174"},{"taxonomy":"product_tag","embeddable":true,"href":"https:\/\/sporta-preces.lv\/ru\/wp-json\/wp\/v2\/product_tag?post=8174"}],"curies":[{"name":"wp","href":"https:\/\/api.w.org\/{rel}","templated":true}]}}