{"id":8154,"date":"2022-02-19T01:36:50","date_gmt":"2022-02-18T23:36:50","guid":{"rendered":"https:\/\/sporta-preces.lv\/product\/sidene-az-16-jet-selle-s023\/"},"modified":"2022-02-19T01:36:50","modified_gmt":"2022-02-18T23:36:50","slug":"sidene-az-16-jet-selle-s023","status":"publish","type":"product","link":"https:\/\/sporta-preces.lv\/ru\/product\/sidene-az-16-jet-selle-s023\/","title":{"rendered":"\u0421\u0438\u0434\u0435\u043d\u044c\u0435 AZ-16 Jet Selle S023"},"content":{"rendered":"<p> \u0412\u0435\u043b\u043e\u0441\u0438\u043f\u0435\u0434\u043d\u043e\u0435 \u0441\u0438\u0434\u0435\u043d\u044c\u0435 AZ-16 Jet Selle <br \/>\n\u0421 \u043f\u0440\u0443\u0436\u0438\u043d\u0430\u043c\u0438 <br \/>\n\u0420\u0430\u0437\u043c\u0435\u0440 240&#215;205 \u043c\u043c <br \/>\n\u0412\u0435\u0441 710 \u0433\u0440\u0430\u043c\u043c<\/p>\n<p class=\"img-left\"><img decoding=\"async\" class=\"alignnone size-medium wp-image-3819\" src=\"https:\/\/sporta-preces.lv\/wp-content\/uploads\/2021\/10\/s0234-300x157.jpg\" alt=\"\" width=\"300\" height=\"157\" \/> <img decoding=\"async\" class=\"alignnone size-medium wp-image-3820\" src=\"https:\/\/sporta-preces.lv\/wp-content\/uploads\/2021\/10\/1354260940-300x130.jpg\" alt=\"\" width=\"300\" height=\"130\" \/><\/p>\n","protected":false},"excerpt":{"rendered":"<p>\u0412\u0435\u043b\u043e\u0441\u0438\u043f\u0435\u0434\u043d\u043e\u0435 \u0441\u0438\u0434\u0435\u043d\u044c\u0435 AZ-16 Jet Selle \u0421 \u043f\u0440\u0443\u0436\u0438\u043d\u0430\u043c\u0438 \u0420\u0430\u0437\u043c\u0435\u0440 240&#215;205 \u043c\u043c \u0412\u0435\u0441 710 \u0433\u0440\u0430\u043c\u043c<\/p>\n","protected":false},"featured_media":8155,"template":"","meta":[],"product_cat":[146],"product_tag":[],"class_list":{"0":"post-8154","1":"product","2":"type-product","3":"status-publish","4":"has-post-thumbnail","6":"product_cat-sidenja","7":"product_shipping_class-velo-acc-m-izmers-ru","9":"first","10":"instock","11":"purchasable","12":"product-type-simple"},"yoast_head":"<!-- This site is optimized with the Yoast SEO Premium plugin v27.1 (Yoast SEO v27.2) - https:\/\/yoast.com\/product\/yoast-seo-premium-wordpress\/ -->\n<title>\u0421\u0438\u0434\u0435\u043d\u044c\u0435 AZ-16 Jet Selle S023 - Sporta-preces<\/title>\n<meta name=\"robots\" content=\"index, follow, max-snippet:-1, max-image-preview:large, max-video-preview:-1\" \/>\n<link rel=\"canonical\" href=\"https:\/\/sporta-preces.lv\/ru\/product\/sidene-az-16-jet-selle-s023\/\" \/>\n<meta property=\"og:locale\" content=\"ru_RU\" \/>\n<meta property=\"og:type\" content=\"article\" \/>\n<meta property=\"og:title\" content=\"\u0421\u0438\u0434\u0435\u043d\u044c\u0435 AZ-16 Jet Selle S023\" \/>\n<meta property=\"og:description\" content=\"\u0412\u0435\u043b\u043e\u0441\u0438\u043f\u0435\u0434\u043d\u043e\u0435 \u0441\u0438\u0434\u0435\u043d\u044c\u0435 AZ-16 Jet Selle \u0421 \u043f\u0440\u0443\u0436\u0438\u043d\u0430\u043c\u0438 \u0420\u0430\u0437\u043c\u0435\u0440 240&#215;205 \u043c\u043c \u0412\u0435\u0441 710 \u0433\u0440\u0430\u043c\u043c\" \/>\n<meta property=\"og:url\" content=\"https:\/\/sporta-preces.lv\/ru\/product\/sidene-az-16-jet-selle-s023\/\" \/>\n<meta property=\"og:site_name\" content=\"Sporta-preces\" \/>\n<meta property=\"og:image\" content=\"https:\/\/sporta-preces.lv\/wp-content\/uploads\/2022\/02\/s0234-1.jpg\" \/>\n\t<meta property=\"og:image:width\" content=\"700\" \/>\n\t<meta property=\"og:image:height\" content=\"367\" \/>\n\t<meta property=\"og:image:type\" content=\"image\/jpeg\" \/>\n<meta name=\"twitter:card\" content=\"summary_large_image\" \/>\n<script type=\"application\/ld+json\" class=\"yoast-schema-graph\">{\"@context\":\"https:\/\/schema.org\",\"@graph\":[{\"@type\":\"WebPage\",\"@id\":\"https:\/\/sporta-preces.lv\/ru\/product\/sidene-az-16-jet-selle-s023\/\",\"url\":\"https:\/\/sporta-preces.lv\/ru\/product\/sidene-az-16-jet-selle-s023\/\",\"name\":\"\u0421\u0438\u0434\u0435\u043d\u044c\u0435 AZ-16 Jet Selle S023 - Sporta-preces\",\"isPartOf\":{\"@id\":\"https:\/\/sporta-preces.lv\/#website\"},\"primaryImageOfPage\":{\"@id\":\"https:\/\/sporta-preces.lv\/ru\/product\/sidene-az-16-jet-selle-s023\/#primaryimage\"},\"image\":{\"@id\":\"https:\/\/sporta-preces.lv\/ru\/product\/sidene-az-16-jet-selle-s023\/#primaryimage\"},\"thumbnailUrl\":\"https:\/\/sporta-preces.lv\/wp-content\/uploads\/2022\/02\/s0234-1.jpg\",\"datePublished\":\"2022-02-18T23:36:50+00:00\",\"breadcrumb\":{\"@id\":\"https:\/\/sporta-preces.lv\/ru\/product\/sidene-az-16-jet-selle-s023\/#breadcrumb\"},\"inLanguage\":\"ru-RU\",\"potentialAction\":[{\"@type\":\"ReadAction\",\"target\":[\"https:\/\/sporta-preces.lv\/ru\/product\/sidene-az-16-jet-selle-s023\/\"]}]},{\"@type\":\"ImageObject\",\"inLanguage\":\"ru-RU\",\"@id\":\"https:\/\/sporta-preces.lv\/ru\/product\/sidene-az-16-jet-selle-s023\/#primaryimage\",\"url\":\"https:\/\/sporta-preces.lv\/wp-content\/uploads\/2022\/02\/s0234-1.jpg\",\"contentUrl\":\"https:\/\/sporta-preces.lv\/wp-content\/uploads\/2022\/02\/s0234-1.jpg\",\"width\":700,\"height\":367},{\"@type\":\"BreadcrumbList\",\"@id\":\"https:\/\/sporta-preces.lv\/ru\/product\/sidene-az-16-jet-selle-s023\/#breadcrumb\",\"itemListElement\":[{\"@type\":\"ListItem\",\"position\":1,\"name\":\"Home\",\"item\":\"https:\/\/sporta-preces.lv\/ru\/\"},{\"@type\":\"ListItem\",\"position\":2,\"name\":\"\u041a\u0430\u0442\u0430\u043b\u043e\u0433\",\"item\":\"https:\/\/sporta-preces.lv\/ru\/katalog\/\"},{\"@type\":\"ListItem\",\"position\":3,\"name\":\"\u0421\u0438\u0434\u0435\u043d\u044c\u0435 AZ-16 Jet Selle S023\"}]},{\"@type\":\"WebSite\",\"@id\":\"https:\/\/sporta-preces.lv\/#website\",\"url\":\"https:\/\/sporta-preces.lv\/\",\"name\":\"Sporta-preces\",\"description\":\"Kvalitat\u012bvas sporta preces par lab\u0101kaj\u0101m cen\u0101m.\",\"potentialAction\":[{\"@type\":\"SearchAction\",\"target\":{\"@type\":\"EntryPoint\",\"urlTemplate\":\"https:\/\/sporta-preces.lv\/?s={search_term_string}\"},\"query-input\":{\"@type\":\"PropertyValueSpecification\",\"valueRequired\":true,\"valueName\":\"search_term_string\"}}],\"inLanguage\":\"ru-RU\"}]}<\/script>\n<!-- \/ Yoast SEO Premium plugin. -->","yoast_head_json":{"title":"\u0421\u0438\u0434\u0435\u043d\u044c\u0435 AZ-16 Jet Selle S023 - Sporta-preces","robots":{"index":"index","follow":"follow","max-snippet":"max-snippet:-1","max-image-preview":"max-image-preview:large","max-video-preview":"max-video-preview:-1"},"canonical":"https:\/\/sporta-preces.lv\/ru\/product\/sidene-az-16-jet-selle-s023\/","og_locale":"ru_RU","og_type":"article","og_title":"\u0421\u0438\u0434\u0435\u043d\u044c\u0435 AZ-16 Jet Selle S023","og_description":"\u0412\u0435\u043b\u043e\u0441\u0438\u043f\u0435\u0434\u043d\u043e\u0435 \u0441\u0438\u0434\u0435\u043d\u044c\u0435 AZ-16 Jet Selle \u0421 \u043f\u0440\u0443\u0436\u0438\u043d\u0430\u043c\u0438 \u0420\u0430\u0437\u043c\u0435\u0440 240&#215;205 \u043c\u043c \u0412\u0435\u0441 710 \u0433\u0440\u0430\u043c\u043c","og_url":"https:\/\/sporta-preces.lv\/ru\/product\/sidene-az-16-jet-selle-s023\/","og_site_name":"Sporta-preces","og_image":[{"width":700,"height":367,"url":"https:\/\/sporta-preces.lv\/wp-content\/uploads\/2022\/02\/s0234-1.jpg","type":"image\/jpeg"}],"twitter_card":"summary_large_image","schema":{"@context":"https:\/\/schema.org","@graph":[{"@type":"WebPage","@id":"https:\/\/sporta-preces.lv\/ru\/product\/sidene-az-16-jet-selle-s023\/","url":"https:\/\/sporta-preces.lv\/ru\/product\/sidene-az-16-jet-selle-s023\/","name":"\u0421\u0438\u0434\u0435\u043d\u044c\u0435 AZ-16 Jet Selle S023 - Sporta-preces","isPartOf":{"@id":"https:\/\/sporta-preces.lv\/#website"},"primaryImageOfPage":{"@id":"https:\/\/sporta-preces.lv\/ru\/product\/sidene-az-16-jet-selle-s023\/#primaryimage"},"image":{"@id":"https:\/\/sporta-preces.lv\/ru\/product\/sidene-az-16-jet-selle-s023\/#primaryimage"},"thumbnailUrl":"https:\/\/sporta-preces.lv\/wp-content\/uploads\/2022\/02\/s0234-1.jpg","datePublished":"2022-02-18T23:36:50+00:00","breadcrumb":{"@id":"https:\/\/sporta-preces.lv\/ru\/product\/sidene-az-16-jet-selle-s023\/#breadcrumb"},"inLanguage":"ru-RU","potentialAction":[{"@type":"ReadAction","target":["https:\/\/sporta-preces.lv\/ru\/product\/sidene-az-16-jet-selle-s023\/"]}]},{"@type":"ImageObject","inLanguage":"ru-RU","@id":"https:\/\/sporta-preces.lv\/ru\/product\/sidene-az-16-jet-selle-s023\/#primaryimage","url":"https:\/\/sporta-preces.lv\/wp-content\/uploads\/2022\/02\/s0234-1.jpg","contentUrl":"https:\/\/sporta-preces.lv\/wp-content\/uploads\/2022\/02\/s0234-1.jpg","width":700,"height":367},{"@type":"BreadcrumbList","@id":"https:\/\/sporta-preces.lv\/ru\/product\/sidene-az-16-jet-selle-s023\/#breadcrumb","itemListElement":[{"@type":"ListItem","position":1,"name":"Home","item":"https:\/\/sporta-preces.lv\/ru\/"},{"@type":"ListItem","position":2,"name":"\u041a\u0430\u0442\u0430\u043b\u043e\u0433","item":"https:\/\/sporta-preces.lv\/ru\/katalog\/"},{"@type":"ListItem","position":3,"name":"\u0421\u0438\u0434\u0435\u043d\u044c\u0435 AZ-16 Jet Selle S023"}]},{"@type":"WebSite","@id":"https:\/\/sporta-preces.lv\/#website","url":"https:\/\/sporta-preces.lv\/","name":"Sporta-preces","description":"Kvalitat\u012bvas sporta preces par lab\u0101kaj\u0101m cen\u0101m.","potentialAction":[{"@type":"SearchAction","target":{"@type":"EntryPoint","urlTemplate":"https:\/\/sporta-preces.lv\/?s={search_term_string}"},"query-input":{"@type":"PropertyValueSpecification","valueRequired":true,"valueName":"search_term_string"}}],"inLanguage":"ru-RU"}]}},"_links":{"self":[{"href":"https:\/\/sporta-preces.lv\/ru\/wp-json\/wp\/v2\/product\/8154","targetHints":{"allow":["GET"]}}],"collection":[{"href":"https:\/\/sporta-preces.lv\/ru\/wp-json\/wp\/v2\/product"}],"about":[{"href":"https:\/\/sporta-preces.lv\/ru\/wp-json\/wp\/v2\/types\/product"}],"wp:featuredmedia":[{"embeddable":true,"href":"https:\/\/sporta-preces.lv\/ru\/wp-json\/wp\/v2\/media\/8155"}],"wp:attachment":[{"href":"https:\/\/sporta-preces.lv\/ru\/wp-json\/wp\/v2\/media?parent=8154"}],"wp:term":[{"taxonomy":"product_cat","embeddable":true,"href":"https:\/\/sporta-preces.lv\/ru\/wp-json\/wp\/v2\/product_cat?post=8154"},{"taxonomy":"product_tag","embeddable":true,"href":"https:\/\/sporta-preces.lv\/ru\/wp-json\/wp\/v2\/product_tag?post=8154"}],"curies":[{"name":"wp","href":"https:\/\/api.w.org\/{rel}","templated":true}]}}