{"id":8148,"date":"2022-03-16T21:27:24","date_gmt":"2022-03-16T19:27:24","guid":{"rendered":"https:\/\/sporta-preces.lv\/product\/sidene-az-151bf-103-belyj-s161\/"},"modified":"2022-03-16T21:27:24","modified_gmt":"2022-03-16T19:27:24","slug":"sidene-az-151bf-103-belyj-s161","status":"publish","type":"product","link":"https:\/\/sporta-preces.lv\/ru\/product\/sidene-az-151bf-103-belyj-s161\/","title":{"rendered":"\u0421\u0438\u0434\u0435\u043d\u044c\u0435 AZ-151BF-103, \u0431\u0435\u043b\u044b\u0439, S161"},"content":{"rendered":"<p>\u041a\u043b\u0430\u0441\u0441\u0438\u0447\u0435\u0441\u043a\u043e\u0435 \u043f\u043e\u0434\u043f\u0440\u0443\u0436\u0438\u043d\u0435\u043d\u043d\u043e\u0435 \u0441\u0438\u0434\u0435\u043d\u044c\u0435 \u0441\u043e\u0432\u0440\u0435\u043c\u0435\u043d\u043d\u043e\u0433\u043e \u0434\u0438\u0437\u0430\u0439\u043d\u0430, \u0432\u044b\u043f\u043e\u043b\u043d\u0435\u043d\u043d\u043e\u0435 \u0438\u0437 \u0441\u043e\u0432\u0440\u0435\u043c\u0435\u043d\u043d\u044b\u0445 \u043c\u0430\u0442\u0435\u0440\u0438\u0430\u043b\u043e\u0432.<br \/>\n\u0420\u0430\u0437\u043c\u0435\u0440 280&#215;250 \u043c\u043c <br \/>\n\u0412\u0435\u0441 920 \u0433\u0440\u0430\u043c\u043c<\/p>\n<p class=\"img-left\"><img fetchpriority=\"high\" decoding=\"async\" class=\"alignnone size-medium wp-image-7546\" src=\"https:\/\/sporta-preces.lv\/wp-content\/uploads\/2022\/03\/DSC03247-300x240.jpg\" alt=\"\" width=\"300\" height=\"240\" srcset=\"https:\/\/sporta-preces.lv\/wp-content\/uploads\/2022\/03\/DSC03247-300x240.jpg 300w, https:\/\/sporta-preces.lv\/wp-content\/uploads\/2022\/03\/DSC03247-600x480.jpg 600w, https:\/\/sporta-preces.lv\/wp-content\/uploads\/2022\/03\/DSC03247.jpg 750w\" sizes=\"(max-width: 300px) 100vw, 300px\" \/><img decoding=\"async\" class=\"alignnone size-medium wp-image-7542\" src=\"https:\/\/sporta-preces.lv\/wp-content\/uploads\/2022\/03\/DSC03248-300x254.jpg\" alt=\"\" width=\"300\" height=\"254\" srcset=\"https:\/\/sporta-preces.lv\/wp-content\/uploads\/2022\/03\/DSC03248-300x254.jpg 300w, https:\/\/sporta-preces.lv\/wp-content\/uploads\/2022\/03\/DSC03248-600x507.jpg 600w, https:\/\/sporta-preces.lv\/wp-content\/uploads\/2022\/03\/DSC03248.jpg 710w\" sizes=\"(max-width: 300px) 100vw, 300px\" \/> <img decoding=\"async\" class=\"alignnone size-medium wp-image-7544\" src=\"https:\/\/sporta-preces.lv\/wp-content\/uploads\/2022\/03\/DSC03249-300x211.jpg\" alt=\"\" width=\"300\" height=\"211\" srcset=\"https:\/\/sporta-preces.lv\/wp-content\/uploads\/2022\/03\/DSC03249-300x211.jpg 300w, https:\/\/sporta-preces.lv\/wp-content\/uploads\/2022\/03\/DSC03249-768x540.jpg 768w, https:\/\/sporta-preces.lv\/wp-content\/uploads\/2022\/03\/DSC03249-600x422.jpg 600w, https:\/\/sporta-preces.lv\/wp-content\/uploads\/2022\/03\/DSC03249.jpg 800w\" sizes=\"(max-width: 300px) 100vw, 300px\" \/><\/p>\n","protected":false},"excerpt":{"rendered":"<p>\u041a\u043b\u0430\u0441\u0441\u0438\u0447\u0435\u0441\u043a\u043e\u0435 \u043f\u043e\u0434\u043f\u0440\u0443\u0436\u0438\u043d\u0435\u043d\u043d\u043e\u0435 \u0441\u0438\u0434\u0435\u043d\u044c\u0435 \u0441\u043e\u0432\u0440\u0435\u043c\u0435\u043d\u043d\u043e\u0433\u043e \u0434\u0438\u0437\u0430\u0439\u043d\u0430, \u0432\u044b\u043f\u043e\u043b\u043d\u0435\u043d\u043d\u043e\u0435 \u0438\u0437 \u0441\u043e\u0432\u0440\u0435\u043c\u0435\u043d\u043d\u044b\u0445 \u043c\u0430\u0442\u0435\u0440\u0438\u0430\u043b\u043e\u0432. \u0420\u0430\u0437\u043c\u0435\u0440 280&#215;250 \u043c\u043c \u0412\u0435\u0441 920 \u0433\u0440\u0430\u043c\u043c<\/p>\n","protected":false},"featured_media":7546,"template":"","meta":[],"product_cat":[146],"product_tag":[],"class_list":{"0":"post-8148","1":"product","2":"type-product","3":"status-publish","4":"has-post-thumbnail","6":"product_cat-sidenja","7":"product_shipping_class-velo-acc-m-izmers-ru","9":"first","10":"instock","11":"purchasable","12":"product-type-simple"},"yoast_head":"<!-- This site is optimized with the Yoast SEO Premium plugin v27.1 (Yoast SEO v27.2) - https:\/\/yoast.com\/product\/yoast-seo-premium-wordpress\/ -->\n<title>\u0421\u0438\u0434\u0435\u043d\u044c\u0435 AZ-151BF-103, \u0431\u0435\u043b\u044b\u0439, S161 - Sporta-preces<\/title>\n<meta name=\"robots\" content=\"index, follow, max-snippet:-1, max-image-preview:large, max-video-preview:-1\" \/>\n<link rel=\"canonical\" href=\"https:\/\/sporta-preces.lv\/ru\/product\/sidene-az-151bf-103-belyj-s161\/\" \/>\n<meta property=\"og:locale\" content=\"ru_RU\" \/>\n<meta property=\"og:type\" content=\"article\" \/>\n<meta property=\"og:title\" content=\"\u0421\u0438\u0434\u0435\u043d\u044c\u0435 AZ-151BF-103, \u0431\u0435\u043b\u044b\u0439, S161\" \/>\n<meta property=\"og:description\" content=\"\u041a\u043b\u0430\u0441\u0441\u0438\u0447\u0435\u0441\u043a\u043e\u0435 \u043f\u043e\u0434\u043f\u0440\u0443\u0436\u0438\u043d\u0435\u043d\u043d\u043e\u0435 \u0441\u0438\u0434\u0435\u043d\u044c\u0435 \u0441\u043e\u0432\u0440\u0435\u043c\u0435\u043d\u043d\u043e\u0433\u043e \u0434\u0438\u0437\u0430\u0439\u043d\u0430, \u0432\u044b\u043f\u043e\u043b\u043d\u0435\u043d\u043d\u043e\u0435 \u0438\u0437 \u0441\u043e\u0432\u0440\u0435\u043c\u0435\u043d\u043d\u044b\u0445 \u043c\u0430\u0442\u0435\u0440\u0438\u0430\u043b\u043e\u0432. \u0420\u0430\u0437\u043c\u0435\u0440 280&#215;250 \u043c\u043c \u0412\u0435\u0441 920 \u0433\u0440\u0430\u043c\u043c\" \/>\n<meta property=\"og:url\" content=\"https:\/\/sporta-preces.lv\/ru\/product\/sidene-az-151bf-103-belyj-s161\/\" \/>\n<meta property=\"og:site_name\" content=\"Sporta-preces\" \/>\n<meta property=\"og:image\" content=\"https:\/\/sporta-preces.lv\/wp-content\/uploads\/2022\/03\/DSC03247.jpg\" \/>\n\t<meta property=\"og:image:width\" content=\"750\" \/>\n\t<meta property=\"og:image:height\" content=\"600\" \/>\n\t<meta property=\"og:image:type\" content=\"image\/jpeg\" \/>\n<meta name=\"twitter:card\" content=\"summary_large_image\" \/>\n<script type=\"application\/ld+json\" class=\"yoast-schema-graph\">{\"@context\":\"https:\/\/schema.org\",\"@graph\":[{\"@type\":\"WebPage\",\"@id\":\"https:\/\/sporta-preces.lv\/ru\/product\/sidene-az-151bf-103-belyj-s161\/\",\"url\":\"https:\/\/sporta-preces.lv\/ru\/product\/sidene-az-151bf-103-belyj-s161\/\",\"name\":\"\u0421\u0438\u0434\u0435\u043d\u044c\u0435 AZ-151BF-103, \u0431\u0435\u043b\u044b\u0439, S161 - Sporta-preces\",\"isPartOf\":{\"@id\":\"https:\/\/sporta-preces.lv\/#website\"},\"primaryImageOfPage\":{\"@id\":\"https:\/\/sporta-preces.lv\/ru\/product\/sidene-az-151bf-103-belyj-s161\/#primaryimage\"},\"image\":{\"@id\":\"https:\/\/sporta-preces.lv\/ru\/product\/sidene-az-151bf-103-belyj-s161\/#primaryimage\"},\"thumbnailUrl\":\"https:\/\/sporta-preces.lv\/wp-content\/uploads\/2022\/03\/DSC03247.jpg\",\"datePublished\":\"2022-03-16T19:27:24+00:00\",\"breadcrumb\":{\"@id\":\"https:\/\/sporta-preces.lv\/ru\/product\/sidene-az-151bf-103-belyj-s161\/#breadcrumb\"},\"inLanguage\":\"ru-RU\",\"potentialAction\":[{\"@type\":\"ReadAction\",\"target\":[\"https:\/\/sporta-preces.lv\/ru\/product\/sidene-az-151bf-103-belyj-s161\/\"]}]},{\"@type\":\"ImageObject\",\"inLanguage\":\"ru-RU\",\"@id\":\"https:\/\/sporta-preces.lv\/ru\/product\/sidene-az-151bf-103-belyj-s161\/#primaryimage\",\"url\":\"https:\/\/sporta-preces.lv\/wp-content\/uploads\/2022\/03\/DSC03247.jpg\",\"contentUrl\":\"https:\/\/sporta-preces.lv\/wp-content\/uploads\/2022\/03\/DSC03247.jpg\",\"width\":750,\"height\":600},{\"@type\":\"BreadcrumbList\",\"@id\":\"https:\/\/sporta-preces.lv\/ru\/product\/sidene-az-151bf-103-belyj-s161\/#breadcrumb\",\"itemListElement\":[{\"@type\":\"ListItem\",\"position\":1,\"name\":\"Home\",\"item\":\"https:\/\/sporta-preces.lv\/ru\/\"},{\"@type\":\"ListItem\",\"position\":2,\"name\":\"\u041a\u0430\u0442\u0430\u043b\u043e\u0433\",\"item\":\"https:\/\/sporta-preces.lv\/ru\/katalog\/\"},{\"@type\":\"ListItem\",\"position\":3,\"name\":\"\u0421\u0438\u0434\u0435\u043d\u044c\u0435 AZ-151BF-103, \u0431\u0435\u043b\u044b\u0439, S161\"}]},{\"@type\":\"WebSite\",\"@id\":\"https:\/\/sporta-preces.lv\/#website\",\"url\":\"https:\/\/sporta-preces.lv\/\",\"name\":\"Sporta-preces\",\"description\":\"Kvalitat\u012bvas sporta preces par lab\u0101kaj\u0101m cen\u0101m.\",\"potentialAction\":[{\"@type\":\"SearchAction\",\"target\":{\"@type\":\"EntryPoint\",\"urlTemplate\":\"https:\/\/sporta-preces.lv\/?s={search_term_string}\"},\"query-input\":{\"@type\":\"PropertyValueSpecification\",\"valueRequired\":true,\"valueName\":\"search_term_string\"}}],\"inLanguage\":\"ru-RU\"}]}<\/script>\n<!-- \/ Yoast SEO Premium plugin. -->","yoast_head_json":{"title":"\u0421\u0438\u0434\u0435\u043d\u044c\u0435 AZ-151BF-103, \u0431\u0435\u043b\u044b\u0439, S161 - Sporta-preces","robots":{"index":"index","follow":"follow","max-snippet":"max-snippet:-1","max-image-preview":"max-image-preview:large","max-video-preview":"max-video-preview:-1"},"canonical":"https:\/\/sporta-preces.lv\/ru\/product\/sidene-az-151bf-103-belyj-s161\/","og_locale":"ru_RU","og_type":"article","og_title":"\u0421\u0438\u0434\u0435\u043d\u044c\u0435 AZ-151BF-103, \u0431\u0435\u043b\u044b\u0439, S161","og_description":"\u041a\u043b\u0430\u0441\u0441\u0438\u0447\u0435\u0441\u043a\u043e\u0435 \u043f\u043e\u0434\u043f\u0440\u0443\u0436\u0438\u043d\u0435\u043d\u043d\u043e\u0435 \u0441\u0438\u0434\u0435\u043d\u044c\u0435 \u0441\u043e\u0432\u0440\u0435\u043c\u0435\u043d\u043d\u043e\u0433\u043e \u0434\u0438\u0437\u0430\u0439\u043d\u0430, \u0432\u044b\u043f\u043e\u043b\u043d\u0435\u043d\u043d\u043e\u0435 \u0438\u0437 \u0441\u043e\u0432\u0440\u0435\u043c\u0435\u043d\u043d\u044b\u0445 \u043c\u0430\u0442\u0435\u0440\u0438\u0430\u043b\u043e\u0432. \u0420\u0430\u0437\u043c\u0435\u0440 280&#215;250 \u043c\u043c \u0412\u0435\u0441 920 \u0433\u0440\u0430\u043c\u043c","og_url":"https:\/\/sporta-preces.lv\/ru\/product\/sidene-az-151bf-103-belyj-s161\/","og_site_name":"Sporta-preces","og_image":[{"width":750,"height":600,"url":"https:\/\/sporta-preces.lv\/wp-content\/uploads\/2022\/03\/DSC03247.jpg","type":"image\/jpeg"}],"twitter_card":"summary_large_image","schema":{"@context":"https:\/\/schema.org","@graph":[{"@type":"WebPage","@id":"https:\/\/sporta-preces.lv\/ru\/product\/sidene-az-151bf-103-belyj-s161\/","url":"https:\/\/sporta-preces.lv\/ru\/product\/sidene-az-151bf-103-belyj-s161\/","name":"\u0421\u0438\u0434\u0435\u043d\u044c\u0435 AZ-151BF-103, \u0431\u0435\u043b\u044b\u0439, S161 - Sporta-preces","isPartOf":{"@id":"https:\/\/sporta-preces.lv\/#website"},"primaryImageOfPage":{"@id":"https:\/\/sporta-preces.lv\/ru\/product\/sidene-az-151bf-103-belyj-s161\/#primaryimage"},"image":{"@id":"https:\/\/sporta-preces.lv\/ru\/product\/sidene-az-151bf-103-belyj-s161\/#primaryimage"},"thumbnailUrl":"https:\/\/sporta-preces.lv\/wp-content\/uploads\/2022\/03\/DSC03247.jpg","datePublished":"2022-03-16T19:27:24+00:00","breadcrumb":{"@id":"https:\/\/sporta-preces.lv\/ru\/product\/sidene-az-151bf-103-belyj-s161\/#breadcrumb"},"inLanguage":"ru-RU","potentialAction":[{"@type":"ReadAction","target":["https:\/\/sporta-preces.lv\/ru\/product\/sidene-az-151bf-103-belyj-s161\/"]}]},{"@type":"ImageObject","inLanguage":"ru-RU","@id":"https:\/\/sporta-preces.lv\/ru\/product\/sidene-az-151bf-103-belyj-s161\/#primaryimage","url":"https:\/\/sporta-preces.lv\/wp-content\/uploads\/2022\/03\/DSC03247.jpg","contentUrl":"https:\/\/sporta-preces.lv\/wp-content\/uploads\/2022\/03\/DSC03247.jpg","width":750,"height":600},{"@type":"BreadcrumbList","@id":"https:\/\/sporta-preces.lv\/ru\/product\/sidene-az-151bf-103-belyj-s161\/#breadcrumb","itemListElement":[{"@type":"ListItem","position":1,"name":"Home","item":"https:\/\/sporta-preces.lv\/ru\/"},{"@type":"ListItem","position":2,"name":"\u041a\u0430\u0442\u0430\u043b\u043e\u0433","item":"https:\/\/sporta-preces.lv\/ru\/katalog\/"},{"@type":"ListItem","position":3,"name":"\u0421\u0438\u0434\u0435\u043d\u044c\u0435 AZ-151BF-103, \u0431\u0435\u043b\u044b\u0439, S161"}]},{"@type":"WebSite","@id":"https:\/\/sporta-preces.lv\/#website","url":"https:\/\/sporta-preces.lv\/","name":"Sporta-preces","description":"Kvalitat\u012bvas sporta preces par lab\u0101kaj\u0101m cen\u0101m.","potentialAction":[{"@type":"SearchAction","target":{"@type":"EntryPoint","urlTemplate":"https:\/\/sporta-preces.lv\/?s={search_term_string}"},"query-input":{"@type":"PropertyValueSpecification","valueRequired":true,"valueName":"search_term_string"}}],"inLanguage":"ru-RU"}]}},"_links":{"self":[{"href":"https:\/\/sporta-preces.lv\/ru\/wp-json\/wp\/v2\/product\/8148","targetHints":{"allow":["GET"]}}],"collection":[{"href":"https:\/\/sporta-preces.lv\/ru\/wp-json\/wp\/v2\/product"}],"about":[{"href":"https:\/\/sporta-preces.lv\/ru\/wp-json\/wp\/v2\/types\/product"}],"wp:featuredmedia":[{"embeddable":true,"href":"https:\/\/sporta-preces.lv\/ru\/wp-json\/wp\/v2\/media\/7546"}],"wp:attachment":[{"href":"https:\/\/sporta-preces.lv\/ru\/wp-json\/wp\/v2\/media?parent=8148"}],"wp:term":[{"taxonomy":"product_cat","embeddable":true,"href":"https:\/\/sporta-preces.lv\/ru\/wp-json\/wp\/v2\/product_cat?post=8148"},{"taxonomy":"product_tag","embeddable":true,"href":"https:\/\/sporta-preces.lv\/ru\/wp-json\/wp\/v2\/product_tag?post=8148"}],"curies":[{"name":"wp","href":"https:\/\/api.w.org\/{rel}","templated":true}]}}