{"id":8023,"date":"2022-02-19T01:23:50","date_gmt":"2022-02-18T23:23:50","guid":{"rendered":"https:\/\/sporta-preces.lv\/product\/perednee-detskoe-kreslo-kiki-cs202t-de-luxe-seryj\/"},"modified":"2024-03-21T12:53:17","modified_gmt":"2024-03-21T10:53:17","slug":"perednee-detskoe-kreslo-kiki-cs202t-de-luxe-seryj","status":"publish","type":"product","link":"https:\/\/sporta-preces.lv\/ru\/product\/perednee-detskoe-kreslo-kiki-cs202t-de-luxe-seryj\/","title":{"rendered":"\u041f\u0435\u0440\u0435\u0434\u043d\u0435\u0435 \u0434\u0435\u0442\u0441\u043a\u043e\u0435 \u043a\u0440\u0435\u0441\u043b\u043e Kiki CS202T De Luxe, \u0441\u0435\u0440\u044b\u0439"},"content":{"rendered":"<p> \u0421\u0438\u0434\u0435\u043d\u044c\u0435 \u043a\u0440\u0435\u043f\u0438\u0442\u0441\u044f \u0441\u043f\u0435\u0440\u0435\u0434\u0438 \u043d\u0430 \u0440\u0430\u043c\u0443 (22-30 \u043c\u043c), \u0441\u0438\u0441\u0442\u0435\u043c\u0430 \u0431\u044b\u0441\u0442\u0440\u043e\u0433\u043e \u043c\u043e\u043d\u0442\u0430\u0436\u0430.<br \/>\n&#8212; \u043c\u0430\u043a\u0441\u0438\u043c\u0430\u043b\u044c\u043d\u0430\u044f \u043d\u0430\u0433\u0440\u0443\u0437\u043a\u0430 15 \u043a\u0433, <br \/>\n&#8212; \u0420\u0435\u043c\u043d\u0438 \u0431\u0435\u0437\u043e\u043f\u0430\u0441\u043d\u043e\u0441\u0442\u0438, <br \/>\n&#8212; \u0440\u0435\u0433\u0443\u043b\u0438\u0440\u0443\u0435\u043c\u044b\u0435 \u043f\u043e \u0432\u044b\u0441\u043e\u0442\u0435 \u043f\u043e\u0434\u043d\u043e\u0436\u043a\u0438, <br \/>\n&#8212; \u0412 \u043a\u043e\u043c\u043f\u043b\u0435\u043a\u0442 \u0432\u0445\u043e\u0434\u044f\u0442 \u0432\u0441\u0435 \u043d\u0435\u043e\u0431\u0445\u043e\u0434\u0438\u043c\u044b\u0435 \u043a\u0440\u0435\u043f\u0435\u0436\u0438 \u0438 \u0448\u0443\u0440\u0443\u043f\u044b <br \/>\n&#8212; \u0432\u0435\u043b\u043e\u0441\u0438\u043f\u0435\u0434\u043d\u043e\u0435 \u0441\u0438\u0434\u0435\u043d\u044c\u0435 \u0441\u0435\u0440\u0442\u0438\u0444\u0438\u0446\u0438\u0440\u043e\u0432\u0430\u043d\u043e EN14344 \u0434\u043b\u044f \u0431\u0435\u0437\u043e\u043f\u0430\u0441\u043d\u043e\u0441\u0442\u0438 \u0434\u0430\u043d\u043d\u043e\u0433\u043e \u0432\u0438\u0434\u0430 \u043f\u0440\u043e\u0434\u0443\u043a\u0446\u0438\u0438; <img fetchpriority=\"high\" decoding=\"async\" class=\"alignnone size-medium wp-image-3578\" src=\"https:\/\/sporta-preces.lv\/wp-content\/uploads\/2021\/07\/kiki-300x225.jpg\" alt=\"\" width=\"300\" height=\"225\" \/><\/p>\n","protected":false},"excerpt":{"rendered":"<p>\u0421\u0438\u0434\u0435\u043d\u044c\u0435 \u043a\u0440\u0435\u043f\u0438\u0442\u0441\u044f \u0441\u043f\u0435\u0440\u0435\u0434\u0438 \u043d\u0430 \u0440\u0430\u043c\u0443 (22-30 \u043c\u043c), \u0441\u0438\u0441\u0442\u0435\u043c\u0430 \u0431\u044b\u0441\u0442\u0440\u043e\u0433\u043e \u043c\u043e\u043d\u0442\u0430\u0436\u0430. &#8212; \u043c\u0430\u043a\u0441\u0438\u043c\u0430\u043b\u044c\u043d\u0430\u044f \u043d\u0430\u0433\u0440\u0443\u0437\u043a\u0430 15 \u043a\u0433, &#8212; \u0420\u0435\u043c\u043d\u0438 \u0431\u0435\u0437\u043e\u043f\u0430\u0441\u043d\u043e\u0441\u0442\u0438, &#8212; \u0440\u0435\u0433\u0443\u043b\u0438\u0440\u0443\u0435\u043c\u044b\u0435 \u043f\u043e \u0432\u044b\u0441\u043e\u0442\u0435 \u043f\u043e\u0434\u043d\u043e\u0436\u043a\u0438, &#8212; \u0412 \u043a\u043e\u043c\u043f\u043b\u0435\u043a\u0442 \u0432\u0445\u043e\u0434\u044f\u0442 \u0432\u0441\u0435 \u043d\u0435\u043e\u0431\u0445\u043e\u0434\u0438\u043c\u044b\u0435 \u043a\u0440\u0435\u043f\u0435\u0436\u0438 \u0438 \u0448\u0443\u0440\u0443\u043f\u044b &#8212; \u0432\u0435\u043b\u043e\u0441\u0438\u043f\u0435\u0434\u043d\u043e\u0435 \u0441\u0438\u0434\u0435\u043d\u044c\u0435 \u0441\u0435\u0440\u0442\u0438\u0444\u0438\u0446\u0438\u0440\u043e\u0432\u0430\u043d\u043e EN14344 \u0434\u043b\u044f \u0431\u0435\u0437\u043e\u043f\u0430\u0441\u043d\u043e\u0441\u0442\u0438 \u0434\u0430\u043d\u043d\u043e\u0433\u043e &hellip; <a href=\"https:\/\/sporta-preces.lv\/ru\/product\/perednee-detskoe-kreslo-kiki-cs202t-de-luxe-seryj\/\">Readmore<\/a><\/p>\n","protected":false},"featured_media":8024,"template":"","meta":[],"product_cat":[126],"product_tag":[],"class_list":{"0":"post-8023","1":"product","2":"type-product","3":"status-publish","4":"has-post-thumbnail","6":"product_cat-detskie-sidenja","8":"first","9":"instock","10":"purchasable","11":"product-type-simple"},"yoast_head":"<!-- This site is optimized with the Yoast SEO Premium plugin v27.1 (Yoast SEO v27.2) - https:\/\/yoast.com\/product\/yoast-seo-premium-wordpress\/ -->\n<title>\u041f\u0435\u0440\u0435\u0434\u043d\u0435\u0435 \u0434\u0435\u0442\u0441\u043a\u043e\u0435 \u043a\u0440\u0435\u0441\u043b\u043e Kiki CS202T De Luxe, \u0441\u0435\u0440\u044b\u0439 - Sporta-preces<\/title>\n<meta name=\"description\" content=\"50.00EUR \u041f\u0435\u0440\u0435\u0434\u043d\u0435\u0435 \u0434\u0435\u0442\u0441\u043a\u043e\u0435 \u043a\u0440\u0435\u0441\u043b\u043e Kiki CS202T De Luxe, \u0441\u0435\u0440\u044b\u0439, \u0412\u0435\u0441 \u0440\u0435\u0431\u0435\u043d\u043a\u0430: \u043e\u0442 9 \u0434\u043e 22 \u043a\u0433, \u0412\u0435\u0441 \u0441\u0438\u0434\u0435\u043d\u044c\u044f: 2,0 \u043a\u0433, \u0421\u0435\u0440\u0442\u0438\u0444\u0438\u0446\u0438\u0440\u043e\u0432\u0430\u043d\u043e \u0441\u043e\u0433\u043b\u0430\u0441\u043d\u043e EN 14344\" \/>\n<meta name=\"robots\" content=\"index, follow, max-snippet:-1, max-image-preview:large, max-video-preview:-1\" \/>\n<link rel=\"canonical\" href=\"https:\/\/sporta-preces.lv\/products\/prieksejais-bernu-sedeklis-kiki-cs202t-de-luxe-peleks\/\" \/>\n<meta property=\"og:locale\" content=\"ru_RU\" \/>\n<meta property=\"og:type\" content=\"article\" \/>\n<meta property=\"og:title\" content=\"\u041f\u0435\u0440\u0435\u0434\u043d\u0435\u0435 \u0434\u0435\u0442\u0441\u043a\u043e\u0435 \u043a\u0440\u0435\u0441\u043b\u043e Kiki CS202T De Luxe, \u0441\u0435\u0440\u044b\u0439\" \/>\n<meta property=\"og:description\" content=\"50.00EUR \u041f\u0435\u0440\u0435\u0434\u043d\u0435\u0435 \u0434\u0435\u0442\u0441\u043a\u043e\u0435 \u043a\u0440\u0435\u0441\u043b\u043e Kiki CS202T De Luxe, \u0441\u0435\u0440\u044b\u0439, \u0412\u0435\u0441 \u0440\u0435\u0431\u0435\u043d\u043a\u0430: \u043e\u0442 9 \u0434\u043e 22 \u043a\u0433, \u0412\u0435\u0441 \u0441\u0438\u0434\u0435\u043d\u044c\u044f: 2,0 \u043a\u0433, \u0421\u0435\u0440\u0442\u0438\u0444\u0438\u0446\u0438\u0440\u043e\u0432\u0430\u043d\u043e \u0441\u043e\u0433\u043b\u0430\u0441\u043d\u043e EN 14344\" \/>\n<meta property=\"og:url\" content=\"https:\/\/sporta-preces.lv\/products\/prieksejais-bernu-sedeklis-kiki-cs202t-de-luxe-peleks\/\" \/>\n<meta property=\"og:site_name\" content=\"Sporta-preces\" \/>\n<meta property=\"article:modified_time\" content=\"2024-03-21T10:53:17+00:00\" \/>\n<meta property=\"og:image\" content=\"https:\/\/sporta-preces.lv\/wp-content\/uploads\/2022\/02\/kiki-1.jpg\" \/>\n\t<meta property=\"og:image:width\" content=\"1200\" \/>\n\t<meta property=\"og:image:height\" content=\"900\" \/>\n\t<meta property=\"og:image:type\" content=\"image\/jpeg\" \/>\n<meta name=\"twitter:card\" content=\"summary_large_image\" \/>\n<script type=\"application\/ld+json\" class=\"yoast-schema-graph\">{\"@context\":\"https:\/\/schema.org\",\"@graph\":[{\"@type\":\"WebPage\",\"@id\":\"https:\/\/sporta-preces.lv\/products\/prieksejais-bernu-sedeklis-kiki-cs202t-de-luxe-peleks\/\",\"url\":\"https:\/\/sporta-preces.lv\/products\/prieksejais-bernu-sedeklis-kiki-cs202t-de-luxe-peleks\/\",\"name\":\"\u041f\u0435\u0440\u0435\u0434\u043d\u0435\u0435 \u0434\u0435\u0442\u0441\u043a\u043e\u0435 \u043a\u0440\u0435\u0441\u043b\u043e Kiki CS202T De Luxe, \u0441\u0435\u0440\u044b\u0439 - Sporta-preces\",\"isPartOf\":{\"@id\":\"https:\/\/sporta-preces.lv\/#website\"},\"primaryImageOfPage\":{\"@id\":\"https:\/\/sporta-preces.lv\/products\/prieksejais-bernu-sedeklis-kiki-cs202t-de-luxe-peleks\/#primaryimage\"},\"image\":{\"@id\":\"https:\/\/sporta-preces.lv\/products\/prieksejais-bernu-sedeklis-kiki-cs202t-de-luxe-peleks\/#primaryimage\"},\"thumbnailUrl\":\"https:\/\/sporta-preces.lv\/wp-content\/uploads\/2022\/02\/kiki-1.jpg\",\"datePublished\":\"2022-02-18T23:23:50+00:00\",\"dateModified\":\"2024-03-21T10:53:17+00:00\",\"description\":\"50.00EUR \u041f\u0435\u0440\u0435\u0434\u043d\u0435\u0435 \u0434\u0435\u0442\u0441\u043a\u043e\u0435 \u043a\u0440\u0435\u0441\u043b\u043e Kiki CS202T De Luxe, \u0441\u0435\u0440\u044b\u0439, \u0412\u0435\u0441 \u0440\u0435\u0431\u0435\u043d\u043a\u0430: \u043e\u0442 9 \u0434\u043e 22 \u043a\u0433, \u0412\u0435\u0441 \u0441\u0438\u0434\u0435\u043d\u044c\u044f: 2,0 \u043a\u0433, \u0421\u0435\u0440\u0442\u0438\u0444\u0438\u0446\u0438\u0440\u043e\u0432\u0430\u043d\u043e \u0441\u043e\u0433\u043b\u0430\u0441\u043d\u043e EN 14344\",\"breadcrumb\":{\"@id\":\"https:\/\/sporta-preces.lv\/products\/prieksejais-bernu-sedeklis-kiki-cs202t-de-luxe-peleks\/#breadcrumb\"},\"inLanguage\":\"ru-RU\",\"potentialAction\":[{\"@type\":\"ReadAction\",\"target\":[\"https:\/\/sporta-preces.lv\/products\/prieksejais-bernu-sedeklis-kiki-cs202t-de-luxe-peleks\/\"]}]},{\"@type\":\"ImageObject\",\"inLanguage\":\"ru-RU\",\"@id\":\"https:\/\/sporta-preces.lv\/products\/prieksejais-bernu-sedeklis-kiki-cs202t-de-luxe-peleks\/#primaryimage\",\"url\":\"https:\/\/sporta-preces.lv\/wp-content\/uploads\/2022\/02\/kiki-1.jpg\",\"contentUrl\":\"https:\/\/sporta-preces.lv\/wp-content\/uploads\/2022\/02\/kiki-1.jpg\",\"width\":1200,\"height\":900},{\"@type\":\"BreadcrumbList\",\"@id\":\"https:\/\/sporta-preces.lv\/products\/prieksejais-bernu-sedeklis-kiki-cs202t-de-luxe-peleks\/#breadcrumb\",\"itemListElement\":[{\"@type\":\"ListItem\",\"position\":1,\"name\":\"Home\",\"item\":\"https:\/\/sporta-preces.lv\/ru\/\"},{\"@type\":\"ListItem\",\"position\":2,\"name\":\"\u041a\u0430\u0442\u0430\u043b\u043e\u0433\",\"item\":\"https:\/\/sporta-preces.lv\/ru\/katalog\/\"},{\"@type\":\"ListItem\",\"position\":3,\"name\":\"\u041f\u0435\u0440\u0435\u0434\u043d\u0435\u0435 \u0434\u0435\u0442\u0441\u043a\u043e\u0435 \u043a\u0440\u0435\u0441\u043b\u043e Kiki CS202T De Luxe, \u0441\u0435\u0440\u044b\u0439\"}]},{\"@type\":\"WebSite\",\"@id\":\"https:\/\/sporta-preces.lv\/#website\",\"url\":\"https:\/\/sporta-preces.lv\/\",\"name\":\"Sporta-preces\",\"description\":\"Kvalitat\u012bvas sporta preces par lab\u0101kaj\u0101m cen\u0101m.\",\"potentialAction\":[{\"@type\":\"SearchAction\",\"target\":{\"@type\":\"EntryPoint\",\"urlTemplate\":\"https:\/\/sporta-preces.lv\/?s={search_term_string}\"},\"query-input\":{\"@type\":\"PropertyValueSpecification\",\"valueRequired\":true,\"valueName\":\"search_term_string\"}}],\"inLanguage\":\"ru-RU\"}]}<\/script>\n<!-- \/ Yoast SEO Premium plugin. -->","yoast_head_json":{"title":"\u041f\u0435\u0440\u0435\u0434\u043d\u0435\u0435 \u0434\u0435\u0442\u0441\u043a\u043e\u0435 \u043a\u0440\u0435\u0441\u043b\u043e Kiki CS202T De Luxe, \u0441\u0435\u0440\u044b\u0439 - Sporta-preces","description":"50.00EUR \u041f\u0435\u0440\u0435\u0434\u043d\u0435\u0435 \u0434\u0435\u0442\u0441\u043a\u043e\u0435 \u043a\u0440\u0435\u0441\u043b\u043e Kiki CS202T De Luxe, \u0441\u0435\u0440\u044b\u0439, \u0412\u0435\u0441 \u0440\u0435\u0431\u0435\u043d\u043a\u0430: \u043e\u0442 9 \u0434\u043e 22 \u043a\u0433, \u0412\u0435\u0441 \u0441\u0438\u0434\u0435\u043d\u044c\u044f: 2,0 \u043a\u0433, \u0421\u0435\u0440\u0442\u0438\u0444\u0438\u0446\u0438\u0440\u043e\u0432\u0430\u043d\u043e \u0441\u043e\u0433\u043b\u0430\u0441\u043d\u043e EN 14344","robots":{"index":"index","follow":"follow","max-snippet":"max-snippet:-1","max-image-preview":"max-image-preview:large","max-video-preview":"max-video-preview:-1"},"canonical":"https:\/\/sporta-preces.lv\/products\/prieksejais-bernu-sedeklis-kiki-cs202t-de-luxe-peleks\/","og_locale":"ru_RU","og_type":"article","og_title":"\u041f\u0435\u0440\u0435\u0434\u043d\u0435\u0435 \u0434\u0435\u0442\u0441\u043a\u043e\u0435 \u043a\u0440\u0435\u0441\u043b\u043e Kiki CS202T De Luxe, \u0441\u0435\u0440\u044b\u0439","og_description":"50.00EUR \u041f\u0435\u0440\u0435\u0434\u043d\u0435\u0435 \u0434\u0435\u0442\u0441\u043a\u043e\u0435 \u043a\u0440\u0435\u0441\u043b\u043e Kiki CS202T De Luxe, \u0441\u0435\u0440\u044b\u0439, \u0412\u0435\u0441 \u0440\u0435\u0431\u0435\u043d\u043a\u0430: \u043e\u0442 9 \u0434\u043e 22 \u043a\u0433, \u0412\u0435\u0441 \u0441\u0438\u0434\u0435\u043d\u044c\u044f: 2,0 \u043a\u0433, \u0421\u0435\u0440\u0442\u0438\u0444\u0438\u0446\u0438\u0440\u043e\u0432\u0430\u043d\u043e \u0441\u043e\u0433\u043b\u0430\u0441\u043d\u043e EN 14344","og_url":"https:\/\/sporta-preces.lv\/products\/prieksejais-bernu-sedeklis-kiki-cs202t-de-luxe-peleks\/","og_site_name":"Sporta-preces","article_modified_time":"2024-03-21T10:53:17+00:00","og_image":[{"width":1200,"height":900,"url":"https:\/\/sporta-preces.lv\/wp-content\/uploads\/2022\/02\/kiki-1.jpg","type":"image\/jpeg"}],"twitter_card":"summary_large_image","schema":{"@context":"https:\/\/schema.org","@graph":[{"@type":"WebPage","@id":"https:\/\/sporta-preces.lv\/products\/prieksejais-bernu-sedeklis-kiki-cs202t-de-luxe-peleks\/","url":"https:\/\/sporta-preces.lv\/products\/prieksejais-bernu-sedeklis-kiki-cs202t-de-luxe-peleks\/","name":"\u041f\u0435\u0440\u0435\u0434\u043d\u0435\u0435 \u0434\u0435\u0442\u0441\u043a\u043e\u0435 \u043a\u0440\u0435\u0441\u043b\u043e Kiki CS202T De Luxe, \u0441\u0435\u0440\u044b\u0439 - Sporta-preces","isPartOf":{"@id":"https:\/\/sporta-preces.lv\/#website"},"primaryImageOfPage":{"@id":"https:\/\/sporta-preces.lv\/products\/prieksejais-bernu-sedeklis-kiki-cs202t-de-luxe-peleks\/#primaryimage"},"image":{"@id":"https:\/\/sporta-preces.lv\/products\/prieksejais-bernu-sedeklis-kiki-cs202t-de-luxe-peleks\/#primaryimage"},"thumbnailUrl":"https:\/\/sporta-preces.lv\/wp-content\/uploads\/2022\/02\/kiki-1.jpg","datePublished":"2022-02-18T23:23:50+00:00","dateModified":"2024-03-21T10:53:17+00:00","description":"50.00EUR \u041f\u0435\u0440\u0435\u0434\u043d\u0435\u0435 \u0434\u0435\u0442\u0441\u043a\u043e\u0435 \u043a\u0440\u0435\u0441\u043b\u043e Kiki CS202T De Luxe, \u0441\u0435\u0440\u044b\u0439, \u0412\u0435\u0441 \u0440\u0435\u0431\u0435\u043d\u043a\u0430: \u043e\u0442 9 \u0434\u043e 22 \u043a\u0433, \u0412\u0435\u0441 \u0441\u0438\u0434\u0435\u043d\u044c\u044f: 2,0 \u043a\u0433, \u0421\u0435\u0440\u0442\u0438\u0444\u0438\u0446\u0438\u0440\u043e\u0432\u0430\u043d\u043e \u0441\u043e\u0433\u043b\u0430\u0441\u043d\u043e EN 14344","breadcrumb":{"@id":"https:\/\/sporta-preces.lv\/products\/prieksejais-bernu-sedeklis-kiki-cs202t-de-luxe-peleks\/#breadcrumb"},"inLanguage":"ru-RU","potentialAction":[{"@type":"ReadAction","target":["https:\/\/sporta-preces.lv\/products\/prieksejais-bernu-sedeklis-kiki-cs202t-de-luxe-peleks\/"]}]},{"@type":"ImageObject","inLanguage":"ru-RU","@id":"https:\/\/sporta-preces.lv\/products\/prieksejais-bernu-sedeklis-kiki-cs202t-de-luxe-peleks\/#primaryimage","url":"https:\/\/sporta-preces.lv\/wp-content\/uploads\/2022\/02\/kiki-1.jpg","contentUrl":"https:\/\/sporta-preces.lv\/wp-content\/uploads\/2022\/02\/kiki-1.jpg","width":1200,"height":900},{"@type":"BreadcrumbList","@id":"https:\/\/sporta-preces.lv\/products\/prieksejais-bernu-sedeklis-kiki-cs202t-de-luxe-peleks\/#breadcrumb","itemListElement":[{"@type":"ListItem","position":1,"name":"Home","item":"https:\/\/sporta-preces.lv\/ru\/"},{"@type":"ListItem","position":2,"name":"\u041a\u0430\u0442\u0430\u043b\u043e\u0433","item":"https:\/\/sporta-preces.lv\/ru\/katalog\/"},{"@type":"ListItem","position":3,"name":"\u041f\u0435\u0440\u0435\u0434\u043d\u0435\u0435 \u0434\u0435\u0442\u0441\u043a\u043e\u0435 \u043a\u0440\u0435\u0441\u043b\u043e Kiki CS202T De Luxe, \u0441\u0435\u0440\u044b\u0439"}]},{"@type":"WebSite","@id":"https:\/\/sporta-preces.lv\/#website","url":"https:\/\/sporta-preces.lv\/","name":"Sporta-preces","description":"Kvalitat\u012bvas sporta preces par lab\u0101kaj\u0101m cen\u0101m.","potentialAction":[{"@type":"SearchAction","target":{"@type":"EntryPoint","urlTemplate":"https:\/\/sporta-preces.lv\/?s={search_term_string}"},"query-input":{"@type":"PropertyValueSpecification","valueRequired":true,"valueName":"search_term_string"}}],"inLanguage":"ru-RU"}]}},"_links":{"self":[{"href":"https:\/\/sporta-preces.lv\/ru\/wp-json\/wp\/v2\/product\/8023","targetHints":{"allow":["GET"]}}],"collection":[{"href":"https:\/\/sporta-preces.lv\/ru\/wp-json\/wp\/v2\/product"}],"about":[{"href":"https:\/\/sporta-preces.lv\/ru\/wp-json\/wp\/v2\/types\/product"}],"wp:featuredmedia":[{"embeddable":true,"href":"https:\/\/sporta-preces.lv\/ru\/wp-json\/wp\/v2\/media\/8024"}],"wp:attachment":[{"href":"https:\/\/sporta-preces.lv\/ru\/wp-json\/wp\/v2\/media?parent=8023"}],"wp:term":[{"taxonomy":"product_cat","embeddable":true,"href":"https:\/\/sporta-preces.lv\/ru\/wp-json\/wp\/v2\/product_cat?post=8023"},{"taxonomy":"product_tag","embeddable":true,"href":"https:\/\/sporta-preces.lv\/ru\/wp-json\/wp\/v2\/product_tag?post=8023"}],"curies":[{"name":"wp","href":"https:\/\/api.w.org\/{rel}","templated":true}]}}