{"id":13451,"date":"2026-04-03T19:48:56","date_gmt":"2026-04-03T17:48:56","guid":{"rendered":"https:\/\/sporta-preces.lv\/?post_type=product&#038;p=13451"},"modified":"2026-04-03T19:51:52","modified_gmt":"2026-04-03T17:51:52","slug":"jet-fat-bike-26-x4-0-100-559-av-40mm-d219","status":"publish","type":"product","link":"https:\/\/sporta-preces.lv\/ru\/product\/jet-fat-bike-26-x4-0-100-559-av-40mm-d219\/","title":{"rendered":"JET FAT BIKE 26&#8243;x4.0 100-559 AV-40mm D219"},"content":{"rendered":"<p>JET FAT BIKE 26&#8243;x4.0 100-559 AV-40mm D219<\/p>\n","protected":false},"excerpt":{"rendered":"<p>JET FAT BIKE 26&#8243;x4.0 100-559 AV-40mm D219<\/p>\n","protected":false},"featured_media":13453,"template":"","meta":[],"product_cat":[143],"product_tag":[],"class_list":{"0":"post-13451","1":"product","2":"type-product","3":"status-publish","4":"has-post-thumbnail","6":"product_cat-kameri-dlja-velosipedov","7":"product_shipping_class-s-novusa-un-velo-acc-ru","9":"first","10":"instock","11":"purchasable","12":"product-type-simple"},"yoast_head":"<!-- This site is optimized with the Yoast SEO Premium plugin v27.1 (Yoast SEO v27.2) - https:\/\/yoast.com\/product\/yoast-seo-premium-wordpress\/ -->\n<title>JET FAT BIKE 26&quot;x4.0 100-559 AV-40mm D219 - Sporta-preces<\/title>\n<meta name=\"description\" content=\"7.00EUR JET FAT BIKE 26&quot;x4.0 100-559 AV-40mm D219\" \/>\n<meta name=\"robots\" content=\"index, follow, max-snippet:-1, max-image-preview:large, max-video-preview:-1\" \/>\n<link rel=\"canonical\" href=\"https:\/\/sporta-preces.lv\/ru\/product\/jet-fat-bike-26-x4-0-100-559-av-40mm-d219\/\" \/>\n<meta property=\"og:locale\" content=\"ru_RU\" \/>\n<meta property=\"og:type\" content=\"article\" \/>\n<meta property=\"og:title\" content=\"JET FAT BIKE 26&quot;x4.0 100-559 AV-40mm D219\" \/>\n<meta property=\"og:description\" content=\"7.00EUR JET FAT BIKE 26&quot;x4.0 100-559 AV-40mm D219\" \/>\n<meta property=\"og:url\" content=\"https:\/\/sporta-preces.lv\/ru\/product\/jet-fat-bike-26-x4-0-100-559-av-40mm-d219\/\" \/>\n<meta property=\"og:site_name\" content=\"Sporta-preces\" \/>\n<meta property=\"article:modified_time\" content=\"2026-04-03T17:51:52+00:00\" \/>\n<meta property=\"og:image\" content=\"https:\/\/sporta-preces.lv\/wp-content\/uploads\/2026\/04\/D219.jpg\" \/>\n\t<meta property=\"og:image:width\" content=\"1121\" \/>\n\t<meta property=\"og:image:height\" content=\"759\" \/>\n\t<meta property=\"og:image:type\" content=\"image\/jpeg\" \/>\n<meta name=\"twitter:card\" content=\"summary_large_image\" \/>\n<meta name=\"twitter:label1\" content=\"\u041f\u0440\u0438\u043c\u0435\u0440\u043d\u043e\u0435 \u0432\u0440\u0435\u043c\u044f \u0434\u043b\u044f \u0447\u0442\u0435\u043d\u0438\u044f\" \/>\n\t<meta name=\"twitter:data1\" content=\"1 \u043c\u0438\u043d\u0443\u0442\u0430\" \/>\n<script type=\"application\/ld+json\" class=\"yoast-schema-graph\">{\"@context\":\"https:\/\/schema.org\",\"@graph\":[{\"@type\":\"WebPage\",\"@id\":\"https:\/\/sporta-preces.lv\/ru\/product\/jet-fat-bike-26-x4-0-100-559-av-40mm-d219\/\",\"url\":\"https:\/\/sporta-preces.lv\/ru\/product\/jet-fat-bike-26-x4-0-100-559-av-40mm-d219\/\",\"name\":\"JET FAT BIKE 26\\\"x4.0 100-559 AV-40mm D219 - Sporta-preces\",\"isPartOf\":{\"@id\":\"https:\/\/sporta-preces.lv\/#website\"},\"primaryImageOfPage\":{\"@id\":\"https:\/\/sporta-preces.lv\/ru\/product\/jet-fat-bike-26-x4-0-100-559-av-40mm-d219\/#primaryimage\"},\"image\":{\"@id\":\"https:\/\/sporta-preces.lv\/ru\/product\/jet-fat-bike-26-x4-0-100-559-av-40mm-d219\/#primaryimage\"},\"thumbnailUrl\":\"https:\/\/sporta-preces.lv\/wp-content\/uploads\/2026\/04\/D219.jpg\",\"datePublished\":\"2026-04-03T17:48:56+00:00\",\"dateModified\":\"2026-04-03T17:51:52+00:00\",\"description\":\"7.00EUR JET FAT BIKE 26\\\"x4.0 100-559 AV-40mm D219\",\"breadcrumb\":{\"@id\":\"https:\/\/sporta-preces.lv\/ru\/product\/jet-fat-bike-26-x4-0-100-559-av-40mm-d219\/#breadcrumb\"},\"inLanguage\":\"ru-RU\",\"potentialAction\":[{\"@type\":\"ReadAction\",\"target\":[\"https:\/\/sporta-preces.lv\/ru\/product\/jet-fat-bike-26-x4-0-100-559-av-40mm-d219\/\"]}]},{\"@type\":\"ImageObject\",\"inLanguage\":\"ru-RU\",\"@id\":\"https:\/\/sporta-preces.lv\/ru\/product\/jet-fat-bike-26-x4-0-100-559-av-40mm-d219\/#primaryimage\",\"url\":\"https:\/\/sporta-preces.lv\/wp-content\/uploads\/2026\/04\/D219.jpg\",\"contentUrl\":\"https:\/\/sporta-preces.lv\/wp-content\/uploads\/2026\/04\/D219.jpg\",\"width\":1121,\"height\":759},{\"@type\":\"BreadcrumbList\",\"@id\":\"https:\/\/sporta-preces.lv\/ru\/product\/jet-fat-bike-26-x4-0-100-559-av-40mm-d219\/#breadcrumb\",\"itemListElement\":[{\"@type\":\"ListItem\",\"position\":1,\"name\":\"Home\",\"item\":\"https:\/\/sporta-preces.lv\/ru\/\"},{\"@type\":\"ListItem\",\"position\":2,\"name\":\"\u041a\u0430\u0442\u0430\u043b\u043e\u0433\",\"item\":\"https:\/\/sporta-preces.lv\/ru\/katalog\/\"},{\"@type\":\"ListItem\",\"position\":3,\"name\":\"JET FAT BIKE 26&#8243;x4.0 100-559 AV-40mm D219\"}]},{\"@type\":\"WebSite\",\"@id\":\"https:\/\/sporta-preces.lv\/#website\",\"url\":\"https:\/\/sporta-preces.lv\/\",\"name\":\"Sporta-preces\",\"description\":\"Kvalitat\u012bvas sporta preces par lab\u0101kaj\u0101m cen\u0101m.\",\"potentialAction\":[{\"@type\":\"SearchAction\",\"target\":{\"@type\":\"EntryPoint\",\"urlTemplate\":\"https:\/\/sporta-preces.lv\/?s={search_term_string}\"},\"query-input\":{\"@type\":\"PropertyValueSpecification\",\"valueRequired\":true,\"valueName\":\"search_term_string\"}}],\"inLanguage\":\"ru-RU\"}]}<\/script>\n<!-- \/ Yoast SEO Premium plugin. -->","yoast_head_json":{"title":"JET FAT BIKE 26\"x4.0 100-559 AV-40mm D219 - Sporta-preces","description":"7.00EUR JET FAT BIKE 26\"x4.0 100-559 AV-40mm D219","robots":{"index":"index","follow":"follow","max-snippet":"max-snippet:-1","max-image-preview":"max-image-preview:large","max-video-preview":"max-video-preview:-1"},"canonical":"https:\/\/sporta-preces.lv\/ru\/product\/jet-fat-bike-26-x4-0-100-559-av-40mm-d219\/","og_locale":"ru_RU","og_type":"article","og_title":"JET FAT BIKE 26\"x4.0 100-559 AV-40mm D219","og_description":"7.00EUR JET FAT BIKE 26\"x4.0 100-559 AV-40mm D219","og_url":"https:\/\/sporta-preces.lv\/ru\/product\/jet-fat-bike-26-x4-0-100-559-av-40mm-d219\/","og_site_name":"Sporta-preces","article_modified_time":"2026-04-03T17:51:52+00:00","og_image":[{"width":1121,"height":759,"url":"https:\/\/sporta-preces.lv\/wp-content\/uploads\/2026\/04\/D219.jpg","type":"image\/jpeg"}],"twitter_card":"summary_large_image","twitter_misc":{"\u041f\u0440\u0438\u043c\u0435\u0440\u043d\u043e\u0435 \u0432\u0440\u0435\u043c\u044f \u0434\u043b\u044f \u0447\u0442\u0435\u043d\u0438\u044f":"1 \u043c\u0438\u043d\u0443\u0442\u0430"},"schema":{"@context":"https:\/\/schema.org","@graph":[{"@type":"WebPage","@id":"https:\/\/sporta-preces.lv\/ru\/product\/jet-fat-bike-26-x4-0-100-559-av-40mm-d219\/","url":"https:\/\/sporta-preces.lv\/ru\/product\/jet-fat-bike-26-x4-0-100-559-av-40mm-d219\/","name":"JET FAT BIKE 26\"x4.0 100-559 AV-40mm D219 - Sporta-preces","isPartOf":{"@id":"https:\/\/sporta-preces.lv\/#website"},"primaryImageOfPage":{"@id":"https:\/\/sporta-preces.lv\/ru\/product\/jet-fat-bike-26-x4-0-100-559-av-40mm-d219\/#primaryimage"},"image":{"@id":"https:\/\/sporta-preces.lv\/ru\/product\/jet-fat-bike-26-x4-0-100-559-av-40mm-d219\/#primaryimage"},"thumbnailUrl":"https:\/\/sporta-preces.lv\/wp-content\/uploads\/2026\/04\/D219.jpg","datePublished":"2026-04-03T17:48:56+00:00","dateModified":"2026-04-03T17:51:52+00:00","description":"7.00EUR JET FAT BIKE 26\"x4.0 100-559 AV-40mm D219","breadcrumb":{"@id":"https:\/\/sporta-preces.lv\/ru\/product\/jet-fat-bike-26-x4-0-100-559-av-40mm-d219\/#breadcrumb"},"inLanguage":"ru-RU","potentialAction":[{"@type":"ReadAction","target":["https:\/\/sporta-preces.lv\/ru\/product\/jet-fat-bike-26-x4-0-100-559-av-40mm-d219\/"]}]},{"@type":"ImageObject","inLanguage":"ru-RU","@id":"https:\/\/sporta-preces.lv\/ru\/product\/jet-fat-bike-26-x4-0-100-559-av-40mm-d219\/#primaryimage","url":"https:\/\/sporta-preces.lv\/wp-content\/uploads\/2026\/04\/D219.jpg","contentUrl":"https:\/\/sporta-preces.lv\/wp-content\/uploads\/2026\/04\/D219.jpg","width":1121,"height":759},{"@type":"BreadcrumbList","@id":"https:\/\/sporta-preces.lv\/ru\/product\/jet-fat-bike-26-x4-0-100-559-av-40mm-d219\/#breadcrumb","itemListElement":[{"@type":"ListItem","position":1,"name":"Home","item":"https:\/\/sporta-preces.lv\/ru\/"},{"@type":"ListItem","position":2,"name":"\u041a\u0430\u0442\u0430\u043b\u043e\u0433","item":"https:\/\/sporta-preces.lv\/ru\/katalog\/"},{"@type":"ListItem","position":3,"name":"JET FAT BIKE 26&#8243;x4.0 100-559 AV-40mm D219"}]},{"@type":"WebSite","@id":"https:\/\/sporta-preces.lv\/#website","url":"https:\/\/sporta-preces.lv\/","name":"Sporta-preces","description":"Kvalitat\u012bvas sporta preces par lab\u0101kaj\u0101m cen\u0101m.","potentialAction":[{"@type":"SearchAction","target":{"@type":"EntryPoint","urlTemplate":"https:\/\/sporta-preces.lv\/?s={search_term_string}"},"query-input":{"@type":"PropertyValueSpecification","valueRequired":true,"valueName":"search_term_string"}}],"inLanguage":"ru-RU"}]}},"_links":{"self":[{"href":"https:\/\/sporta-preces.lv\/ru\/wp-json\/wp\/v2\/product\/13451","targetHints":{"allow":["GET"]}}],"collection":[{"href":"https:\/\/sporta-preces.lv\/ru\/wp-json\/wp\/v2\/product"}],"about":[{"href":"https:\/\/sporta-preces.lv\/ru\/wp-json\/wp\/v2\/types\/product"}],"wp:featuredmedia":[{"embeddable":true,"href":"https:\/\/sporta-preces.lv\/ru\/wp-json\/wp\/v2\/media\/13453"}],"wp:attachment":[{"href":"https:\/\/sporta-preces.lv\/ru\/wp-json\/wp\/v2\/media?parent=13451"}],"wp:term":[{"taxonomy":"product_cat","embeddable":true,"href":"https:\/\/sporta-preces.lv\/ru\/wp-json\/wp\/v2\/product_cat?post=13451"},{"taxonomy":"product_tag","embeddable":true,"href":"https:\/\/sporta-preces.lv\/ru\/wp-json\/wp\/v2\/product_tag?post=13451"}],"curies":[{"name":"wp","href":"https:\/\/api.w.org\/{rel}","templated":true}]}}