{"id":13447,"date":"2026-04-03T19:44:11","date_gmt":"2026-04-03T17:44:11","guid":{"rendered":"https:\/\/sporta-preces.lv\/?post_type=product&#038;p=13447"},"modified":"2026-04-03T19:46:06","modified_gmt":"2026-04-03T17:46:06","slug":"jet-tube-24-x1-75-2-125-av-48mm-d133","status":"publish","type":"product","link":"https:\/\/sporta-preces.lv\/ru\/product\/jet-tube-24-x1-75-2-125-av-48mm-d133\/","title":{"rendered":"JET Tube 24&#8243;x1,75\/2,125 AV-48mm D133"},"content":{"rendered":"<p>JET Tube 24&#8243;x1,75\/2,125 AV-48mm D133<\/p>\n","protected":false},"excerpt":{"rendered":"<p>JET Tube 24&#8243;x1,75\/2,125 AV-48mm D133<\/p>\n","protected":false},"featured_media":13449,"template":"","meta":[],"product_cat":[143],"product_tag":[],"class_list":{"0":"post-13447","1":"product","2":"type-product","3":"status-publish","4":"has-post-thumbnail","6":"product_cat-kameri-dlja-velosipedov","7":"product_shipping_class-s-novusa-un-velo-acc-ru","9":"first","10":"instock","11":"purchasable","12":"product-type-simple"},"yoast_head":"<!-- This site is optimized with the Yoast SEO Premium plugin v27.1 (Yoast SEO v27.2) - https:\/\/yoast.com\/product\/yoast-seo-premium-wordpress\/ -->\n<title>JET Tube 24&quot;x1,75\/2,125 AV-48mm D133 - Sporta-preces<\/title>\n<meta name=\"description\" content=\"5.00EUR JET Tube 24&quot;x1,75\/2,125 AV-48mm D133\" \/>\n<meta name=\"robots\" content=\"index, follow, max-snippet:-1, max-image-preview:large, max-video-preview:-1\" \/>\n<link rel=\"canonical\" href=\"https:\/\/sporta-preces.lv\/ru\/product\/jet-tube-24-x1-75-2-125-av-48mm-d133\/\" \/>\n<meta property=\"og:locale\" content=\"ru_RU\" \/>\n<meta property=\"og:type\" content=\"article\" \/>\n<meta property=\"og:title\" content=\"JET Tube 24&quot;x1,75\/2,125 AV-48mm D133\" \/>\n<meta property=\"og:description\" content=\"5.00EUR JET Tube 24&quot;x1,75\/2,125 AV-48mm D133\" \/>\n<meta property=\"og:url\" content=\"https:\/\/sporta-preces.lv\/ru\/product\/jet-tube-24-x1-75-2-125-av-48mm-d133\/\" \/>\n<meta property=\"og:site_name\" content=\"Sporta-preces\" \/>\n<meta property=\"article:modified_time\" content=\"2026-04-03T17:46:06+00:00\" \/>\n<meta property=\"og:image\" content=\"https:\/\/sporta-preces.lv\/wp-content\/uploads\/2026\/04\/D133.jpg\" \/>\n\t<meta property=\"og:image:width\" content=\"863\" \/>\n\t<meta property=\"og:image:height\" content=\"1346\" \/>\n\t<meta property=\"og:image:type\" content=\"image\/jpeg\" \/>\n<meta name=\"twitter:card\" content=\"summary_large_image\" \/>\n<meta name=\"twitter:label1\" content=\"\u041f\u0440\u0438\u043c\u0435\u0440\u043d\u043e\u0435 \u0432\u0440\u0435\u043c\u044f \u0434\u043b\u044f \u0447\u0442\u0435\u043d\u0438\u044f\" \/>\n\t<meta name=\"twitter:data1\" content=\"1 \u043c\u0438\u043d\u0443\u0442\u0430\" \/>\n<script type=\"application\/ld+json\" class=\"yoast-schema-graph\">{\"@context\":\"https:\/\/schema.org\",\"@graph\":[{\"@type\":\"WebPage\",\"@id\":\"https:\/\/sporta-preces.lv\/ru\/product\/jet-tube-24-x1-75-2-125-av-48mm-d133\/\",\"url\":\"https:\/\/sporta-preces.lv\/ru\/product\/jet-tube-24-x1-75-2-125-av-48mm-d133\/\",\"name\":\"JET Tube 24\\\"x1,75\/2,125 AV-48mm D133 - Sporta-preces\",\"isPartOf\":{\"@id\":\"https:\/\/sporta-preces.lv\/#website\"},\"primaryImageOfPage\":{\"@id\":\"https:\/\/sporta-preces.lv\/ru\/product\/jet-tube-24-x1-75-2-125-av-48mm-d133\/#primaryimage\"},\"image\":{\"@id\":\"https:\/\/sporta-preces.lv\/ru\/product\/jet-tube-24-x1-75-2-125-av-48mm-d133\/#primaryimage\"},\"thumbnailUrl\":\"https:\/\/sporta-preces.lv\/wp-content\/uploads\/2026\/04\/D133.jpg\",\"datePublished\":\"2026-04-03T17:44:11+00:00\",\"dateModified\":\"2026-04-03T17:46:06+00:00\",\"description\":\"5.00EUR JET Tube 24\\\"x1,75\/2,125 AV-48mm D133\",\"breadcrumb\":{\"@id\":\"https:\/\/sporta-preces.lv\/ru\/product\/jet-tube-24-x1-75-2-125-av-48mm-d133\/#breadcrumb\"},\"inLanguage\":\"ru-RU\",\"potentialAction\":[{\"@type\":\"ReadAction\",\"target\":[\"https:\/\/sporta-preces.lv\/ru\/product\/jet-tube-24-x1-75-2-125-av-48mm-d133\/\"]}]},{\"@type\":\"ImageObject\",\"inLanguage\":\"ru-RU\",\"@id\":\"https:\/\/sporta-preces.lv\/ru\/product\/jet-tube-24-x1-75-2-125-av-48mm-d133\/#primaryimage\",\"url\":\"https:\/\/sporta-preces.lv\/wp-content\/uploads\/2026\/04\/D133.jpg\",\"contentUrl\":\"https:\/\/sporta-preces.lv\/wp-content\/uploads\/2026\/04\/D133.jpg\",\"width\":863,\"height\":1346},{\"@type\":\"BreadcrumbList\",\"@id\":\"https:\/\/sporta-preces.lv\/ru\/product\/jet-tube-24-x1-75-2-125-av-48mm-d133\/#breadcrumb\",\"itemListElement\":[{\"@type\":\"ListItem\",\"position\":1,\"name\":\"Home\",\"item\":\"https:\/\/sporta-preces.lv\/ru\/\"},{\"@type\":\"ListItem\",\"position\":2,\"name\":\"\u041a\u0430\u0442\u0430\u043b\u043e\u0433\",\"item\":\"https:\/\/sporta-preces.lv\/ru\/katalog\/\"},{\"@type\":\"ListItem\",\"position\":3,\"name\":\"JET Tube 24&#8243;x1,75\/2,125 AV-48mm D133\"}]},{\"@type\":\"WebSite\",\"@id\":\"https:\/\/sporta-preces.lv\/#website\",\"url\":\"https:\/\/sporta-preces.lv\/\",\"name\":\"Sporta-preces\",\"description\":\"Kvalitat\u012bvas sporta preces par lab\u0101kaj\u0101m cen\u0101m.\",\"potentialAction\":[{\"@type\":\"SearchAction\",\"target\":{\"@type\":\"EntryPoint\",\"urlTemplate\":\"https:\/\/sporta-preces.lv\/?s={search_term_string}\"},\"query-input\":{\"@type\":\"PropertyValueSpecification\",\"valueRequired\":true,\"valueName\":\"search_term_string\"}}],\"inLanguage\":\"ru-RU\"}]}<\/script>\n<!-- \/ Yoast SEO Premium plugin. -->","yoast_head_json":{"title":"JET Tube 24\"x1,75\/2,125 AV-48mm D133 - Sporta-preces","description":"5.00EUR JET Tube 24\"x1,75\/2,125 AV-48mm D133","robots":{"index":"index","follow":"follow","max-snippet":"max-snippet:-1","max-image-preview":"max-image-preview:large","max-video-preview":"max-video-preview:-1"},"canonical":"https:\/\/sporta-preces.lv\/ru\/product\/jet-tube-24-x1-75-2-125-av-48mm-d133\/","og_locale":"ru_RU","og_type":"article","og_title":"JET Tube 24\"x1,75\/2,125 AV-48mm D133","og_description":"5.00EUR JET Tube 24\"x1,75\/2,125 AV-48mm D133","og_url":"https:\/\/sporta-preces.lv\/ru\/product\/jet-tube-24-x1-75-2-125-av-48mm-d133\/","og_site_name":"Sporta-preces","article_modified_time":"2026-04-03T17:46:06+00:00","og_image":[{"width":863,"height":1346,"url":"https:\/\/sporta-preces.lv\/wp-content\/uploads\/2026\/04\/D133.jpg","type":"image\/jpeg"}],"twitter_card":"summary_large_image","twitter_misc":{"\u041f\u0440\u0438\u043c\u0435\u0440\u043d\u043e\u0435 \u0432\u0440\u0435\u043c\u044f \u0434\u043b\u044f \u0447\u0442\u0435\u043d\u0438\u044f":"1 \u043c\u0438\u043d\u0443\u0442\u0430"},"schema":{"@context":"https:\/\/schema.org","@graph":[{"@type":"WebPage","@id":"https:\/\/sporta-preces.lv\/ru\/product\/jet-tube-24-x1-75-2-125-av-48mm-d133\/","url":"https:\/\/sporta-preces.lv\/ru\/product\/jet-tube-24-x1-75-2-125-av-48mm-d133\/","name":"JET Tube 24\"x1,75\/2,125 AV-48mm D133 - Sporta-preces","isPartOf":{"@id":"https:\/\/sporta-preces.lv\/#website"},"primaryImageOfPage":{"@id":"https:\/\/sporta-preces.lv\/ru\/product\/jet-tube-24-x1-75-2-125-av-48mm-d133\/#primaryimage"},"image":{"@id":"https:\/\/sporta-preces.lv\/ru\/product\/jet-tube-24-x1-75-2-125-av-48mm-d133\/#primaryimage"},"thumbnailUrl":"https:\/\/sporta-preces.lv\/wp-content\/uploads\/2026\/04\/D133.jpg","datePublished":"2026-04-03T17:44:11+00:00","dateModified":"2026-04-03T17:46:06+00:00","description":"5.00EUR JET Tube 24\"x1,75\/2,125 AV-48mm D133","breadcrumb":{"@id":"https:\/\/sporta-preces.lv\/ru\/product\/jet-tube-24-x1-75-2-125-av-48mm-d133\/#breadcrumb"},"inLanguage":"ru-RU","potentialAction":[{"@type":"ReadAction","target":["https:\/\/sporta-preces.lv\/ru\/product\/jet-tube-24-x1-75-2-125-av-48mm-d133\/"]}]},{"@type":"ImageObject","inLanguage":"ru-RU","@id":"https:\/\/sporta-preces.lv\/ru\/product\/jet-tube-24-x1-75-2-125-av-48mm-d133\/#primaryimage","url":"https:\/\/sporta-preces.lv\/wp-content\/uploads\/2026\/04\/D133.jpg","contentUrl":"https:\/\/sporta-preces.lv\/wp-content\/uploads\/2026\/04\/D133.jpg","width":863,"height":1346},{"@type":"BreadcrumbList","@id":"https:\/\/sporta-preces.lv\/ru\/product\/jet-tube-24-x1-75-2-125-av-48mm-d133\/#breadcrumb","itemListElement":[{"@type":"ListItem","position":1,"name":"Home","item":"https:\/\/sporta-preces.lv\/ru\/"},{"@type":"ListItem","position":2,"name":"\u041a\u0430\u0442\u0430\u043b\u043e\u0433","item":"https:\/\/sporta-preces.lv\/ru\/katalog\/"},{"@type":"ListItem","position":3,"name":"JET Tube 24&#8243;x1,75\/2,125 AV-48mm D133"}]},{"@type":"WebSite","@id":"https:\/\/sporta-preces.lv\/#website","url":"https:\/\/sporta-preces.lv\/","name":"Sporta-preces","description":"Kvalitat\u012bvas sporta preces par lab\u0101kaj\u0101m cen\u0101m.","potentialAction":[{"@type":"SearchAction","target":{"@type":"EntryPoint","urlTemplate":"https:\/\/sporta-preces.lv\/?s={search_term_string}"},"query-input":{"@type":"PropertyValueSpecification","valueRequired":true,"valueName":"search_term_string"}}],"inLanguage":"ru-RU"}]}},"_links":{"self":[{"href":"https:\/\/sporta-preces.lv\/ru\/wp-json\/wp\/v2\/product\/13447","targetHints":{"allow":["GET"]}}],"collection":[{"href":"https:\/\/sporta-preces.lv\/ru\/wp-json\/wp\/v2\/product"}],"about":[{"href":"https:\/\/sporta-preces.lv\/ru\/wp-json\/wp\/v2\/types\/product"}],"wp:featuredmedia":[{"embeddable":true,"href":"https:\/\/sporta-preces.lv\/ru\/wp-json\/wp\/v2\/media\/13449"}],"wp:attachment":[{"href":"https:\/\/sporta-preces.lv\/ru\/wp-json\/wp\/v2\/media?parent=13447"}],"wp:term":[{"taxonomy":"product_cat","embeddable":true,"href":"https:\/\/sporta-preces.lv\/ru\/wp-json\/wp\/v2\/product_cat?post=13447"},{"taxonomy":"product_tag","embeddable":true,"href":"https:\/\/sporta-preces.lv\/ru\/wp-json\/wp\/v2\/product_tag?post=13447"}],"curies":[{"name":"wp","href":"https:\/\/api.w.org\/{rel}","templated":true}]}}