{"id":12921,"date":"2025-09-15T18:14:58","date_gmt":"2025-09-15T16:14:59","guid":{"rendered":"https:\/\/sporta-preces.lv\/?post_type=product&#038;p=12921"},"modified":"2025-09-15T19:47:15","modified_gmt":"2025-09-15T17:47:15","slug":"kamera-fat-bike-24-x-4-0-100-507-av-40-mm-d004","status":"publish","type":"product","link":"https:\/\/sporta-preces.lv\/ru\/product\/kamera-fat-bike-24-x-4-0-100-507-av-40-mm-d004\/","title":{"rendered":"\u043a\u0430\u043c\u0435\u0440\u0430 FAT BIKE 24&#8243; x 4,0&#8243; 100-507 AV-40 \u043c\u043c D004"},"content":{"rendered":"<p>\u043a\u0430\u043c\u0435\u0440\u0430 FAT BIKE 24&#8243; x 4,0&#8243; 100-507 AV-40 \u043c\u043c D004<\/p>\n<p>\u0422\u0438\u043f \u043a\u043b\u0430\u043f\u0430\u043d\u0430: AV \/ \u0430\u0432\u0442\u043e\u043c\u0430\u0442\u0438\u0447\u0435\u0441\u043a\u0438\u0439 \/ \u0432\u0438\u043d\u0442\u043e\u0432\u043e\u0439 40 \u043c\u043c<\/p>\n","protected":false},"excerpt":{"rendered":"<p>\u043a\u0430\u043c\u0435\u0440\u0430 FAT BIKE 24&#8243; x 4,0&#8243; 100-507 AV-40 \u043c\u043c D004 \u0422\u0438\u043f \u043a\u043b\u0430\u043f\u0430\u043d\u0430: AV \/ \u0430\u0432\u0442\u043e\u043c\u0430\u0442\u0438\u0447\u0435\u0441\u043a\u0438\u0439 \/ \u0432\u0438\u043d\u0442\u043e\u0432\u043e\u0439 40 \u043c\u043c<\/p>\n","protected":false},"featured_media":12923,"template":"","meta":[],"product_cat":[143],"product_tag":[],"class_list":{"0":"post-12921","1":"product","2":"type-product","3":"status-publish","4":"has-post-thumbnail","6":"product_cat-kameri-dlja-velosipedov","7":"product_shipping_class-s-novusa-un-velo-acc-ru","9":"first","10":"instock","11":"purchasable","12":"product-type-simple"},"yoast_head":"<!-- This site is optimized with the Yoast SEO Premium plugin v27.1 (Yoast SEO v27.2) - https:\/\/yoast.com\/product\/yoast-seo-premium-wordpress\/ -->\n<title>\u043a\u0430\u043c\u0435\u0440\u0430 FAT BIKE 24&quot; x 4,0&quot; 100-507 AV-40 \u043c\u043c D004 - Sporta-preces<\/title>\n<meta name=\"description\" content=\"\u043a\u0430\u043c\u0435\u0440\u0430 FAT BIKE 24&quot; x 4,0&quot; 100-507 AV-40 \u043c\u043c D004\u0422\u0438\u043f \u043a\u043b\u0430\u043f\u0430\u043d\u0430: AV \/ \u0430\u0432\u0442\u043e\u043c\u0430\u0442\u0438\u0447\u0435\u0441\u043a\u0438\u0439 \/ \u0432\u0438\u043d\u0442\u043e\u0432\u043e\u0439 40 \u043c\u043c\" \/>\n<meta name=\"robots\" content=\"index, follow, max-snippet:-1, max-image-preview:large, max-video-preview:-1\" \/>\n<link rel=\"canonical\" href=\"https:\/\/sporta-preces.lv\/ru\/product\/kamera-fat-bike-24-x-4-0-100-507-av-40-mm-d004\/\" \/>\n<meta property=\"og:locale\" content=\"ru_RU\" \/>\n<meta property=\"og:type\" content=\"article\" \/>\n<meta property=\"og:title\" content=\"\u043a\u0430\u043c\u0435\u0440\u0430 FAT BIKE 24&quot; x 4,0&quot; 100-507 AV-40 \u043c\u043c D004\" \/>\n<meta property=\"og:description\" content=\"\u043a\u0430\u043c\u0435\u0440\u0430 FAT BIKE 24&quot; x 4,0&quot; 100-507 AV-40 \u043c\u043c D004\u0422\u0438\u043f \u043a\u043b\u0430\u043f\u0430\u043d\u0430: AV \/ \u0430\u0432\u0442\u043e\u043c\u0430\u0442\u0438\u0447\u0435\u0441\u043a\u0438\u0439 \/ \u0432\u0438\u043d\u0442\u043e\u0432\u043e\u0439 40 \u043c\u043c\" \/>\n<meta property=\"og:url\" content=\"https:\/\/sporta-preces.lv\/ru\/product\/kamera-fat-bike-24-x-4-0-100-507-av-40-mm-d004\/\" \/>\n<meta property=\"og:site_name\" content=\"Sporta-preces\" \/>\n<meta property=\"article:modified_time\" content=\"2025-09-15T17:47:15+00:00\" \/>\n<meta property=\"og:image\" content=\"https:\/\/sporta-preces.lv\/wp-content\/uploads\/2025\/04\/D131.jpg\" \/>\n\t<meta property=\"og:image:width\" content=\"800\" \/>\n\t<meta property=\"og:image:height\" content=\"1200\" \/>\n\t<meta property=\"og:image:type\" content=\"image\/jpeg\" \/>\n<meta name=\"twitter:card\" content=\"summary_large_image\" \/>\n<meta name=\"twitter:label1\" content=\"\u041f\u0440\u0438\u043c\u0435\u0440\u043d\u043e\u0435 \u0432\u0440\u0435\u043c\u044f \u0434\u043b\u044f \u0447\u0442\u0435\u043d\u0438\u044f\" \/>\n\t<meta name=\"twitter:data1\" content=\"1 \u043c\u0438\u043d\u0443\u0442\u0430\" \/>\n<script type=\"application\/ld+json\" class=\"yoast-schema-graph\">{\"@context\":\"https:\/\/schema.org\",\"@graph\":[{\"@type\":\"WebPage\",\"@id\":\"https:\/\/sporta-preces.lv\/ru\/product\/kamera-fat-bike-24-x-4-0-100-507-av-40-mm-d004\/\",\"url\":\"https:\/\/sporta-preces.lv\/ru\/product\/kamera-fat-bike-24-x-4-0-100-507-av-40-mm-d004\/\",\"name\":\"\u043a\u0430\u043c\u0435\u0440\u0430 FAT BIKE 24\\\" x 4,0\\\" 100-507 AV-40 \u043c\u043c D004 - Sporta-preces\",\"isPartOf\":{\"@id\":\"https:\/\/sporta-preces.lv\/#website\"},\"primaryImageOfPage\":{\"@id\":\"https:\/\/sporta-preces.lv\/ru\/product\/kamera-fat-bike-24-x-4-0-100-507-av-40-mm-d004\/#primaryimage\"},\"image\":{\"@id\":\"https:\/\/sporta-preces.lv\/ru\/product\/kamera-fat-bike-24-x-4-0-100-507-av-40-mm-d004\/#primaryimage\"},\"thumbnailUrl\":\"https:\/\/sporta-preces.lv\/wp-content\/uploads\/2025\/09\/D004.png\",\"datePublished\":\"2025-09-15T16:14:59+00:00\",\"dateModified\":\"2025-09-15T17:47:15+00:00\",\"description\":\"\u043a\u0430\u043c\u0435\u0440\u0430 FAT BIKE 24\\\" x 4,0\\\" 100-507 AV-40 \u043c\u043c D004\u0422\u0438\u043f \u043a\u043b\u0430\u043f\u0430\u043d\u0430: AV \/ \u0430\u0432\u0442\u043e\u043c\u0430\u0442\u0438\u0447\u0435\u0441\u043a\u0438\u0439 \/ \u0432\u0438\u043d\u0442\u043e\u0432\u043e\u0439 40 \u043c\u043c\",\"breadcrumb\":{\"@id\":\"https:\/\/sporta-preces.lv\/ru\/product\/kamera-fat-bike-24-x-4-0-100-507-av-40-mm-d004\/#breadcrumb\"},\"inLanguage\":\"ru-RU\",\"potentialAction\":[{\"@type\":\"ReadAction\",\"target\":[\"https:\/\/sporta-preces.lv\/ru\/product\/kamera-fat-bike-24-x-4-0-100-507-av-40-mm-d004\/\"]}]},{\"@type\":\"ImageObject\",\"inLanguage\":\"ru-RU\",\"@id\":\"https:\/\/sporta-preces.lv\/ru\/product\/kamera-fat-bike-24-x-4-0-100-507-av-40-mm-d004\/#primaryimage\",\"url\":\"https:\/\/sporta-preces.lv\/wp-content\/uploads\/2025\/09\/D004.png\",\"contentUrl\":\"https:\/\/sporta-preces.lv\/wp-content\/uploads\/2025\/09\/D004.png\",\"width\":1393,\"height\":1466},{\"@type\":\"BreadcrumbList\",\"@id\":\"https:\/\/sporta-preces.lv\/ru\/product\/kamera-fat-bike-24-x-4-0-100-507-av-40-mm-d004\/#breadcrumb\",\"itemListElement\":[{\"@type\":\"ListItem\",\"position\":1,\"name\":\"Home\",\"item\":\"https:\/\/sporta-preces.lv\/ru\/\"},{\"@type\":\"ListItem\",\"position\":2,\"name\":\"\u041a\u0430\u0442\u0430\u043b\u043e\u0433\",\"item\":\"https:\/\/sporta-preces.lv\/ru\/katalog\/\"},{\"@type\":\"ListItem\",\"position\":3,\"name\":\"\u043a\u0430\u043c\u0435\u0440\u0430 FAT BIKE 24&#8243; x 4,0&#8243; 100-507 AV-40 \u043c\u043c D004\"}]},{\"@type\":\"WebSite\",\"@id\":\"https:\/\/sporta-preces.lv\/#website\",\"url\":\"https:\/\/sporta-preces.lv\/\",\"name\":\"Sporta-preces\",\"description\":\"Kvalitat\u012bvas sporta preces par lab\u0101kaj\u0101m cen\u0101m.\",\"potentialAction\":[{\"@type\":\"SearchAction\",\"target\":{\"@type\":\"EntryPoint\",\"urlTemplate\":\"https:\/\/sporta-preces.lv\/?s={search_term_string}\"},\"query-input\":{\"@type\":\"PropertyValueSpecification\",\"valueRequired\":true,\"valueName\":\"search_term_string\"}}],\"inLanguage\":\"ru-RU\"}]}<\/script>\n<!-- \/ Yoast SEO Premium plugin. -->","yoast_head_json":{"title":"\u043a\u0430\u043c\u0435\u0440\u0430 FAT BIKE 24\" x 4,0\" 100-507 AV-40 \u043c\u043c D004 - Sporta-preces","description":"\u043a\u0430\u043c\u0435\u0440\u0430 FAT BIKE 24\" x 4,0\" 100-507 AV-40 \u043c\u043c D004\u0422\u0438\u043f \u043a\u043b\u0430\u043f\u0430\u043d\u0430: AV \/ \u0430\u0432\u0442\u043e\u043c\u0430\u0442\u0438\u0447\u0435\u0441\u043a\u0438\u0439 \/ \u0432\u0438\u043d\u0442\u043e\u0432\u043e\u0439 40 \u043c\u043c","robots":{"index":"index","follow":"follow","max-snippet":"max-snippet:-1","max-image-preview":"max-image-preview:large","max-video-preview":"max-video-preview:-1"},"canonical":"https:\/\/sporta-preces.lv\/ru\/product\/kamera-fat-bike-24-x-4-0-100-507-av-40-mm-d004\/","og_locale":"ru_RU","og_type":"article","og_title":"\u043a\u0430\u043c\u0435\u0440\u0430 FAT BIKE 24\" x 4,0\" 100-507 AV-40 \u043c\u043c D004","og_description":"\u043a\u0430\u043c\u0435\u0440\u0430 FAT BIKE 24\" x 4,0\" 100-507 AV-40 \u043c\u043c D004\u0422\u0438\u043f \u043a\u043b\u0430\u043f\u0430\u043d\u0430: AV \/ \u0430\u0432\u0442\u043e\u043c\u0430\u0442\u0438\u0447\u0435\u0441\u043a\u0438\u0439 \/ \u0432\u0438\u043d\u0442\u043e\u0432\u043e\u0439 40 \u043c\u043c","og_url":"https:\/\/sporta-preces.lv\/ru\/product\/kamera-fat-bike-24-x-4-0-100-507-av-40-mm-d004\/","og_site_name":"Sporta-preces","article_modified_time":"2025-09-15T17:47:15+00:00","og_image":[{"width":800,"height":1200,"url":"https:\/\/sporta-preces.lv\/wp-content\/uploads\/2025\/04\/D131.jpg","type":"image\/jpeg"}],"twitter_card":"summary_large_image","twitter_misc":{"\u041f\u0440\u0438\u043c\u0435\u0440\u043d\u043e\u0435 \u0432\u0440\u0435\u043c\u044f \u0434\u043b\u044f \u0447\u0442\u0435\u043d\u0438\u044f":"1 \u043c\u0438\u043d\u0443\u0442\u0430"},"schema":{"@context":"https:\/\/schema.org","@graph":[{"@type":"WebPage","@id":"https:\/\/sporta-preces.lv\/ru\/product\/kamera-fat-bike-24-x-4-0-100-507-av-40-mm-d004\/","url":"https:\/\/sporta-preces.lv\/ru\/product\/kamera-fat-bike-24-x-4-0-100-507-av-40-mm-d004\/","name":"\u043a\u0430\u043c\u0435\u0440\u0430 FAT BIKE 24\" x 4,0\" 100-507 AV-40 \u043c\u043c D004 - Sporta-preces","isPartOf":{"@id":"https:\/\/sporta-preces.lv\/#website"},"primaryImageOfPage":{"@id":"https:\/\/sporta-preces.lv\/ru\/product\/kamera-fat-bike-24-x-4-0-100-507-av-40-mm-d004\/#primaryimage"},"image":{"@id":"https:\/\/sporta-preces.lv\/ru\/product\/kamera-fat-bike-24-x-4-0-100-507-av-40-mm-d004\/#primaryimage"},"thumbnailUrl":"https:\/\/sporta-preces.lv\/wp-content\/uploads\/2025\/09\/D004.png","datePublished":"2025-09-15T16:14:59+00:00","dateModified":"2025-09-15T17:47:15+00:00","description":"\u043a\u0430\u043c\u0435\u0440\u0430 FAT BIKE 24\" x 4,0\" 100-507 AV-40 \u043c\u043c D004\u0422\u0438\u043f \u043a\u043b\u0430\u043f\u0430\u043d\u0430: AV \/ \u0430\u0432\u0442\u043e\u043c\u0430\u0442\u0438\u0447\u0435\u0441\u043a\u0438\u0439 \/ \u0432\u0438\u043d\u0442\u043e\u0432\u043e\u0439 40 \u043c\u043c","breadcrumb":{"@id":"https:\/\/sporta-preces.lv\/ru\/product\/kamera-fat-bike-24-x-4-0-100-507-av-40-mm-d004\/#breadcrumb"},"inLanguage":"ru-RU","potentialAction":[{"@type":"ReadAction","target":["https:\/\/sporta-preces.lv\/ru\/product\/kamera-fat-bike-24-x-4-0-100-507-av-40-mm-d004\/"]}]},{"@type":"ImageObject","inLanguage":"ru-RU","@id":"https:\/\/sporta-preces.lv\/ru\/product\/kamera-fat-bike-24-x-4-0-100-507-av-40-mm-d004\/#primaryimage","url":"https:\/\/sporta-preces.lv\/wp-content\/uploads\/2025\/09\/D004.png","contentUrl":"https:\/\/sporta-preces.lv\/wp-content\/uploads\/2025\/09\/D004.png","width":1393,"height":1466},{"@type":"BreadcrumbList","@id":"https:\/\/sporta-preces.lv\/ru\/product\/kamera-fat-bike-24-x-4-0-100-507-av-40-mm-d004\/#breadcrumb","itemListElement":[{"@type":"ListItem","position":1,"name":"Home","item":"https:\/\/sporta-preces.lv\/ru\/"},{"@type":"ListItem","position":2,"name":"\u041a\u0430\u0442\u0430\u043b\u043e\u0433","item":"https:\/\/sporta-preces.lv\/ru\/katalog\/"},{"@type":"ListItem","position":3,"name":"\u043a\u0430\u043c\u0435\u0440\u0430 FAT BIKE 24&#8243; x 4,0&#8243; 100-507 AV-40 \u043c\u043c D004"}]},{"@type":"WebSite","@id":"https:\/\/sporta-preces.lv\/#website","url":"https:\/\/sporta-preces.lv\/","name":"Sporta-preces","description":"Kvalitat\u012bvas sporta preces par lab\u0101kaj\u0101m cen\u0101m.","potentialAction":[{"@type":"SearchAction","target":{"@type":"EntryPoint","urlTemplate":"https:\/\/sporta-preces.lv\/?s={search_term_string}"},"query-input":{"@type":"PropertyValueSpecification","valueRequired":true,"valueName":"search_term_string"}}],"inLanguage":"ru-RU"}]}},"_links":{"self":[{"href":"https:\/\/sporta-preces.lv\/ru\/wp-json\/wp\/v2\/product\/12921","targetHints":{"allow":["GET"]}}],"collection":[{"href":"https:\/\/sporta-preces.lv\/ru\/wp-json\/wp\/v2\/product"}],"about":[{"href":"https:\/\/sporta-preces.lv\/ru\/wp-json\/wp\/v2\/types\/product"}],"wp:featuredmedia":[{"embeddable":true,"href":"https:\/\/sporta-preces.lv\/ru\/wp-json\/wp\/v2\/media\/12923"}],"wp:attachment":[{"href":"https:\/\/sporta-preces.lv\/ru\/wp-json\/wp\/v2\/media?parent=12921"}],"wp:term":[{"taxonomy":"product_cat","embeddable":true,"href":"https:\/\/sporta-preces.lv\/ru\/wp-json\/wp\/v2\/product_cat?post=12921"},{"taxonomy":"product_tag","embeddable":true,"href":"https:\/\/sporta-preces.lv\/ru\/wp-json\/wp\/v2\/product_tag?post=12921"}],"curies":[{"name":"wp","href":"https:\/\/api.w.org\/{rel}","templated":true}]}}