{"id":12432,"date":"2025-04-09T17:06:32","date_gmt":"2025-04-09T15:06:32","guid":{"rendered":"https:\/\/sporta-preces.lv\/?post_type=product&#038;p=12432"},"modified":"2025-04-09T17:17:23","modified_gmt":"2025-04-09T15:17:23","slug":"jt-014-a793","status":"publish","type":"product","link":"https:\/\/sporta-preces.lv\/ru\/product\/jt-014-a793\/","title":{"rendered":"\u041a\u043e\u043b\u043f\u0430\u0447\u043e\u043a \u043a\u043b\u0430\u043f\u0430\u043d\u0430 \u0430\u043b\u044e\u043c\u0438\u043d\u0438\u0435\u0432\u044b\u0439 FV PRESTA JT-014 A793"},"content":{"rendered":"<p>\u041a\u043e\u043b\u043f\u0430\u0447\u043e\u043a \u043a\u043b\u0430\u043f\u0430\u043d\u0430 \u0430\u043b\u044e\u043c\u0438\u043d\u0438\u0435\u0432\u044b\u0439 FV PRESTA JT-014 A793 &#8212; 1\u0448\u0442<\/p>\n","protected":false},"excerpt":{"rendered":"<p>\u041a\u043e\u043b\u043f\u0430\u0447\u043e\u043a \u043a\u043b\u0430\u043f\u0430\u043d\u0430 \u0430\u043b\u044e\u043c\u0438\u043d\u0438\u0435\u0432\u044b\u0439 FV PRESTA JT-014 A793 &#8212; 1\u0448\u0442<\/p>\n","protected":false},"featured_media":12434,"template":"","meta":[],"product_cat":[143,134,145],"product_tag":[],"class_list":{"0":"post-12432","1":"product","2":"type-product","3":"status-publish","4":"has-post-thumbnail","6":"product_cat-kameri-dlja-velosipedov","7":"product_cat-nasosi-dlja-velosipedov","8":"product_cat-shini-dlja-velosipedov","9":"product_shipping_class-s-novusa-un-velo-acc-ru","11":"first","12":"instock","13":"purchasable","14":"product-type-simple"},"yoast_head":"<!-- This site is optimized with the Yoast SEO Premium plugin v27.1 (Yoast SEO v27.2) - https:\/\/yoast.com\/product\/yoast-seo-premium-wordpress\/ -->\n<title>\u041a\u043e\u043b\u043f\u0430\u0447\u043e\u043a \u043a\u043b\u0430\u043f\u0430\u043d\u0430 \u0430\u043b\u044e\u043c\u0438\u043d\u0438\u0435\u0432\u044b\u0439 FV PRESTA JT-014 A793 - Sporta-preces<\/title>\n<meta name=\"robots\" content=\"index, follow, max-snippet:-1, max-image-preview:large, max-video-preview:-1\" \/>\n<link rel=\"canonical\" href=\"https:\/\/sporta-preces.lv\/ru\/product\/jt-014-a793\/\" \/>\n<meta property=\"og:locale\" content=\"ru_RU\" \/>\n<meta property=\"og:type\" content=\"article\" \/>\n<meta property=\"og:title\" content=\"\u041a\u043e\u043b\u043f\u0430\u0447\u043e\u043a \u043a\u043b\u0430\u043f\u0430\u043d\u0430 \u0430\u043b\u044e\u043c\u0438\u043d\u0438\u0435\u0432\u044b\u0439 FV PRESTA JT-014 A793\" \/>\n<meta property=\"og:description\" content=\"\u041a\u043e\u043b\u043f\u0430\u0447\u043e\u043a \u043a\u043b\u0430\u043f\u0430\u043d\u0430 \u0430\u043b\u044e\u043c\u0438\u043d\u0438\u0435\u0432\u044b\u0439 FV PRESTA JT-014 A793 &#8212; 1\u0448\u0442\" \/>\n<meta property=\"og:url\" content=\"https:\/\/sporta-preces.lv\/ru\/product\/jt-014-a793\/\" \/>\n<meta property=\"og:site_name\" content=\"Sporta-preces\" \/>\n<meta property=\"article:modified_time\" content=\"2025-04-09T15:17:23+00:00\" \/>\n<meta property=\"og:image\" content=\"https:\/\/sporta-preces.lv\/wp-content\/uploads\/2025\/04\/a793.jpeg\" \/>\n\t<meta property=\"og:image:width\" content=\"800\" \/>\n\t<meta property=\"og:image:height\" content=\"800\" \/>\n\t<meta property=\"og:image:type\" content=\"image\/jpeg\" \/>\n<meta name=\"twitter:card\" content=\"summary_large_image\" \/>\n<meta name=\"twitter:label1\" content=\"\u041f\u0440\u0438\u043c\u0435\u0440\u043d\u043e\u0435 \u0432\u0440\u0435\u043c\u044f \u0434\u043b\u044f \u0447\u0442\u0435\u043d\u0438\u044f\" \/>\n\t<meta name=\"twitter:data1\" content=\"1 \u043c\u0438\u043d\u0443\u0442\u0430\" \/>\n<script type=\"application\/ld+json\" class=\"yoast-schema-graph\">{\"@context\":\"https:\/\/schema.org\",\"@graph\":[{\"@type\":\"WebPage\",\"@id\":\"https:\/\/sporta-preces.lv\/ru\/product\/jt-014-a793\/\",\"url\":\"https:\/\/sporta-preces.lv\/ru\/product\/jt-014-a793\/\",\"name\":\"\u041a\u043e\u043b\u043f\u0430\u0447\u043e\u043a \u043a\u043b\u0430\u043f\u0430\u043d\u0430 \u0430\u043b\u044e\u043c\u0438\u043d\u0438\u0435\u0432\u044b\u0439 FV PRESTA JT-014 A793 - Sporta-preces\",\"isPartOf\":{\"@id\":\"https:\/\/sporta-preces.lv\/#website\"},\"primaryImageOfPage\":{\"@id\":\"https:\/\/sporta-preces.lv\/ru\/product\/jt-014-a793\/#primaryimage\"},\"image\":{\"@id\":\"https:\/\/sporta-preces.lv\/ru\/product\/jt-014-a793\/#primaryimage\"},\"thumbnailUrl\":\"https:\/\/sporta-preces.lv\/wp-content\/uploads\/2025\/04\/a793.jpeg\",\"datePublished\":\"2025-04-09T15:06:32+00:00\",\"dateModified\":\"2025-04-09T15:17:23+00:00\",\"breadcrumb\":{\"@id\":\"https:\/\/sporta-preces.lv\/ru\/product\/jt-014-a793\/#breadcrumb\"},\"inLanguage\":\"ru-RU\",\"potentialAction\":[{\"@type\":\"ReadAction\",\"target\":[\"https:\/\/sporta-preces.lv\/ru\/product\/jt-014-a793\/\"]}]},{\"@type\":\"ImageObject\",\"inLanguage\":\"ru-RU\",\"@id\":\"https:\/\/sporta-preces.lv\/ru\/product\/jt-014-a793\/#primaryimage\",\"url\":\"https:\/\/sporta-preces.lv\/wp-content\/uploads\/2025\/04\/a793.jpeg\",\"contentUrl\":\"https:\/\/sporta-preces.lv\/wp-content\/uploads\/2025\/04\/a793.jpeg\",\"width\":800,\"height\":800,\"caption\":\"7b97946fd3d43c8a8a81aa93a2b0392a87c329f4825a4c88db38d0aaf52ee55633b469ac520983e7e79f8aef20a9cf5cc28e9a99d91935b6e96d5b53ca3140c9f0d3f957f5801906d846fae3d932c7fe\"},{\"@type\":\"BreadcrumbList\",\"@id\":\"https:\/\/sporta-preces.lv\/ru\/product\/jt-014-a793\/#breadcrumb\",\"itemListElement\":[{\"@type\":\"ListItem\",\"position\":1,\"name\":\"Home\",\"item\":\"https:\/\/sporta-preces.lv\/ru\/\"},{\"@type\":\"ListItem\",\"position\":2,\"name\":\"\u041a\u0430\u0442\u0430\u043b\u043e\u0433\",\"item\":\"https:\/\/sporta-preces.lv\/ru\/katalog\/\"},{\"@type\":\"ListItem\",\"position\":3,\"name\":\"\u041a\u043e\u043b\u043f\u0430\u0447\u043e\u043a \u043a\u043b\u0430\u043f\u0430\u043d\u0430 \u0430\u043b\u044e\u043c\u0438\u043d\u0438\u0435\u0432\u044b\u0439 FV PRESTA JT-014 A793\"}]},{\"@type\":\"WebSite\",\"@id\":\"https:\/\/sporta-preces.lv\/#website\",\"url\":\"https:\/\/sporta-preces.lv\/\",\"name\":\"Sporta-preces\",\"description\":\"Kvalitat\u012bvas sporta preces par lab\u0101kaj\u0101m cen\u0101m.\",\"potentialAction\":[{\"@type\":\"SearchAction\",\"target\":{\"@type\":\"EntryPoint\",\"urlTemplate\":\"https:\/\/sporta-preces.lv\/?s={search_term_string}\"},\"query-input\":{\"@type\":\"PropertyValueSpecification\",\"valueRequired\":true,\"valueName\":\"search_term_string\"}}],\"inLanguage\":\"ru-RU\"}]}<\/script>\n<!-- \/ Yoast SEO Premium plugin. -->","yoast_head_json":{"title":"\u041a\u043e\u043b\u043f\u0430\u0447\u043e\u043a \u043a\u043b\u0430\u043f\u0430\u043d\u0430 \u0430\u043b\u044e\u043c\u0438\u043d\u0438\u0435\u0432\u044b\u0439 FV PRESTA JT-014 A793 - Sporta-preces","robots":{"index":"index","follow":"follow","max-snippet":"max-snippet:-1","max-image-preview":"max-image-preview:large","max-video-preview":"max-video-preview:-1"},"canonical":"https:\/\/sporta-preces.lv\/ru\/product\/jt-014-a793\/","og_locale":"ru_RU","og_type":"article","og_title":"\u041a\u043e\u043b\u043f\u0430\u0447\u043e\u043a \u043a\u043b\u0430\u043f\u0430\u043d\u0430 \u0430\u043b\u044e\u043c\u0438\u043d\u0438\u0435\u0432\u044b\u0439 FV PRESTA JT-014 A793","og_description":"\u041a\u043e\u043b\u043f\u0430\u0447\u043e\u043a \u043a\u043b\u0430\u043f\u0430\u043d\u0430 \u0430\u043b\u044e\u043c\u0438\u043d\u0438\u0435\u0432\u044b\u0439 FV PRESTA JT-014 A793 &#8212; 1\u0448\u0442","og_url":"https:\/\/sporta-preces.lv\/ru\/product\/jt-014-a793\/","og_site_name":"Sporta-preces","article_modified_time":"2025-04-09T15:17:23+00:00","og_image":[{"width":800,"height":800,"url":"https:\/\/sporta-preces.lv\/wp-content\/uploads\/2025\/04\/a793.jpeg","type":"image\/jpeg"}],"twitter_card":"summary_large_image","twitter_misc":{"\u041f\u0440\u0438\u043c\u0435\u0440\u043d\u043e\u0435 \u0432\u0440\u0435\u043c\u044f \u0434\u043b\u044f \u0447\u0442\u0435\u043d\u0438\u044f":"1 \u043c\u0438\u043d\u0443\u0442\u0430"},"schema":{"@context":"https:\/\/schema.org","@graph":[{"@type":"WebPage","@id":"https:\/\/sporta-preces.lv\/ru\/product\/jt-014-a793\/","url":"https:\/\/sporta-preces.lv\/ru\/product\/jt-014-a793\/","name":"\u041a\u043e\u043b\u043f\u0430\u0447\u043e\u043a \u043a\u043b\u0430\u043f\u0430\u043d\u0430 \u0430\u043b\u044e\u043c\u0438\u043d\u0438\u0435\u0432\u044b\u0439 FV PRESTA JT-014 A793 - Sporta-preces","isPartOf":{"@id":"https:\/\/sporta-preces.lv\/#website"},"primaryImageOfPage":{"@id":"https:\/\/sporta-preces.lv\/ru\/product\/jt-014-a793\/#primaryimage"},"image":{"@id":"https:\/\/sporta-preces.lv\/ru\/product\/jt-014-a793\/#primaryimage"},"thumbnailUrl":"https:\/\/sporta-preces.lv\/wp-content\/uploads\/2025\/04\/a793.jpeg","datePublished":"2025-04-09T15:06:32+00:00","dateModified":"2025-04-09T15:17:23+00:00","breadcrumb":{"@id":"https:\/\/sporta-preces.lv\/ru\/product\/jt-014-a793\/#breadcrumb"},"inLanguage":"ru-RU","potentialAction":[{"@type":"ReadAction","target":["https:\/\/sporta-preces.lv\/ru\/product\/jt-014-a793\/"]}]},{"@type":"ImageObject","inLanguage":"ru-RU","@id":"https:\/\/sporta-preces.lv\/ru\/product\/jt-014-a793\/#primaryimage","url":"https:\/\/sporta-preces.lv\/wp-content\/uploads\/2025\/04\/a793.jpeg","contentUrl":"https:\/\/sporta-preces.lv\/wp-content\/uploads\/2025\/04\/a793.jpeg","width":800,"height":800,"caption":"7b97946fd3d43c8a8a81aa93a2b0392a87c329f4825a4c88db38d0aaf52ee55633b469ac520983e7e79f8aef20a9cf5cc28e9a99d91935b6e96d5b53ca3140c9f0d3f957f5801906d846fae3d932c7fe"},{"@type":"BreadcrumbList","@id":"https:\/\/sporta-preces.lv\/ru\/product\/jt-014-a793\/#breadcrumb","itemListElement":[{"@type":"ListItem","position":1,"name":"Home","item":"https:\/\/sporta-preces.lv\/ru\/"},{"@type":"ListItem","position":2,"name":"\u041a\u0430\u0442\u0430\u043b\u043e\u0433","item":"https:\/\/sporta-preces.lv\/ru\/katalog\/"},{"@type":"ListItem","position":3,"name":"\u041a\u043e\u043b\u043f\u0430\u0447\u043e\u043a \u043a\u043b\u0430\u043f\u0430\u043d\u0430 \u0430\u043b\u044e\u043c\u0438\u043d\u0438\u0435\u0432\u044b\u0439 FV PRESTA JT-014 A793"}]},{"@type":"WebSite","@id":"https:\/\/sporta-preces.lv\/#website","url":"https:\/\/sporta-preces.lv\/","name":"Sporta-preces","description":"Kvalitat\u012bvas sporta preces par lab\u0101kaj\u0101m cen\u0101m.","potentialAction":[{"@type":"SearchAction","target":{"@type":"EntryPoint","urlTemplate":"https:\/\/sporta-preces.lv\/?s={search_term_string}"},"query-input":{"@type":"PropertyValueSpecification","valueRequired":true,"valueName":"search_term_string"}}],"inLanguage":"ru-RU"}]}},"_links":{"self":[{"href":"https:\/\/sporta-preces.lv\/ru\/wp-json\/wp\/v2\/product\/12432","targetHints":{"allow":["GET"]}}],"collection":[{"href":"https:\/\/sporta-preces.lv\/ru\/wp-json\/wp\/v2\/product"}],"about":[{"href":"https:\/\/sporta-preces.lv\/ru\/wp-json\/wp\/v2\/types\/product"}],"wp:featuredmedia":[{"embeddable":true,"href":"https:\/\/sporta-preces.lv\/ru\/wp-json\/wp\/v2\/media\/12434"}],"wp:attachment":[{"href":"https:\/\/sporta-preces.lv\/ru\/wp-json\/wp\/v2\/media?parent=12432"}],"wp:term":[{"taxonomy":"product_cat","embeddable":true,"href":"https:\/\/sporta-preces.lv\/ru\/wp-json\/wp\/v2\/product_cat?post=12432"},{"taxonomy":"product_tag","embeddable":true,"href":"https:\/\/sporta-preces.lv\/ru\/wp-json\/wp\/v2\/product_tag?post=12432"}],"curies":[{"name":"wp","href":"https:\/\/api.w.org\/{rel}","templated":true}]}}