{"id":12079,"date":"2025-04-08T13:25:38","date_gmt":"2025-04-08T11:25:38","guid":{"rendered":"https:\/\/sporta-preces.lv\/?post_type=product&#038;p=12079"},"modified":"2025-04-08T13:28:17","modified_gmt":"2025-04-08T11:28:17","slug":"sidene-wl-6318-s200","status":"publish","type":"product","link":"https:\/\/sporta-preces.lv\/ru\/product\/sidene-wl-6318-s200\/","title":{"rendered":"\u0421\u0438\u0434\u0435\u043d\u044c\u0435 WL-6318 S200"},"content":{"rendered":"<p>\u0421\u0438\u0434\u0435\u043d\u044c\u0435 WL-6318 S200<\/p>\n<p>\u041d\u0430\u043f\u043e\u043b\u043d\u0438\u0442\u0435\u043b\u044c: Light Foam &#8212; \u043b\u0435\u0433\u043a\u0430\u044f \u043f\u0435\u043d\u0430. \u041f\u0440\u0438\u043c\u0435\u043d\u0435\u043d\u0438\u0435: \u043a\u0440\u043e\u0441\u0441, \u0433\u043e\u0440\u043d\u044b\u0439 \u0432\u0435\u043b\u043e\u0441\u0438\u043f\u0435\u0434, \u0442\u0440\u0435\u043a\u043a\u0438\u043d\u0433, \u0433\u043e\u0440\u043e\u0434. \u041e\u0442\u0432\u0435\u0440\u0441\u0442\u0438\u0435 \u0434\u043b\u044f \u0441\u043d\u0438\u0436\u0435\u043d\u0438\u044f \u0434\u0430\u0432\u043b\u0435\u043d\u0438\u044f \u0432 \u043a\u043e\u043d\u0441\u0442\u0440\u0443\u043a\u0446\u0438\u0438 \u0441\u0435\u0434\u043b\u0430 \u0434\u043b\u044f \u043f\u043e\u0432\u044b\u0448\u0435\u043d\u0438\u044f \u043a\u043e\u043c\u0444\u043e\u0440\u0442\u0430.<br \/>\n\u041c\u0430\u0442\u0435\u0440\u0438\u0430\u043b \u0441\u0442\u0435\u0440\u0436\u043d\u044f: \u0441\u0442\u0430\u043b\u044c (\u0441 \u0445\u043e\u043c\u0443\u0442\u043e\u043c), \u044d\u043b\u0430\u0441\u0442\u043e\u043c\u0435\u0440 \u0420\u0430\u0437\u043c\u0435\u0440\u044b: 255 x 180 \u043c\u043c, \u0432\u0435\u0441: 527 \u0433 \u041c\u0430\u0442\u0435\u0440\u0438\u0430\u043b \u0447\u0435\u0445\u043b\u0430: \u0441\u0438\u043d\u0442\u0435\u0442\u0438\u0447\u0435\u0441\u043a\u0430\u044f \u043a\u043e\u0436\u0430<\/p>\n","protected":false},"excerpt":{"rendered":"<p>\u0421\u0438\u0434\u0435\u043d\u044c\u0435 WL-6318 S200 \u041d\u0430\u043f\u043e\u043b\u043d\u0438\u0442\u0435\u043b\u044c: Light Foam &#8212; \u043b\u0435\u0433\u043a\u0430\u044f \u043f\u0435\u043d\u0430. \u041f\u0440\u0438\u043c\u0435\u043d\u0435\u043d\u0438\u0435: \u043a\u0440\u043e\u0441\u0441, \u0433\u043e\u0440\u043d\u044b\u0439 \u0432\u0435\u043b\u043e\u0441\u0438\u043f\u0435\u0434, \u0442\u0440\u0435\u043a\u043a\u0438\u043d\u0433, \u0433\u043e\u0440\u043e\u0434. \u041e\u0442\u0432\u0435\u0440\u0441\u0442\u0438\u0435 \u0434\u043b\u044f \u0441\u043d\u0438\u0436\u0435\u043d\u0438\u044f \u0434\u0430\u0432\u043b\u0435\u043d\u0438\u044f \u0432 \u043a\u043e\u043d\u0441\u0442\u0440\u0443\u043a\u0446\u0438\u0438 \u0441\u0435\u0434\u043b\u0430 \u0434\u043b\u044f \u043f\u043e\u0432\u044b\u0448\u0435\u043d\u0438\u044f \u043a\u043e\u043c\u0444\u043e\u0440\u0442\u0430. \u041c\u0430\u0442\u0435\u0440\u0438\u0430\u043b \u0441\u0442\u0435\u0440\u0436\u043d\u044f: \u0441\u0442\u0430\u043b\u044c (\u0441 \u0445\u043e\u043c\u0443\u0442\u043e\u043c), \u044d\u043b\u0430\u0441\u0442\u043e\u043c\u0435\u0440 \u0420\u0430\u0437\u043c\u0435\u0440\u044b: 255 x 180 \u043c\u043c, \u0432\u0435\u0441: 527 \u0433 \u041c\u0430\u0442\u0435\u0440\u0438\u0430\u043b &hellip; <a href=\"https:\/\/sporta-preces.lv\/ru\/product\/sidene-wl-6318-s200\/\">Readmore<\/a><\/p>\n","protected":false},"featured_media":12085,"template":"","meta":[],"product_cat":[146],"product_tag":[],"class_list":{"0":"post-12079","1":"product","2":"type-product","3":"status-publish","4":"has-post-thumbnail","6":"product_cat-sidenja","7":"product_shipping_class-velo-acc-m-izmers-ru","9":"first","10":"instock","11":"purchasable","12":"product-type-simple"},"yoast_head":"<!-- This site is optimized with the Yoast SEO Premium plugin v27.1 (Yoast SEO v27.2) - https:\/\/yoast.com\/product\/yoast-seo-premium-wordpress\/ -->\n<title>\u0421\u0438\u0434\u0435\u043d\u044c\u0435 WL-6318 S200 - Sporta-preces<\/title>\n<meta name=\"robots\" content=\"index, follow, max-snippet:-1, max-image-preview:large, max-video-preview:-1\" \/>\n<link rel=\"canonical\" href=\"https:\/\/sporta-preces.lv\/ru\/product\/sidene-wl-6318-s200\/\" \/>\n<meta property=\"og:locale\" content=\"ru_RU\" \/>\n<meta property=\"og:type\" content=\"article\" \/>\n<meta property=\"og:title\" content=\"\u0421\u0438\u0434\u0435\u043d\u044c\u0435 WL-6318 S200\" \/>\n<meta property=\"og:description\" content=\"\u0421\u0438\u0434\u0435\u043d\u044c\u0435 WL-6318 S200 \u041d\u0430\u043f\u043e\u043b\u043d\u0438\u0442\u0435\u043b\u044c: Light Foam &#8212; \u043b\u0435\u0433\u043a\u0430\u044f \u043f\u0435\u043d\u0430. \u041f\u0440\u0438\u043c\u0435\u043d\u0435\u043d\u0438\u0435: \u043a\u0440\u043e\u0441\u0441, \u0433\u043e\u0440\u043d\u044b\u0439 \u0432\u0435\u043b\u043e\u0441\u0438\u043f\u0435\u0434, \u0442\u0440\u0435\u043a\u043a\u0438\u043d\u0433, \u0433\u043e\u0440\u043e\u0434. \u041e\u0442\u0432\u0435\u0440\u0441\u0442\u0438\u0435 \u0434\u043b\u044f \u0441\u043d\u0438\u0436\u0435\u043d\u0438\u044f \u0434\u0430\u0432\u043b\u0435\u043d\u0438\u044f \u0432 \u043a\u043e\u043d\u0441\u0442\u0440\u0443\u043a\u0446\u0438\u0438 \u0441\u0435\u0434\u043b\u0430 \u0434\u043b\u044f \u043f\u043e\u0432\u044b\u0448\u0435\u043d\u0438\u044f \u043a\u043e\u043c\u0444\u043e\u0440\u0442\u0430. \u041c\u0430\u0442\u0435\u0440\u0438\u0430\u043b \u0441\u0442\u0435\u0440\u0436\u043d\u044f: \u0441\u0442\u0430\u043b\u044c (\u0441 \u0445\u043e\u043c\u0443\u0442\u043e\u043c), \u044d\u043b\u0430\u0441\u0442\u043e\u043c\u0435\u0440 \u0420\u0430\u0437\u043c\u0435\u0440\u044b: 255 x 180 \u043c\u043c, \u0432\u0435\u0441: 527 \u0433 \u041c\u0430\u0442\u0435\u0440\u0438\u0430\u043b &hellip; Readmore\" \/>\n<meta property=\"og:url\" content=\"https:\/\/sporta-preces.lv\/ru\/product\/sidene-wl-6318-s200\/\" \/>\n<meta property=\"og:site_name\" content=\"Sporta-preces\" \/>\n<meta property=\"article:modified_time\" content=\"2025-04-08T11:28:17+00:00\" \/>\n<meta property=\"og:image\" content=\"https:\/\/sporta-preces.lv\/wp-content\/uploads\/2025\/04\/S200_2.jpeg\" \/>\n\t<meta property=\"og:image:width\" content=\"1024\" \/>\n\t<meta property=\"og:image:height\" content=\"659\" \/>\n\t<meta property=\"og:image:type\" content=\"image\/jpeg\" \/>\n<meta name=\"twitter:card\" content=\"summary_large_image\" \/>\n<meta name=\"twitter:label1\" content=\"\u041f\u0440\u0438\u043c\u0435\u0440\u043d\u043e\u0435 \u0432\u0440\u0435\u043c\u044f \u0434\u043b\u044f \u0447\u0442\u0435\u043d\u0438\u044f\" \/>\n\t<meta name=\"twitter:data1\" content=\"1 \u043c\u0438\u043d\u0443\u0442\u0430\" \/>\n<script type=\"application\/ld+json\" class=\"yoast-schema-graph\">{\"@context\":\"https:\/\/schema.org\",\"@graph\":[{\"@type\":\"WebPage\",\"@id\":\"https:\/\/sporta-preces.lv\/ru\/product\/sidene-wl-6318-s200\/\",\"url\":\"https:\/\/sporta-preces.lv\/ru\/product\/sidene-wl-6318-s200\/\",\"name\":\"\u0421\u0438\u0434\u0435\u043d\u044c\u0435 WL-6318 S200 - Sporta-preces\",\"isPartOf\":{\"@id\":\"https:\/\/sporta-preces.lv\/#website\"},\"primaryImageOfPage\":{\"@id\":\"https:\/\/sporta-preces.lv\/ru\/product\/sidene-wl-6318-s200\/#primaryimage\"},\"image\":{\"@id\":\"https:\/\/sporta-preces.lv\/ru\/product\/sidene-wl-6318-s200\/#primaryimage\"},\"thumbnailUrl\":\"https:\/\/sporta-preces.lv\/wp-content\/uploads\/2025\/04\/S200_2.jpeg\",\"datePublished\":\"2025-04-08T11:25:38+00:00\",\"dateModified\":\"2025-04-08T11:28:17+00:00\",\"breadcrumb\":{\"@id\":\"https:\/\/sporta-preces.lv\/ru\/product\/sidene-wl-6318-s200\/#breadcrumb\"},\"inLanguage\":\"ru-RU\",\"potentialAction\":[{\"@type\":\"ReadAction\",\"target\":[\"https:\/\/sporta-preces.lv\/ru\/product\/sidene-wl-6318-s200\/\"]}]},{\"@type\":\"ImageObject\",\"inLanguage\":\"ru-RU\",\"@id\":\"https:\/\/sporta-preces.lv\/ru\/product\/sidene-wl-6318-s200\/#primaryimage\",\"url\":\"https:\/\/sporta-preces.lv\/wp-content\/uploads\/2025\/04\/S200_2.jpeg\",\"contentUrl\":\"https:\/\/sporta-preces.lv\/wp-content\/uploads\/2025\/04\/S200_2.jpeg\",\"width\":1024,\"height\":659,\"caption\":\"272d9c7113dc8be75595a1d7711450ed06fed29ef807213721f3ad14ce27d6dbbbdaba23ef7208ce69ea735975ec62b5c3012c5bc7313605ae6b21e0ed4c2125535b0365a20c4876f6548ecd6573cffc\"},{\"@type\":\"BreadcrumbList\",\"@id\":\"https:\/\/sporta-preces.lv\/ru\/product\/sidene-wl-6318-s200\/#breadcrumb\",\"itemListElement\":[{\"@type\":\"ListItem\",\"position\":1,\"name\":\"Home\",\"item\":\"https:\/\/sporta-preces.lv\/ru\/\"},{\"@type\":\"ListItem\",\"position\":2,\"name\":\"\u041a\u0430\u0442\u0430\u043b\u043e\u0433\",\"item\":\"https:\/\/sporta-preces.lv\/ru\/katalog\/\"},{\"@type\":\"ListItem\",\"position\":3,\"name\":\"\u0421\u0438\u0434\u0435\u043d\u044c\u0435 WL-6318 S200\"}]},{\"@type\":\"WebSite\",\"@id\":\"https:\/\/sporta-preces.lv\/#website\",\"url\":\"https:\/\/sporta-preces.lv\/\",\"name\":\"Sporta-preces\",\"description\":\"Kvalitat\u012bvas sporta preces par lab\u0101kaj\u0101m cen\u0101m.\",\"potentialAction\":[{\"@type\":\"SearchAction\",\"target\":{\"@type\":\"EntryPoint\",\"urlTemplate\":\"https:\/\/sporta-preces.lv\/?s={search_term_string}\"},\"query-input\":{\"@type\":\"PropertyValueSpecification\",\"valueRequired\":true,\"valueName\":\"search_term_string\"}}],\"inLanguage\":\"ru-RU\"}]}<\/script>\n<!-- \/ Yoast SEO Premium plugin. -->","yoast_head_json":{"title":"\u0421\u0438\u0434\u0435\u043d\u044c\u0435 WL-6318 S200 - Sporta-preces","robots":{"index":"index","follow":"follow","max-snippet":"max-snippet:-1","max-image-preview":"max-image-preview:large","max-video-preview":"max-video-preview:-1"},"canonical":"https:\/\/sporta-preces.lv\/ru\/product\/sidene-wl-6318-s200\/","og_locale":"ru_RU","og_type":"article","og_title":"\u0421\u0438\u0434\u0435\u043d\u044c\u0435 WL-6318 S200","og_description":"\u0421\u0438\u0434\u0435\u043d\u044c\u0435 WL-6318 S200 \u041d\u0430\u043f\u043e\u043b\u043d\u0438\u0442\u0435\u043b\u044c: Light Foam &#8212; \u043b\u0435\u0433\u043a\u0430\u044f \u043f\u0435\u043d\u0430. \u041f\u0440\u0438\u043c\u0435\u043d\u0435\u043d\u0438\u0435: \u043a\u0440\u043e\u0441\u0441, \u0433\u043e\u0440\u043d\u044b\u0439 \u0432\u0435\u043b\u043e\u0441\u0438\u043f\u0435\u0434, \u0442\u0440\u0435\u043a\u043a\u0438\u043d\u0433, \u0433\u043e\u0440\u043e\u0434. \u041e\u0442\u0432\u0435\u0440\u0441\u0442\u0438\u0435 \u0434\u043b\u044f \u0441\u043d\u0438\u0436\u0435\u043d\u0438\u044f \u0434\u0430\u0432\u043b\u0435\u043d\u0438\u044f \u0432 \u043a\u043e\u043d\u0441\u0442\u0440\u0443\u043a\u0446\u0438\u0438 \u0441\u0435\u0434\u043b\u0430 \u0434\u043b\u044f \u043f\u043e\u0432\u044b\u0448\u0435\u043d\u0438\u044f \u043a\u043e\u043c\u0444\u043e\u0440\u0442\u0430. \u041c\u0430\u0442\u0435\u0440\u0438\u0430\u043b \u0441\u0442\u0435\u0440\u0436\u043d\u044f: \u0441\u0442\u0430\u043b\u044c (\u0441 \u0445\u043e\u043c\u0443\u0442\u043e\u043c), \u044d\u043b\u0430\u0441\u0442\u043e\u043c\u0435\u0440 \u0420\u0430\u0437\u043c\u0435\u0440\u044b: 255 x 180 \u043c\u043c, \u0432\u0435\u0441: 527 \u0433 \u041c\u0430\u0442\u0435\u0440\u0438\u0430\u043b &hellip; Readmore","og_url":"https:\/\/sporta-preces.lv\/ru\/product\/sidene-wl-6318-s200\/","og_site_name":"Sporta-preces","article_modified_time":"2025-04-08T11:28:17+00:00","og_image":[{"width":1024,"height":659,"url":"https:\/\/sporta-preces.lv\/wp-content\/uploads\/2025\/04\/S200_2.jpeg","type":"image\/jpeg"}],"twitter_card":"summary_large_image","twitter_misc":{"\u041f\u0440\u0438\u043c\u0435\u0440\u043d\u043e\u0435 \u0432\u0440\u0435\u043c\u044f \u0434\u043b\u044f \u0447\u0442\u0435\u043d\u0438\u044f":"1 \u043c\u0438\u043d\u0443\u0442\u0430"},"schema":{"@context":"https:\/\/schema.org","@graph":[{"@type":"WebPage","@id":"https:\/\/sporta-preces.lv\/ru\/product\/sidene-wl-6318-s200\/","url":"https:\/\/sporta-preces.lv\/ru\/product\/sidene-wl-6318-s200\/","name":"\u0421\u0438\u0434\u0435\u043d\u044c\u0435 WL-6318 S200 - Sporta-preces","isPartOf":{"@id":"https:\/\/sporta-preces.lv\/#website"},"primaryImageOfPage":{"@id":"https:\/\/sporta-preces.lv\/ru\/product\/sidene-wl-6318-s200\/#primaryimage"},"image":{"@id":"https:\/\/sporta-preces.lv\/ru\/product\/sidene-wl-6318-s200\/#primaryimage"},"thumbnailUrl":"https:\/\/sporta-preces.lv\/wp-content\/uploads\/2025\/04\/S200_2.jpeg","datePublished":"2025-04-08T11:25:38+00:00","dateModified":"2025-04-08T11:28:17+00:00","breadcrumb":{"@id":"https:\/\/sporta-preces.lv\/ru\/product\/sidene-wl-6318-s200\/#breadcrumb"},"inLanguage":"ru-RU","potentialAction":[{"@type":"ReadAction","target":["https:\/\/sporta-preces.lv\/ru\/product\/sidene-wl-6318-s200\/"]}]},{"@type":"ImageObject","inLanguage":"ru-RU","@id":"https:\/\/sporta-preces.lv\/ru\/product\/sidene-wl-6318-s200\/#primaryimage","url":"https:\/\/sporta-preces.lv\/wp-content\/uploads\/2025\/04\/S200_2.jpeg","contentUrl":"https:\/\/sporta-preces.lv\/wp-content\/uploads\/2025\/04\/S200_2.jpeg","width":1024,"height":659,"caption":"272d9c7113dc8be75595a1d7711450ed06fed29ef807213721f3ad14ce27d6dbbbdaba23ef7208ce69ea735975ec62b5c3012c5bc7313605ae6b21e0ed4c2125535b0365a20c4876f6548ecd6573cffc"},{"@type":"BreadcrumbList","@id":"https:\/\/sporta-preces.lv\/ru\/product\/sidene-wl-6318-s200\/#breadcrumb","itemListElement":[{"@type":"ListItem","position":1,"name":"Home","item":"https:\/\/sporta-preces.lv\/ru\/"},{"@type":"ListItem","position":2,"name":"\u041a\u0430\u0442\u0430\u043b\u043e\u0433","item":"https:\/\/sporta-preces.lv\/ru\/katalog\/"},{"@type":"ListItem","position":3,"name":"\u0421\u0438\u0434\u0435\u043d\u044c\u0435 WL-6318 S200"}]},{"@type":"WebSite","@id":"https:\/\/sporta-preces.lv\/#website","url":"https:\/\/sporta-preces.lv\/","name":"Sporta-preces","description":"Kvalitat\u012bvas sporta preces par lab\u0101kaj\u0101m cen\u0101m.","potentialAction":[{"@type":"SearchAction","target":{"@type":"EntryPoint","urlTemplate":"https:\/\/sporta-preces.lv\/?s={search_term_string}"},"query-input":{"@type":"PropertyValueSpecification","valueRequired":true,"valueName":"search_term_string"}}],"inLanguage":"ru-RU"}]}},"_links":{"self":[{"href":"https:\/\/sporta-preces.lv\/ru\/wp-json\/wp\/v2\/product\/12079","targetHints":{"allow":["GET"]}}],"collection":[{"href":"https:\/\/sporta-preces.lv\/ru\/wp-json\/wp\/v2\/product"}],"about":[{"href":"https:\/\/sporta-preces.lv\/ru\/wp-json\/wp\/v2\/types\/product"}],"wp:featuredmedia":[{"embeddable":true,"href":"https:\/\/sporta-preces.lv\/ru\/wp-json\/wp\/v2\/media\/12085"}],"wp:attachment":[{"href":"https:\/\/sporta-preces.lv\/ru\/wp-json\/wp\/v2\/media?parent=12079"}],"wp:term":[{"taxonomy":"product_cat","embeddable":true,"href":"https:\/\/sporta-preces.lv\/ru\/wp-json\/wp\/v2\/product_cat?post=12079"},{"taxonomy":"product_tag","embeddable":true,"href":"https:\/\/sporta-preces.lv\/ru\/wp-json\/wp\/v2\/product_tag?post=12079"}],"curies":[{"name":"wp","href":"https:\/\/api.w.org\/{rel}","templated":true}]}}