{"id":11939,"date":"2025-04-03T18:42:11","date_gmt":"2025-04-03T16:42:11","guid":{"rendered":"https:\/\/sporta-preces.lv\/?post_type=product&#038;p=11939"},"modified":"2025-04-03T18:45:56","modified_gmt":"2025-04-03T16:45:56","slug":"sedlo-selle-italia-x1-y726","status":"publish","type":"product","link":"https:\/\/sporta-preces.lv\/ru\/product\/sedlo-selle-italia-x1-y726\/","title":{"rendered":"\u0421\u0435\u0434\u043b\u043e Selle Italia X1 Y726"},"content":{"rendered":"<p>\u0421\u0435\u0434\u043b\u043e Selle Italia X1 Y726<\/p>\n<p>\u0421\u0435\u0434\u043b\u043e Selle Italia X1 MTB\/road \u0447\u0435\u0440\u043d\u043e\u0433\u043e \u0446\u0432\u0435\u0442\u0430 Selle Italia \u2014 \u043c\u0438\u0440\u043e\u0432\u043e\u0439 \u043b\u0438\u0434\u0435\u0440 \u043f\u043e \u043f\u0440\u043e\u0438\u0437\u0432\u043e\u0434\u0441\u0442\u0432\u0443 \u0441\u0435\u0434\u0435\u043b. \u0411\u043b\u0430\u0433\u043e\u0434\u0430\u0440\u044f \u0438\u0441\u043f\u043e\u043b\u044c\u0437\u043e\u0432\u0430\u043d\u0438\u044e \u0441\u043e\u0432\u0440\u0435\u043c\u0435\u043d\u043d\u044b\u0445 \u0442\u0435\u0445\u043d\u043e\u043b\u043e\u0433\u0438\u0439 \u043e\u043d\u0438 \u043b\u0435\u0433\u043a\u0438\u0435 \u0438 \u0432 \u0442\u043e \u0436\u0435 \u0432\u0440\u0435\u043c\u044f \u043e\u0447\u0435\u043d\u044c \u043f\u0440\u043e\u0447\u043d\u044b\u0435. \u0422\u0449\u0430\u0442\u0435\u043b\u044c\u043d\u043e \u043f\u0440\u043e\u0432\u0435\u0440\u0435\u043d\u043d\u044b\u0435, \u043e\u043d\u0438 \u0433\u0430\u0440\u0430\u043d\u0442\u0438\u0440\u0443\u044e\u0442 \u0432\u044b\u0441\u043e\u0447\u0430\u0439\u0448\u0435\u0435 \u043a\u0430\u0447\u0435\u0441\u0442\u0432\u043e \u043d\u0430 \u043f\u0440\u043e\u0442\u044f\u0436\u0435\u043d\u0438\u0438 \u043c\u043d\u043e\u0433\u0438\u0445 \u043b\u0435\u0442.<\/p>\n<p>\u0425\u0430\u0440\u0430\u043a\u0442\u0435\u0440\u0438\u0441\u0442\u0438\u043a\u0438 \u043f\u0440\u043e\u0434\u0443\u043a\u0442\u0430: \u0443\u0434\u043e\u0431\u043d\u043e\u0435 \u0441\u043f\u043e\u0440\u0442\u0438\u0432\u043d\u043e\u0435 \u0441\u0435\u0434\u043b\u043e \u0441 \u0443\u043d\u0438\u0432\u0435\u0440\u0441\u0430\u043b\u044c\u043d\u043e\u0439 \u044d\u043b\u0430\u0441\u0442\u0438\u0447\u043d\u043e\u0439 \u043a\u043e\u043d\u0441\u0442\u0440\u0443\u043a\u0446\u0438\u0435\u0439 \u0438 \u043f\u043e\u0434\u043a\u043b\u0430\u0434\u043a\u043e\u0439 \u0440\u0430\u0437\u043b\u0438\u0447\u043d\u043e\u0439 \u0442\u043e\u043b\u0449\u0438\u043d\u044b \u0438 \u0436\u0435\u0441\u0442\u043a\u043e\u0441\u0442\u0438, \u0447\u0442\u043e \u043e\u0431\u0435\u0441\u043f\u0435\u0447\u0438\u0432\u0430\u0435\u0442 \u0432\u044b\u0441\u043e\u043a\u0438\u0439 \u043a\u043e\u043c\u0444\u043e\u0440\u0442 \u0422\u0435\u0445\u043d\u043e\u043b\u043e\u0433\u0438\u044f Flex Control \u041e\u0441\u043d\u043e\u0432\u0430 \u0441\u0435\u0434\u043b\u0430: \u043f\u043b\u0430\u0441\u0442\u0438\u043a \u0420\u0430\u043c\u0430: \u0441\u043f\u043b\u0430\u0432 Fec \u0420\u0430\u0437\u043c\u0435\u0440\u044b: 276 x 136 \u043c\u043c \u0426\u0432\u0435\u0442: \u0447\u0435\u0440\u043d\u044b\u0439 \u0412\u0435\u0441: 294 \u0433<\/p>\n","protected":false},"excerpt":{"rendered":"<p>\u0421\u0435\u0434\u043b\u043e Selle Italia X1 Y726 \u0421\u0435\u0434\u043b\u043e Selle Italia X1 MTB\/road \u0447\u0435\u0440\u043d\u043e\u0433\u043e \u0446\u0432\u0435\u0442\u0430 Selle Italia \u2014 \u043c\u0438\u0440\u043e\u0432\u043e\u0439 \u043b\u0438\u0434\u0435\u0440 \u043f\u043e \u043f\u0440\u043e\u0438\u0437\u0432\u043e\u0434\u0441\u0442\u0432\u0443 \u0441\u0435\u0434\u0435\u043b. \u0411\u043b\u0430\u0433\u043e\u0434\u0430\u0440\u044f \u0438\u0441\u043f\u043e\u043b\u044c\u0437\u043e\u0432\u0430\u043d\u0438\u044e \u0441\u043e\u0432\u0440\u0435\u043c\u0435\u043d\u043d\u044b\u0445 \u0442\u0435\u0445\u043d\u043e\u043b\u043e\u0433\u0438\u0439 \u043e\u043d\u0438 \u043b\u0435\u0433\u043a\u0438\u0435 \u0438 \u0432 \u0442\u043e \u0436\u0435 \u0432\u0440\u0435\u043c\u044f \u043e\u0447\u0435\u043d\u044c \u043f\u0440\u043e\u0447\u043d\u044b\u0435. \u0422\u0449\u0430\u0442\u0435\u043b\u044c\u043d\u043e \u043f\u0440\u043e\u0432\u0435\u0440\u0435\u043d\u043d\u044b\u0435, \u043e\u043d\u0438 \u0433\u0430\u0440\u0430\u043d\u0442\u0438\u0440\u0443\u044e\u0442 \u0432\u044b\u0441\u043e\u0447\u0430\u0439\u0448\u0435\u0435 \u043a\u0430\u0447\u0435\u0441\u0442\u0432\u043e \u043d\u0430 &hellip; <a href=\"https:\/\/sporta-preces.lv\/ru\/product\/sedlo-selle-italia-x1-y726\/\">Readmore<\/a><\/p>\n","protected":false},"featured_media":11941,"template":"","meta":[],"product_cat":[146],"product_tag":[],"class_list":{"0":"post-11939","1":"product","2":"type-product","3":"status-publish","4":"has-post-thumbnail","6":"product_cat-sidenja","7":"product_shipping_class-s-novusa-un-velo-acc-ru","9":"first","10":"instock","11":"purchasable","12":"product-type-simple"},"yoast_head":"<!-- This site is optimized with the Yoast SEO Premium plugin v27.1 (Yoast SEO v27.2) - https:\/\/yoast.com\/product\/yoast-seo-premium-wordpress\/ -->\n<title>\u0421\u0435\u0434\u043b\u043e Selle Italia X1 Y726 - Sporta-preces<\/title>\n<meta name=\"description\" content=\"12.00EUR \u0412\u0435\u043b\u043e\u0441\u0438\u043f\u0435\u0434\u043d\u043e\u0435 \u0441\u0438\u0434\u0435\u043d\u044c\u0435 Jet Y791, \u043a\u043e\u0440\u0438\u0447\u043d\u0435\u0432\u043e\u0435, \u041a\u043b\u0430\u0441\u0441\u0438\u0447\u0435\u0441\u043a\u043e\u0435 \u0441\u0438\u0434\u0435\u043d\u044c\u0435 \u0441 \u043f\u0440\u0443\u0436\u0438\u043d\u0430\u043c\u0438 \u0432 \u0441\u043e\u0432\u0440\u0435\u043c\u0435\u043d\u043d\u043e\u043c \u0434\u0438\u0437\u0430\u0439\u043d\u0435, \u0420\u0430\u0437\u043c\u0435\u0440 240\u0445195 \u043c\u043c \u0412\u0435\u0441 670\u0433\" \/>\n<meta name=\"robots\" content=\"index, follow, max-snippet:-1, max-image-preview:large, max-video-preview:-1\" \/>\n<link rel=\"canonical\" href=\"https:\/\/sporta-preces.lv\/ru\/product\/sedlo-selle-italia-x1-y726\/\" \/>\n<meta property=\"og:locale\" content=\"ru_RU\" \/>\n<meta property=\"og:type\" content=\"article\" \/>\n<meta property=\"og:title\" content=\"\u0421\u0435\u0434\u043b\u043e Selle Italia X1 Y726\" \/>\n<meta property=\"og:description\" content=\"12.00EUR \u0412\u0435\u043b\u043e\u0441\u0438\u043f\u0435\u0434\u043d\u043e\u0435 \u0441\u0438\u0434\u0435\u043d\u044c\u0435 Jet Y791, \u043a\u043e\u0440\u0438\u0447\u043d\u0435\u0432\u043e\u0435, \u041a\u043b\u0430\u0441\u0441\u0438\u0447\u0435\u0441\u043a\u043e\u0435 \u0441\u0438\u0434\u0435\u043d\u044c\u0435 \u0441 \u043f\u0440\u0443\u0436\u0438\u043d\u0430\u043c\u0438 \u0432 \u0441\u043e\u0432\u0440\u0435\u043c\u0435\u043d\u043d\u043e\u043c \u0434\u0438\u0437\u0430\u0439\u043d\u0435, \u0420\u0430\u0437\u043c\u0435\u0440 240\u0445195 \u043c\u043c \u0412\u0435\u0441 670\u0433\" \/>\n<meta property=\"og:url\" content=\"https:\/\/sporta-preces.lv\/ru\/product\/sedlo-selle-italia-x1-y726\/\" \/>\n<meta property=\"og:site_name\" content=\"Sporta-preces\" \/>\n<meta property=\"article:modified_time\" content=\"2025-04-03T16:45:56+00:00\" \/>\n<meta property=\"og:image\" content=\"https:\/\/sporta-preces.lv\/wp-content\/uploads\/2025\/04\/Y726_1.png\" \/>\n\t<meta property=\"og:image:width\" content=\"853\" \/>\n\t<meta property=\"og:image:height\" content=\"800\" \/>\n\t<meta property=\"og:image:type\" content=\"image\/png\" \/>\n<meta name=\"twitter:card\" content=\"summary_large_image\" \/>\n<meta name=\"twitter:label1\" content=\"\u041f\u0440\u0438\u043c\u0435\u0440\u043d\u043e\u0435 \u0432\u0440\u0435\u043c\u044f \u0434\u043b\u044f \u0447\u0442\u0435\u043d\u0438\u044f\" \/>\n\t<meta name=\"twitter:data1\" content=\"1 \u043c\u0438\u043d\u0443\u0442\u0430\" \/>\n<script type=\"application\/ld+json\" class=\"yoast-schema-graph\">{\"@context\":\"https:\/\/schema.org\",\"@graph\":[{\"@type\":\"WebPage\",\"@id\":\"https:\/\/sporta-preces.lv\/ru\/product\/sedlo-selle-italia-x1-y726\/\",\"url\":\"https:\/\/sporta-preces.lv\/ru\/product\/sedlo-selle-italia-x1-y726\/\",\"name\":\"\u0421\u0435\u0434\u043b\u043e Selle Italia X1 Y726 - Sporta-preces\",\"isPartOf\":{\"@id\":\"https:\/\/sporta-preces.lv\/#website\"},\"primaryImageOfPage\":{\"@id\":\"https:\/\/sporta-preces.lv\/ru\/product\/sedlo-selle-italia-x1-y726\/#primaryimage\"},\"image\":{\"@id\":\"https:\/\/sporta-preces.lv\/ru\/product\/sedlo-selle-italia-x1-y726\/#primaryimage\"},\"thumbnailUrl\":\"https:\/\/sporta-preces.lv\/wp-content\/uploads\/2025\/04\/Y726_1.png\",\"datePublished\":\"2025-04-03T16:42:11+00:00\",\"dateModified\":\"2025-04-03T16:45:56+00:00\",\"description\":\"12.00EUR \u0412\u0435\u043b\u043e\u0441\u0438\u043f\u0435\u0434\u043d\u043e\u0435 \u0441\u0438\u0434\u0435\u043d\u044c\u0435 Jet Y791, \u043a\u043e\u0440\u0438\u0447\u043d\u0435\u0432\u043e\u0435, \u041a\u043b\u0430\u0441\u0441\u0438\u0447\u0435\u0441\u043a\u043e\u0435 \u0441\u0438\u0434\u0435\u043d\u044c\u0435 \u0441 \u043f\u0440\u0443\u0436\u0438\u043d\u0430\u043c\u0438 \u0432 \u0441\u043e\u0432\u0440\u0435\u043c\u0435\u043d\u043d\u043e\u043c \u0434\u0438\u0437\u0430\u0439\u043d\u0435, \u0420\u0430\u0437\u043c\u0435\u0440 240\u0445195 \u043c\u043c \u0412\u0435\u0441 670\u0433\",\"breadcrumb\":{\"@id\":\"https:\/\/sporta-preces.lv\/ru\/product\/sedlo-selle-italia-x1-y726\/#breadcrumb\"},\"inLanguage\":\"ru-RU\",\"potentialAction\":[{\"@type\":\"ReadAction\",\"target\":[\"https:\/\/sporta-preces.lv\/ru\/product\/sedlo-selle-italia-x1-y726\/\"]}]},{\"@type\":\"ImageObject\",\"inLanguage\":\"ru-RU\",\"@id\":\"https:\/\/sporta-preces.lv\/ru\/product\/sedlo-selle-italia-x1-y726\/#primaryimage\",\"url\":\"https:\/\/sporta-preces.lv\/wp-content\/uploads\/2025\/04\/Y726_1.png\",\"contentUrl\":\"https:\/\/sporta-preces.lv\/wp-content\/uploads\/2025\/04\/Y726_1.png\",\"width\":853,\"height\":800},{\"@type\":\"BreadcrumbList\",\"@id\":\"https:\/\/sporta-preces.lv\/ru\/product\/sedlo-selle-italia-x1-y726\/#breadcrumb\",\"itemListElement\":[{\"@type\":\"ListItem\",\"position\":1,\"name\":\"Home\",\"item\":\"https:\/\/sporta-preces.lv\/ru\/\"},{\"@type\":\"ListItem\",\"position\":2,\"name\":\"\u041a\u0430\u0442\u0430\u043b\u043e\u0433\",\"item\":\"https:\/\/sporta-preces.lv\/ru\/katalog\/\"},{\"@type\":\"ListItem\",\"position\":3,\"name\":\"\u0421\u0435\u0434\u043b\u043e Selle Italia X1 Y726\"}]},{\"@type\":\"WebSite\",\"@id\":\"https:\/\/sporta-preces.lv\/#website\",\"url\":\"https:\/\/sporta-preces.lv\/\",\"name\":\"Sporta-preces\",\"description\":\"Kvalitat\u012bvas sporta preces par lab\u0101kaj\u0101m cen\u0101m.\",\"potentialAction\":[{\"@type\":\"SearchAction\",\"target\":{\"@type\":\"EntryPoint\",\"urlTemplate\":\"https:\/\/sporta-preces.lv\/?s={search_term_string}\"},\"query-input\":{\"@type\":\"PropertyValueSpecification\",\"valueRequired\":true,\"valueName\":\"search_term_string\"}}],\"inLanguage\":\"ru-RU\"}]}<\/script>\n<!-- \/ Yoast SEO Premium plugin. -->","yoast_head_json":{"title":"\u0421\u0435\u0434\u043b\u043e Selle Italia X1 Y726 - Sporta-preces","description":"12.00EUR \u0412\u0435\u043b\u043e\u0441\u0438\u043f\u0435\u0434\u043d\u043e\u0435 \u0441\u0438\u0434\u0435\u043d\u044c\u0435 Jet Y791, \u043a\u043e\u0440\u0438\u0447\u043d\u0435\u0432\u043e\u0435, \u041a\u043b\u0430\u0441\u0441\u0438\u0447\u0435\u0441\u043a\u043e\u0435 \u0441\u0438\u0434\u0435\u043d\u044c\u0435 \u0441 \u043f\u0440\u0443\u0436\u0438\u043d\u0430\u043c\u0438 \u0432 \u0441\u043e\u0432\u0440\u0435\u043c\u0435\u043d\u043d\u043e\u043c \u0434\u0438\u0437\u0430\u0439\u043d\u0435, \u0420\u0430\u0437\u043c\u0435\u0440 240\u0445195 \u043c\u043c \u0412\u0435\u0441 670\u0433","robots":{"index":"index","follow":"follow","max-snippet":"max-snippet:-1","max-image-preview":"max-image-preview:large","max-video-preview":"max-video-preview:-1"},"canonical":"https:\/\/sporta-preces.lv\/ru\/product\/sedlo-selle-italia-x1-y726\/","og_locale":"ru_RU","og_type":"article","og_title":"\u0421\u0435\u0434\u043b\u043e Selle Italia X1 Y726","og_description":"12.00EUR \u0412\u0435\u043b\u043e\u0441\u0438\u043f\u0435\u0434\u043d\u043e\u0435 \u0441\u0438\u0434\u0435\u043d\u044c\u0435 Jet Y791, \u043a\u043e\u0440\u0438\u0447\u043d\u0435\u0432\u043e\u0435, \u041a\u043b\u0430\u0441\u0441\u0438\u0447\u0435\u0441\u043a\u043e\u0435 \u0441\u0438\u0434\u0435\u043d\u044c\u0435 \u0441 \u043f\u0440\u0443\u0436\u0438\u043d\u0430\u043c\u0438 \u0432 \u0441\u043e\u0432\u0440\u0435\u043c\u0435\u043d\u043d\u043e\u043c \u0434\u0438\u0437\u0430\u0439\u043d\u0435, \u0420\u0430\u0437\u043c\u0435\u0440 240\u0445195 \u043c\u043c \u0412\u0435\u0441 670\u0433","og_url":"https:\/\/sporta-preces.lv\/ru\/product\/sedlo-selle-italia-x1-y726\/","og_site_name":"Sporta-preces","article_modified_time":"2025-04-03T16:45:56+00:00","og_image":[{"width":853,"height":800,"url":"https:\/\/sporta-preces.lv\/wp-content\/uploads\/2025\/04\/Y726_1.png","type":"image\/png"}],"twitter_card":"summary_large_image","twitter_misc":{"\u041f\u0440\u0438\u043c\u0435\u0440\u043d\u043e\u0435 \u0432\u0440\u0435\u043c\u044f \u0434\u043b\u044f \u0447\u0442\u0435\u043d\u0438\u044f":"1 \u043c\u0438\u043d\u0443\u0442\u0430"},"schema":{"@context":"https:\/\/schema.org","@graph":[{"@type":"WebPage","@id":"https:\/\/sporta-preces.lv\/ru\/product\/sedlo-selle-italia-x1-y726\/","url":"https:\/\/sporta-preces.lv\/ru\/product\/sedlo-selle-italia-x1-y726\/","name":"\u0421\u0435\u0434\u043b\u043e Selle Italia X1 Y726 - Sporta-preces","isPartOf":{"@id":"https:\/\/sporta-preces.lv\/#website"},"primaryImageOfPage":{"@id":"https:\/\/sporta-preces.lv\/ru\/product\/sedlo-selle-italia-x1-y726\/#primaryimage"},"image":{"@id":"https:\/\/sporta-preces.lv\/ru\/product\/sedlo-selle-italia-x1-y726\/#primaryimage"},"thumbnailUrl":"https:\/\/sporta-preces.lv\/wp-content\/uploads\/2025\/04\/Y726_1.png","datePublished":"2025-04-03T16:42:11+00:00","dateModified":"2025-04-03T16:45:56+00:00","description":"12.00EUR \u0412\u0435\u043b\u043e\u0441\u0438\u043f\u0435\u0434\u043d\u043e\u0435 \u0441\u0438\u0434\u0435\u043d\u044c\u0435 Jet Y791, \u043a\u043e\u0440\u0438\u0447\u043d\u0435\u0432\u043e\u0435, \u041a\u043b\u0430\u0441\u0441\u0438\u0447\u0435\u0441\u043a\u043e\u0435 \u0441\u0438\u0434\u0435\u043d\u044c\u0435 \u0441 \u043f\u0440\u0443\u0436\u0438\u043d\u0430\u043c\u0438 \u0432 \u0441\u043e\u0432\u0440\u0435\u043c\u0435\u043d\u043d\u043e\u043c \u0434\u0438\u0437\u0430\u0439\u043d\u0435, \u0420\u0430\u0437\u043c\u0435\u0440 240\u0445195 \u043c\u043c \u0412\u0435\u0441 670\u0433","breadcrumb":{"@id":"https:\/\/sporta-preces.lv\/ru\/product\/sedlo-selle-italia-x1-y726\/#breadcrumb"},"inLanguage":"ru-RU","potentialAction":[{"@type":"ReadAction","target":["https:\/\/sporta-preces.lv\/ru\/product\/sedlo-selle-italia-x1-y726\/"]}]},{"@type":"ImageObject","inLanguage":"ru-RU","@id":"https:\/\/sporta-preces.lv\/ru\/product\/sedlo-selle-italia-x1-y726\/#primaryimage","url":"https:\/\/sporta-preces.lv\/wp-content\/uploads\/2025\/04\/Y726_1.png","contentUrl":"https:\/\/sporta-preces.lv\/wp-content\/uploads\/2025\/04\/Y726_1.png","width":853,"height":800},{"@type":"BreadcrumbList","@id":"https:\/\/sporta-preces.lv\/ru\/product\/sedlo-selle-italia-x1-y726\/#breadcrumb","itemListElement":[{"@type":"ListItem","position":1,"name":"Home","item":"https:\/\/sporta-preces.lv\/ru\/"},{"@type":"ListItem","position":2,"name":"\u041a\u0430\u0442\u0430\u043b\u043e\u0433","item":"https:\/\/sporta-preces.lv\/ru\/katalog\/"},{"@type":"ListItem","position":3,"name":"\u0421\u0435\u0434\u043b\u043e Selle Italia X1 Y726"}]},{"@type":"WebSite","@id":"https:\/\/sporta-preces.lv\/#website","url":"https:\/\/sporta-preces.lv\/","name":"Sporta-preces","description":"Kvalitat\u012bvas sporta preces par lab\u0101kaj\u0101m cen\u0101m.","potentialAction":[{"@type":"SearchAction","target":{"@type":"EntryPoint","urlTemplate":"https:\/\/sporta-preces.lv\/?s={search_term_string}"},"query-input":{"@type":"PropertyValueSpecification","valueRequired":true,"valueName":"search_term_string"}}],"inLanguage":"ru-RU"}]}},"_links":{"self":[{"href":"https:\/\/sporta-preces.lv\/ru\/wp-json\/wp\/v2\/product\/11939","targetHints":{"allow":["GET"]}}],"collection":[{"href":"https:\/\/sporta-preces.lv\/ru\/wp-json\/wp\/v2\/product"}],"about":[{"href":"https:\/\/sporta-preces.lv\/ru\/wp-json\/wp\/v2\/types\/product"}],"wp:featuredmedia":[{"embeddable":true,"href":"https:\/\/sporta-preces.lv\/ru\/wp-json\/wp\/v2\/media\/11941"}],"wp:attachment":[{"href":"https:\/\/sporta-preces.lv\/ru\/wp-json\/wp\/v2\/media?parent=11939"}],"wp:term":[{"taxonomy":"product_cat","embeddable":true,"href":"https:\/\/sporta-preces.lv\/ru\/wp-json\/wp\/v2\/product_cat?post=11939"},{"taxonomy":"product_tag","embeddable":true,"href":"https:\/\/sporta-preces.lv\/ru\/wp-json\/wp\/v2\/product_tag?post=11939"}],"curies":[{"name":"wp","href":"https:\/\/api.w.org\/{rel}","templated":true}]}}