{"id":11848,"date":"2025-04-03T16:51:25","date_gmt":"2025-04-03T14:51:25","guid":{"rendered":"https:\/\/sporta-preces.lv\/?post_type=product&#038;p=11848"},"modified":"2025-04-03T16:53:37","modified_gmt":"2025-04-03T14:53:37","slug":"v-brake-komplekt-t210d-perednie-zadnie-y996","status":"publish","type":"product","link":"https:\/\/sporta-preces.lv\/ru\/product\/v-brake-komplekt-t210d-perednie-zadnie-y996\/","title":{"rendered":"V-Brake \u043a\u043e\u043c\u043f\u043b\u0435\u043a\u0442 T210D \u043f\u0435\u0440\u0435\u0434\u043d\u0438\u0435 + \u0437\u0430\u0434\u043d\u0438\u0435 Y996"},"content":{"rendered":"<p>V-Brake \u043a\u043e\u043c\u043f\u043b\u0435\u043a\u0442 T210D \u043f\u0435\u0440\u0435\u0434\u043d\u0438\u0435 + \u0437\u0430\u0434\u043d\u0438\u0435 Y996<\/p>\n","protected":false},"excerpt":{"rendered":"<p>V-Brake \u043a\u043e\u043c\u043f\u043b\u0435\u043a\u0442 T210D \u043f\u0435\u0440\u0435\u0434\u043d\u0438\u0435 + \u0437\u0430\u0434\u043d\u0438\u0435 Y996<\/p>\n","protected":false},"featured_media":11850,"template":"","meta":[],"product_cat":[142],"product_tag":[],"class_list":{"0":"post-11848","1":"product","2":"type-product","3":"status-publish","4":"has-post-thumbnail","6":"product_cat-tormoza-dlja-velosipedov","7":"product_shipping_class-s-novusa-un-velo-acc-ru","9":"first","10":"instock","11":"purchasable","12":"product-type-simple"},"yoast_head":"<!-- This site is optimized with the Yoast SEO Premium plugin v27.1 (Yoast SEO v27.2) - https:\/\/yoast.com\/product\/yoast-seo-premium-wordpress\/ -->\n<title>V-Brake \u043a\u043e\u043c\u043f\u043b\u0435\u043a\u0442 T210D \u043f\u0435\u0440\u0435\u0434\u043d\u0438\u0435 + \u0437\u0430\u0434\u043d\u0438\u0435 Y996 - Sporta-preces<\/title>\n<meta name=\"robots\" content=\"index, follow, max-snippet:-1, max-image-preview:large, max-video-preview:-1\" \/>\n<link rel=\"canonical\" href=\"https:\/\/sporta-preces.lv\/ru\/product\/v-brake-komplekt-t210d-perednie-zadnie-y996\/\" \/>\n<meta property=\"og:locale\" content=\"ru_RU\" \/>\n<meta property=\"og:type\" content=\"article\" \/>\n<meta property=\"og:title\" content=\"V-Brake \u043a\u043e\u043c\u043f\u043b\u0435\u043a\u0442 T210D \u043f\u0435\u0440\u0435\u0434\u043d\u0438\u0435 + \u0437\u0430\u0434\u043d\u0438\u0435 Y996\" \/>\n<meta property=\"og:description\" content=\"V-Brake \u043a\u043e\u043c\u043f\u043b\u0435\u043a\u0442 T210D \u043f\u0435\u0440\u0435\u0434\u043d\u0438\u0435 + \u0437\u0430\u0434\u043d\u0438\u0435 Y996\" \/>\n<meta property=\"og:url\" content=\"https:\/\/sporta-preces.lv\/ru\/product\/v-brake-komplekt-t210d-perednie-zadnie-y996\/\" \/>\n<meta property=\"og:site_name\" content=\"Sporta-preces\" \/>\n<meta property=\"article:modified_time\" content=\"2025-04-03T14:53:37+00:00\" \/>\n<meta property=\"og:image\" content=\"https:\/\/sporta-preces.lv\/wp-content\/uploads\/2025\/04\/V-brake.jpg\" \/>\n\t<meta property=\"og:image:width\" content=\"324\" \/>\n\t<meta property=\"og:image:height\" content=\"459\" \/>\n\t<meta property=\"og:image:type\" content=\"image\/jpeg\" \/>\n<meta name=\"twitter:card\" content=\"summary_large_image\" \/>\n<meta name=\"twitter:label1\" content=\"\u041f\u0440\u0438\u043c\u0435\u0440\u043d\u043e\u0435 \u0432\u0440\u0435\u043c\u044f \u0434\u043b\u044f \u0447\u0442\u0435\u043d\u0438\u044f\" \/>\n\t<meta name=\"twitter:data1\" content=\"1 \u043c\u0438\u043d\u0443\u0442\u0430\" \/>\n<script type=\"application\/ld+json\" class=\"yoast-schema-graph\">{\"@context\":\"https:\/\/schema.org\",\"@graph\":[{\"@type\":\"WebPage\",\"@id\":\"https:\/\/sporta-preces.lv\/ru\/product\/v-brake-komplekt-t210d-perednie-zadnie-y996\/\",\"url\":\"https:\/\/sporta-preces.lv\/ru\/product\/v-brake-komplekt-t210d-perednie-zadnie-y996\/\",\"name\":\"V-Brake \u043a\u043e\u043c\u043f\u043b\u0435\u043a\u0442 T210D \u043f\u0435\u0440\u0435\u0434\u043d\u0438\u0435 + \u0437\u0430\u0434\u043d\u0438\u0435 Y996 - Sporta-preces\",\"isPartOf\":{\"@id\":\"https:\/\/sporta-preces.lv\/#website\"},\"primaryImageOfPage\":{\"@id\":\"https:\/\/sporta-preces.lv\/ru\/product\/v-brake-komplekt-t210d-perednie-zadnie-y996\/#primaryimage\"},\"image\":{\"@id\":\"https:\/\/sporta-preces.lv\/ru\/product\/v-brake-komplekt-t210d-perednie-zadnie-y996\/#primaryimage\"},\"thumbnailUrl\":\"https:\/\/sporta-preces.lv\/wp-content\/uploads\/2025\/04\/V-brake.jpg\",\"datePublished\":\"2025-04-03T14:51:25+00:00\",\"dateModified\":\"2025-04-03T14:53:37+00:00\",\"breadcrumb\":{\"@id\":\"https:\/\/sporta-preces.lv\/ru\/product\/v-brake-komplekt-t210d-perednie-zadnie-y996\/#breadcrumb\"},\"inLanguage\":\"ru-RU\",\"potentialAction\":[{\"@type\":\"ReadAction\",\"target\":[\"https:\/\/sporta-preces.lv\/ru\/product\/v-brake-komplekt-t210d-perednie-zadnie-y996\/\"]}]},{\"@type\":\"ImageObject\",\"inLanguage\":\"ru-RU\",\"@id\":\"https:\/\/sporta-preces.lv\/ru\/product\/v-brake-komplekt-t210d-perednie-zadnie-y996\/#primaryimage\",\"url\":\"https:\/\/sporta-preces.lv\/wp-content\/uploads\/2025\/04\/V-brake.jpg\",\"contentUrl\":\"https:\/\/sporta-preces.lv\/wp-content\/uploads\/2025\/04\/V-brake.jpg\",\"width\":324,\"height\":459},{\"@type\":\"BreadcrumbList\",\"@id\":\"https:\/\/sporta-preces.lv\/ru\/product\/v-brake-komplekt-t210d-perednie-zadnie-y996\/#breadcrumb\",\"itemListElement\":[{\"@type\":\"ListItem\",\"position\":1,\"name\":\"Home\",\"item\":\"https:\/\/sporta-preces.lv\/ru\/\"},{\"@type\":\"ListItem\",\"position\":2,\"name\":\"\u041a\u0430\u0442\u0430\u043b\u043e\u0433\",\"item\":\"https:\/\/sporta-preces.lv\/ru\/katalog\/\"},{\"@type\":\"ListItem\",\"position\":3,\"name\":\"V-Brake \u043a\u043e\u043c\u043f\u043b\u0435\u043a\u0442 T210D \u043f\u0435\u0440\u0435\u0434\u043d\u0438\u0435 + \u0437\u0430\u0434\u043d\u0438\u0435 Y996\"}]},{\"@type\":\"WebSite\",\"@id\":\"https:\/\/sporta-preces.lv\/#website\",\"url\":\"https:\/\/sporta-preces.lv\/\",\"name\":\"Sporta-preces\",\"description\":\"Kvalitat\u012bvas sporta preces par lab\u0101kaj\u0101m cen\u0101m.\",\"potentialAction\":[{\"@type\":\"SearchAction\",\"target\":{\"@type\":\"EntryPoint\",\"urlTemplate\":\"https:\/\/sporta-preces.lv\/?s={search_term_string}\"},\"query-input\":{\"@type\":\"PropertyValueSpecification\",\"valueRequired\":true,\"valueName\":\"search_term_string\"}}],\"inLanguage\":\"ru-RU\"}]}<\/script>\n<!-- \/ Yoast SEO Premium plugin. -->","yoast_head_json":{"title":"V-Brake \u043a\u043e\u043c\u043f\u043b\u0435\u043a\u0442 T210D \u043f\u0435\u0440\u0435\u0434\u043d\u0438\u0435 + \u0437\u0430\u0434\u043d\u0438\u0435 Y996 - Sporta-preces","robots":{"index":"index","follow":"follow","max-snippet":"max-snippet:-1","max-image-preview":"max-image-preview:large","max-video-preview":"max-video-preview:-1"},"canonical":"https:\/\/sporta-preces.lv\/ru\/product\/v-brake-komplekt-t210d-perednie-zadnie-y996\/","og_locale":"ru_RU","og_type":"article","og_title":"V-Brake \u043a\u043e\u043c\u043f\u043b\u0435\u043a\u0442 T210D \u043f\u0435\u0440\u0435\u0434\u043d\u0438\u0435 + \u0437\u0430\u0434\u043d\u0438\u0435 Y996","og_description":"V-Brake \u043a\u043e\u043c\u043f\u043b\u0435\u043a\u0442 T210D \u043f\u0435\u0440\u0435\u0434\u043d\u0438\u0435 + \u0437\u0430\u0434\u043d\u0438\u0435 Y996","og_url":"https:\/\/sporta-preces.lv\/ru\/product\/v-brake-komplekt-t210d-perednie-zadnie-y996\/","og_site_name":"Sporta-preces","article_modified_time":"2025-04-03T14:53:37+00:00","og_image":[{"width":324,"height":459,"url":"https:\/\/sporta-preces.lv\/wp-content\/uploads\/2025\/04\/V-brake.jpg","type":"image\/jpeg"}],"twitter_card":"summary_large_image","twitter_misc":{"\u041f\u0440\u0438\u043c\u0435\u0440\u043d\u043e\u0435 \u0432\u0440\u0435\u043c\u044f \u0434\u043b\u044f \u0447\u0442\u0435\u043d\u0438\u044f":"1 \u043c\u0438\u043d\u0443\u0442\u0430"},"schema":{"@context":"https:\/\/schema.org","@graph":[{"@type":"WebPage","@id":"https:\/\/sporta-preces.lv\/ru\/product\/v-brake-komplekt-t210d-perednie-zadnie-y996\/","url":"https:\/\/sporta-preces.lv\/ru\/product\/v-brake-komplekt-t210d-perednie-zadnie-y996\/","name":"V-Brake \u043a\u043e\u043c\u043f\u043b\u0435\u043a\u0442 T210D \u043f\u0435\u0440\u0435\u0434\u043d\u0438\u0435 + \u0437\u0430\u0434\u043d\u0438\u0435 Y996 - Sporta-preces","isPartOf":{"@id":"https:\/\/sporta-preces.lv\/#website"},"primaryImageOfPage":{"@id":"https:\/\/sporta-preces.lv\/ru\/product\/v-brake-komplekt-t210d-perednie-zadnie-y996\/#primaryimage"},"image":{"@id":"https:\/\/sporta-preces.lv\/ru\/product\/v-brake-komplekt-t210d-perednie-zadnie-y996\/#primaryimage"},"thumbnailUrl":"https:\/\/sporta-preces.lv\/wp-content\/uploads\/2025\/04\/V-brake.jpg","datePublished":"2025-04-03T14:51:25+00:00","dateModified":"2025-04-03T14:53:37+00:00","breadcrumb":{"@id":"https:\/\/sporta-preces.lv\/ru\/product\/v-brake-komplekt-t210d-perednie-zadnie-y996\/#breadcrumb"},"inLanguage":"ru-RU","potentialAction":[{"@type":"ReadAction","target":["https:\/\/sporta-preces.lv\/ru\/product\/v-brake-komplekt-t210d-perednie-zadnie-y996\/"]}]},{"@type":"ImageObject","inLanguage":"ru-RU","@id":"https:\/\/sporta-preces.lv\/ru\/product\/v-brake-komplekt-t210d-perednie-zadnie-y996\/#primaryimage","url":"https:\/\/sporta-preces.lv\/wp-content\/uploads\/2025\/04\/V-brake.jpg","contentUrl":"https:\/\/sporta-preces.lv\/wp-content\/uploads\/2025\/04\/V-brake.jpg","width":324,"height":459},{"@type":"BreadcrumbList","@id":"https:\/\/sporta-preces.lv\/ru\/product\/v-brake-komplekt-t210d-perednie-zadnie-y996\/#breadcrumb","itemListElement":[{"@type":"ListItem","position":1,"name":"Home","item":"https:\/\/sporta-preces.lv\/ru\/"},{"@type":"ListItem","position":2,"name":"\u041a\u0430\u0442\u0430\u043b\u043e\u0433","item":"https:\/\/sporta-preces.lv\/ru\/katalog\/"},{"@type":"ListItem","position":3,"name":"V-Brake \u043a\u043e\u043c\u043f\u043b\u0435\u043a\u0442 T210D \u043f\u0435\u0440\u0435\u0434\u043d\u0438\u0435 + \u0437\u0430\u0434\u043d\u0438\u0435 Y996"}]},{"@type":"WebSite","@id":"https:\/\/sporta-preces.lv\/#website","url":"https:\/\/sporta-preces.lv\/","name":"Sporta-preces","description":"Kvalitat\u012bvas sporta preces par lab\u0101kaj\u0101m cen\u0101m.","potentialAction":[{"@type":"SearchAction","target":{"@type":"EntryPoint","urlTemplate":"https:\/\/sporta-preces.lv\/?s={search_term_string}"},"query-input":{"@type":"PropertyValueSpecification","valueRequired":true,"valueName":"search_term_string"}}],"inLanguage":"ru-RU"}]}},"_links":{"self":[{"href":"https:\/\/sporta-preces.lv\/ru\/wp-json\/wp\/v2\/product\/11848","targetHints":{"allow":["GET"]}}],"collection":[{"href":"https:\/\/sporta-preces.lv\/ru\/wp-json\/wp\/v2\/product"}],"about":[{"href":"https:\/\/sporta-preces.lv\/ru\/wp-json\/wp\/v2\/types\/product"}],"wp:featuredmedia":[{"embeddable":true,"href":"https:\/\/sporta-preces.lv\/ru\/wp-json\/wp\/v2\/media\/11850"}],"wp:attachment":[{"href":"https:\/\/sporta-preces.lv\/ru\/wp-json\/wp\/v2\/media?parent=11848"}],"wp:term":[{"taxonomy":"product_cat","embeddable":true,"href":"https:\/\/sporta-preces.lv\/ru\/wp-json\/wp\/v2\/product_cat?post=11848"},{"taxonomy":"product_tag","embeddable":true,"href":"https:\/\/sporta-preces.lv\/ru\/wp-json\/wp\/v2\/product_tag?post=11848"}],"curies":[{"name":"wp","href":"https:\/\/api.w.org\/{rel}","templated":true}]}}