{"id":10997,"date":"2025-02-15T20:24:15","date_gmt":"2025-02-15T18:24:15","guid":{"rendered":"https:\/\/sporta-preces.lv\/?post_type=product&#038;p=10997"},"modified":"2025-02-15T21:20:43","modified_gmt":"2025-02-15T19:20:43","slug":"pezal-pgg8000e-e3-7-5kw","status":"publish","type":"product","link":"https:\/\/sporta-preces.lv\/ru\/product\/pezal-pgg8000e-e3-7-5kw\/","title":{"rendered":"Pezal PGG8000E-E3 7.5KW"},"content":{"rendered":"<p>\u0411\u0435\u043d\u0437\u0438\u043d\u043e\u0432\u044b\u0439 \u0433\u0435\u043d\u0435\u0440\u0430\u0442\u043e\u0440 \u0434\u043b\u044f \u043f\u0440\u043e\u0438\u0437\u0432\u043e\u0434\u0441\u0442\u0432\u0430 \u044d\u043b\u0435\u043a\u0442\u0440\u043e\u044d\u043d\u0435\u0440\u0433\u0438\u0438 Pezal PGG8000E-E3 7.5KW<br \/>\n\u041c\u0435\u0434\u043d\u0430\u044f \u043e\u0431\u043c\u043e\u0442\u043a\u0430, \u0438\u043d\u0432\u0435\u0440\u0442\u043e\u0440\u043d\u044b\u0439 AVR \u0433\u0435\u043d\u0435\u0440\u0430\u0442\u043e\u0440, \u0433\u0435\u043d\u0435\u0440\u0430\u0442\u043e\u0440 \u0434\u043b\u044f \u0434\u043e\u043c\u0430, \u043e\u0442\u0434\u044b\u0445\u0430, \u0444\u0435\u0440\u043c\u044b.<\/p>\n<p>\u0414\u0432\u0438\u0433\u0430\u0442\u0435\u043b\u044c:<br \/>\nPG420 \u043e\u0434\u043d\u043e\u0446\u0438\u043b\u0438\u043d\u0434\u0440\u043e\u0432\u044b\u0439, 4-\u0442\u0430\u043a\u0442\u043d\u044b\u0439 (OHV), \u0441 \u0432\u043e\u0437\u0434\u0443\u0448\u043d\u044b\u043c \u043e\u0445\u043b\u0430\u0436\u0434\u0435\u043d\u0438\u0435\u043c<br \/>\n\u041c\u043e\u0449\u043d\u043e\u0441\u0442\u044c \u0434\u0432\u0438\u0433\u0430\u0442\u0435\u043b\u044f 15 \u043b.\u0441., 11,18 \u043a\u0412\u0442<br \/>\n\u041e\u0431\u044a\u0435\u043c \u0434\u0432\u0438\u0433\u0430\u0442\u0435\u043b\u044f 420 \u043a\u0443\u0431.\u0441\u043c<br \/>\n\u0421\u043a\u043e\u0440\u043e\u0441\u0442\u044c 3000\u043e\u0431\/\u043c\u0438\u043d<br \/>\n\u0415\u043c\u043a\u043e\u0441\u0442\u044c \u043c\u0430\u0441\u043b\u0430 1.1\u043b<br \/>\n\u0415\u043c\u043a\u043e\u0441\u0442\u044c \u0442\u043e\u043f\u043b\u0438\u0432\u043d\u043e\u0433\u043e \u0431\u0430\u043a\u0430 25 \u043b<br \/>\n\u0422\u043e\u043f\u043b\u0438\u0432\u043e: 95<br \/>\n\u0420\u0430\u0441\u0445\u043e\u0434 \u0442\u043e\u043f\u043b\u0438\u0432\u0430: \u043c\u0438\u043d 1,2\u043b\/\u0447; \u043c\u0430\u043a\u0441 3,0\u043b\/\u0447<br \/>\n\u0421\u0438\u0441\u0442\u0435\u043c\u0430 \u043e\u043f\u043e\u0432\u0435\u0449\u0435\u043d\u0438\u044f \u043e\u0431 \u0443\u0440\u043e\u0432\u043d\u0435 \u043c\u0430\u0441\u043b\u0430<br \/>\n\u0423\u043a\u0430\u0437\u0430\u0442\u0435\u043b\u044c \u0443\u0440\u043e\u0432\u043d\u044f \u0442\u043e\u043f\u043b\u0438\u0432\u0430<\/p>\n<p>\u0413\u0435\u043d\u0435\u0440\u0430\u0442\u043e\u0440 \u044d\u043b\u0435\u043a\u0442\u0440\u043e\u044d\u043d\u0435\u0440\u0433\u0438\u0438:<br \/>\n\u0413\u0435\u043d\u0435\u0440\u0430\u0442\u043e\u0440 \u0441 \u043c\u0435\u0434\u043d\u043e\u0439 \u043e\u0431\u043c\u043e\u0442\u043a\u043e\u0439<br \/>\n\u041c\u0430\u043a\u0441\u0438\u043c\u0430\u043b\u044c\u043d\u0430\u044f \u0432\u044b\u0445\u043e\u0434\u043d\u0430\u044f \u043c\u043e\u0449\u043d\u043e\u0441\u0442\u044c 6,6 \u043a\u0412\u0442 (400 \u0412) \/ 7,5 \u043a\u0412\u0442 (230 \u0412)<br \/>\n\u041d\u043e\u043c\u0438\u043d\u0430\u043b\u044c\u043d\u0430\u044f \u0432\u044b\u0445\u043e\u0434\u043d\u0430\u044f \u043c\u043e\u0449\u043d\u043e\u0441\u0442\u044c 6,0 \u043a\u0412\u0442 (400 \u0412) \/ 6,00 \u043a\u0412\u0442 (230 \u0412)<br \/>\n\u041d\u0430\u043f\u0440\u044f\u0436\u0435\u043d\u0438\u0435 400\u0412\/230\u0412\/12\u0412<br \/>\n\u0422\u043e\u043a 10,8\u0410 (400\u0412) \/ 26,0\u0410 (230\u0412) \/ 8,3\u0410 (12\u0412)<br \/>\n\u041a\u043e\u044d\u0444\u0444\u0438\u0446\u0438\u0435\u043d\u0442 \u043c\u043e\u0449\u043d\u043e\u0441\u0442\u0438: 0,8 (400 \u0412) \/ 1,0 (230 \u0412)<br \/>\n\u041e\u0434\u043d\u0430 \u0440\u043e\u0437\u0435\u0442\u043a\u0430 \u043f\u0435\u0440\u0435\u043c\u0435\u043d\u043d\u043e\u0433\u043e \u0442\u043e\u043a\u0430 400 \u0412<br \/>\n\u041e\u0434\u043d\u0430 \u0440\u043e\u0437\u0435\u0442\u043a\u0430 230 \u0412 \u043f\u0435\u0440\u0435\u043c\u0435\u043d\u043d\u043e\u0433\u043e \u0442\u043e\u043a\u0430<br \/>\n\u041e\u0434\u043d\u0430 \u0440\u043e\u0437\u0435\u0442\u043a\u0430 12 \u0412 \u043f\u043e\u0441\u0442\u043e\u044f\u043d\u043d\u043e\u0433\u043e \u0442\u043e\u043a\u0430<br \/>\n\u0421\u0442\u0430\u0431\u0438\u043b\u0438\u0437\u0430\u0442\u043e\u0440 \u043d\u0430\u043f\u0440\u044f\u0436\u0435\u043d\u0438\u044f AVR<br \/>\n\u0427\u0430\u0441\u0442\u043e\u0442\u0430 50\u0413\u0446<\/p>\n<p>\u0420\u0443\u0447\u043d\u043e\u0439 \u0437\u0430\u043f\u0443\u0441\u043a<br \/>\n\u041a\u043b\u0430\u0441\u0441 \u0437\u0430\u0449\u0438\u0442\u044b IP21<br \/>\n\u0423\u0440\u043e\u0432\u0435\u043d\u044c \u0437\u0432\u0443\u043a\u0430 [\u0434\u0411(\u0410)]: 95<br \/>\n\u0420\u0430\u0437\u043c\u0435\u0440\u044b 620x490x510\u043c\u043c<br \/>\n\u0412\u0435\u0441 89 \u043a\u0433.<\/p>\n<p>\u0421\u0442\u0430\u0431\u0438\u043b\u0438\u0437\u0430\u0442\u043e\u0440 \u043d\u0430\u043f\u0440\u044f\u0436\u0435\u043d\u0438\u044f AVR:<br \/>\n\u0415\u0433\u043e \u043e\u0441\u043d\u043e\u0432\u043d\u0430\u044f \u0437\u0430\u0434\u0430\u0447\u0430 \u2014 \u0441\u0442\u0430\u0431\u0438\u043b\u0438\u0437\u0430\u0446\u0438\u044f \u0432\u044b\u0445\u043e\u0434\u043d\u043e\u0433\u043e \u043d\u0430\u043f\u0440\u044f\u0436\u0435\u043d\u0438\u044f.<br \/>\n\u0410\u0420\u041d \u0441\u043d\u0438\u0436\u0430\u0435\u0442 \u043a\u043e\u043b\u0435\u0431\u0430\u043d\u0438\u044f \u043d\u0430\u043f\u0440\u044f\u0436\u0435\u043d\u0438\u044f, \u043e\u0431\u0435\u0441\u043f\u0435\u0447\u0438\u0432\u0430\u044f \u0431\u0435\u0437\u043e\u043f\u0430\u0441\u043d\u043e\u0435 \u0438\u0441\u043f\u043e\u043b\u044c\u0437\u043e\u0432\u0430\u043d\u0438\u0435 \u044d\u043b\u0435\u043a\u0442\u0440\u043e\u043f\u0440\u0438\u0431\u043e\u0440\u043e\u0432.<br \/>\nAVR \u0437\u043d\u0430\u0447\u0438\u0442\u0435\u043b\u044c\u043d\u043e \u0441\u043d\u0438\u0436\u0430\u0435\u0442 \u0440\u0438\u0441\u043a \u043f\u043e\u0432\u0440\u0435\u0436\u0434\u0435\u043d\u0438\u044f \u0447\u0443\u0432\u0441\u0442\u0432\u0438\u0442\u0435\u043b\u044c\u043d\u043e\u0439 \u044d\u043b\u0435\u043a\u0442\u0440\u043e\u043d\u0438\u043a\u0438.<br \/>\n\u0412\u044b\u0441\u043e\u043a\u043e\u043f\u0440\u043e\u0438\u0437\u0432\u043e\u0434\u0438\u0442\u0435\u043b\u044c\u043d\u044b\u0435 \u0410\u0420\u041d \u043f\u043e\u0437\u0432\u043e\u043b\u044f\u044e\u0442 \u0441\u0433\u043b\u0430\u0436\u0438\u0432\u0430\u0442\u044c \u0441\u0438\u043d\u0443\u0441\u043e\u0438\u0434\u0443 \u0434\u043e \u0443\u0440\u043e\u0432\u043d\u044f 1%-5%, \u0441\u0442\u0430\u043d\u0434\u0430\u0440\u0442 \u0434\u043b\u044f \u044d\u043b\u0435\u043a\u0442\u0440\u043e\u0441\u0435\u0442\u0438 \u0441\u043e\u0441\u0442\u0430\u0432\u043b\u044f\u0435\u0442 5%-10%, \u0447\u0442\u043e \u0441\u0443\u0449\u0435\u0441\u0442\u0432\u0435\u043d\u043d\u043e \u043f\u043e\u0432\u044b\u0448\u0430\u0435\u0442 \u0431\u0435\u0437\u043e\u043f\u0430\u0441\u043d\u043e\u0441\u0442\u044c \u0443\u0441\u0442\u0440\u043e\u0439\u0441\u0442\u0432.<\/p>\n<p><img fetchpriority=\"high\" decoding=\"async\" class=\"alignnone size-medium wp-image-10998\" src=\"https:\/\/sporta-preces.lv\/wp-content\/uploads\/2025\/02\/1-9-300x212.jpg\" alt=\"\" width=\"300\" height=\"212\" srcset=\"https:\/\/sporta-preces.lv\/wp-content\/uploads\/2025\/02\/1-9-300x212.jpg 300w, https:\/\/sporta-preces.lv\/wp-content\/uploads\/2025\/02\/1-9-1024x724.jpg 1024w, https:\/\/sporta-preces.lv\/wp-content\/uploads\/2025\/02\/1-9-768x543.jpg 768w, https:\/\/sporta-preces.lv\/wp-content\/uploads\/2025\/02\/1-9-1536x1086.jpg 1536w, https:\/\/sporta-preces.lv\/wp-content\/uploads\/2025\/02\/1-9-600x424.jpg 600w, https:\/\/sporta-preces.lv\/wp-content\/uploads\/2025\/02\/1-9.jpg 2000w\" sizes=\"(max-width: 300px) 100vw, 300px\" \/><img decoding=\"async\" class=\"alignnone size-medium wp-image-11000\" src=\"https:\/\/sporta-preces.lv\/wp-content\/uploads\/2025\/02\/2-9-300x225.jpg\" alt=\"\" width=\"300\" height=\"225\" srcset=\"https:\/\/sporta-preces.lv\/wp-content\/uploads\/2025\/02\/2-9-300x225.jpg 300w, https:\/\/sporta-preces.lv\/wp-content\/uploads\/2025\/02\/2-9-768x576.jpg 768w, https:\/\/sporta-preces.lv\/wp-content\/uploads\/2025\/02\/2-9-600x450.jpg 600w, https:\/\/sporta-preces.lv\/wp-content\/uploads\/2025\/02\/2-9.jpg 1024w\" sizes=\"(max-width: 300px) 100vw, 300px\" \/><\/p>\n","protected":false},"excerpt":{"rendered":"<p>\u0411\u0435\u043d\u0437\u0438\u043d\u043e\u0432\u044b\u0439 \u0433\u0435\u043d\u0435\u0440\u0430\u0442\u043e\u0440 \u0434\u043b\u044f \u043f\u0440\u043e\u0438\u0437\u0432\u043e\u0434\u0441\u0442\u0432\u0430 \u044d\u043b\u0435\u043a\u0442\u0440\u043e\u044d\u043d\u0435\u0440\u0433\u0438\u0438 Pezal PGG8000E-E3 7.5KW \u041c\u0435\u0434\u043d\u0430\u044f \u043e\u0431\u043c\u043e\u0442\u043a\u0430, \u0438\u043d\u0432\u0435\u0440\u0442\u043e\u0440\u043d\u044b\u0439 AVR \u0433\u0435\u043d\u0435\u0440\u0430\u0442\u043e\u0440, \u0433\u0435\u043d\u0435\u0440\u0430\u0442\u043e\u0440 \u0434\u043b\u044f \u0434\u043e\u043c\u0430, \u043e\u0442\u0434\u044b\u0445\u0430, \u0444\u0435\u0440\u043c\u044b. \u0414\u0432\u0438\u0433\u0430\u0442\u0435\u043b\u044c: PG420 \u043e\u0434\u043d\u043e\u0446\u0438\u043b\u0438\u043d\u0434\u0440\u043e\u0432\u044b\u0439, 4-\u0442\u0430\u043a\u0442\u043d\u044b\u0439 (OHV), \u0441 \u0432\u043e\u0437\u0434\u0443\u0448\u043d\u044b\u043c \u043e\u0445\u043b\u0430\u0436\u0434\u0435\u043d\u0438\u0435\u043c \u041c\u043e\u0449\u043d\u043e\u0441\u0442\u044c \u0434\u0432\u0438\u0433\u0430\u0442\u0435\u043b\u044f 15 \u043b.\u0441., 11,18 \u043a\u0412\u0442 \u041e\u0431\u044a\u0435\u043c \u0434\u0432\u0438\u0433\u0430\u0442\u0435\u043b\u044f 420 \u043a\u0443\u0431.\u0441\u043c \u0421\u043a\u043e\u0440\u043e\u0441\u0442\u044c 3000\u043e\u0431\/\u043c\u0438\u043d \u0415\u043c\u043a\u043e\u0441\u0442\u044c \u043c\u0430\u0441\u043b\u0430 &hellip; <a href=\"https:\/\/sporta-preces.lv\/ru\/product\/pezal-pgg8000e-e3-7-5kw\/\">Readmore<\/a><\/p>\n","protected":false},"featured_media":10999,"template":"","meta":[],"product_cat":[173],"product_tag":[],"class_list":{"0":"post-10997","1":"product","2":"type-product","3":"status-publish","4":"has-post-thumbnail","6":"product_cat-turizm","8":"first","9":"onbackorder","10":"purchasable","11":"product-type-simple"},"yoast_head":"<!-- This site is optimized with the Yoast SEO Premium plugin v27.1 (Yoast SEO v27.2) - https:\/\/yoast.com\/product\/yoast-seo-premium-wordpress\/ -->\n<title>Pezal PGG8000E-E3 7.5KW - Sporta-preces<\/title>\n<meta name=\"description\" content=\"830EUR, \u0421\u0442\u0430\u0431\u0438\u043b\u0438\u0437\u0430\u0442\u043e\u0440 \u043d\u0430\u043f\u0440\u044f\u0436\u0435\u043d\u0438\u044f AVR, 7.5\u043a\u0412\u0442, 400B\/220\u0412\/12B \u044d\u043b\u0435\u043a\u0442\u0440\u043e\u0433\u0435\u043d\u0435\u0440\u0430\u0442\u043e\u0440, \u0434\u043b\u044f \u0442\u0443\u0440\u0438\u0437\u043c\u0430, \u0434\u043e\u043c\u0430, \u043f\u0435\u0440\u0435\u0431\u043e\u0435\u0432 \u0432 \u043f\u043e\u0434\u0430\u0447\u0435 \u044d\u043b\u0435\u043a\u0442\u0440\u043e\u044d\u043d\u0435\u0440\u0433\u0438\u0438, 4-\u0445 \u0442\u0430\u043a\u0442\u043d\u044b\u0439 \u0434\u0432\u0438\u0433\u0430\u0442\u0435\u043b\u044c OHV\" \/>\n<meta name=\"robots\" content=\"index, follow, max-snippet:-1, max-image-preview:large, max-video-preview:-1\" \/>\n<link rel=\"canonical\" href=\"https:\/\/sporta-preces.lv\/ru\/product\/pezal-pgg8000e-e3-7-5kw\/\" \/>\n<meta property=\"og:locale\" content=\"ru_RU\" \/>\n<meta property=\"og:type\" content=\"article\" \/>\n<meta property=\"og:title\" content=\"Pezal PGG8000E-E3 7.5KW\" \/>\n<meta property=\"og:description\" content=\"830EUR, \u0421\u0442\u0430\u0431\u0438\u043b\u0438\u0437\u0430\u0442\u043e\u0440 \u043d\u0430\u043f\u0440\u044f\u0436\u0435\u043d\u0438\u044f AVR, 7.5\u043a\u0412\u0442, 400B\/220\u0412\/12B \u044d\u043b\u0435\u043a\u0442\u0440\u043e\u0433\u0435\u043d\u0435\u0440\u0430\u0442\u043e\u0440, \u0434\u043b\u044f \u0442\u0443\u0440\u0438\u0437\u043c\u0430, \u0434\u043e\u043c\u0430, \u043f\u0435\u0440\u0435\u0431\u043e\u0435\u0432 \u0432 \u043f\u043e\u0434\u0430\u0447\u0435 \u044d\u043b\u0435\u043a\u0442\u0440\u043e\u044d\u043d\u0435\u0440\u0433\u0438\u0438, 4-\u0445 \u0442\u0430\u043a\u0442\u043d\u044b\u0439 \u0434\u0432\u0438\u0433\u0430\u0442\u0435\u043b\u044c OHV\" \/>\n<meta property=\"og:url\" content=\"https:\/\/sporta-preces.lv\/ru\/product\/pezal-pgg8000e-e3-7-5kw\/\" \/>\n<meta property=\"og:site_name\" content=\"Sporta-preces\" \/>\n<meta property=\"article:modified_time\" content=\"2025-02-15T19:20:43+00:00\" \/>\n<meta property=\"og:image\" content=\"https:\/\/sporta-preces.lv\/wp-content\/uploads\/2025\/02\/1-9.jpg\" \/>\n\t<meta property=\"og:image:width\" content=\"2000\" \/>\n\t<meta property=\"og:image:height\" content=\"1414\" \/>\n\t<meta property=\"og:image:type\" content=\"image\/jpeg\" \/>\n<meta name=\"twitter:card\" content=\"summary_large_image\" \/>\n<meta name=\"twitter:label1\" content=\"\u041f\u0440\u0438\u043c\u0435\u0440\u043d\u043e\u0435 \u0432\u0440\u0435\u043c\u044f \u0434\u043b\u044f \u0447\u0442\u0435\u043d\u0438\u044f\" \/>\n\t<meta name=\"twitter:data1\" content=\"2 \u043c\u0438\u043d\u0443\u0442\u044b\" \/>\n<script type=\"application\/ld+json\" class=\"yoast-schema-graph\">{\"@context\":\"https:\/\/schema.org\",\"@graph\":[{\"@type\":\"WebPage\",\"@id\":\"https:\/\/sporta-preces.lv\/ru\/product\/pezal-pgg8000e-e3-7-5kw\/\",\"url\":\"https:\/\/sporta-preces.lv\/ru\/product\/pezal-pgg8000e-e3-7-5kw\/\",\"name\":\"Pezal PGG8000E-E3 7.5KW - Sporta-preces\",\"isPartOf\":{\"@id\":\"https:\/\/sporta-preces.lv\/#website\"},\"primaryImageOfPage\":{\"@id\":\"https:\/\/sporta-preces.lv\/ru\/product\/pezal-pgg8000e-e3-7-5kw\/#primaryimage\"},\"image\":{\"@id\":\"https:\/\/sporta-preces.lv\/ru\/product\/pezal-pgg8000e-e3-7-5kw\/#primaryimage\"},\"thumbnailUrl\":\"https:\/\/sporta-preces.lv\/wp-content\/uploads\/2025\/02\/1-9.jpg\",\"datePublished\":\"2025-02-15T18:24:15+00:00\",\"dateModified\":\"2025-02-15T19:20:43+00:00\",\"description\":\"830EUR, \u0421\u0442\u0430\u0431\u0438\u043b\u0438\u0437\u0430\u0442\u043e\u0440 \u043d\u0430\u043f\u0440\u044f\u0436\u0435\u043d\u0438\u044f AVR, 7.5\u043a\u0412\u0442, 400B\/220\u0412\/12B \u044d\u043b\u0435\u043a\u0442\u0440\u043e\u0433\u0435\u043d\u0435\u0440\u0430\u0442\u043e\u0440, \u0434\u043b\u044f \u0442\u0443\u0440\u0438\u0437\u043c\u0430, \u0434\u043e\u043c\u0430, \u043f\u0435\u0440\u0435\u0431\u043e\u0435\u0432 \u0432 \u043f\u043e\u0434\u0430\u0447\u0435 \u044d\u043b\u0435\u043a\u0442\u0440\u043e\u044d\u043d\u0435\u0440\u0433\u0438\u0438, 4-\u0445 \u0442\u0430\u043a\u0442\u043d\u044b\u0439 \u0434\u0432\u0438\u0433\u0430\u0442\u0435\u043b\u044c OHV\",\"breadcrumb\":{\"@id\":\"https:\/\/sporta-preces.lv\/ru\/product\/pezal-pgg8000e-e3-7-5kw\/#breadcrumb\"},\"inLanguage\":\"ru-RU\",\"potentialAction\":[{\"@type\":\"ReadAction\",\"target\":[\"https:\/\/sporta-preces.lv\/ru\/product\/pezal-pgg8000e-e3-7-5kw\/\"]}]},{\"@type\":\"ImageObject\",\"inLanguage\":\"ru-RU\",\"@id\":\"https:\/\/sporta-preces.lv\/ru\/product\/pezal-pgg8000e-e3-7-5kw\/#primaryimage\",\"url\":\"https:\/\/sporta-preces.lv\/wp-content\/uploads\/2025\/02\/1-9.jpg\",\"contentUrl\":\"https:\/\/sporta-preces.lv\/wp-content\/uploads\/2025\/02\/1-9.jpg\",\"width\":2000,\"height\":1414},{\"@type\":\"BreadcrumbList\",\"@id\":\"https:\/\/sporta-preces.lv\/ru\/product\/pezal-pgg8000e-e3-7-5kw\/#breadcrumb\",\"itemListElement\":[{\"@type\":\"ListItem\",\"position\":1,\"name\":\"Home\",\"item\":\"https:\/\/sporta-preces.lv\/ru\/\"},{\"@type\":\"ListItem\",\"position\":2,\"name\":\"\u041a\u0430\u0442\u0430\u043b\u043e\u0433\",\"item\":\"https:\/\/sporta-preces.lv\/ru\/katalog\/\"},{\"@type\":\"ListItem\",\"position\":3,\"name\":\"Pezal PGG8000E-E3 7.5KW\"}]},{\"@type\":\"WebSite\",\"@id\":\"https:\/\/sporta-preces.lv\/#website\",\"url\":\"https:\/\/sporta-preces.lv\/\",\"name\":\"Sporta-preces\",\"description\":\"Kvalitat\u012bvas sporta preces par lab\u0101kaj\u0101m cen\u0101m.\",\"potentialAction\":[{\"@type\":\"SearchAction\",\"target\":{\"@type\":\"EntryPoint\",\"urlTemplate\":\"https:\/\/sporta-preces.lv\/?s={search_term_string}\"},\"query-input\":{\"@type\":\"PropertyValueSpecification\",\"valueRequired\":true,\"valueName\":\"search_term_string\"}}],\"inLanguage\":\"ru-RU\"}]}<\/script>\n<!-- \/ Yoast SEO Premium plugin. -->","yoast_head_json":{"title":"Pezal PGG8000E-E3 7.5KW - Sporta-preces","description":"830EUR, \u0421\u0442\u0430\u0431\u0438\u043b\u0438\u0437\u0430\u0442\u043e\u0440 \u043d\u0430\u043f\u0440\u044f\u0436\u0435\u043d\u0438\u044f AVR, 7.5\u043a\u0412\u0442, 400B\/220\u0412\/12B \u044d\u043b\u0435\u043a\u0442\u0440\u043e\u0433\u0435\u043d\u0435\u0440\u0430\u0442\u043e\u0440, \u0434\u043b\u044f \u0442\u0443\u0440\u0438\u0437\u043c\u0430, \u0434\u043e\u043c\u0430, \u043f\u0435\u0440\u0435\u0431\u043e\u0435\u0432 \u0432 \u043f\u043e\u0434\u0430\u0447\u0435 \u044d\u043b\u0435\u043a\u0442\u0440\u043e\u044d\u043d\u0435\u0440\u0433\u0438\u0438, 4-\u0445 \u0442\u0430\u043a\u0442\u043d\u044b\u0439 \u0434\u0432\u0438\u0433\u0430\u0442\u0435\u043b\u044c OHV","robots":{"index":"index","follow":"follow","max-snippet":"max-snippet:-1","max-image-preview":"max-image-preview:large","max-video-preview":"max-video-preview:-1"},"canonical":"https:\/\/sporta-preces.lv\/ru\/product\/pezal-pgg8000e-e3-7-5kw\/","og_locale":"ru_RU","og_type":"article","og_title":"Pezal PGG8000E-E3 7.5KW","og_description":"830EUR, \u0421\u0442\u0430\u0431\u0438\u043b\u0438\u0437\u0430\u0442\u043e\u0440 \u043d\u0430\u043f\u0440\u044f\u0436\u0435\u043d\u0438\u044f AVR, 7.5\u043a\u0412\u0442, 400B\/220\u0412\/12B \u044d\u043b\u0435\u043a\u0442\u0440\u043e\u0433\u0435\u043d\u0435\u0440\u0430\u0442\u043e\u0440, \u0434\u043b\u044f \u0442\u0443\u0440\u0438\u0437\u043c\u0430, \u0434\u043e\u043c\u0430, \u043f\u0435\u0440\u0435\u0431\u043e\u0435\u0432 \u0432 \u043f\u043e\u0434\u0430\u0447\u0435 \u044d\u043b\u0435\u043a\u0442\u0440\u043e\u044d\u043d\u0435\u0440\u0433\u0438\u0438, 4-\u0445 \u0442\u0430\u043a\u0442\u043d\u044b\u0439 \u0434\u0432\u0438\u0433\u0430\u0442\u0435\u043b\u044c OHV","og_url":"https:\/\/sporta-preces.lv\/ru\/product\/pezal-pgg8000e-e3-7-5kw\/","og_site_name":"Sporta-preces","article_modified_time":"2025-02-15T19:20:43+00:00","og_image":[{"width":2000,"height":1414,"url":"https:\/\/sporta-preces.lv\/wp-content\/uploads\/2025\/02\/1-9.jpg","type":"image\/jpeg"}],"twitter_card":"summary_large_image","twitter_misc":{"\u041f\u0440\u0438\u043c\u0435\u0440\u043d\u043e\u0435 \u0432\u0440\u0435\u043c\u044f \u0434\u043b\u044f \u0447\u0442\u0435\u043d\u0438\u044f":"2 \u043c\u0438\u043d\u0443\u0442\u044b"},"schema":{"@context":"https:\/\/schema.org","@graph":[{"@type":"WebPage","@id":"https:\/\/sporta-preces.lv\/ru\/product\/pezal-pgg8000e-e3-7-5kw\/","url":"https:\/\/sporta-preces.lv\/ru\/product\/pezal-pgg8000e-e3-7-5kw\/","name":"Pezal PGG8000E-E3 7.5KW - Sporta-preces","isPartOf":{"@id":"https:\/\/sporta-preces.lv\/#website"},"primaryImageOfPage":{"@id":"https:\/\/sporta-preces.lv\/ru\/product\/pezal-pgg8000e-e3-7-5kw\/#primaryimage"},"image":{"@id":"https:\/\/sporta-preces.lv\/ru\/product\/pezal-pgg8000e-e3-7-5kw\/#primaryimage"},"thumbnailUrl":"https:\/\/sporta-preces.lv\/wp-content\/uploads\/2025\/02\/1-9.jpg","datePublished":"2025-02-15T18:24:15+00:00","dateModified":"2025-02-15T19:20:43+00:00","description":"830EUR, \u0421\u0442\u0430\u0431\u0438\u043b\u0438\u0437\u0430\u0442\u043e\u0440 \u043d\u0430\u043f\u0440\u044f\u0436\u0435\u043d\u0438\u044f AVR, 7.5\u043a\u0412\u0442, 400B\/220\u0412\/12B \u044d\u043b\u0435\u043a\u0442\u0440\u043e\u0433\u0435\u043d\u0435\u0440\u0430\u0442\u043e\u0440, \u0434\u043b\u044f \u0442\u0443\u0440\u0438\u0437\u043c\u0430, \u0434\u043e\u043c\u0430, \u043f\u0435\u0440\u0435\u0431\u043e\u0435\u0432 \u0432 \u043f\u043e\u0434\u0430\u0447\u0435 \u044d\u043b\u0435\u043a\u0442\u0440\u043e\u044d\u043d\u0435\u0440\u0433\u0438\u0438, 4-\u0445 \u0442\u0430\u043a\u0442\u043d\u044b\u0439 \u0434\u0432\u0438\u0433\u0430\u0442\u0435\u043b\u044c OHV","breadcrumb":{"@id":"https:\/\/sporta-preces.lv\/ru\/product\/pezal-pgg8000e-e3-7-5kw\/#breadcrumb"},"inLanguage":"ru-RU","potentialAction":[{"@type":"ReadAction","target":["https:\/\/sporta-preces.lv\/ru\/product\/pezal-pgg8000e-e3-7-5kw\/"]}]},{"@type":"ImageObject","inLanguage":"ru-RU","@id":"https:\/\/sporta-preces.lv\/ru\/product\/pezal-pgg8000e-e3-7-5kw\/#primaryimage","url":"https:\/\/sporta-preces.lv\/wp-content\/uploads\/2025\/02\/1-9.jpg","contentUrl":"https:\/\/sporta-preces.lv\/wp-content\/uploads\/2025\/02\/1-9.jpg","width":2000,"height":1414},{"@type":"BreadcrumbList","@id":"https:\/\/sporta-preces.lv\/ru\/product\/pezal-pgg8000e-e3-7-5kw\/#breadcrumb","itemListElement":[{"@type":"ListItem","position":1,"name":"Home","item":"https:\/\/sporta-preces.lv\/ru\/"},{"@type":"ListItem","position":2,"name":"\u041a\u0430\u0442\u0430\u043b\u043e\u0433","item":"https:\/\/sporta-preces.lv\/ru\/katalog\/"},{"@type":"ListItem","position":3,"name":"Pezal PGG8000E-E3 7.5KW"}]},{"@type":"WebSite","@id":"https:\/\/sporta-preces.lv\/#website","url":"https:\/\/sporta-preces.lv\/","name":"Sporta-preces","description":"Kvalitat\u012bvas sporta preces par lab\u0101kaj\u0101m cen\u0101m.","potentialAction":[{"@type":"SearchAction","target":{"@type":"EntryPoint","urlTemplate":"https:\/\/sporta-preces.lv\/?s={search_term_string}"},"query-input":{"@type":"PropertyValueSpecification","valueRequired":true,"valueName":"search_term_string"}}],"inLanguage":"ru-RU"}]}},"_links":{"self":[{"href":"https:\/\/sporta-preces.lv\/ru\/wp-json\/wp\/v2\/product\/10997","targetHints":{"allow":["GET"]}}],"collection":[{"href":"https:\/\/sporta-preces.lv\/ru\/wp-json\/wp\/v2\/product"}],"about":[{"href":"https:\/\/sporta-preces.lv\/ru\/wp-json\/wp\/v2\/types\/product"}],"wp:featuredmedia":[{"embeddable":true,"href":"https:\/\/sporta-preces.lv\/ru\/wp-json\/wp\/v2\/media\/10999"}],"wp:attachment":[{"href":"https:\/\/sporta-preces.lv\/ru\/wp-json\/wp\/v2\/media?parent=10997"}],"wp:term":[{"taxonomy":"product_cat","embeddable":true,"href":"https:\/\/sporta-preces.lv\/ru\/wp-json\/wp\/v2\/product_cat?post=10997"},{"taxonomy":"product_tag","embeddable":true,"href":"https:\/\/sporta-preces.lv\/ru\/wp-json\/wp\/v2\/product_tag?post=10997"}],"curies":[{"name":"wp","href":"https:\/\/api.w.org\/{rel}","templated":true}]}}