{"id":10933,"date":"2025-02-15T17:34:02","date_gmt":"2025-02-15T15:34:02","guid":{"rendered":"https:\/\/sporta-preces.lv\/?post_type=product&#038;p=10933"},"modified":"2025-02-15T19:01:09","modified_gmt":"2025-02-15T17:01:09","slug":"pezal-pgg3100e-3-3kw","status":"publish","type":"product","link":"https:\/\/sporta-preces.lv\/ru\/product\/pezal-pgg3100e-3-3kw\/","title":{"rendered":"Pezal PGG3100E 3.3KW"},"content":{"rendered":"<p>\u0411\u0435\u043d\u0437\u0438\u043d\u043e\u0432\u044b\u0439 \u0433\u0435\u043d\u0435\u0440\u0430\u0442\u043e\u0440 \u0434\u043b\u044f \u043f\u0440\u043e\u0438\u0437\u0432\u043e\u0434\u0441\u0442\u0432\u0430 \u044d\u043b\u0435\u043a\u0442\u0440\u043e\u044d\u043d\u0435\u0440\u0433\u0438\u0438 Pezal PGG3100E 3.3KW<br \/>\n\u041c\u0435\u0434\u043d\u0430\u044f \u043e\u0431\u043c\u043e\u0442\u043a\u0430, \u0438\u043d\u0432\u0435\u0440\u0442\u043e\u0440\u043d\u044b\u0439 AVR \u0433\u0435\u043d\u0435\u0440\u0430\u0442\u043e\u0440, \u0433\u0435\u043d\u0435\u0440\u0430\u0442\u043e\u0440 \u0434\u043b\u044f \u0434\u043e\u043c\u0430, \u043e\u0442\u0434\u044b\u0445\u0430, \u0444\u0435\u0440\u043c\u044b.<\/p>\n<p>\u0414\u0432\u0438\u0433\u0430\u0442\u0435\u043b\u044c:<br \/>\nG200G1, \u043e\u0434\u043d\u043e\u0446\u0438\u043b\u0438\u043d\u0434\u0440\u043e\u0432\u044b\u0439, 4-\u0442\u0430\u043a\u0442\u043d\u044b\u0439 (OHV), \u0441 \u0432\u043e\u0437\u0434\u0443\u0448\u043d\u044b\u043c \u043e\u0445\u043b\u0430\u0436\u0434\u0435\u043d\u0438\u0435\u043c<br \/>\n\u041c\u043e\u0449\u043d\u043e\u0441\u0442\u044c \u0434\u0432\u0438\u0433\u0430\u0442\u0435\u043b\u044f 7 \u043b.\u0441., 5,2 \u043a\u0412\u0442<br \/>\n\u041e\u0431\u044a\u0435\u043c \u0434\u0432\u0438\u0433\u0430\u0442\u0435\u043b\u044f 212 \u043a\u0443\u0431.\u0441\u043c<br \/>\n\u0421\u043a\u043e\u0440\u043e\u0441\u0442\u044c 3000\u043e\u0431\/\u043c\u0438\u043d<br \/>\n\u0415\u043c\u043a\u043e\u0441\u0442\u044c \u043c\u0430\u0441\u043b\u0430 0,6\u043b<br \/>\n\u0415\u043c\u043a\u043e\u0441\u0442\u044c \u0442\u043e\u043f\u043b\u0438\u0432\u043d\u043e\u0433\u043e \u0431\u0430\u043a\u0430 9 \u043b<br \/>\n\u0422\u043e\u043f\u043b\u0438\u0432\u043e: 95<br \/>\n\u0420\u0430\u0441\u0445\u043e\u0434 \u0442\u043e\u043f\u043b\u0438\u0432\u0430: \u043c\u0438\u043d 0,8\u043b\/\u0447; \u043c\u0430\u043a\u0441 1,5\u043b\/\u0447<br \/>\n\u0421\u0438\u0441\u0442\u0435\u043c\u0430 \u043e\u043f\u043e\u0432\u0435\u0449\u0435\u043d\u0438\u044f \u043e\u0431 \u0443\u0440\u043e\u0432\u043d\u0435 \u043c\u0430\u0441\u043b\u0430<br \/>\n\u0423\u043a\u0430\u0437\u0430\u0442\u0435\u043b\u044c \u0443\u0440\u043e\u0432\u043d\u044f \u0442\u043e\u043f\u043b\u0438\u0432\u0430<\/p>\n<p>\u0413\u0435\u043d\u0435\u0440\u0430\u0442\u043e\u0440 \u044d\u043b\u0435\u043a\u0442\u0440\u043e\u044d\u043d\u0435\u0440\u0433\u0438\u0438:<br \/>\n\u0413\u0435\u043d\u0435\u0440\u0430\u0442\u043e\u0440 \u0441 \u043c\u0435\u0434\u043d\u043e\u0439 \u043e\u0431\u043c\u043e\u0442\u043a\u043e\u0439<br \/>\n\u041c\u0430\u043a\u0441\u0438\u043c\u0430\u043b\u044c\u043d\u0430\u044f \u0432\u044b\u0445\u043e\u0434\u043d\u0430\u044f \u043c\u043e\u0449\u043d\u043e\u0441\u0442\u044c 3,3 \u043a\u0412\u0442<br \/>\n\u041d\u043e\u043c\u0438\u043d\u0430\u043b\u044c\u043d\u0430\u044f \u0432\u044b\u0445\u043e\u0434\u043d\u0430\u044f \u043c\u043e\u0449\u043d\u043e\u0441\u0442\u044c 3,0 \u043a\u0412\u0442<br \/>\n\u041d\u0430\u043f\u0440\u044f\u0436\u0435\u043d\u0438\u0435 230\u0412<br \/>\n\u0422\u043e\u043a 13\u0410<br \/>\n\u041e\u0434\u043d\u0430 \u0440\u043e\u0437\u0435\u0442\u043a\u0430 230 \u0412 \u043f\u0435\u0440\u0435\u043c\u0435\u043d\u043d\u043e\u0433\u043e \u0442\u043e\u043a\u0430<br \/>\n\u0421\u0442\u0430\u0431\u0438\u043b\u0438\u0437\u0430\u0442\u043e\u0440 \u043d\u0430\u043f\u0440\u044f\u0436\u0435\u043d\u0438\u044f AVR<br \/>\n\u0427\u0430\u0441\u0442\u043e\u0442\u0430 50\u0413\u0446<\/p>\n<p>\u042d\u043b\u0435\u043a\u0442\u0440\u0438\u0447\u0435\u0441\u043a\u0438\u0439 \u0438 \u0440\u0443\u0447\u043d\u043e\u0439 \u0437\u0430\u043f\u0443\u0441\u043a<br \/>\n\u041a\u043b\u0430\u0441\u0441 \u0437\u0430\u0449\u0438\u0442\u044b IP23M<br \/>\n\u0423\u0440\u043e\u0432\u0435\u043d\u044c \u0437\u0432\u0443\u043a\u0430 [\u0434\u0411(\u0410)]: 95<br \/>\n\u0420\u0430\u0437\u043c\u0435\u0440\u044b 555 x 435 x 440 \u043c\u043c<br \/>\n\u0412\u0435\u0441 40 \u043a\u0433.<\/p>\n<p>\u0421\u0442\u0430\u0431\u0438\u043b\u0438\u0437\u0430\u0442\u043e\u0440 \u043d\u0430\u043f\u0440\u044f\u0436\u0435\u043d\u0438\u044f AVR:<br \/>\n\u0415\u0433\u043e \u043e\u0441\u043d\u043e\u0432\u043d\u0430\u044f \u0437\u0430\u0434\u0430\u0447\u0430 \u2014 \u0441\u0442\u0430\u0431\u0438\u043b\u0438\u0437\u0430\u0446\u0438\u044f \u0432\u044b\u0445\u043e\u0434\u043d\u043e\u0433\u043e \u043d\u0430\u043f\u0440\u044f\u0436\u0435\u043d\u0438\u044f.<br \/>\n\u0410\u0420\u041d \u0441\u043d\u0438\u0436\u0430\u0435\u0442 \u043a\u043e\u043b\u0435\u0431\u0430\u043d\u0438\u044f \u043d\u0430\u043f\u0440\u044f\u0436\u0435\u043d\u0438\u044f, \u043e\u0431\u0435\u0441\u043f\u0435\u0447\u0438\u0432\u0430\u044f \u0431\u0435\u0437\u043e\u043f\u0430\u0441\u043d\u043e\u0435 \u0438\u0441\u043f\u043e\u043b\u044c\u0437\u043e\u0432\u0430\u043d\u0438\u0435 \u044d\u043b\u0435\u043a\u0442\u0440\u043e\u043f\u0440\u0438\u0431\u043e\u0440\u043e\u0432.<br \/>\nAVR \u0437\u043d\u0430\u0447\u0438\u0442\u0435\u043b\u044c\u043d\u043e \u0441\u043d\u0438\u0436\u0430\u0435\u0442 \u0440\u0438\u0441\u043a \u043f\u043e\u0432\u0440\u0435\u0436\u0434\u0435\u043d\u0438\u044f \u0447\u0443\u0432\u0441\u0442\u0432\u0438\u0442\u0435\u043b\u044c\u043d\u043e\u0439 \u044d\u043b\u0435\u043a\u0442\u0440\u043e\u043d\u0438\u043a\u0438.<br \/>\n\u0412\u044b\u0441\u043e\u043a\u043e\u043f\u0440\u043e\u0438\u0437\u0432\u043e\u0434\u0438\u0442\u0435\u043b\u044c\u043d\u044b\u0435 \u0410\u0420\u041d \u043f\u043e\u0437\u0432\u043e\u043b\u044f\u044e\u0442 \u0441\u0433\u043b\u0430\u0436\u0438\u0432\u0430\u0442\u044c \u0441\u0438\u043d\u0443\u0441\u043e\u0438\u0434\u0443 \u0434\u043e \u0443\u0440\u043e\u0432\u043d\u044f 1%-5%, \u0441\u0442\u0430\u043d\u0434\u0430\u0440\u0442 \u0434\u043b\u044f \u044d\u043b\u0435\u043a\u0442\u0440\u043e\u0441\u0435\u0442\u0438 \u0441\u043e\u0441\u0442\u0430\u0432\u043b\u044f\u0435\u0442 5%-10%, \u0447\u0442\u043e \u0441\u0443\u0449\u0435\u0441\u0442\u0432\u0435\u043d\u043d\u043e \u043f\u043e\u0432\u044b\u0448\u0430\u0435\u0442 \u0431\u0435\u0437\u043e\u043f\u0430\u0441\u043d\u043e\u0441\u0442\u044c \u0443\u0441\u0442\u0440\u043e\u0439\u0441\u0442\u0432.<\/p>\n<p><img fetchpriority=\"high\" decoding=\"async\" class=\"alignnone size-medium wp-image-10934\" src=\"https:\/\/sporta-preces.lv\/wp-content\/uploads\/2025\/02\/1-5-300x257.jpg\" alt=\"\" width=\"300\" height=\"257\" srcset=\"https:\/\/sporta-preces.lv\/wp-content\/uploads\/2025\/02\/1-5-300x257.jpg 300w, https:\/\/sporta-preces.lv\/wp-content\/uploads\/2025\/02\/1-5-768x658.jpg 768w, https:\/\/sporta-preces.lv\/wp-content\/uploads\/2025\/02\/1-5-600x514.jpg 600w, https:\/\/sporta-preces.lv\/wp-content\/uploads\/2025\/02\/1-5.jpg 953w\" sizes=\"(max-width: 300px) 100vw, 300px\" \/><img decoding=\"async\" class=\"alignnone size-medium wp-image-10936\" src=\"https:\/\/sporta-preces.lv\/wp-content\/uploads\/2025\/02\/2-5-300x260.jpg\" alt=\"\" width=\"300\" height=\"260\" srcset=\"https:\/\/sporta-preces.lv\/wp-content\/uploads\/2025\/02\/2-5-300x260.jpg 300w, https:\/\/sporta-preces.lv\/wp-content\/uploads\/2025\/02\/2-5-768x665.jpg 768w, https:\/\/sporta-preces.lv\/wp-content\/uploads\/2025\/02\/2-5-600x519.jpg 600w, https:\/\/sporta-preces.lv\/wp-content\/uploads\/2025\/02\/2-5.jpg 931w\" sizes=\"(max-width: 300px) 100vw, 300px\" \/><img decoding=\"async\" class=\"alignnone size-medium wp-image-10938\" src=\"https:\/\/sporta-preces.lv\/wp-content\/uploads\/2025\/02\/3-5-300x260.jpg\" alt=\"\" width=\"300\" height=\"260\" srcset=\"https:\/\/sporta-preces.lv\/wp-content\/uploads\/2025\/02\/3-5-300x260.jpg 300w, https:\/\/sporta-preces.lv\/wp-content\/uploads\/2025\/02\/3-5-768x665.jpg 768w, https:\/\/sporta-preces.lv\/wp-content\/uploads\/2025\/02\/3-5-600x519.jpg 600w, https:\/\/sporta-preces.lv\/wp-content\/uploads\/2025\/02\/3-5.jpg 931w\" sizes=\"(max-width: 300px) 100vw, 300px\" \/><img loading=\"lazy\" decoding=\"async\" class=\"alignnone size-medium wp-image-10940\" src=\"https:\/\/sporta-preces.lv\/wp-content\/uploads\/2025\/02\/4-5-300x260.jpg\" alt=\"\" width=\"300\" height=\"260\" srcset=\"https:\/\/sporta-preces.lv\/wp-content\/uploads\/2025\/02\/4-5-300x260.jpg 300w, https:\/\/sporta-preces.lv\/wp-content\/uploads\/2025\/02\/4-5-768x665.jpg 768w, https:\/\/sporta-preces.lv\/wp-content\/uploads\/2025\/02\/4-5-600x519.jpg 600w, https:\/\/sporta-preces.lv\/wp-content\/uploads\/2025\/02\/4-5.jpg 931w\" sizes=\"(max-width: 300px) 100vw, 300px\" \/><img loading=\"lazy\" decoding=\"async\" class=\"alignnone size-medium wp-image-10942\" src=\"https:\/\/sporta-preces.lv\/wp-content\/uploads\/2025\/02\/5-5-300x253.jpg\" alt=\"\" width=\"300\" height=\"253\" srcset=\"https:\/\/sporta-preces.lv\/wp-content\/uploads\/2025\/02\/5-5-300x253.jpg 300w, https:\/\/sporta-preces.lv\/wp-content\/uploads\/2025\/02\/5-5-768x647.jpg 768w, https:\/\/sporta-preces.lv\/wp-content\/uploads\/2025\/02\/5-5-600x506.jpg 600w, https:\/\/sporta-preces.lv\/wp-content\/uploads\/2025\/02\/5-5.jpg 956w\" sizes=\"(max-width: 300px) 100vw, 300px\" \/><img loading=\"lazy\" decoding=\"async\" class=\"alignnone size-medium wp-image-10944\" src=\"https:\/\/sporta-preces.lv\/wp-content\/uploads\/2025\/02\/6-5-300x300.jpg\" alt=\"\" width=\"300\" height=\"300\" srcset=\"https:\/\/sporta-preces.lv\/wp-content\/uploads\/2025\/02\/6-5-300x300.jpg 300w, https:\/\/sporta-preces.lv\/wp-content\/uploads\/2025\/02\/6-5-768x770.jpg 768w, https:\/\/sporta-preces.lv\/wp-content\/uploads\/2025\/02\/6-5-600x601.jpg 600w, https:\/\/sporta-preces.lv\/wp-content\/uploads\/2025\/02\/6-5-100x100.jpg 100w, https:\/\/sporta-preces.lv\/wp-content\/uploads\/2025\/02\/6-5.jpg 801w\" sizes=\"(max-width: 300px) 100vw, 300px\" \/><img loading=\"lazy\" decoding=\"async\" class=\"alignnone size-medium wp-image-10946\" src=\"https:\/\/sporta-preces.lv\/wp-content\/uploads\/2025\/02\/7-5-300x200.jpg\" alt=\"\" width=\"300\" height=\"200\" srcset=\"https:\/\/sporta-preces.lv\/wp-content\/uploads\/2025\/02\/7-5-300x200.jpg 300w, https:\/\/sporta-preces.lv\/wp-content\/uploads\/2025\/02\/7-5-1024x683.jpg 1024w, https:\/\/sporta-preces.lv\/wp-content\/uploads\/2025\/02\/7-5-768x512.jpg 768w, https:\/\/sporta-preces.lv\/wp-content\/uploads\/2025\/02\/7-5-1536x1024.jpg 1536w, https:\/\/sporta-preces.lv\/wp-content\/uploads\/2025\/02\/7-5-2048x1365.jpg 2048w, https:\/\/sporta-preces.lv\/wp-content\/uploads\/2025\/02\/7-5-600x400.jpg 600w\" sizes=\"(max-width: 300px) 100vw, 300px\" \/><\/p>\n","protected":false},"excerpt":{"rendered":"<p>\u0411\u0435\u043d\u0437\u0438\u043d\u043e\u0432\u044b\u0439 \u0433\u0435\u043d\u0435\u0440\u0430\u0442\u043e\u0440 \u0434\u043b\u044f \u043f\u0440\u043e\u0438\u0437\u0432\u043e\u0434\u0441\u0442\u0432\u0430 \u044d\u043b\u0435\u043a\u0442\u0440\u043e\u044d\u043d\u0435\u0440\u0433\u0438\u0438 Pezal PGG3100E 3.3KW \u041c\u0435\u0434\u043d\u0430\u044f \u043e\u0431\u043c\u043e\u0442\u043a\u0430, \u0438\u043d\u0432\u0435\u0440\u0442\u043e\u0440\u043d\u044b\u0439 AVR \u0433\u0435\u043d\u0435\u0440\u0430\u0442\u043e\u0440, \u0433\u0435\u043d\u0435\u0440\u0430\u0442\u043e\u0440 \u0434\u043b\u044f \u0434\u043e\u043c\u0430, \u043e\u0442\u0434\u044b\u0445\u0430, \u0444\u0435\u0440\u043c\u044b. \u0414\u0432\u0438\u0433\u0430\u0442\u0435\u043b\u044c: G200G1, \u043e\u0434\u043d\u043e\u0446\u0438\u043b\u0438\u043d\u0434\u0440\u043e\u0432\u044b\u0439, 4-\u0442\u0430\u043a\u0442\u043d\u044b\u0439 (OHV), \u0441 \u0432\u043e\u0437\u0434\u0443\u0448\u043d\u044b\u043c \u043e\u0445\u043b\u0430\u0436\u0434\u0435\u043d\u0438\u0435\u043c \u041c\u043e\u0449\u043d\u043e\u0441\u0442\u044c \u0434\u0432\u0438\u0433\u0430\u0442\u0435\u043b\u044f 7 \u043b.\u0441., 5,2 \u043a\u0412\u0442 \u041e\u0431\u044a\u0435\u043c \u0434\u0432\u0438\u0433\u0430\u0442\u0435\u043b\u044f 212 \u043a\u0443\u0431.\u0441\u043c \u0421\u043a\u043e\u0440\u043e\u0441\u0442\u044c 3000\u043e\u0431\/\u043c\u0438\u043d \u0415\u043c\u043a\u043e\u0441\u0442\u044c \u043c\u0430\u0441\u043b\u0430 &hellip; <a href=\"https:\/\/sporta-preces.lv\/ru\/product\/pezal-pgg3100e-3-3kw\/\">Readmore<\/a><\/p>\n","protected":false},"featured_media":10935,"template":"","meta":[],"product_cat":[173],"product_tag":[],"class_list":{"0":"post-10933","1":"product","2":"type-product","3":"status-publish","4":"has-post-thumbnail","6":"product_cat-turizm","7":"product_shipping_class-generatori-ru","9":"first","10":"instock","11":"purchasable","12":"product-type-simple"},"yoast_head":"<!-- This site is optimized with the Yoast SEO Premium plugin v27.1 (Yoast SEO v27.2) - https:\/\/yoast.com\/product\/yoast-seo-premium-wordpress\/ -->\n<title>Pezal PGG3100E 3.3KW - Sporta-preces<\/title>\n<meta name=\"description\" content=\"260EUR, \u0421\u0442\u0430\u0431\u0438\u043b\u0438\u0437\u0430\u0442\u043e\u0440 \u043d\u0430\u043f\u0440\u044f\u0436\u0435\u043d\u0438\u044f AVR, ,220\u0412 \u044d\u043b\u0435\u043a\u0442\u0440\u043e\u0433\u0435\u043d\u0435\u0440\u0430\u0442\u043e\u0440, \u0434\u043b\u044f \u0442\u0443\u0440\u0438\u0437\u043c\u0430, \u0434\u043e\u043c\u0430, \u043f\u0435\u0440\u0435\u0431\u043e\u0435\u0432 \u0432 \u043f\u043e\u0434\u0430\u0447\u0435 \u044d\u043b\u0435\u043a\u0442\u0440\u043e\u044d\u043d\u0435\u0440\u0433\u0438\u0438, 4-\u0445 \u0442\u0430\u043a\u0442\u043d\u044b\u0439 \u0434\u0432\u0438\u0433\u0430\u0442\u0435\u043b\u044c OHV\" \/>\n<meta name=\"robots\" content=\"index, follow, max-snippet:-1, max-image-preview:large, max-video-preview:-1\" \/>\n<link rel=\"canonical\" href=\"https:\/\/sporta-preces.lv\/ru\/product\/pezal-pgg3100e-3-3kw\/\" \/>\n<meta property=\"og:locale\" content=\"ru_RU\" \/>\n<meta property=\"og:type\" content=\"article\" \/>\n<meta property=\"og:title\" content=\"Pezal PGG3100E 3.3KW\" \/>\n<meta property=\"og:description\" content=\"260EUR, \u0421\u0442\u0430\u0431\u0438\u043b\u0438\u0437\u0430\u0442\u043e\u0440 \u043d\u0430\u043f\u0440\u044f\u0436\u0435\u043d\u0438\u044f AVR, ,220\u0412 \u044d\u043b\u0435\u043a\u0442\u0440\u043e\u0433\u0435\u043d\u0435\u0440\u0430\u0442\u043e\u0440, \u0434\u043b\u044f \u0442\u0443\u0440\u0438\u0437\u043c\u0430, \u0434\u043e\u043c\u0430, \u043f\u0435\u0440\u0435\u0431\u043e\u0435\u0432 \u0432 \u043f\u043e\u0434\u0430\u0447\u0435 \u044d\u043b\u0435\u043a\u0442\u0440\u043e\u044d\u043d\u0435\u0440\u0433\u0438\u0438, 4-\u0445 \u0442\u0430\u043a\u0442\u043d\u044b\u0439 \u0434\u0432\u0438\u0433\u0430\u0442\u0435\u043b\u044c OHV\" \/>\n<meta property=\"og:url\" content=\"https:\/\/sporta-preces.lv\/ru\/product\/pezal-pgg3100e-3-3kw\/\" \/>\n<meta property=\"og:site_name\" content=\"Sporta-preces\" \/>\n<meta property=\"article:modified_time\" content=\"2025-02-15T17:01:09+00:00\" \/>\n<meta property=\"og:image\" content=\"https:\/\/sporta-preces.lv\/wp-content\/uploads\/2025\/02\/1-5.jpg\" \/>\n\t<meta property=\"og:image:width\" content=\"953\" \/>\n\t<meta property=\"og:image:height\" content=\"816\" \/>\n\t<meta property=\"og:image:type\" content=\"image\/jpeg\" \/>\n<meta name=\"twitter:card\" content=\"summary_large_image\" \/>\n<meta name=\"twitter:label1\" content=\"\u041f\u0440\u0438\u043c\u0435\u0440\u043d\u043e\u0435 \u0432\u0440\u0435\u043c\u044f \u0434\u043b\u044f \u0447\u0442\u0435\u043d\u0438\u044f\" \/>\n\t<meta name=\"twitter:data1\" content=\"3 \u043c\u0438\u043d\u0443\u0442\u044b\" \/>\n<script type=\"application\/ld+json\" class=\"yoast-schema-graph\">{\"@context\":\"https:\/\/schema.org\",\"@graph\":[{\"@type\":\"WebPage\",\"@id\":\"https:\/\/sporta-preces.lv\/ru\/product\/pezal-pgg3100e-3-3kw\/\",\"url\":\"https:\/\/sporta-preces.lv\/ru\/product\/pezal-pgg3100e-3-3kw\/\",\"name\":\"Pezal PGG3100E 3.3KW - Sporta-preces\",\"isPartOf\":{\"@id\":\"https:\/\/sporta-preces.lv\/#website\"},\"primaryImageOfPage\":{\"@id\":\"https:\/\/sporta-preces.lv\/ru\/product\/pezal-pgg3100e-3-3kw\/#primaryimage\"},\"image\":{\"@id\":\"https:\/\/sporta-preces.lv\/ru\/product\/pezal-pgg3100e-3-3kw\/#primaryimage\"},\"thumbnailUrl\":\"https:\/\/sporta-preces.lv\/wp-content\/uploads\/2025\/02\/1-5.jpg\",\"datePublished\":\"2025-02-15T15:34:02+00:00\",\"dateModified\":\"2025-02-15T17:01:09+00:00\",\"description\":\"260EUR, \u0421\u0442\u0430\u0431\u0438\u043b\u0438\u0437\u0430\u0442\u043e\u0440 \u043d\u0430\u043f\u0440\u044f\u0436\u0435\u043d\u0438\u044f AVR, ,220\u0412 \u044d\u043b\u0435\u043a\u0442\u0440\u043e\u0433\u0435\u043d\u0435\u0440\u0430\u0442\u043e\u0440, \u0434\u043b\u044f \u0442\u0443\u0440\u0438\u0437\u043c\u0430, \u0434\u043e\u043c\u0430, \u043f\u0435\u0440\u0435\u0431\u043e\u0435\u0432 \u0432 \u043f\u043e\u0434\u0430\u0447\u0435 \u044d\u043b\u0435\u043a\u0442\u0440\u043e\u044d\u043d\u0435\u0440\u0433\u0438\u0438, 4-\u0445 \u0442\u0430\u043a\u0442\u043d\u044b\u0439 \u0434\u0432\u0438\u0433\u0430\u0442\u0435\u043b\u044c OHV\",\"breadcrumb\":{\"@id\":\"https:\/\/sporta-preces.lv\/ru\/product\/pezal-pgg3100e-3-3kw\/#breadcrumb\"},\"inLanguage\":\"ru-RU\",\"potentialAction\":[{\"@type\":\"ReadAction\",\"target\":[\"https:\/\/sporta-preces.lv\/ru\/product\/pezal-pgg3100e-3-3kw\/\"]}]},{\"@type\":\"ImageObject\",\"inLanguage\":\"ru-RU\",\"@id\":\"https:\/\/sporta-preces.lv\/ru\/product\/pezal-pgg3100e-3-3kw\/#primaryimage\",\"url\":\"https:\/\/sporta-preces.lv\/wp-content\/uploads\/2025\/02\/1-5.jpg\",\"contentUrl\":\"https:\/\/sporta-preces.lv\/wp-content\/uploads\/2025\/02\/1-5.jpg\",\"width\":953,\"height\":816},{\"@type\":\"BreadcrumbList\",\"@id\":\"https:\/\/sporta-preces.lv\/ru\/product\/pezal-pgg3100e-3-3kw\/#breadcrumb\",\"itemListElement\":[{\"@type\":\"ListItem\",\"position\":1,\"name\":\"Home\",\"item\":\"https:\/\/sporta-preces.lv\/ru\/\"},{\"@type\":\"ListItem\",\"position\":2,\"name\":\"\u041a\u0430\u0442\u0430\u043b\u043e\u0433\",\"item\":\"https:\/\/sporta-preces.lv\/ru\/katalog\/\"},{\"@type\":\"ListItem\",\"position\":3,\"name\":\"Pezal PGG3100E 3.3KW\"}]},{\"@type\":\"WebSite\",\"@id\":\"https:\/\/sporta-preces.lv\/#website\",\"url\":\"https:\/\/sporta-preces.lv\/\",\"name\":\"Sporta-preces\",\"description\":\"Kvalitat\u012bvas sporta preces par lab\u0101kaj\u0101m cen\u0101m.\",\"potentialAction\":[{\"@type\":\"SearchAction\",\"target\":{\"@type\":\"EntryPoint\",\"urlTemplate\":\"https:\/\/sporta-preces.lv\/?s={search_term_string}\"},\"query-input\":{\"@type\":\"PropertyValueSpecification\",\"valueRequired\":true,\"valueName\":\"search_term_string\"}}],\"inLanguage\":\"ru-RU\"}]}<\/script>\n<!-- \/ Yoast SEO Premium plugin. -->","yoast_head_json":{"title":"Pezal PGG3100E 3.3KW - Sporta-preces","description":"260EUR, \u0421\u0442\u0430\u0431\u0438\u043b\u0438\u0437\u0430\u0442\u043e\u0440 \u043d\u0430\u043f\u0440\u044f\u0436\u0435\u043d\u0438\u044f AVR, ,220\u0412 \u044d\u043b\u0435\u043a\u0442\u0440\u043e\u0433\u0435\u043d\u0435\u0440\u0430\u0442\u043e\u0440, \u0434\u043b\u044f \u0442\u0443\u0440\u0438\u0437\u043c\u0430, \u0434\u043e\u043c\u0430, \u043f\u0435\u0440\u0435\u0431\u043e\u0435\u0432 \u0432 \u043f\u043e\u0434\u0430\u0447\u0435 \u044d\u043b\u0435\u043a\u0442\u0440\u043e\u044d\u043d\u0435\u0440\u0433\u0438\u0438, 4-\u0445 \u0442\u0430\u043a\u0442\u043d\u044b\u0439 \u0434\u0432\u0438\u0433\u0430\u0442\u0435\u043b\u044c OHV","robots":{"index":"index","follow":"follow","max-snippet":"max-snippet:-1","max-image-preview":"max-image-preview:large","max-video-preview":"max-video-preview:-1"},"canonical":"https:\/\/sporta-preces.lv\/ru\/product\/pezal-pgg3100e-3-3kw\/","og_locale":"ru_RU","og_type":"article","og_title":"Pezal PGG3100E 3.3KW","og_description":"260EUR, \u0421\u0442\u0430\u0431\u0438\u043b\u0438\u0437\u0430\u0442\u043e\u0440 \u043d\u0430\u043f\u0440\u044f\u0436\u0435\u043d\u0438\u044f AVR, ,220\u0412 \u044d\u043b\u0435\u043a\u0442\u0440\u043e\u0433\u0435\u043d\u0435\u0440\u0430\u0442\u043e\u0440, \u0434\u043b\u044f \u0442\u0443\u0440\u0438\u0437\u043c\u0430, \u0434\u043e\u043c\u0430, \u043f\u0435\u0440\u0435\u0431\u043e\u0435\u0432 \u0432 \u043f\u043e\u0434\u0430\u0447\u0435 \u044d\u043b\u0435\u043a\u0442\u0440\u043e\u044d\u043d\u0435\u0440\u0433\u0438\u0438, 4-\u0445 \u0442\u0430\u043a\u0442\u043d\u044b\u0439 \u0434\u0432\u0438\u0433\u0430\u0442\u0435\u043b\u044c OHV","og_url":"https:\/\/sporta-preces.lv\/ru\/product\/pezal-pgg3100e-3-3kw\/","og_site_name":"Sporta-preces","article_modified_time":"2025-02-15T17:01:09+00:00","og_image":[{"width":953,"height":816,"url":"https:\/\/sporta-preces.lv\/wp-content\/uploads\/2025\/02\/1-5.jpg","type":"image\/jpeg"}],"twitter_card":"summary_large_image","twitter_misc":{"\u041f\u0440\u0438\u043c\u0435\u0440\u043d\u043e\u0435 \u0432\u0440\u0435\u043c\u044f \u0434\u043b\u044f \u0447\u0442\u0435\u043d\u0438\u044f":"3 \u043c\u0438\u043d\u0443\u0442\u044b"},"schema":{"@context":"https:\/\/schema.org","@graph":[{"@type":"WebPage","@id":"https:\/\/sporta-preces.lv\/ru\/product\/pezal-pgg3100e-3-3kw\/","url":"https:\/\/sporta-preces.lv\/ru\/product\/pezal-pgg3100e-3-3kw\/","name":"Pezal PGG3100E 3.3KW - Sporta-preces","isPartOf":{"@id":"https:\/\/sporta-preces.lv\/#website"},"primaryImageOfPage":{"@id":"https:\/\/sporta-preces.lv\/ru\/product\/pezal-pgg3100e-3-3kw\/#primaryimage"},"image":{"@id":"https:\/\/sporta-preces.lv\/ru\/product\/pezal-pgg3100e-3-3kw\/#primaryimage"},"thumbnailUrl":"https:\/\/sporta-preces.lv\/wp-content\/uploads\/2025\/02\/1-5.jpg","datePublished":"2025-02-15T15:34:02+00:00","dateModified":"2025-02-15T17:01:09+00:00","description":"260EUR, \u0421\u0442\u0430\u0431\u0438\u043b\u0438\u0437\u0430\u0442\u043e\u0440 \u043d\u0430\u043f\u0440\u044f\u0436\u0435\u043d\u0438\u044f AVR, ,220\u0412 \u044d\u043b\u0435\u043a\u0442\u0440\u043e\u0433\u0435\u043d\u0435\u0440\u0430\u0442\u043e\u0440, \u0434\u043b\u044f \u0442\u0443\u0440\u0438\u0437\u043c\u0430, \u0434\u043e\u043c\u0430, \u043f\u0435\u0440\u0435\u0431\u043e\u0435\u0432 \u0432 \u043f\u043e\u0434\u0430\u0447\u0435 \u044d\u043b\u0435\u043a\u0442\u0440\u043e\u044d\u043d\u0435\u0440\u0433\u0438\u0438, 4-\u0445 \u0442\u0430\u043a\u0442\u043d\u044b\u0439 \u0434\u0432\u0438\u0433\u0430\u0442\u0435\u043b\u044c OHV","breadcrumb":{"@id":"https:\/\/sporta-preces.lv\/ru\/product\/pezal-pgg3100e-3-3kw\/#breadcrumb"},"inLanguage":"ru-RU","potentialAction":[{"@type":"ReadAction","target":["https:\/\/sporta-preces.lv\/ru\/product\/pezal-pgg3100e-3-3kw\/"]}]},{"@type":"ImageObject","inLanguage":"ru-RU","@id":"https:\/\/sporta-preces.lv\/ru\/product\/pezal-pgg3100e-3-3kw\/#primaryimage","url":"https:\/\/sporta-preces.lv\/wp-content\/uploads\/2025\/02\/1-5.jpg","contentUrl":"https:\/\/sporta-preces.lv\/wp-content\/uploads\/2025\/02\/1-5.jpg","width":953,"height":816},{"@type":"BreadcrumbList","@id":"https:\/\/sporta-preces.lv\/ru\/product\/pezal-pgg3100e-3-3kw\/#breadcrumb","itemListElement":[{"@type":"ListItem","position":1,"name":"Home","item":"https:\/\/sporta-preces.lv\/ru\/"},{"@type":"ListItem","position":2,"name":"\u041a\u0430\u0442\u0430\u043b\u043e\u0433","item":"https:\/\/sporta-preces.lv\/ru\/katalog\/"},{"@type":"ListItem","position":3,"name":"Pezal PGG3100E 3.3KW"}]},{"@type":"WebSite","@id":"https:\/\/sporta-preces.lv\/#website","url":"https:\/\/sporta-preces.lv\/","name":"Sporta-preces","description":"Kvalitat\u012bvas sporta preces par lab\u0101kaj\u0101m cen\u0101m.","potentialAction":[{"@type":"SearchAction","target":{"@type":"EntryPoint","urlTemplate":"https:\/\/sporta-preces.lv\/?s={search_term_string}"},"query-input":{"@type":"PropertyValueSpecification","valueRequired":true,"valueName":"search_term_string"}}],"inLanguage":"ru-RU"}]}},"_links":{"self":[{"href":"https:\/\/sporta-preces.lv\/ru\/wp-json\/wp\/v2\/product\/10933","targetHints":{"allow":["GET"]}}],"collection":[{"href":"https:\/\/sporta-preces.lv\/ru\/wp-json\/wp\/v2\/product"}],"about":[{"href":"https:\/\/sporta-preces.lv\/ru\/wp-json\/wp\/v2\/types\/product"}],"wp:featuredmedia":[{"embeddable":true,"href":"https:\/\/sporta-preces.lv\/ru\/wp-json\/wp\/v2\/media\/10935"}],"wp:attachment":[{"href":"https:\/\/sporta-preces.lv\/ru\/wp-json\/wp\/v2\/media?parent=10933"}],"wp:term":[{"taxonomy":"product_cat","embeddable":true,"href":"https:\/\/sporta-preces.lv\/ru\/wp-json\/wp\/v2\/product_cat?post=10933"},{"taxonomy":"product_tag","embeddable":true,"href":"https:\/\/sporta-preces.lv\/ru\/wp-json\/wp\/v2\/product_tag?post=10933"}],"curies":[{"name":"wp","href":"https:\/\/api.w.org\/{rel}","templated":true}]}}