{"id":10619,"date":"2024-10-15T08:26:14","date_gmt":"2024-10-15T06:26:14","guid":{"rendered":"https:\/\/sporta-preces.lv\/?post_type=product&#038;p=10619"},"modified":"2024-10-15T08:29:12","modified_gmt":"2024-10-15T06:29:12","slug":"bokovye-kolesa-dlya-detskih-velosipedov-12-16-sinij-kopija","status":"publish","type":"product","link":"https:\/\/sporta-preces.lv\/ru\/product\/bokovye-kolesa-dlya-detskih-velosipedov-12-16-sinij-kopija\/","title":{"rendered":"\u0411\u043e\u043a\u043e\u0432\u044b\u0435 \u043a\u043e\u043b\u0435\u0441\u0430 \u0434\u043b\u044f \u0434\u0435\u0442\u0441\u043a\u0438\u0445 \u0432\u0435\u043b\u043e\u0441\u0438\u043f\u0435\u0434\u043e\u0432 12 &#171;-16&#187;, \u043a\u0440\u0430\u0441\u043d\u044b\u0439"},"content":{"rendered":"<p>\u0423\u043d\u0438\u0432\u0435\u0440\u0441\u0430\u043b\u044c\u043d\u044b\u0439 \u043d\u0430\u0431\u043e\u0440 \u043e\u043f\u043e\u0440\u043d\u044b\u0445 \u043a\u043e\u043b\u0435\u0441 \u0434\u043b\u044f \u0434\u0435\u0442\u0441\u043a\u0438\u0445 \u0432\u0435\u043b\u043e\u0441\u0438\u043f\u0435\u0434\u043e\u0432 \u0441 \u0434\u0438\u0430\u043c\u0435\u0442\u0440\u043e\u043c \u043a\u043e\u043b\u0435\u0441\u0430 12&#8243;, 16&#8243;.<\/p>\n<p>\u041e\u043d\u0438 \u043f\u043e\u043c\u043e\u0433\u0430\u044e\u0442 \u043d\u0430\u0443\u0447\u0438\u0442\u044c\u0441\u044f \u0443\u0434\u0435\u0440\u0436\u0438\u0432\u0430\u0442\u044c \u0440\u0430\u0432\u043d\u043e\u0432\u0435\u0441\u0438\u0435 \u043f\u0440\u0438 \u0435\u0437\u0434\u0435 \u043d\u0430 \u0432\u0435\u043b\u043e\u0441\u0438\u043f\u0435\u0434\u0435.<\/p>\n<p>\u0412\u044b\u0441\u043e\u043a\u043e\u043f\u0440\u043e\u0447\u043d\u0430\u044f \u0441\u0442\u0430\u043b\u044c \u0437\u0430\u0449\u0438\u0449\u0430\u0435\u0442 \u043e\u0442 \u0438\u0437\u0433\u0438\u0431\u0430, \u043e\u0431\u0435\u0441\u043f\u0435\u0447\u0438\u0432\u0430\u044f \u0431\u0435\u0437\u043e\u043f\u0430\u0441\u043d\u043e\u0435 \u0438\u0441\u043f\u043e\u043b\u044c\u0437\u043e\u0432\u0430\u043d\u0438\u0435, <br \/>\n\u0411\u043e\u043b\u044c\u0448\u0430\u044f \u0440\u0435\u0433\u0443\u043b\u0438\u0440\u043e\u0432\u043a\u0430 \u043f\u043e \u0432\u044b\u0441\u043e\u0442\u0435 \u0438 \u0448\u0438\u0440\u0438\u043d\u0435 \u0434\u043b\u044f \u0431\u0435\u0437\u043e\u043f\u0430\u0441\u043d\u043e\u0433\u043e \u0432\u043e\u0436\u0434\u0435\u043d\u0438\u044f, <br \/>\n\u041c\u0430\u0442\u0435\u0440\u0438\u0430\u043b: \u0441\u0442\u0430\u043b\u044c 2,5 \u043c\u043c, <br \/>\n\u0426\u0432\u0435\u0442 \u043a\u0440\u0430\u0441\u043d\u044b\u0439, <br \/>\n\u0412 \u043a\u043e\u043c\u043f\u043b\u0435\u043a\u0442 \u0432\u0445\u043e\u0434\u044f\u0442 \u0432\u0441\u0435 \u043d\u0435\u043e\u0431\u0445\u043e\u0434\u0438\u043c\u044b\u0435 \u044d\u043b\u0435\u043c\u0435\u043d\u0442\u044b \u0434\u043b\u044f \u0441\u0431\u043e\u0440\u043a\u0438.<br \/>\n<img fetchpriority=\"high\" decoding=\"async\" src=\"https:\/\/sporta-preces.lv\/wp-content\/uploads\/2024\/10\/sarkani-300x254.jpg\" alt=\"\" width=\"300\" height=\"254\" class=\"alignnone size-medium wp-image-10621\" srcset=\"https:\/\/sporta-preces.lv\/wp-content\/uploads\/2024\/10\/sarkani-300x254.jpg 300w, https:\/\/sporta-preces.lv\/wp-content\/uploads\/2024\/10\/sarkani-600x507.jpg 600w, https:\/\/sporta-preces.lv\/wp-content\/uploads\/2024\/10\/sarkani.jpg 679w\" sizes=\"(max-width: 300px) 100vw, 300px\" \/><br \/>\n<img decoding=\"async\" src=\"https:\/\/sporta-preces.lv\/wp-content\/uploads\/2024\/10\/balti-300x300.jpg\" alt=\"\" width=\"300\" height=\"300\" class=\"alignnone size-medium wp-image-10609\" srcset=\"https:\/\/sporta-preces.lv\/wp-content\/uploads\/2024\/10\/balti-300x300.jpg 300w, https:\/\/sporta-preces.lv\/wp-content\/uploads\/2024\/10\/balti-768x768.jpg 768w, https:\/\/sporta-preces.lv\/wp-content\/uploads\/2024\/10\/balti-600x600.jpg 600w, https:\/\/sporta-preces.lv\/wp-content\/uploads\/2024\/10\/balti-100x100.jpg 100w, https:\/\/sporta-preces.lv\/wp-content\/uploads\/2024\/10\/balti.jpg 800w\" sizes=\"(max-width: 300px) 100vw, 300px\" \/><\/p>\n","protected":false},"excerpt":{"rendered":"<p>\u0423\u043d\u0438\u0432\u0435\u0440\u0441\u0430\u043b\u044c\u043d\u044b\u0439 \u043d\u0430\u0431\u043e\u0440 \u043e\u043f\u043e\u0440\u043d\u044b\u0445 \u043a\u043e\u043b\u0435\u0441 \u0434\u043b\u044f \u0434\u0435\u0442\u0441\u043a\u0438\u0445 \u0432\u0435\u043b\u043e\u0441\u0438\u043f\u0435\u0434\u043e\u0432 \u0441 \u0434\u0438\u0430\u043c\u0435\u0442\u0440\u043e\u043c \u043a\u043e\u043b\u0435\u0441\u0430 12&#8243;, 16&#8243;. \u041e\u043d\u0438 \u043f\u043e\u043c\u043e\u0433\u0430\u044e\u0442 \u043d\u0430\u0443\u0447\u0438\u0442\u044c\u0441\u044f \u0443\u0434\u0435\u0440\u0436\u0438\u0432\u0430\u0442\u044c \u0440\u0430\u0432\u043d\u043e\u0432\u0435\u0441\u0438\u0435 \u043f\u0440\u0438 \u0435\u0437\u0434\u0435 \u043d\u0430 \u0432\u0435\u043b\u043e\u0441\u0438\u043f\u0435\u0434\u0435. \u0412\u044b\u0441\u043e\u043a\u043e\u043f\u0440\u043e\u0447\u043d\u0430\u044f \u0441\u0442\u0430\u043b\u044c \u0437\u0430\u0449\u0438\u0449\u0430\u0435\u0442 \u043e\u0442 \u0438\u0437\u0433\u0438\u0431\u0430, \u043e\u0431\u0435\u0441\u043f\u0435\u0447\u0438\u0432\u0430\u044f \u0431\u0435\u0437\u043e\u043f\u0430\u0441\u043d\u043e\u0435 \u0438\u0441\u043f\u043e\u043b\u044c\u0437\u043e\u0432\u0430\u043d\u0438\u0435, \u0411\u043e\u043b\u044c\u0448\u0430\u044f \u0440\u0435\u0433\u0443\u043b\u0438\u0440\u043e\u0432\u043a\u0430 \u043f\u043e \u0432\u044b\u0441\u043e\u0442\u0435 \u0438 \u0448\u0438\u0440\u0438\u043d\u0435 \u0434\u043b\u044f \u0431\u0435\u0437\u043e\u043f\u0430\u0441\u043d\u043e\u0433\u043e \u0432\u043e\u0436\u0434\u0435\u043d\u0438\u044f, \u041c\u0430\u0442\u0435\u0440\u0438\u0430\u043b: \u0441\u0442\u0430\u043b\u044c &hellip; <a href=\"https:\/\/sporta-preces.lv\/ru\/product\/bokovye-kolesa-dlya-detskih-velosipedov-12-16-sinij-kopija\/\">Readmore<\/a><\/p>\n","protected":false},"featured_media":10621,"template":"","meta":[],"product_cat":[102,127],"product_tag":[],"class_list":{"0":"post-10619","1":"product","2":"type-product","3":"status-publish","4":"has-post-thumbnail","6":"product_cat-bernu-velo-paligriteni","7":"product_cat-detskie-vspomogatljnie-kolesa","8":"product_shipping_class-s-novusa-un-velo-acc","9":"product_shipping_class-s-novusa-un-velo-acc-ru","11":"first","12":"instock","13":"purchasable","14":"product-type-simple"},"yoast_head":"<!-- This site is optimized with the Yoast SEO Premium plugin v27.1 (Yoast SEO v27.2) - https:\/\/yoast.com\/product\/yoast-seo-premium-wordpress\/ -->\n<title>\u0411\u043e\u043a\u043e\u0432\u044b\u0435 \u043a\u043e\u043b\u0435\u0441\u0430 \u0434\u043b\u044f \u0434\u0435\u0442\u0441\u043a\u0438\u0445 \u0432\u0435\u043b\u043e\u0441\u0438\u043f\u0435\u0434\u043e\u0432 12 &quot;-16&quot;, \u043a\u0440\u0430\u0441\u043d\u044b\u0439 - Sporta-preces<\/title>\n<meta name=\"description\" content=\"\u0412\u0441\u043f\u043e\u043c\u043e\u0433\u0430\u0442\u0435\u043b\u044c\u043d\u044b\u0435 \u043a\u043e\u043b\u0435\u0441\u0430 \u0434\u043b\u044f \u0434\u0435\u0442\u0441\u043a\u043e\u0433\u043e \u0432\u0435\u043b\u043e\u0441\u0438\u043f\u0435\u0434\u0430. \u041a\u043e\u043c\u043f\u043b\u0435\u043a\u0442 \u043e\u043f\u043e\u0440\u043d\u044b\u0445 \u043a\u043e\u043b\u0435\u0441 \u0434\u043b\u044f \u0432\u0435\u043b\u043e\u0441\u0438\u043f\u0435\u0434\u043e\u0432 \u0441 \u0440\u0430\u0437\u043c\u0435\u0440\u0430\u043c\u0438 \u043a\u043e\u043b\u0435\u0441 12&quot;, 16&quot;. \u0412\u044b\u0441\u043e\u043a\u043e\u043f\u0440\u043e\u0447\u043d\u0430\u044f \u0441\u0442\u0430\u043b\u044c. \u043a\u0440\u0430\u0441\u043d\u044b\u0439 \u0446\u0432\u0435\u0442\" \/>\n<meta name=\"robots\" content=\"index, follow, max-snippet:-1, max-image-preview:large, max-video-preview:-1\" \/>\n<link rel=\"canonical\" href=\"https:\/\/sporta-preces.lv\/ru\/product\/bokovye-kolesa-dlya-detskih-velosipedov-12-16-sinij-kopija\/\" \/>\n<meta property=\"og:locale\" content=\"ru_RU\" \/>\n<meta property=\"og:type\" content=\"article\" \/>\n<meta property=\"og:title\" content=\"\u0411\u043e\u043a\u043e\u0432\u044b\u0435 \u043a\u043e\u043b\u0435\u0441\u0430 \u0434\u043b\u044f \u0434\u0435\u0442\u0441\u043a\u0438\u0445 \u0432\u0435\u043b\u043e\u0441\u0438\u043f\u0435\u0434\u043e\u0432 12 &quot;-16&quot;, \u043a\u0440\u0430\u0441\u043d\u044b\u0439\" \/>\n<meta property=\"og:description\" content=\"\u0412\u0441\u043f\u043e\u043c\u043e\u0433\u0430\u0442\u0435\u043b\u044c\u043d\u044b\u0435 \u043a\u043e\u043b\u0435\u0441\u0430 \u0434\u043b\u044f \u0434\u0435\u0442\u0441\u043a\u043e\u0433\u043e \u0432\u0435\u043b\u043e\u0441\u0438\u043f\u0435\u0434\u0430. \u041a\u043e\u043c\u043f\u043b\u0435\u043a\u0442 \u043e\u043f\u043e\u0440\u043d\u044b\u0445 \u043a\u043e\u043b\u0435\u0441 \u0434\u043b\u044f \u0432\u0435\u043b\u043e\u0441\u0438\u043f\u0435\u0434\u043e\u0432 \u0441 \u0440\u0430\u0437\u043c\u0435\u0440\u0430\u043c\u0438 \u043a\u043e\u043b\u0435\u0441 12&quot;, 16&quot;. \u0412\u044b\u0441\u043e\u043a\u043e\u043f\u0440\u043e\u0447\u043d\u0430\u044f \u0441\u0442\u0430\u043b\u044c. \u043a\u0440\u0430\u0441\u043d\u044b\u0439 \u0446\u0432\u0435\u0442\" \/>\n<meta property=\"og:url\" content=\"https:\/\/sporta-preces.lv\/ru\/product\/bokovye-kolesa-dlya-detskih-velosipedov-12-16-sinij-kopija\/\" \/>\n<meta property=\"og:site_name\" content=\"Sporta-preces\" \/>\n<meta property=\"article:modified_time\" content=\"2024-10-15T06:29:12+00:00\" \/>\n<meta property=\"og:image\" content=\"https:\/\/sporta-preces.lv\/wp-content\/uploads\/2024\/10\/sarkani.jpg\" \/>\n\t<meta property=\"og:image:width\" content=\"679\" \/>\n\t<meta property=\"og:image:height\" content=\"574\" \/>\n\t<meta property=\"og:image:type\" content=\"image\/jpeg\" \/>\n<meta name=\"twitter:card\" content=\"summary_large_image\" \/>\n<script type=\"application\/ld+json\" class=\"yoast-schema-graph\">{\"@context\":\"https:\/\/schema.org\",\"@graph\":[{\"@type\":\"WebPage\",\"@id\":\"https:\/\/sporta-preces.lv\/ru\/product\/bokovye-kolesa-dlya-detskih-velosipedov-12-16-sinij-kopija\/\",\"url\":\"https:\/\/sporta-preces.lv\/ru\/product\/bokovye-kolesa-dlya-detskih-velosipedov-12-16-sinij-kopija\/\",\"name\":\"\u0411\u043e\u043a\u043e\u0432\u044b\u0435 \u043a\u043e\u043b\u0435\u0441\u0430 \u0434\u043b\u044f \u0434\u0435\u0442\u0441\u043a\u0438\u0445 \u0432\u0435\u043b\u043e\u0441\u0438\u043f\u0435\u0434\u043e\u0432 12 \\\"-16\\\", \u043a\u0440\u0430\u0441\u043d\u044b\u0439 - Sporta-preces\",\"isPartOf\":{\"@id\":\"https:\/\/sporta-preces.lv\/#website\"},\"primaryImageOfPage\":{\"@id\":\"https:\/\/sporta-preces.lv\/ru\/product\/bokovye-kolesa-dlya-detskih-velosipedov-12-16-sinij-kopija\/#primaryimage\"},\"image\":{\"@id\":\"https:\/\/sporta-preces.lv\/ru\/product\/bokovye-kolesa-dlya-detskih-velosipedov-12-16-sinij-kopija\/#primaryimage\"},\"thumbnailUrl\":\"https:\/\/sporta-preces.lv\/wp-content\/uploads\/2024\/10\/sarkani.jpg\",\"datePublished\":\"2024-10-15T06:26:14+00:00\",\"dateModified\":\"2024-10-15T06:29:12+00:00\",\"description\":\"\u0412\u0441\u043f\u043e\u043c\u043e\u0433\u0430\u0442\u0435\u043b\u044c\u043d\u044b\u0435 \u043a\u043e\u043b\u0435\u0441\u0430 \u0434\u043b\u044f \u0434\u0435\u0442\u0441\u043a\u043e\u0433\u043e \u0432\u0435\u043b\u043e\u0441\u0438\u043f\u0435\u0434\u0430. \u041a\u043e\u043c\u043f\u043b\u0435\u043a\u0442 \u043e\u043f\u043e\u0440\u043d\u044b\u0445 \u043a\u043e\u043b\u0435\u0441 \u0434\u043b\u044f \u0432\u0435\u043b\u043e\u0441\u0438\u043f\u0435\u0434\u043e\u0432 \u0441 \u0440\u0430\u0437\u043c\u0435\u0440\u0430\u043c\u0438 \u043a\u043e\u043b\u0435\u0441 12\\\", 16\\\". \u0412\u044b\u0441\u043e\u043a\u043e\u043f\u0440\u043e\u0447\u043d\u0430\u044f \u0441\u0442\u0430\u043b\u044c. \u043a\u0440\u0430\u0441\u043d\u044b\u0439 \u0446\u0432\u0435\u0442\",\"breadcrumb\":{\"@id\":\"https:\/\/sporta-preces.lv\/ru\/product\/bokovye-kolesa-dlya-detskih-velosipedov-12-16-sinij-kopija\/#breadcrumb\"},\"inLanguage\":\"ru-RU\",\"potentialAction\":[{\"@type\":\"ReadAction\",\"target\":[\"https:\/\/sporta-preces.lv\/ru\/product\/bokovye-kolesa-dlya-detskih-velosipedov-12-16-sinij-kopija\/\"]}]},{\"@type\":\"ImageObject\",\"inLanguage\":\"ru-RU\",\"@id\":\"https:\/\/sporta-preces.lv\/ru\/product\/bokovye-kolesa-dlya-detskih-velosipedov-12-16-sinij-kopija\/#primaryimage\",\"url\":\"https:\/\/sporta-preces.lv\/wp-content\/uploads\/2024\/10\/sarkani.jpg\",\"contentUrl\":\"https:\/\/sporta-preces.lv\/wp-content\/uploads\/2024\/10\/sarkani.jpg\",\"width\":679,\"height\":574},{\"@type\":\"BreadcrumbList\",\"@id\":\"https:\/\/sporta-preces.lv\/ru\/product\/bokovye-kolesa-dlya-detskih-velosipedov-12-16-sinij-kopija\/#breadcrumb\",\"itemListElement\":[{\"@type\":\"ListItem\",\"position\":1,\"name\":\"Home\",\"item\":\"https:\/\/sporta-preces.lv\/ru\/\"},{\"@type\":\"ListItem\",\"position\":2,\"name\":\"\u041a\u0430\u0442\u0430\u043b\u043e\u0433\",\"item\":\"https:\/\/sporta-preces.lv\/ru\/katalog\/\"},{\"@type\":\"ListItem\",\"position\":3,\"name\":\"\u0411\u043e\u043a\u043e\u0432\u044b\u0435 \u043a\u043e\u043b\u0435\u0441\u0430 \u0434\u043b\u044f \u0434\u0435\u0442\u0441\u043a\u0438\u0445 \u0432\u0435\u043b\u043e\u0441\u0438\u043f\u0435\u0434\u043e\u0432 12 &#8220;-16&#8221;, \u043a\u0440\u0430\u0441\u043d\u044b\u0439\"}]},{\"@type\":\"WebSite\",\"@id\":\"https:\/\/sporta-preces.lv\/#website\",\"url\":\"https:\/\/sporta-preces.lv\/\",\"name\":\"Sporta-preces\",\"description\":\"Kvalitat\u012bvas sporta preces par lab\u0101kaj\u0101m cen\u0101m.\",\"potentialAction\":[{\"@type\":\"SearchAction\",\"target\":{\"@type\":\"EntryPoint\",\"urlTemplate\":\"https:\/\/sporta-preces.lv\/?s={search_term_string}\"},\"query-input\":{\"@type\":\"PropertyValueSpecification\",\"valueRequired\":true,\"valueName\":\"search_term_string\"}}],\"inLanguage\":\"ru-RU\"}]}<\/script>\n<!-- \/ Yoast SEO Premium plugin. -->","yoast_head_json":{"title":"\u0411\u043e\u043a\u043e\u0432\u044b\u0435 \u043a\u043e\u043b\u0435\u0441\u0430 \u0434\u043b\u044f \u0434\u0435\u0442\u0441\u043a\u0438\u0445 \u0432\u0435\u043b\u043e\u0441\u0438\u043f\u0435\u0434\u043e\u0432 12 \"-16\", \u043a\u0440\u0430\u0441\u043d\u044b\u0439 - Sporta-preces","description":"\u0412\u0441\u043f\u043e\u043c\u043e\u0433\u0430\u0442\u0435\u043b\u044c\u043d\u044b\u0435 \u043a\u043e\u043b\u0435\u0441\u0430 \u0434\u043b\u044f \u0434\u0435\u0442\u0441\u043a\u043e\u0433\u043e \u0432\u0435\u043b\u043e\u0441\u0438\u043f\u0435\u0434\u0430. \u041a\u043e\u043c\u043f\u043b\u0435\u043a\u0442 \u043e\u043f\u043e\u0440\u043d\u044b\u0445 \u043a\u043e\u043b\u0435\u0441 \u0434\u043b\u044f \u0432\u0435\u043b\u043e\u0441\u0438\u043f\u0435\u0434\u043e\u0432 \u0441 \u0440\u0430\u0437\u043c\u0435\u0440\u0430\u043c\u0438 \u043a\u043e\u043b\u0435\u0441 12\", 16\". \u0412\u044b\u0441\u043e\u043a\u043e\u043f\u0440\u043e\u0447\u043d\u0430\u044f \u0441\u0442\u0430\u043b\u044c. \u043a\u0440\u0430\u0441\u043d\u044b\u0439 \u0446\u0432\u0435\u0442","robots":{"index":"index","follow":"follow","max-snippet":"max-snippet:-1","max-image-preview":"max-image-preview:large","max-video-preview":"max-video-preview:-1"},"canonical":"https:\/\/sporta-preces.lv\/ru\/product\/bokovye-kolesa-dlya-detskih-velosipedov-12-16-sinij-kopija\/","og_locale":"ru_RU","og_type":"article","og_title":"\u0411\u043e\u043a\u043e\u0432\u044b\u0435 \u043a\u043e\u043b\u0435\u0441\u0430 \u0434\u043b\u044f \u0434\u0435\u0442\u0441\u043a\u0438\u0445 \u0432\u0435\u043b\u043e\u0441\u0438\u043f\u0435\u0434\u043e\u0432 12 \"-16\", \u043a\u0440\u0430\u0441\u043d\u044b\u0439","og_description":"\u0412\u0441\u043f\u043e\u043c\u043e\u0433\u0430\u0442\u0435\u043b\u044c\u043d\u044b\u0435 \u043a\u043e\u043b\u0435\u0441\u0430 \u0434\u043b\u044f \u0434\u0435\u0442\u0441\u043a\u043e\u0433\u043e \u0432\u0435\u043b\u043e\u0441\u0438\u043f\u0435\u0434\u0430. \u041a\u043e\u043c\u043f\u043b\u0435\u043a\u0442 \u043e\u043f\u043e\u0440\u043d\u044b\u0445 \u043a\u043e\u043b\u0435\u0441 \u0434\u043b\u044f \u0432\u0435\u043b\u043e\u0441\u0438\u043f\u0435\u0434\u043e\u0432 \u0441 \u0440\u0430\u0437\u043c\u0435\u0440\u0430\u043c\u0438 \u043a\u043e\u043b\u0435\u0441 12\", 16\". \u0412\u044b\u0441\u043e\u043a\u043e\u043f\u0440\u043e\u0447\u043d\u0430\u044f \u0441\u0442\u0430\u043b\u044c. \u043a\u0440\u0430\u0441\u043d\u044b\u0439 \u0446\u0432\u0435\u0442","og_url":"https:\/\/sporta-preces.lv\/ru\/product\/bokovye-kolesa-dlya-detskih-velosipedov-12-16-sinij-kopija\/","og_site_name":"Sporta-preces","article_modified_time":"2024-10-15T06:29:12+00:00","og_image":[{"width":679,"height":574,"url":"https:\/\/sporta-preces.lv\/wp-content\/uploads\/2024\/10\/sarkani.jpg","type":"image\/jpeg"}],"twitter_card":"summary_large_image","schema":{"@context":"https:\/\/schema.org","@graph":[{"@type":"WebPage","@id":"https:\/\/sporta-preces.lv\/ru\/product\/bokovye-kolesa-dlya-detskih-velosipedov-12-16-sinij-kopija\/","url":"https:\/\/sporta-preces.lv\/ru\/product\/bokovye-kolesa-dlya-detskih-velosipedov-12-16-sinij-kopija\/","name":"\u0411\u043e\u043a\u043e\u0432\u044b\u0435 \u043a\u043e\u043b\u0435\u0441\u0430 \u0434\u043b\u044f \u0434\u0435\u0442\u0441\u043a\u0438\u0445 \u0432\u0435\u043b\u043e\u0441\u0438\u043f\u0435\u0434\u043e\u0432 12 \"-16\", \u043a\u0440\u0430\u0441\u043d\u044b\u0439 - Sporta-preces","isPartOf":{"@id":"https:\/\/sporta-preces.lv\/#website"},"primaryImageOfPage":{"@id":"https:\/\/sporta-preces.lv\/ru\/product\/bokovye-kolesa-dlya-detskih-velosipedov-12-16-sinij-kopija\/#primaryimage"},"image":{"@id":"https:\/\/sporta-preces.lv\/ru\/product\/bokovye-kolesa-dlya-detskih-velosipedov-12-16-sinij-kopija\/#primaryimage"},"thumbnailUrl":"https:\/\/sporta-preces.lv\/wp-content\/uploads\/2024\/10\/sarkani.jpg","datePublished":"2024-10-15T06:26:14+00:00","dateModified":"2024-10-15T06:29:12+00:00","description":"\u0412\u0441\u043f\u043e\u043c\u043e\u0433\u0430\u0442\u0435\u043b\u044c\u043d\u044b\u0435 \u043a\u043e\u043b\u0435\u0441\u0430 \u0434\u043b\u044f \u0434\u0435\u0442\u0441\u043a\u043e\u0433\u043e \u0432\u0435\u043b\u043e\u0441\u0438\u043f\u0435\u0434\u0430. \u041a\u043e\u043c\u043f\u043b\u0435\u043a\u0442 \u043e\u043f\u043e\u0440\u043d\u044b\u0445 \u043a\u043e\u043b\u0435\u0441 \u0434\u043b\u044f \u0432\u0435\u043b\u043e\u0441\u0438\u043f\u0435\u0434\u043e\u0432 \u0441 \u0440\u0430\u0437\u043c\u0435\u0440\u0430\u043c\u0438 \u043a\u043e\u043b\u0435\u0441 12\", 16\". \u0412\u044b\u0441\u043e\u043a\u043e\u043f\u0440\u043e\u0447\u043d\u0430\u044f \u0441\u0442\u0430\u043b\u044c. \u043a\u0440\u0430\u0441\u043d\u044b\u0439 \u0446\u0432\u0435\u0442","breadcrumb":{"@id":"https:\/\/sporta-preces.lv\/ru\/product\/bokovye-kolesa-dlya-detskih-velosipedov-12-16-sinij-kopija\/#breadcrumb"},"inLanguage":"ru-RU","potentialAction":[{"@type":"ReadAction","target":["https:\/\/sporta-preces.lv\/ru\/product\/bokovye-kolesa-dlya-detskih-velosipedov-12-16-sinij-kopija\/"]}]},{"@type":"ImageObject","inLanguage":"ru-RU","@id":"https:\/\/sporta-preces.lv\/ru\/product\/bokovye-kolesa-dlya-detskih-velosipedov-12-16-sinij-kopija\/#primaryimage","url":"https:\/\/sporta-preces.lv\/wp-content\/uploads\/2024\/10\/sarkani.jpg","contentUrl":"https:\/\/sporta-preces.lv\/wp-content\/uploads\/2024\/10\/sarkani.jpg","width":679,"height":574},{"@type":"BreadcrumbList","@id":"https:\/\/sporta-preces.lv\/ru\/product\/bokovye-kolesa-dlya-detskih-velosipedov-12-16-sinij-kopija\/#breadcrumb","itemListElement":[{"@type":"ListItem","position":1,"name":"Home","item":"https:\/\/sporta-preces.lv\/ru\/"},{"@type":"ListItem","position":2,"name":"\u041a\u0430\u0442\u0430\u043b\u043e\u0433","item":"https:\/\/sporta-preces.lv\/ru\/katalog\/"},{"@type":"ListItem","position":3,"name":"\u0411\u043e\u043a\u043e\u0432\u044b\u0435 \u043a\u043e\u043b\u0435\u0441\u0430 \u0434\u043b\u044f \u0434\u0435\u0442\u0441\u043a\u0438\u0445 \u0432\u0435\u043b\u043e\u0441\u0438\u043f\u0435\u0434\u043e\u0432 12 &#8220;-16&#8221;, \u043a\u0440\u0430\u0441\u043d\u044b\u0439"}]},{"@type":"WebSite","@id":"https:\/\/sporta-preces.lv\/#website","url":"https:\/\/sporta-preces.lv\/","name":"Sporta-preces","description":"Kvalitat\u012bvas sporta preces par lab\u0101kaj\u0101m cen\u0101m.","potentialAction":[{"@type":"SearchAction","target":{"@type":"EntryPoint","urlTemplate":"https:\/\/sporta-preces.lv\/?s={search_term_string}"},"query-input":{"@type":"PropertyValueSpecification","valueRequired":true,"valueName":"search_term_string"}}],"inLanguage":"ru-RU"}]}},"_links":{"self":[{"href":"https:\/\/sporta-preces.lv\/ru\/wp-json\/wp\/v2\/product\/10619","targetHints":{"allow":["GET"]}}],"collection":[{"href":"https:\/\/sporta-preces.lv\/ru\/wp-json\/wp\/v2\/product"}],"about":[{"href":"https:\/\/sporta-preces.lv\/ru\/wp-json\/wp\/v2\/types\/product"}],"wp:featuredmedia":[{"embeddable":true,"href":"https:\/\/sporta-preces.lv\/ru\/wp-json\/wp\/v2\/media\/10621"}],"wp:attachment":[{"href":"https:\/\/sporta-preces.lv\/ru\/wp-json\/wp\/v2\/media?parent=10619"}],"wp:term":[{"taxonomy":"product_cat","embeddable":true,"href":"https:\/\/sporta-preces.lv\/ru\/wp-json\/wp\/v2\/product_cat?post=10619"},{"taxonomy":"product_tag","embeddable":true,"href":"https:\/\/sporta-preces.lv\/ru\/wp-json\/wp\/v2\/product_tag?post=10619"}],"curies":[{"name":"wp","href":"https:\/\/api.w.org\/{rel}","templated":true}]}}